


{"id":21038,"date":"2015-10-22T17:05:52","date_gmt":"2015-10-22T21:05:52","guid":{"rendered":"http:\/\/www.veeva.com\/?page_id=21038"},"modified":"2026-04-28T17:32:16","modified_gmt":"2026-04-28T20:32:16","slug":"pharma-biotech","status":"publish","type":"page","link":"https:\/\/www.veeva.com\/br\/products\/pharma-biotech\/","title":{"rendered":"Pharma + Biotech"},"content":{"rendered":"<br \/>\n<section class=\"block\">\n<div class=\"banner-container\" style=\"background-image: url(&quot;https:\/\/www.veeva.com\/wp-content\/uploads\/2015\/03\/Pharma_Biotech_background.jpg&quot;);\">\n<div class=\"container\">\n<div class=\"row\">\n<div class=\"col-xs-12\">\n<div class=\"breadcrumbs\">\n\t\t\t\t\t\t<a href=\"\/br\/\">Home<\/a> \u00b7 <a href=\"\/br\/products\/pharma-biotech\/\">Segmentos da Ind\u00fastria<\/a> \u00b7 <span class=\"current\">Pharma + Biotech<\/span>\n\t\t\t\t\t<\/div>\n<\/p><\/div>\n<\/p><\/div>\n<div class=\"row\">\n<div class=\"col-xs-12\">\n<h2>Desenvolvido para Ci\u00eancias da Vida, <br class=\"hidden-xs\"> Dispon\u00edvel na Nuvem<\/h2>\n<p>Solu\u00e7\u00f5es Farmac\u00eauticas e Biot\u00e9cnicas  <br class=\"hidden-xs\">customizadas para suas \u00e1reas mais estrat\u00e9gicas.<\/p>\n<p><a href=\"\/br\/contact-us\/\" target=\"_self\" class=\"button theme-color\" id=\"cta-hero-pharmaBiotech\" rel=\"noopener noreferrer\">Entre em contato com a Veeva<span class=\"glyphicon glyphicon-menu-right\" aria-hidden=\"true\"><\/span><\/a>\t\t\t\t<\/div>\n<\/p><\/div>\n<\/p><\/div>\n<\/p><\/div>\n<\/section>\n<style>\n<p>.product-nav {\n\tbackground-color:#ff9300;\n\tcolor:#fff;\n\tfont-size:16px;\n\tline-height:20px;\n\tfont-weight:500;\n}<\/p>\n<p>.product-nav a.prod-link, .product-nav a.prod-link:visited{\n\tdisplay: flex;\n\talign-items: center;  \n\tjustify-content: center;\n\tbackground-color:#ff9300;\n\theight:60px;\n\tcolor:#fff;\n\tpadding:0 15px;\n\tcursor:pointer;\n}<\/p>\n<p>@media screen and (max-width: 767px) {<\/p>\n<p>\t.product-nav a.prod-link{\n\theight:45px;\n\tcolor:#fff;\n\tpadding:0 15px;\n\tborder-bottom:1px solid #fff;\n\t}\n\t.product-nav a.prod-link br{\n\tdisplay:none;\n\t}\n}<\/p>\n<p>.product-nav a.prod-link:hover {\n\tbackground-color:#e97f16;\n\tcolor:#fff;\n\tcursor:pointer;\n}\n.product-nav a.active, .product-nav a.active:hover, .product-nav a.active:visited{\n\tbackground-color:#fff;\n\tcolor:#000;\n\tcursor:pointer;\n}\n.product-nav [class*=\"col-\"] {\n    padding:0px;\n    text-align:center;\n}<\/p>\n<\/style>\n<div class=\"product-nav\">\n<div class=\"container\">\n<div class=\"row\">\n<div class=\"col-sm-4\">\n\t\t\t<a class=\"active prod-link\" href=\"\/br\/products\/pharma-biotech\/\">Pharma + Biotech<\/a>\n\t\t\t<\/div>\n<div class=\"col-sm-4\">\n\t\t\t<a class=\" prod-link\" href=\"\/br\/products\/consumer-health\/\">Sa\u00fade do Consumidor<\/a>\n\t\t\t<\/div>\n<div class=\"col-sm-4\">\n\t\t\t<a class=\" prod-link\" href=\"\/br\/products\/animal-health\/\">Sa\u00fade Animal<\/a>\n\t\t\t<\/div>\n<\/p><\/div>\n<\/p><\/div>\n<\/div>\n<div class=\"overview-container\">\n<div class=\"container\">\n<div class=\"wrapper\">\n<div class=\"row\">\n<div class=\"col-xs-12\">\n<\/p>\n<h1>R&amp;D, Solu\u00e7\u00f5es M\u00e9dicas e Comerciais para as Ind\u00fastrias Farmac\u00eautica e Biotech<\/h1>\n<h1>\n<p class=\"sub-title\">\nAgilize suas opera\u00e7\u00f5es e alcance o m\u00e1ximo de engajamento com cada cliente atrav\u00e9s de aplicativos espec\u00edficos da ind\u00fastria que inovam a forma como voc\u00ea trabalha. <\/p>\n<p>\nEm um mundo onde as regulamenta\u00e7\u00f5es aumentam, o acesso do cliente diminui e crescentes press\u00f5es de pre\u00e7os s\u00e3o a norma, transformar suas opera\u00e7\u00f5es \u00e9 crucial. Para isso, as empresas de ci\u00eancias da vida precisam de uma parceria estrat\u00e9gica que compreenda o neg\u00f3cio dentro e fora oferecendo para a ind\u00fastria imperativos com solu\u00e7\u00f5es globais comprovadas.<br \/>\nVeeva R&amp;D Cloud traz velocidade e efici\u00eancia para o gerenciamento de documenta\u00e7\u00e3o regulamentada, garantindo uma fonte confi\u00e1vel de conte\u00fado em toda empresa. A Veeva oferece controle completo do in\u00edcio ao fim, bem como acessibilidade, visibilidade e agilidade para acelerar o tempo ao mercado. <\/p>\n<p>As solu\u00e7\u00f5es m\u00e9dicas da Veeva oferecem o software, os dados e os servi\u00e7os estrat\u00e9gicos essenciais para que as equipes m\u00e9dicas possam identificar e engajar as partes interessadas atrav\u00e9s de informa\u00e7\u00f5es cient\u00edficas relevantes em todos os canais. Ao empoderar as partes interessadas com a informa\u00e7\u00e3o que necessitam \u2013 quando e como eles precisam daquilo \u2013 neg\u00f3cios m\u00e9dicos pode construir relacionamentos mais profundos no cen\u00e1rio de assist\u00eancia m\u00e9dica e ajudar a melhorar os resultados. <\/p>\n<p>O Veeva Commercial Cloud re\u00fane dados do consumidor, conte\u00fado compliant e intera\u00e7\u00f5es multicanais para permitir ao cliente uma experi\u00eancia totalmente personalizada e coordenada.<br \/>\nComo parte de uma su\u00edte que oferece profunda informa\u00e7\u00e3o de cliente e gerenciamento robusto de dados, melhora o engajamento entre os canais e garante a entrega de conte\u00fado sob medida, o Veeva Commercial Cloud \u00e9 uma funda\u00e7\u00e3o completa para opera\u00e7\u00f5es comerciais.<\/p>\n<\/h1>\n<\/div>\n<\/div>\n<\/div>\n<\/div>\n<\/div>\n<p><script>\n$(document).ready(function () {\n\t$('.thumb1').click(function (e) {\n\t\t$('#myModal1').modal('show');\n\t});\n\t$('.thumb2').click(function (e) {\n\t\t$('#myModal2').modal('show');\n\t});\n\t$('.thumb3').click(function (e) {\n\t\t$('#myModal3').modal('show');\n\t});\n\t$('.thumb4').click(function (e) {\n\t\t$('#myModal4').modal('show');\n\t});\n});\n<\/script><\/p>\n<p><!-- modals --><\/p>\n<div class=\"modal white fade hidden-xs\" id=\"myModal1\">\n<div class=\"modal-win-content\">\n<div class=\"modal-dialog modal-xl\">\n<div class=\"mod-close\">\n\t\t\t\t<a href=\"#\" class=\"glyph-link\" data-dismiss=\"modal\" aria-hidden=\"true\"><br \/>\n\t\t\t\t\t<i class=\"glyphicon glyphicon-remove\"><\/i><br \/>\n\t\t\t\t<\/a>\n\t\t\t<\/div>\n<p>\t\t\t<img decoding=\"async\" alt=\"\" src=\"https:\/\/www.veeva.com\/wp-content\/uploads\/2018\/08\/openData-screen.png\" width=\"100%\">\n\t\t<\/div>\n<\/p><\/div>\n<\/div>\n<div class=\"modal white fade hidden-xs\" id=\"myModal2\">\n<div class=\"modal-win-content\">\n<div class=\"modal-dialog modal-xl\">\n<div class=\"mod-close\">\n\t\t\t\t<a href=\"#\" class=\"glyph-link\" data-dismiss=\"modal\" aria-hidden=\"true\"><br \/>\n\t\t\t\t\t<i class=\"glyphicon glyphicon-remove\"><\/i><br \/>\n\t\t\t\t<\/a>\n\t\t\t<\/div>\n<p>\t\t\t<img decoding=\"async\" alt=\"\" src=\"https:\/\/www.veeva.com\/wp-content\/uploads\/2018\/08\/network-screen.jpg\" width=\"100%\">\n\t\t<\/div>\n<\/p><\/div>\n<\/div>\n<div class=\"modal white fade hidden-xs\" id=\"myModal3\">\n<div class=\"modal-win-content\">\n<div class=\"modal-dialog modal-xl\">\n<div class=\"mod-close\">\n\t\t\t\t<a href=\"#\" class=\"glyph-link\" data-dismiss=\"modal\" aria-hidden=\"true\"><br \/>\n\t\t\t\t\t<i class=\"glyphicon glyphicon-remove\"><\/i><br \/>\n\t\t\t\t<\/a>\n\t\t\t<\/div>\n<p>\t\t\t<img decoding=\"async\" alt=\"\" src=\"https:\/\/www.veeva.com\/wp-content\/uploads\/2018\/09\/vault-platform-screen.jpg\" width=\"100%\">\n\t\t<\/div>\n<\/p><\/div>\n<\/div>\n<div class=\"modal white fade hidden-xs\" id=\"myModal4\">\n<div class=\"modal-win-content\">\n<div class=\"modal-dialog modal-xl\">\n<div class=\"mod-close\">\n\t\t\t\t<a href=\"#\" class=\"glyph-link\" data-dismiss=\"modal\" aria-hidden=\"true\"><br \/>\n\t\t\t\t\t<i class=\"glyphicon glyphicon-remove\"><\/i><br \/>\n\t\t\t\t<\/a>\n\t\t\t<\/div>\n<p>\t\t\t<img decoding=\"async\" alt=\"\" src=\"https:\/\/www.veeva.com\/wp-content\/uploads\/2018\/08\/mc-crm-multiscreen-screen.jpg\" width=\"100%\">\n\t\t<\/div>\n<\/p><\/div>\n<\/div>\n<div class=\"generic-container\" id=\"content-boxes\">\n<div class=\"container\">\n<div class=\"wrapper\">\n<div class=\"row\">\n<div class=\"col-md-12\">\n<hr><\/div>\n<\/p><\/div>\n<div class=\"row text-boxes\">\n<div class=\"col-md-12\">\n<div class=\"titles\">\n\t\t\t\t\t\t<img decoding=\"async\" class=\"hide-icon\" src=\"https:\/\/www.veeva.com\/wp-content\/uploads\/2018\/08\/openData-title-icon.png\"><br \/>\n\t\t\t\t\t\t<a href=\"\/br\/products\/opendata\/\">Veeva <span>OpenData<\/span><\/a>\n\t\t\t\t\t<\/div>\n<\/p><\/div>\n<div class=\"col-md-7 col-sm-6\">\n<p>\n\t\t\t\t\t\tO Veeva OpenData oferece precisas afilia\u00e7\u00f5es e compliance de dados de f\u00e1cil acesso aos<br \/>\nprofissionais de assist\u00eancia a sa\u00fade (HCP), organiza\u00e7\u00f5es de assist\u00eancia a sa\u00fade (HCO) e l\u00edderes<br \/>\nde opini\u00e3o chave (KOL), quando, onde e como voc\u00ea precisar, esteja seu time onde estiver.\n\t\t\t\t\t<\/p>\n<\/p><\/div>\n<div class=\"col-md-5 col-sm-6 shot box\">\n<div class=\"overlay\">\n<div class=\"hidden-xs\">\n\t\t\t\t\t\t\t<img decoding=\"async\" src=\"https:\/\/www.veeva.com\/wp-content\/uploads\/2018\/02\/overlay-dev.png\" width=\"304\" class=\"thumb1\">\n\t\t\t\t\t\t<\/div>\n<p>\t\t\t\t\t\t<img decoding=\"async\" alt=\"\" src=\"https:\/\/www.veeva.com\/wp-content\/uploads\/2018\/08\/openData-thumb.jpg\">\n\t\t\t\t\t<\/div>\n<div class=\"text-center click hidden-xs\">\n\t\t\t\t\t\t<span class=\"glyphicon glyphicon-zoom-in\"><\/span>Clique para aumentar\n\t\t\t\t\t<\/div>\n<\/p><\/div>\n<\/p><\/div>\n<div class=\"row\">\n<div class=\"col-md-12\">\n<hr><\/div>\n<\/p><\/div>\n<div class=\"row text-boxes\">\n<div class=\"col-md-12\">\n<div class=\"titles\">\n\t\t\t\t\t\t<img decoding=\"async\" class=\"hide-icon\" src=\"https:\/\/www.veeva.com\/wp-content\/uploads\/2018\/08\/network-title-icon.png\"><br \/>\n\t\t\t\t\t\t<a href=\"\/br\/products\/network-customer-master\/\">Veeva <span>Network<\/span><\/a>\n\t\t\t\t\t<\/div>\n<\/p><\/div>\n<div class=\"col-md-7 col-sm-6\">\n<p>\n\t\t\t\t\t\tDesenvolvido para empresas de ci\u00eancias da vida, o Veeva Network Customer Master simplifica<br \/>\nseu gerenciamento de dados mestre e entrega os insights profundos que voc\u00ea precisa para<br \/>\nimpulsionar engajamento e compliance entre todos os canais globalmente.\n\t\t\t\t\t<\/p>\n<\/p><\/div>\n<div class=\"col-md-5 col-sm-6 shot box\">\n<div class=\"overlay\">\n<div class=\"hidden-xs\">\n\t\t\t\t\t\t\t<img decoding=\"async\" src=\"https:\/\/www.veeva.com\/wp-content\/uploads\/2018\/02\/overlay-dev.png\" width=\"304\" class=\"thumb2\">\n\t\t\t\t\t\t<\/div>\n<p>\t\t\t\t\t\t<img decoding=\"async\" alt=\"\" src=\"https:\/\/www.veeva.com\/wp-content\/uploads\/2018\/08\/network-thumb.jpg\">\n\t\t\t\t\t<\/div>\n<div class=\"text-center click hidden-xs\">\n\t\t\t\t\t\t<span class=\"glyphicon glyphicon-zoom-in\"><\/span> Clique para aumentar<\/div>\n<\/p><\/div>\n<\/p><\/div>\n<div class=\"row\">\n<div class=\"col-md-12\">\n<hr><\/div>\n<\/p><\/div>\n<div class=\"row text-boxes\">\n<div class=\"col-md-12\">\n<div class=\"titles\">\n\t\t\t\t\t\t\t<!-- pending CRM title icon <img decoding=\"async\" class=\"hide-icon\" src=\"\"> --><br \/>\n\t\t\t\t\t\t<a href=\"\/br\/products\/multichannel-crm\/\">Veeva <span>CRM<\/span><\/a>\n\t\t\t\t\t<\/div>\n<\/p><\/div>\n<div class=\"col-md-7 col-sm-6\">\n<p>\n\t\t\t\t\t\tSendo uma comprovada solu\u00e7\u00e3o de Gest\u00e3o de Relacionamento com Cliente para empresas de<br \/>\nci\u00eancias da vida, com as melhores pr\u00e1ticas comerciais inclusas, o Veeva CRM simplifica at\u00e9 as<br \/>\ntarefas mais complexas e demoradas e proporciona intera\u00e7\u00f5es mais impactantes com os<br \/>\nclientes. Independente de serem prim\u00e1ria e vendas de assist\u00eancias especiais, MSLs ou gerentes<br \/>\nde contas de mercados gerenciados, seus times entregar\u00e3o o melhor engajamento da classe.\n\t\t\t\t\t<\/p>\n<\/p><\/div>\n<div class=\"col-md-5 col-sm-6 shot box\">\n<div class=\"overlay\">\n<div class=\"hidden-xs\">\n\t\t\t\t\t\t\t<img decoding=\"async\" src=\"https:\/\/www.veeva.com\/wp-content\/uploads\/2018\/02\/overlay-dev.png\" width=\"304\" class=\"thumb4\">\n\t\t\t\t\t\t<\/div>\n<p>\t\t\t\t\t\t<img decoding=\"async\" alt=\"\" src=\"https:\/\/www.veeva.com\/wp-content\/uploads\/2018\/08\/mc-crm-thumb.jpg\">\n\t\t\t\t\t<\/div>\n<div class=\"text-center click hidden-xs\">\n\t\t\t\t\t\t<span class=\"glyphicon glyphicon-zoom-in\"><\/span>Clique para aumentar\n\t\t\t\t\t<\/div>\n<\/p><\/div>\n<\/p><\/div>\n<\/p><\/div>\n<\/p><\/div>\n<\/div>\n<style>\n.hide-icon {\n\tdisplay: none;\n}\n.pad-btm-20 {\n\tpadding-bottom: 20px;\n}\n<\/style>\n<div class=\"demo-container\" id=\"demo\" style=\"position: relative;\">\n<div class=\"container\">\n<div class=\"wrapper\">\n<div class=\"row dark\">\n<div class=\"col-xs-12\">\n<h2>Demonstra\u00e7\u00f5es &amp; V\u00eddeos<\/h2>\n<\/p><\/div>\n<\/p><\/div>\n<\/p><\/div>\n<\/p><\/div>\n<div class=\"container\" style=\"padding-bottom:60px\">\n<div class=\"wrapper\">\n<div class=\"row\">\n<div class=\"col-xs-12 text-center\">\n<div id=\"myCarousel3\" class=\"carousel slide\" data-ride=\"carousel\" data-interval=\"false\">\n<div class=\"carousel-inner\" role=\"listbox\">\n<div class=\"item active\">\n<p>Veeva Network: Explore e descubra afilia\u00e7\u00f5es<\/p>\n<script src=\"https:\/\/fast.wistia.com\/embed\/medias\/rvwc2yig74.jsonp\" data-cookieconsent=\"ignore\" async><\/script><script src=\"https:\/\/fast.wistia.com\/assets\/external\/E-v1.js\" data-cookieconsent=\"ignore\" async><\/script><div class=\"wistia_responsive_padding\" style=\"padding:56.25% 0 0 0;position:relative;\"><div class=\"wistia_responsive_wrapper\" style=\"height:100%;left:0;position:absolute;top:0;width:100%;\"><div class=\"wistia_embed wistia_async_rvwc2yig74 videoFoam=true\" style=\"height:100%;position:relative;width:100%\"><div class=\"wistia_swatch\" style=\"height:100%;left:0;opacity:0;overflow:hidden;position:absolute;top:0;transition:opacity 200ms;width:100%;\"><img decoding=\"async\" src=\"https:\/\/fast.wistia.com\/embed\/medias\/rvwc2yig74\/swatch\" style=\"filter:blur(5px);height:100%;object-fit:contain;width:100%;\" alt=\"\" aria-hidden=\"true\" onload=\"this.parentNode.style.opacity=1;\" \/><\/div><\/div><\/div><\/div><\/div>\n<div class=\"item\">\n<p>Veeva CRM: Empower Managed Markets Teams<\/p>\n<script src=\"https:\/\/fast.wistia.com\/embed\/medias\/m650f8o974.jsonp\" data-cookieconsent=\"ignore\" async><\/script><script src=\"https:\/\/fast.wistia.com\/assets\/external\/E-v1.js\" data-cookieconsent=\"ignore\" async><\/script><div class=\"wistia_responsive_padding\" style=\"padding:56.25% 0 0 0;position:relative;\"><div class=\"wistia_responsive_wrapper\" style=\"height:100%;left:0;position:absolute;top:0;width:100%;\"><div class=\"wistia_embed wistia_async_m650f8o974 videoFoam=true\" style=\"height:100%;position:relative;width:100%\"><div class=\"wistia_swatch\" style=\"height:100%;left:0;opacity:0;overflow:hidden;position:absolute;top:0;transition:opacity 200ms;width:100%;\"><img decoding=\"async\" src=\"https:\/\/fast.wistia.com\/embed\/medias\/m650f8o974\/swatch\" style=\"filter:blur(5px);height:100%;object-fit:contain;width:100%;\" alt=\"\" aria-hidden=\"true\" onload=\"this.parentNode.style.opacity=1;\" \/><\/div><\/div><\/div><\/div><\/div>\n<div class=\"item\">\n<p>Veeva CRM Mobile: Improve Face-to-Face Interactions<\/p>\n<script src=\"https:\/\/fast.wistia.com\/embed\/medias\/nz3ebyw85x.jsonp\" data-cookieconsent=\"ignore\" async><\/script><script src=\"https:\/\/fast.wistia.com\/assets\/external\/E-v1.js\" data-cookieconsent=\"ignore\" async><\/script><div class=\"wistia_responsive_padding\" style=\"padding:56.25% 0 0 0;position:relative;\"><div class=\"wistia_responsive_wrapper\" style=\"height:100%;left:0;position:absolute;top:0;width:100%;\"><div class=\"wistia_embed wistia_async_nz3ebyw85x videoFoam=true\" style=\"height:100%;position:relative;width:100%\"><div class=\"wistia_swatch\" style=\"height:100%;left:0;opacity:0;overflow:hidden;position:absolute;top:0;transition:opacity 200ms;width:100%;\"><img decoding=\"async\" src=\"https:\/\/fast.wistia.com\/embed\/medias\/nz3ebyw85x\/swatch\" style=\"filter:blur(5px);height:100%;object-fit:contain;width:100%;\" alt=\"\" aria-hidden=\"true\" onload=\"this.parentNode.style.opacity=1;\" \/><\/div><\/div><\/div><\/div><\/div>\n<\/p><\/div>\n<\/p><\/div>\n<\/p><\/div>\n<p>\t\t\t\t\t\t\t<a style=\"background: none; font-size: 50px; top: 45%;\" class=\"left carousel-control\" href=\"#myCarousel3\" role=\"button\" data-slide=\"prev\"><br \/>\n\t\t\t\t\t<span class=\"glyphicon glyphicon-menu-left black\" aria-hidden=\"true\"><\/span><br \/>\n\t\t\t\t\t<span class=\"sr-only\">Previous<\/span><br \/>\n\t\t\t\t\t<\/a><br \/>\n\t\t\t\t\t<a style=\"background: none; font-size: 50px; top: 45%;\" class=\"right carousel-control\" href=\"#myCarousel3\" role=\"button\" data-slide=\"next\"><br \/>\n\t\t\t\t\t<span class=\"glyphicon glyphicon-menu-right black\" aria-hidden=\"true\"><\/span><br \/>\n\t\t\t\t\t<span class=\"sr-only\">Next<\/span><br \/>\n\t\t\t\t\t<\/a><\/p><\/div>\n<\/p><\/div>\n<\/p><\/div>\n<\/div>\n","protected":false},"excerpt":{"rendered":"<p>Streamline your operations and make the most of every customer engagement with industry-specific applications that innovate how you work.<\/p>\n","protected":false},"author":80,"featured_media":0,"parent":20394,"menu_order":0,"comment_status":"closed","ping_status":"closed","template":"templates\/veeva-2024.full-page.php","meta":{"footnotes":""},"class_list":["post-21038","page","type-page","status-publish","hentry"],"aioseo_notices":[],"_links":{"self":[{"href":"https:\/\/www.veeva.com\/br\/wp-json\/wp\/v2\/pages\/21038"}],"collection":[{"href":"https:\/\/www.veeva.com\/br\/wp-json\/wp\/v2\/pages"}],"about":[{"href":"https:\/\/www.veeva.com\/br\/wp-json\/wp\/v2\/types\/page"}],"author":[{"embeddable":true,"href":"https:\/\/www.veeva.com\/br\/wp-json\/wp\/v2\/users\/80"}],"replies":[{"embeddable":true,"href":"https:\/\/www.veeva.com\/br\/wp-json\/wp\/v2\/comments?post=21038"}],"version-history":[{"count":12,"href":"https:\/\/www.veeva.com\/br\/wp-json\/wp\/v2\/pages\/21038\/revisions"}],"predecessor-version":[{"id":62188,"href":"https:\/\/www.veeva.com\/br\/wp-json\/wp\/v2\/pages\/21038\/revisions\/62188"}],"up":[{"embeddable":true,"href":"https:\/\/www.veeva.com\/br\/wp-json\/wp\/v2\/pages\/20394"}],"wp:attachment":[{"href":"https:\/\/www.veeva.com\/br\/wp-json\/wp\/v2\/media?parent=21038"}],"curies":[{"name":"wp","href":"https:\/\/api.w.org\/{rel}","templated":true}]}}