


{"id":48133,"date":"2020-03-13T13:25:43","date_gmt":"2020-03-13T17:25:43","guid":{"rendered":"http:\/\/www.veeva.com\/?page_id=48133"},"modified":"2026-05-05T16:46:03","modified_gmt":"2026-05-05T19:46:03","slug":"veeva-rim","status":"publish","type":"page","link":"https:\/\/www.veeva.com\/br\/products\/veeva-rim\/","title":{"rendered":"Veeva RIM"},"content":{"rendered":"<link rel=\"stylesheet\" id=\"main-style-css\" href=\"https:\/\/www.veeva.com\/wp-content\/themes\/veeva2015\/assets\/css\/product-styles.css?v=4.3\" type=\"text\/css\" media=\"all\">\n<section class=\"block\">\n<div class=\"product-banner-hero\" style=\"background-image: url(&quot;https:\/\/www.veeva.com\/br\/wp-content\/uploads\/2024\/01\/regulatory-product-page-hero-banner.png&quot;);\">\n<div class=\"container\">\n<div class=\"row\">\n<div class=\"col-xs-12\">\n<div class=\"breadcrumbs\">\n\t\t\t\t\t\t<a href=\"\/br\/\">Home<\/a> \u00b7  <\/p>\n<p>\t <!-- get the nav url --><\/p>\n<p>\t\t <a href=\"\/br\/products\/vault-rim\/\">Regulatory Solutions<\/a> \u00b7 <\/p>\n<p>\t\t\t\t\t\tVeeva Rim\n\t\t\t\t\t<\/p><\/div>\n<\/p><\/div>\n<\/p><\/div>\n<div class=\"row table-row text-center\">\n<div class=\"col-xs-12\" style=\"text-align: center;\">\n<h2>Transforma\u00e7\u00e3o Regulat\u00f3ria com  <br \/> Gerenciamento de Informa\u00e7\u00f5es  <br \/> Regulat\u00f3rias Unificado <\/h2>\n<p>Gerenciamento de informa\u00e7\u00e3o regulat\u00f3rias (RIM) do in\u00edcio ao fim em uma \u00fanica plataforma. <\/p>\n<\/p><\/div>\n<\/p><\/div>\n<\/p><\/div>\n<\/p><\/div>\n<\/section>\n<div class=\"product-container\" style=\"background-color: rgb(255, 255, 255);\">\n<div class=\"container\">\n<div class=\"row\">\n<div class=\"col-md-10 col-md-offset-1\">\n<h1>Veeva RIM<\/h1>\n<p>O Veeva RIM agiliza processos regulat\u00f3rios globais em uma \u00fanica plataforma na nuvem, possibilitando \u00e0s empresas de ci\u00eancias da vida melhorar a visibilidade, a qualidade de dados e a agilidade.<\/p>\n<\/p><\/div>\n<\/p><\/div>\n<div class=\"row\">\n<div class=\"col-md-10 col-md-offset-1\">\n<div class=\"row\">\n<div class=\"col-sm-6  benefits\">\n<div style=\"padding-top: 30px;\">\n<h4> Velocidade de Lan\u00e7amento<\/h4>\n<p>Responda rapidamente a mudan\u00e7as de regulamenta\u00e7\u00e3o com mais efici\u00eancia do planejamento da submiss\u00e3o \u00e0 publica\u00e7\u00e3o. <\/p>\n<h4> Maior Conformidade<\/h4>\n<p>Assegure que as equipes estejam desenvolvendo conte\u00fado regulat\u00f3rio confi\u00e1vel com alta integridade de dados.<\/p>\n<h4>Alinhamento Global<\/h4>\n<p>\nCoordene esfor\u00e7os regulat\u00f3rios entre matrizes, filiais e parceiros com um \u00fanico sistema RIM.\n<\/p>\n<\/p><\/div>\n<\/p><\/div>\n<div class=\"col-sm-6  benefits\">\n<div style=\"padding-top: 30px;\">\n<h4>Unificado e Conectado<\/h4>\n<p>\nTrabalhe com processos de neg\u00f3cios multifuncionais como parte do <a href=\"\/br\/products\/development-cloud\/\">Veeva Development Cloud<\/a>.\n<\/p>\n<h4>Confira mais detalhes baixando a fixa do produto:<a href=\"\/br\/wp-content\/uploads\/2023\/08\/Tradu\u00e7\u00e3o-RIM-Product-Sheet_June-2023.pdf\" target=\"_blank\" class=\"buttons orange\" rel=\"noopener\">Download product sheet<\/a><br \/>\n<\/h4>\n<\/p><\/div>\n<\/p><\/div>\n<\/p><\/div>\n<\/p><\/div>\n<\/p><\/div>\n<\/p><\/div>\n<\/div>\n<div class=\"product-container product-list\" style=\"background-color: rgb(255, 255, 255);\">\n<div class=\"container\">\n\t\t<!-- feature 1 -->\t<\/p>\n<div class=\"row suite-features text-left\">\n<div class=\"col-sm-6\">\n<h2>Veeva Registrations<\/h2>\n<div class=\"visible-xs\">\n\t\t\t\t\t<img decoding=\"async\" src=\"https:\/\/www.veeva.com\/wp-content\/uploads\/2018\/06\/Registrations - Impact Assessment.png\" alt=\"Veeva Registrations\" class=\"img-shadow img-shadow-1 img-responsive  \">\n\t\t\t\t\t\t\t\t\t\t<\/div>\n<p>O Veeva Registrations gerencia dados de registros de produtos mundialmente, incluindo status de registro, varia\u00e7\u00f5es e intera\u00e7\u00f5es com autoridades sanit\u00e1rias. O modelo de dados flex\u00edvel da Veeva, acomoda pontos de dados IDMP (Identifica\u00e7\u00e3o de Produtos Medicinais) e continuar\u00e1 apoiar a evolu\u00e7\u00e3o dos padr\u00f5es de dados regulat\u00f3rios.<br \/>\n<a href=\"\/br\/products\/vault-registrations\/\" class=\"after-arrow-orange\">Saiba mais<\/a>\t\t\t<\/p>\n<\/div>\n<div class=\"col-sm-6 hidden-xs\">\n  \t\t\t\t\t<img decoding=\"async\" src=\"https:\/\/www.veeva.com\/wp-content\/uploads\/2018\/06\/Registrations - Impact Assessment.png\" alt=\"Veeva Registrations\" class=\"img-shadow img-shadow-1 img-responsive  \">\n\t\t\t\t\t  \t\t\t<\/div>\n<\/p><\/div>\n<p>\t\t<!-- end feature 1 --><br \/>\n\t\t<!-- feature 2 -->\t<\/p>\n<div class=\"row suite-features text-left\">\n<div class=\"col-sm-6 hidden-xs\">\n  \t\t\t\t\t<img decoding=\"async\" src=\"\/br\/wp-content\/uploads\/2018\/06\/Vault Submissions - Manufacturing Event.png\" alt=\"Veeva Submissions\" class=\"img-shadow img-shadow-2 img-responsive  \">\n\t\t\t\t\t  \t\t\t<\/div>\n<div class=\"col-sm-6\">\n<h2>Veeva Submissions<\/h2>\n<div class=\"visible-xs\">\n\t\t\t\t\t<img decoding=\"async\" src=\"\/br\/wp-content\/uploads\/2018\/06\/Vault Submissions - Manufacturing Event.png\" alt=\"Veeva Submissions\" class=\"img-shadow img-shadow-2 img-responsive\">\n\t\t\t\t\t\t\t\t\t\t<\/div>\n<p>\nO Veeva Submissions agiliza o planejamento de submiss\u00e3o at\u00e9 a aprova\u00e7\u00e3o automatizando passos do processo regulat\u00f3rio. Os usu\u00e1rios podem criar planos de conte\u00fado de submiss\u00f5es, renderizar documentos deixando-os prontos para a submiss\u00e3o e encontrar status de submiss\u00f5es com completa rastreabilidade.\n<\/p>\n<p><a href=\"\/br\/products\/vault-submissions\/\" class=\"after-arrow-orange\">Saiba mais<\/a>\t\t\t<\/div>\n<\/p><\/div>\n<p>\t\t<!-- end feature 2 --><br \/>\n\t\t<!-- feature 3 -->\t<\/p>\n<div class=\"row suite-features text-left\">\n<div class=\"col-sm-6\">\n<h2>Veeva Submissions Publishing<\/h2>\n<div class=\"visible-xs\">\n\t\t\t\t\t<img decoding=\"async\" src=\"https:\/\/www.veeva.com\/wp-content\/uploads\/2018\/06\/Submissions Publishing - Content Plan.png\" alt=\"Veeva Submissions Publishing\" class=\"img-shadow img-shadow-3 img-responsive\">\n\t\t\t\t\t\t\t\t\t\t<\/div>\n<p>\nO Veeva Submissions Publishing incorpora a funcionalidade de publica\u00e7\u00e3o ao Veeva RIM Suite para um desenvolvimento de submiss\u00e3o do in\u00edcio ao fim. Ao empregar um processo cont\u00ednuo de publica\u00e7\u00e3o para criar, validar e submeter dossi\u00eas, os usu\u00e1rios podem acelerar as submiss\u00f5es.\n<\/p>\n<p><a href=\"\/br\/products\/vault-submissions-publishing\/\" class=\"after-arrow-orange\">Saiba mais<\/a>\n\t\t\t<\/div>\n<div class=\"col-sm-6 hidden-xs\">\n  \t\t\t\t\t<img decoding=\"async\" src=\"https:\/\/www.veeva.com\/wp-content\/uploads\/2018\/06\/Submissions Publishing - Content Plan.png\" alt=\"Veeva Submissions Publishing\" class=\"img-shadow img-shadow-3 img-responsive  \">\n\t\t\t\t\t  \t\t\t<\/div>\n<\/p><\/div>\n<p>\t\t<!-- end feature 3 --><br \/>\n\t\t<!-- feature 4 -->\t<\/p>\n<div class=\"row suite-features text-left\">\n<div class=\"col-sm-6 hidden-xs\">\n  \t\t\t\t\t<img decoding=\"async\" src=\"https:\/\/www.veeva.com\/wp-content\/uploads\/2018\/06\/Submissions Archive Viewer.png\" alt=\"Veeva Submissions Archive\" class=\"img-shadow img-shadow-4 img-responsive  \">\n\t\t\t\t\t  \t\t\t<\/div>\n<div class=\"col-sm-6\">\n<h2>Veeva Submissions Archive<\/h2>\n<div class=\"visible-xs\">\n\t\t\t\t\t<img decoding=\"async\" src=\"https:\/\/www.veeva.com\/wp-content\/uploads\/2018\/06\/Submissions Archive Viewer.png\" alt=\"Veeva Submissions Archive\" class=\"img-shadow img-shadow-4 img-responsive\">\n\t\t\t\t\t\t\t\t\t\t<\/div>\n<p>\nO Veeva Submissions Archive armazena na nuvem de forma segura, um hist\u00f3rico completo das submiss\u00f5es regulat\u00f3rias. Afiliadas podem fazer download das submiss\u00f5es ou de componentes das submiss\u00f5es para a reutiliza\u00e7\u00e3o em mercados locais e fazer o upload das submiss\u00f5es realizadas para as autoridades sanit\u00e1rias locais.\n<\/p>\n<p><a href=\"\/br\/products\/vault-submissions-archive\/\" class=\"after-arrow-orange\">Saiba mais<\/a>\n\t\t\t<\/div>\n<\/p><\/div>\n<p>\t\t\t\t<!-- end feature 4 --><br \/>\n\t\t<!-- feature 5 -->\t<\/p>\n<div class=\"row suite-features text-left\">\n<div class=\"col-sm-6\">\n<h2>Veeva Connections<\/h2>\n<div class=\"visible-xs\">\n\t\t\t\t\t<img decoding=\"async\" src=\"http:\/\/www.veeva.com\/br\/wp-content\/uploads\/2021\/10\/aa.png\" style=\"box-shadow:none\" alt=\"Veeva Connections\" class=\"img-shadow img-shadow-5 img-responsive\">\n\t\t\t\t\t\t\t\t\t\t<\/div>\n<p>Veeva Connections s\u00e3o integra\u00e7\u00f5es fornecidas pela Veeva que transferem perfeitamente dados e documentos entre aplica\u00e7\u00f5es Veeva. Para times regulat\u00f3rios, o Veeva Clinical Operations to RIM Connection permite usu\u00e1rios compartilhar automaticamente produto, estudo  e informa\u00e7\u00f5es de centros de pesquisa, enquanto o Veeva Quality to RIM Connection  diminui o tempo geral desde a cria\u00e7\u00e3o do evento do controle de mudan\u00e7as at\u00e9 a implementa\u00e7\u00e3o.<\/p>\n<p><\/p>\n<p>Para ver toda a lista de Veeva Connections dispon\u00edveis, visite a pagina do <a href=\"\/br\/products\/development-cloud\/\" class=\"after-arrow-orange\">Veeva Development Cloud<\/a><br \/>\n.<\/p>\n<\/p>\n<\/div>\n<div class=\"col-sm-6 hidden-xs\">\n  \t\t\t\t\t<img decoding=\"async\" src=\"http:\/\/www.veeva.com\/br\/wp-content\/uploads\/2021\/10\/aa.png\" style=\"box-shadow:none\" alt=\"Veeva Connections\" class=\"img-shadow img-shadow-5 img-responsive  \">\n\t\t\t\t\t  \t\t\t<\/div>\n<\/p><\/div>\n<\/p><\/div>\n<\/div>\n<div class=\"product-container\" style=\"background-color: rgb(235, 154, 63);\">\n<div class=\"container\">\n<div id=\"carousel-video\" class=\"carousel slide\" data-ride=\"\">\n<div class=\"carousel-inner\" role=\"listbox\">\n<div class=\"item active\">\n<div class=\"row\">\n<div class=\"col-sm-10 col-sm-offset-1 text-center\">\n<h2 class=\"white\">Unificando Processos Regulat\u00f3rios com Veeva RIM<\/h2>\n<script src=\"https:\/\/fast.wistia.com\/embed\/medias\/s0bj6vlqsb.jsonp\" data-cookieconsent=\"ignore\" async><\/script><script src=\"https:\/\/fast.wistia.com\/assets\/external\/E-v1.js\" data-cookieconsent=\"ignore\" async><\/script><div class=\"wistia_responsive_padding\" style=\"padding:56.25% 0 0 0;position:relative;\"><div class=\"wistia_responsive_wrapper\" style=\"height:100%;left:0;position:absolute;top:0;width:100%;\"><div class=\"wistia_embed wistia_async_s0bj6vlqsb videoFoam=true\" style=\"height:100%;position:relative;width:100%\"><div class=\"wistia_swatch\" style=\"height:100%;left:0;opacity:0;overflow:hidden;position:absolute;top:0;transition:opacity 200ms;width:100%;\"><img decoding=\"async\" src=\"https:\/\/fast.wistia.com\/embed\/medias\/s0bj6vlqsb\/swatch\" style=\"filter:blur(5px);height:100%;object-fit:contain;width:100%;\" alt=\"\" aria-hidden=\"true\" onload=\"this.parentNode.style.opacity=1;\" \/><\/div><\/div><\/div><\/div><\/div>\n<\/p><\/div>\n<\/p><\/div>\n<\/p><\/div>\n<\/p><\/div>\n<div class=\"row\">\n<div class=\"col-sm-12 text-center\">\n            \t             <\/div>\n<\/p><\/div>\n<\/p><\/div>\n<\/div>\n","protected":false},"excerpt":{"rendered":"<p>A unified, cloud based RIM suite for regulatory information management: submission documents, registration tracking, agency interactions, and dossier archiving.<\/p>\n","protected":false},"author":80,"featured_media":59346,"parent":20394,"menu_order":0,"comment_status":"closed","ping_status":"closed","template":"templates\/veeva-2024.full-page.php","meta":{"footnotes":""},"class_list":["post-48133","page","type-page","status-publish","has-post-thumbnail","hentry"],"aioseo_notices":[],"_links":{"self":[{"href":"https:\/\/www.veeva.com\/br\/wp-json\/wp\/v2\/pages\/48133"}],"collection":[{"href":"https:\/\/www.veeva.com\/br\/wp-json\/wp\/v2\/pages"}],"about":[{"href":"https:\/\/www.veeva.com\/br\/wp-json\/wp\/v2\/types\/page"}],"author":[{"embeddable":true,"href":"https:\/\/www.veeva.com\/br\/wp-json\/wp\/v2\/users\/80"}],"replies":[{"embeddable":true,"href":"https:\/\/www.veeva.com\/br\/wp-json\/wp\/v2\/comments?post=48133"}],"version-history":[{"count":7,"href":"https:\/\/www.veeva.com\/br\/wp-json\/wp\/v2\/pages\/48133\/revisions"}],"predecessor-version":[{"id":62333,"href":"https:\/\/www.veeva.com\/br\/wp-json\/wp\/v2\/pages\/48133\/revisions\/62333"}],"up":[{"embeddable":true,"href":"https:\/\/www.veeva.com\/br\/wp-json\/wp\/v2\/pages\/20394"}],"wp:featuredmedia":[{"embeddable":true,"href":"https:\/\/www.veeva.com\/br\/wp-json\/wp\/v2\/media\/59346"}],"wp:attachment":[{"href":"https:\/\/www.veeva.com\/br\/wp-json\/wp\/v2\/media?parent=48133"}],"curies":[{"name":"wp","href":"https:\/\/api.w.org\/{rel}","templated":true}]}}