


{"id":48362,"date":"2020-03-24T13:46:31","date_gmt":"2020-03-24T17:46:31","guid":{"rendered":"http:\/\/www.veeva.com\/?page_id=48362"},"modified":"2026-05-05T16:39:16","modified_gmt":"2026-05-05T19:39:16","slug":"clinical-operations","status":"publish","type":"page","link":"https:\/\/www.veeva.com\/br\/products\/clinical-operations\/","title":{"rendered":"Veeva Clinical Operations"},"content":{"rendered":"<link rel=\"stylesheet\" id=\"main-style-css\" href=\"https:\/\/www.veeva.com\/wp-content\/themes\/veeva2015\/assets\/css\/product-styles.css?v=4.3\" type=\"text\/css\" media=\"all\">\n<section class=\"block\">\n<div class=\"product-banner-hero\" style=\"background-image: url(&quot;https:\/\/www.veeva.com\/br\/wp-content\/uploads\/2020\/03\/Vault-Clinical-Operations-Hero.png&quot;);\">\n<div class=\"container\">\n<div class=\"row\">\n<div class=\"col-xs-12\">\n<div class=\"breadcrumbs\">\n\t\t\t\t\t\t<a href=\"\/br\/\">Home<\/a> \u00b7  <\/p>\n<p>\t <!-- get the nav url --><br \/>\n\t\t <a href=\"\/br\/products\/vault-clinical\/\">Clinical Solutions<\/a> \u00b7 <\/p>\n<p>\t\t\t\t\t\tClinical Operations\n\t\t\t\t\t<\/p><\/div>\n<\/p><\/div>\n<\/p><\/div>\n<div class=\"row table-row text-center\">\n<div class=\"col-xs-12\" style=\"text-align: center;\">\n<h2>Transforme a Execu\u00e7\u00e3o de Estudo<\/h2>\n<p>\nUnifique os sistemas e processos de opera\u00e7\u00f5es cl\u00ednicas para melhorar o desempenho do estudo<\/p>\n<\/p><\/div>\n<\/p><\/div>\n<\/p><\/div>\n<\/p><\/div>\n<\/section>\n<div class=\"product-container\" style=\"background-color: rgb(255, 255, 255);\">\n<div class=\"container\">\n<div class=\"row\">\n<div class=\"col-md-10 col-md-offset-1\">\n<h1>Veeva Clinical Operations Suite<\/h1>\n<p> A Veeva oferece \u00e0 ind\u00fastria a primeira e \u00fanica su\u00edte de aplica\u00e7\u00f5es de opera\u00e7\u00f5es cl\u00ednicas unificadas\u2014incluindo <a href=\"\/br\/products\/vault-study-startup\/\">study start-up<\/a>, <a href=\"\/br\/products\/vault-eTMF\/\">eTMF<\/a>, <a href=\"\/br\/products\/vault-CTMS\/\">CTMS<\/a>, e <a href=\"\/br\/products\/vault-payments\/\">payments<\/a> em uma \u00fanica plataforma na nuvem \u2014 para acelerar a execu\u00e7\u00e3o de ensaios e oferecer visibilidade em tempo real. A habilidade da Veeva Platform de gerenciar tanto conte\u00fado quanto dados, \u00e9 a chave desta unifica\u00e7\u00e3o pioneira de sistemas de opera\u00e7\u00f5es cl\u00ednicas. Agora as empresas podem eliminar sistemas isolados, simplificando do in\u00edcio ao fim os processos ensaios cl\u00ednicos e melhorando a colabora\u00e7\u00e3o entre patrocinadores, ORPCs (CROs) e centros de pesquisas cl\u00ednicas.\n <\/p>\n<h4>Confira a fixa do produto:<a href=\"\/br\/wp-content\/uploads\/2023\/08\/Tradu\u00e7\u00e3o-Clinical-Operations-Product-Sheet_June-2023.pdf\" target=\"_blank\" class=\"buttons orange\" rel=\"noopener\">Download product sheet<\/a>\t\t\t<\/h4>\n<\/div><\/div>\n<div class=\"row\">\n<div class=\"col-md-10 col-md-offset-1\">\n<div class=\"row\">\n<div class=\"col-sm-6  benefits\">\n<div style=\"padding-top: 30px;\">\n<h4>Simplificando Opera\u00e7\u00f5es Cl\u00ednicas<\/h4>\n<p>Um sistema perfeito de registro compartilhados para Start-up, TMF, CTMS e conte\u00fado de pagamento, otimizando a efici\u00eancia e simplificando a opera\u00e7\u00e3o.<\/p>\n<h4>Visibilidade Total<\/h4>\n<p>Melhora a tomada de decis\u00f5es com base em uma vis\u00e3o precisa e abrangente do estudo por todo o time operacional.\n <\/p>\n<\/p><\/div>\n<\/p><\/div>\n<div class=\"col-sm-6  benefits\">\n<div style=\"padding-top: 30px;\">\n<h4>Maior Conformidade<\/h4>\n<p>Oferece vis\u00e3o completa do processo cl\u00ednico, do in\u00edcio ao fim, com uma \u00fanica fonte para os dados e documentos do ensaio cl\u00ednico.<\/p>\n<h4>Unificada e Conectada<\/h4>\n<p>Uma su\u00edte unificada dentro da Veeva Development Cloud, simplificando os processos de neg\u00f3cios funcionais com uma \u00fanica plataforma na nuvem.\n <\/p>\n<\/p><\/div>\n<\/p><\/div>\n<\/p><\/div>\n<\/p><\/div>\n<\/p><\/div>\n<\/p><\/div>\n<\/div>\n<div class=\"product-container product-list\" style=\"background-color: rgb(255, 255, 255);\">\n<div class=\"container\">\n\t\t<!-- feature 1 -->\t<\/p>\n<div class=\"row suite-features text-left\">\n<div class=\"col-sm-6\">\n<h2>Veeva Study Startup <\/h2>\n<div class=\"visible-xs\">\n\t\t\t\t\t<img decoding=\"async\" src=\"https:\/\/www.veeva.com\/wp-content\/themes\/veeva2015\/assets\/img\/products\/Clinical-Suite-Clinical-Ops-Feature-1-480px.png\" alt=\"Veeva Study Startup \" class=\"img-shadow img-shadow-1 img-responsive  \">\n\t\t\t\t\t\t\t\t\t\t<\/div>\n<p>\nO Veeva Study Startup acelera a ativa\u00e7\u00e3o do centro de pesquisa integrando conte\u00fado e dados iniciais do estudo e incorporando intelig\u00eancia espec\u00edfica de cada pa\u00eds nos fluxos de trabalho de estudos.<\/p>\n<p><a href=\"\/br\/products\/vault-study-startup\/\" class=\"after-arrow-orange\">Saiba mais<\/a><\/p><\/div>\n<div class=\"col-sm-6 hidden-xs\">\n  \t\t\t\t\t<img decoding=\"async\" src=\"https:\/\/www.veeva.com\/wp-content\/themes\/veeva2015\/assets\/img\/products\/Clinical-Suite-Clinical-Ops-Feature-1-480px.png\" alt=\"Veeva Study Startup \" class=\"img-shadow img-shadow-1 img-responsive  \">\n\t\t\t\t\t  \t\t\t<\/div>\n<\/p><\/div>\n<p>\t\t<!-- end feature 1 --><br \/>\n\t\t<!-- feature 2 -->\t<\/p>\n<div class=\"row suite-features text-left\">\n<div class=\"col-sm-6 hidden-xs\">\n  \t\t\t\t\t<img decoding=\"async\" src=\"https:\/\/www.veeva.com\/wp-content\/themes\/veeva2015\/assets\/img\/products\/Clinical-Suite-Clinical-Ops-Feature-2-480px.png\" alt=\"Veeva eTMF\" class=\"img-shadow img-shadow-2 img-responsive  \">\n\t\t\t\t\t  \t\t\t<\/div>\n<div class=\"col-sm-6\">\n<h2>Veeva eTMF<\/h2>\n<div class=\"visible-xs\">\n\t\t\t\t\t<img decoding=\"async\" src=\"https:\/\/www.veeva.com\/wp-content\/themes\/veeva2015\/assets\/img\/products\/Clinical-Suite-Clinical-Ops-Feature-2-480px.png\" alt=\"Veeva eTMF\" class=\"img-shadow img-shadow-2 img-responsive\">\n\t\t\t\t\t\t\t\t\t\t<\/div>\n<p>\nO Veeva eTMF permite gerenciamento ativo do TMF (Trial Master File) para pronta inspe\u00e7\u00e3o, visibilidade e controle em tempo real.<\/p>\n<p><a href=\"\/br\/products\/vault-etmf\/\" class=\"after-arrow-orange\">Saiba mais<\/a>\n\t\t\t<\/div>\n<\/p><\/div>\n<p>\t\t<!-- end feature 2 --><br \/>\n\t\t<!-- feature 3 -->\t<\/p>\n<div class=\"row suite-features text-left\">\n<div class=\"col-sm-6\">\n<h2>Veeva CTMS<\/h2>\n<div class=\"visible-xs\">\n\t\t\t\t\t<img decoding=\"async\" src=\"https:\/\/www.veeva.com\/wp-content\/themes\/veeva2015\/assets\/img\/products\/Clinical-Suite-Clinical-Ops-Feature-3-480px.png\" alt=\"Veeva CTMS\" class=\"img-shadow img-shadow-3 img-responsive\">\n\t\t\t\t\t\t\t\t\t\t<\/div>\n<p>\nO Veeva CTMS unifica globalmente informa\u00e7\u00f5es cl\u00ednicas, documenta\u00e7\u00f5es e processos para reduzir complexidade, aumentar transpar\u00eancia e acelerar a tomada de decis\u00f5es cr\u00edticas.\n<\/p>\n<p><a href=\"\/br\/products\/vault-ctms\/\" class=\"after-arrow-orange\">Saiba mais<\/a>\n\t\t\t<\/div>\n<div class=\"col-sm-6 hidden-xs\">\n  \t\t\t\t\t<img decoding=\"async\" src=\"https:\/\/www.veeva.com\/wp-content\/themes\/veeva2015\/assets\/img\/products\/Clinical-Suite-Clinical-Ops-Feature-3-480px.png\" alt=\"Veeva CTMS\" class=\"img-shadow img-shadow-3 img-responsive  \">\n\t\t\t\t\t  \t\t\t<\/div>\n<\/p><\/div>\n<p>\t\t<!-- end feature 3 --><br \/>\n\t\t<!-- feature 4 -->\t<\/p>\n<div class=\"row suite-features text-left\">\n<div class=\"col-sm-6 hidden-xs\">\n  \t\t\t\t\t<img decoding=\"async\" src=\"https:\/\/www.veeva.com\/wp-content\/themes\/veeva2015\/assets\/img\/products\/Clinical-Suite-Clinical-Ops-Feature-4-480px.png\" alt=\"Veeva Payments\" class=\"img-shadow img-shadow-4 img-responsive  \">\n\t\t\t\t\t  \t\t\t<\/div>\n<div class=\"col-sm-6\">\n<h2>Veeva Payments<\/h2>\n<div class=\"visible-xs\">\n\t\t\t\t\t<img decoding=\"async\" src=\"https:\/\/www.veeva.com\/wp-content\/themes\/veeva2015\/assets\/img\/products\/Clinical-Suite-Clinical-Ops-Feature-4-480px.png\" alt=\"Veeva Payments\" class=\"img-shadow img-shadow-4 img-responsive\">\n\t\t\t\t\t\t\t\t\t\t<\/div>\n<p>\nO Veeva Payments acelera os pagamentos para os centros de pesquisa cl\u00ednica e promove visibilidade financeira para todos os parceiros do estudo.\n<\/p>\n<p><a href=\"\/br\/products\/vault-payments\/\" class=\"after-arrow-orange\">Saiba mais<\/a>\n\t\t\t<\/div>\n<\/p><\/div>\n<p>\t\t\t\t<!-- end feature 4 --><br \/>\n\t\t<!-- feature 5 -->\t<\/p>\n<div class=\"row suite-features text-left\">\n<div class=\"col-sm-6\">\n<h2>Veeva Site Connect<\/h2>\n<div class=\"visible-xs\">\n\t\t\t\t\t<img decoding=\"async\" src=\"https:\/\/www.veeva.com\/wp-content\/themes\/veeva2015\/assets\/img\/products\/Site-Connect-Feature-2-480px.png\" alt=\"Veeva Site Connect\" class=\"img-shadow img-shadow-5 img-responsive\">\n\t\t\t\t\t\t\t\t\t\t<\/div>\n<p>O Veeva Site Connect automatiza o compartilhamento de informa\u00e7\u00f5es entre as aplica\u00e7\u00f5es Veeva Clinical e Veeva Site uma aplica\u00e7\u00e3o eISF (electronic Investigator Site File) aprovado e usado pelos centros de pesquisa.\n<\/p>\n<p><a href=\"\/br\/products\/vault-site-connect\/\" class=\"after-arrow-orange\">Saiba mais<\/a>\t\t\t<\/div>\n<div class=\"col-sm-6 hidden-xs\">\n  \t\t\t\t\t<img decoding=\"async\" src=\"https:\/\/www.veeva.com\/wp-content\/themes\/veeva2015\/assets\/img\/products\/Site-Connect-Feature-2-480px.png\" alt=\"Veeva Site Connect\" class=\"img-shadow img-shadow-5 img-responsive  \">\n\t\t\t\t\t  \t\t\t<\/div>\n<\/p><\/div>\n<p>\t\t\t\t<!-- end feature 5 --><br \/>\n\t\t<!-- feature 6 -->\t<\/p>\n<div class=\"row suite-features text-left\">\n<div class=\"col-sm-6 hidden-xs\">\n  \t\t\t\t\t<img decoding=\"async\" src=\"http:\/\/www.veeva.com\/br\/wp-content\/uploads\/2021\/10\/aa.png\" style=\"box-shadow:none\" alt=\"Veeva Connections\" class=\"img-shadow img-shadow-6 img-responsive  \">\n\t\t\t\t\t  \t\t\t<\/div>\n<div class=\"col-sm-6\">\n<h2>Veeva Connections<\/h2>\n<div class=\"visible-xs\">\n\t\t\t\t\t<img decoding=\"async\" src=\"http:\/\/www.veeva.com\/br\/wp-content\/uploads\/2021\/10\/aa.png\" style=\"box-shadow:none\" alt=\"Veeva Connections\" class=\"img-shadow img-shadow-6 img-responsive\">\n\t\t\t\t\t\t\t\t\t\t<\/div>\n<p>Veeva Connections s\u00e3o integra\u00e7\u00f5es fornecidas pela Veeva que transferem perfeitamente dados e documentos entre nossas aplica\u00e7\u00f5es. Para times de opera\u00e7\u00f5es cl\u00ednicos, o Veeva CDMS to Clinical Operations fornece informa\u00e7\u00e3o atualizada de recrutamento de pacientes enquanto Veeva Clinical Operations to Veeva RIM permite  compartilhem automaticamente produtos, estudos e informa\u00e7\u00f5es dos centros de pesquisa.<\/p>\n<p>Para ver uma lista completa de Connections dispon\u00edveis, visite a p\u00e1gina <a href=\"\/br\/products\/development-cloud\/\">Veeva Development Cloud<\/a>.<\/p>\n<\/p><\/div>\n<\/p><\/div>\n<\/p><\/div>\n<\/div>\n<div class=\"proof-container\" style=\"background-color: rgb(170, 170, 170); background-image: url(&quot;https:\/\/www.veeva.com\/wp-content\/themes\/veeva2015\/assets\/img\/products\/Data-Background.png&quot;);\">\n<div class=\"container\">\n<div class=\"wrapper\">\n<div class=\"row\">\n<div class=\"col-sm-12 text-center\">\n<h2>Transformando Opera\u00e7\u00f5es Cl\u00ednicas e Gerenciamento de Dados<\/h2>\n<p>Simplificando Estudos Cl\u00ednicos do In\u00edcio ao Fim<\/p>\n<\/p><\/div>\n<\/p><\/div>\n<div class=\"row\">\n<div class=\"col-sm-4 text-center proof-facts\">\n          \t\t40%<\/p>\n<p>de redu\u00e7\u00e3o do tempo de reconcilia\u00e7\u00e3o de TMF (Trial Master File) com Veeva eTMF<\/p>\n<hr class=\"visible-xs\">\n  \t\t\t\t<\/div>\n<div class=\"col-sm-4 text-center proof-facts\">\n          \t\t30% <\/p>\n<p>de redu\u00e7\u00e3o de tempo na prepara\u00e7\u00e3o de visita de monitoria com Veeva Clinical Operations unificado\n<\/p>\n<hr class=\"visible-xs\">\n  \t\t\t\t<\/div>\n<div class=\"col-sm-4 text-center proof-facts\">\n          \t\t$1.5M<\/p>\n<p>De economia em m\u00e9dia na fase III com Veeva CTMS<\/p>\n<\/p><\/div>\n<\/p><\/div>\n<\/p><\/div>\n<\/p><\/div>\n<\/div>\n<div class=\"product-container customer-logos\" style=\"background-color: rgb(255, 255, 255);\">\n<div class=\"container\">\n<div class=\"wrapper\">\n<div class=\"row\">\n<div class=\"col-sm-12 text-center\">\n<h2>\nTrazendo Agilidade, Visibilidade e Rapidez aos Ensaios Cl\u00ednicos.<\/h2>\n<p>Empresas por todo mundo est\u00e3o usando a Veeva para ajudar a melhorar a performance dos ensaios.<\/p>\n<\/p><\/div>\n<\/p><\/div>\n<div class=\"row\">\n<div class=\"col-sm-12 text-center\">\n          \t\t<img decoding=\"async\" src=\"https:\/\/www.veeva.com\/wp-content\/themes\/veeva2015\/assets\/img\/products\/suite-logos\/Idorsia-70px.png\" alt=\"Idorsia-Logo\"><br \/>\n<img decoding=\"async\" src=\"https:\/\/www.veeva.com\/wp-content\/themes\/veeva2015\/assets\/img\/products\/suite-logos\/Ora-70px.png\" alt=\"Ora-Logo\"><br \/>\n<img decoding=\"async\" src=\"https:\/\/www.veeva.com\/wp-content\/themes\/veeva2015\/assets\/img\/products\/suite-logos\/Leo-70px.png\" alt=\"Leo-Logo\"><\/p><\/div>\n<\/p><\/div>\n<\/p><\/div>\n<\/p><\/div>\n<\/div>\n","protected":false},"excerpt":{"rendered":"<p>Veeva Vault CTMS, eTMF, and Study Startup unify clinical operations to accelerate trial execution and deliver real-time visibility. <\/p>\n","protected":false},"author":80,"featured_media":57716,"parent":20394,"menu_order":0,"comment_status":"closed","ping_status":"closed","template":"templates\/veeva-2024.full-page.php","meta":{"footnotes":""},"class_list":["post-48362","page","type-page","status-publish","has-post-thumbnail","hentry"],"aioseo_notices":[],"_links":{"self":[{"href":"https:\/\/www.veeva.com\/br\/wp-json\/wp\/v2\/pages\/48362"}],"collection":[{"href":"https:\/\/www.veeva.com\/br\/wp-json\/wp\/v2\/pages"}],"about":[{"href":"https:\/\/www.veeva.com\/br\/wp-json\/wp\/v2\/types\/page"}],"author":[{"embeddable":true,"href":"https:\/\/www.veeva.com\/br\/wp-json\/wp\/v2\/users\/80"}],"replies":[{"embeddable":true,"href":"https:\/\/www.veeva.com\/br\/wp-json\/wp\/v2\/comments?post=48362"}],"version-history":[{"count":10,"href":"https:\/\/www.veeva.com\/br\/wp-json\/wp\/v2\/pages\/48362\/revisions"}],"predecessor-version":[{"id":62331,"href":"https:\/\/www.veeva.com\/br\/wp-json\/wp\/v2\/pages\/48362\/revisions\/62331"}],"up":[{"embeddable":true,"href":"https:\/\/www.veeva.com\/br\/wp-json\/wp\/v2\/pages\/20394"}],"wp:featuredmedia":[{"embeddable":true,"href":"https:\/\/www.veeva.com\/br\/wp-json\/wp\/v2\/media\/57716"}],"wp:attachment":[{"href":"https:\/\/www.veeva.com\/br\/wp-json\/wp\/v2\/media?parent=48362"}],"curies":[{"name":"wp","href":"https:\/\/api.w.org\/{rel}","templated":true}]}}