


{"id":48438,"date":"2020-03-27T13:48:11","date_gmt":"2020-03-27T17:48:11","guid":{"rendered":"http:\/\/www.veeva.com\/?page_id=48438"},"modified":"2026-05-05T16:27:49","modified_gmt":"2026-05-05T19:27:49","slug":"development-cloud","status":"publish","type":"page","link":"https:\/\/www.veeva.com\/br\/products\/development-cloud\/","title":{"rendered":"Veeva Development Cloud"},"content":{"rendered":"<link rel=\"stylesheet\" id=\"main-style-css\" href=\"https:\/\/www.veeva.com\/wp-content\/themes\/veeva2015\/assets\/css\/product-styles.css?v=4.3\" type=\"text\/css\" media=\"all\">\n<style>\n@media screen and (max-width: 991px) {\n.product-container .img-responsive {\nmargin: auto;\nmargin-bottom: 30px;\nmargin-top: 25px;\n}\n}\n.prod-grid p {\nfont-size: 16px;\nline-height: 25px;\nmargin-top:10px;\n}\n.prod-grid a {\nwhite-space:nowrap;\n}\n.prod-grid .col-sm-6 {\nmargin-top:25px\n}\n@media (min-width: 768px) and (max-width: 5000px) {\n  .prod-grid .col-sm-6:nth-child(2n+1) {\n    clear: left;\n  }\n}<\/p>\n<p>@media screen and (max-width: 767px) {\n.prod-grid p {<\/p>\n<p>margin-top:3px;\n}\n.prod-grid .col-sm-6 {\nmargin-top:20px\n}\n}<\/p>\n<\/style>\n<section class=\"block\">\n<div class=\"product-banner-hero\" style=\"background-image: url(&quot;https:\/\/www.veeva.com\/br\/wp-content\/uploads\/2023\/11\/product-page-hero-orphan.png&quot;);\">\n<div class=\"container\">\n<div class=\"row\">\n<div class=\"col-xs-12\">\n<div class=\"breadcrumbs\">\n\t\t\t\t\t\t<a href=\"\/br\/\">Home<\/a> \u00b7  <\/p>\n<p>\t <!-- get the nav url --><br \/>\n\t\t <a href=\"\/br\/products\/development-cloud\/\">Development Cloud<\/a> <\/p><\/div>\n<\/p><\/div>\n<\/p><\/div>\n<div class=\"row table-row text-center\">\n<div class=\"col-xs-12\" style=\"text-align: center;\">\n<h2>Funda\u00e7\u00e3o tecnol\u00f3gica para<br \/> o desenvolvimento de produtos<\/h2>\n<p>Elimine silos de dados e processos nas \u00e1reas de Pesquisa Cl\u00ednica, <br \/>Qualidade, Assuntos Regulat\u00f3rios e Farmacovigil\u00e2ncia.<\/p>\n<\/p><\/div>\n<\/p><\/div>\n<\/p><\/div>\n<\/p><\/div>\n<\/section>\n<div class=\"product-container\" style=\"background-color: rgb(255, 255, 255);\">\n<div class=\"container\">\n<div class=\"row\">\n<div class=\"col-md-10 col-md-offset-1\">\n<h1>Veeva Development Cloud<\/h1>\n<p>\nO Veeva Development Cloud re\u00fane aplica\u00e7\u00f5es voltadas para as \u00e1reas cl\u00ednica, regulat\u00f3ria, de qualidade e farmacovigil\u00e2ncia, visando ajudar organiza\u00e7\u00f5es a eliminar sistemas isolados e conduzir os processos de desenvolvimento de produto do in\u00edcio ao fim. <\/p>\n<p>\nHoje, as aplica\u00e7\u00f5es de desenvolvimento de produto est\u00e3o isoladas e mal integradas. M\u00faltiplos sistemas criam inefici\u00eancias e atrasam processos de neg\u00f3cios cruciais. A Veeva \u00e9 a primeira e \u00fanica empresa a oferecer su\u00edtes de aplica\u00e7\u00f5es unificadas em uma \u00fanica plataforma na nuvem por todo o ciclo de vida do produto.<\/p>\n<p>Com todas as aplica\u00e7\u00f5es no Veeva Vault Platform, as empresas conseguem simplificar as informa\u00e7\u00f5es de desenvolvimento de um produto pelas regi\u00f5es e departamentos para maior efici\u00eancia e conformidade.<\/p>\n<\/p><\/div>\n<\/p><\/div>\n<div class=\"row\">\n<div class=\"col-sm-12\">\n<div class=\"row\">\n<div class=\"col-sm-4  benefits\">\n<div style=\"padding-top: 30px;\">\n<h4>Maior Velocidade de Lan\u00e7amento<\/h4>\n<p>Aumente a efici\u00eancia operacional conduzindo consistentes processos de neg\u00f3cio de desenvolvimento de produto, do in\u00edcio ao fim, em um \u00fanico sistema.<\/p>\n<\/p><\/div>\n<\/p><\/div>\n<div class=\"col-sm-4  benefits\">\n<div style=\"padding-top: 30px;\">\n<h4>Alinhamento Global <\/h4>\n<p>Ganhe visibilidade em matrizes, centros de pesquisa e pa\u00edses.\n<\/p>\n<\/p><\/div>\n<\/p><\/div>\n<div class=\"col-sm-4  benefits\">\n<div style=\"padding-top: 30px;\">\n<h4>Conformidade Abrangente<\/h4>\n<p>Alcance qualidade de informa\u00e7\u00e3o confi\u00e1vel durante o ciclo de desenvolvimento.<\/p>\n<\/p><\/div>\n<\/p><\/div>\n<\/p><\/div>\n<\/p><\/div>\n<\/p><\/div>\n<style>\n\t.product-container .col-padding {\n\t\tpadding-left:7px;\n\t\tpadding-right:7px;\n\t}\n\t.product-container .cloud-bar .title {\n\tfont-weight:400;font-size:17px;padding-bottom:7px;white-space:nowrap;\n\tmargin-top:10px;\n\t}\n\t.product-container .cloud-bar .icon {\n\tpadding:14px;background-color:#fbb912;\n\t}<\/p>\n<p>\t@media screen and (max-width: 767px) {\n.product-container .cloud-bar .title {\n\tfont-weight:400;font-size:15px;padding-bottom:5px;white-space:nowrap;\n\tmargin-top:10px;\n\t}\n}\n\t<\/style>\n<div class=\"row cloud-bar\" style=\"margin-top: 50px;\">\n<div class=\"col-xs-6 col-sm-4 col-md-5ths col-padding\">\n<div class=\"title\">Clinical Data Management<\/div>\n<div class=\"icon\">\n\t\t\t\t\t\t\t<img decoding=\"async\" src=\"https:\/\/www.veeva.com\/wp-content\/themes\/veeva2015\/assets\/img\/products\/Dev-Cloud-Clinical-Data-Management-Icon.png\" alt=\"Clinical-Data-Management-Icon\">\n\t\t\t\t\t\t<\/div>\n<\/p><\/div>\n<div class=\"col-xs-6 col-sm-4 col-md-5ths col-padding\">\n<div class=\"title\">Clinical Operations<\/div>\n<div class=\"icon\">\n\t\t\t\t\t\t\t<img decoding=\"async\" src=\"https:\/\/www.veeva.com\/wp-content\/themes\/veeva2015\/assets\/img\/products\/Dev-Cloud-Clinical-Operations-Icon.png\" alt=\"Clinical-Data-Management-Icon\">\n\t\t\t\t\t\t<\/div>\n<\/p><\/div>\n<div class=\"col-xs-6 col-sm-4 col-md-5ths col-padding\">\n<div class=\"title\">Quality<\/div>\n<div class=\"icon\">\n\t\t\t\t\t\t\t<img decoding=\"async\" src=\"https:\/\/www.veeva.com\/wp-content\/themes\/veeva2015\/assets\/img\/products\/Dev-Cloud-Quality-Icon.png\" alt=\"Clinical-Data-Management-Icon\">\n\t\t\t\t\t\t<\/div>\n<\/p><\/div>\n<div class=\"col-xs-6 col-sm-4  col-sm-offset-2 col-md-5ths col-md-offset-0 col-padding\">\n<div class=\"title\">Regulatory<\/div>\n<div class=\"icon\">\n\t\t\t\t\t\t\t<img decoding=\"async\" src=\"https:\/\/www.veeva.com\/wp-content\/themes\/veeva2015\/assets\/img\/products\/Dev-Cloud-Regulatory-Icon.png\" alt=\"Clinical-Data-Management-Icon\">\n\t\t\t\t\t\t<\/div>\n<\/p><\/div>\n<div class=\"col-xs-6 col-xs-offset-3 col-sm-4 col-sm-offset-0 col-md-5ths col-padding\">\n<div class=\"title\">Safety<\/div>\n<div class=\"icon\">\n\t\t\t\t\t\t\t<img decoding=\"async\" src=\"https:\/\/www.veeva.com\/wp-content\/themes\/veeva2015\/assets\/img\/products\/Dev-Cloud-Safety-Icon.png\" alt=\"Clinical-Data-Management-Icon\">\n\t\t\t\t\t\t<\/div>\n<\/p><\/div>\n<\/p><\/div>\n<div class=\"row cloud-bar\" style=\"margin-top: 14px;\">\n<div class=\"col-sm-12 col-padding\">\n<div class=\"icon\" style=\"background-color: rgb(137, 138, 141); padding: 16px;\">\n\t\t\t\t\t\t\t<img decoding=\"async\" src=\"https:\/\/www.veeva.com\/wp-content\/themes\/veeva2015\/assets\/img\/products\/Dev-Cloud-Vault-Platform-Logo.png\" alt=\"Clinical-Data-Management-Icon\">\n\t\t\t\t\t\t<\/div>\n<\/p><\/div>\n<\/p><\/div>\n<\/p><\/div>\n<\/div>\n<div class=\"product-container\" style=\"background-color: rgb(244, 244, 244);\">\n<div class=\"container\">\n\t\t<!-- feature 1 -->\t<\/p>\n<div class=\"row suite-features text-left\">\n<div class=\"col-md-6\">\n<h2>Vault Connections<\/h2>\n<div class=\"visible-xs visible-sm\">\n\t\t\t\t\t<img decoding=\"async\" src=\"\/br\/wp-content\/uploads\/2021\/10\/aa.png\" alt=\"Vault Connections\" class=\"img-responsive  \">\n\t\t\t\t\t\t\t\t\t\t<\/div>\n<p>\t\t\t\t\tVault Connections s\u00e3o integra\u00e7\u00f5es fornecidas pela Veeva que transferem dados e documentos entre aplica\u00e7\u00f5es de clinical, de quality, regulatory e safety. Elas s\u00e3o projetados para agilizar os processos de neg\u00f3cios multifuncionais, quebrando silos, fornecendo maior visibilidade e automatizando tarefas manuais. Para obter mais informa\u00e7\u00f5es sobre as Vault Connections, visite nosso Hub de recursos.\t\t<\/p>\n<div class=\"row prod-grid\">\n<div class=\"col-sm-12\">\n\t<br \/>Veeva Clinical Operations para RIM Connection<\/p>\n<p>Compartilhe produtos, estudos, dados e documentos dos centros de pesquisa.<\/p>\n<\/div>\n<div class=\"col-sm-12\">\n\t<br \/>Veeva Quality para RIM Connection<\/p>\n<p>Agilize controle de mudan\u00e7as e gerenciamento de varia\u00e7\u00e3o.<\/p>\n<\/div>\n<div class=\"col-sm-12\">\n\t<br \/>Veeva CDMS para Clinical Operations Connection<\/p>\n<p>Obtenha informa\u00e7\u00f5es de recrutamento nos centros de pesquisa atualizadas.\n<\/p>\n<\/div><\/div>\n<\/p><\/div>\n<div class=\"col-md-6 hidden-xs hidden-sm\">\n  \t\t\t\t\t<img decoding=\"async\" src=\"\/br\/wp-content\/uploads\/2021\/10\/aa.png\" alt=\"Vault Connections\" class=\"img-responsive  \">\n\t\t\t\t\t  \t\t\t<\/div>\n<\/p><\/div>\n<\/p><\/div>\n<\/div>\n<div class=\"product-container\" style=\"background-color: rgb(255, 255, 255);\">\n<div class=\"container\">\n\t\t<!-- feature 2 -->\t<\/p>\n<div class=\"row suite-features text-left\">\n<div class=\"col-md-6 hidden-xs hidden-sm\">\n  \t\t\t\t\t<img decoding=\"async\" src=\"https:\/\/www.veeva.com\/wp-content\/themes\/veeva2015\/assets\/img\/products\/Development-Cloud-Suite-5-576px.png\" alt=\"Gerenciamento de Dados Cl\u00ednicos\" class=\"img-responsive  \">\n\t\t\t\t\t  \t\t\t<\/div>\n<div class=\"col-md-6\">\n<h2>Gerenciamento de Dados Cl\u00ednicos<\/h2>\n<div class=\"visible-xs visible-sm\">\n\t\t\t\t\t<img decoding=\"async\" src=\"https:\/\/www.veeva.com\/wp-content\/themes\/veeva2015\/assets\/img\/products\/Development-Cloud-Suite-5-576px.png\" alt=\"Gerenciamento de Dados Cl\u00ednicos\" class=\"img-responsive  \">\n\t\t\t\t\t\t\t\t\t\t<\/div>\n<p>\t\t\t\t\tAcelere o estudos atrav\u00e9s de aplica\u00e7\u00f5es de dados cl\u00ednicos modernos e inovadores. O Veeva Clinical Data, vem redefinindo o gerenciamento de dados para ajudar equipes cl\u00ednicas a gerenciar os ensaios de hoje com agilidade e velocidade.\t\t<\/p>\n<div class=\"row prod-grid\">\n<div class=\"col-sm-6\">\n\t<a href=\"\/br\/products\/vault-edc\/\" class=\"after-arrow-orange\">Veeva EDC<\/a><\/p>\n<p>Colete, limpe e revise dados de estudo.<\/p>\n<\/div>\n<div class=\"col-sm-6\">\n\t<a href=\"\/br\/products\/vault-coder\/\" class=\"after-arrow-orange\">Veeva Coder<\/a><\/p>\n<p>Codifica\u00e7\u00e3o r\u00e1pida para equipes cl\u00ednicas.<\/p>\n<\/div>\n<div class=\"col-sm-6\">\n\t<a href=\"\/br\/products\/veeva-cdb\/\" class=\"after-arrow-orange\">Veeva CDB<\/a><\/p>\n<p>Gerencie dados de estudos completos e concomitantes. <\/p>\n<\/div><\/div>\n<\/p><\/div>\n<\/p><\/div>\n<\/p><\/div>\n<\/div>\n<div class=\"product-container\" style=\"background-color: rgb(244, 244, 244);\">\n<div class=\"container\">\n\t\t<!-- feature 3 -->\t<\/p>\n<div class=\"row suite-features text-left\">\n<div class=\"col-md-6\">\n<h2>Veeva Clinical Operations <\/h2>\n<div class=\"visible-xs visible-sm\">\n\t\t\t\t\t<img decoding=\"async\" src=\"https:\/\/www.veeva.com\/wp-content\/themes\/veeva2015\/assets\/img\/products\/Development-Cloud-Suite-4-576px.png\" alt=\"Veeva Clinical Operations \" class=\"img-responsive  \">\n\t\t\t\t\t\t\t\t\t\t<\/div>\n<p>\t\t\t\t\tA \u00fanica su\u00edte de aplica\u00e7\u00f5es de opera\u00e7\u00f5es cl\u00ednicas unificadas em uma \u00fanica plataforma na nuvem.<br \/>\nA primeira e \u00fanica su\u00edte com aplica\u00e7\u00f5es de opera\u00e7\u00f5es cl\u00ednicas unificadas da ind\u00fastria \u2014incluindo study start-up, eTMF, CTMS, e payments em uma \u00fanica plataforma na nuvem \u2014 para acelerar a execu\u00e7\u00e3o de ensaios cl\u00ednicos e oferecer visibilidade em tempo real.\t\t<\/p>\n<div class=\"row prod-grid\">\n<div class=\"col-sm-6\">\n\t<a href=\"\/br\/products\/vault-study-startup\/\" class=\"after-arrow-orange\">Veeva Study Startup<\/a><\/p>\n<p>Acelere a ativa\u00e7\u00e3o do centro de pesquisa.<\/p>\n<\/div>\n<div class=\"col-sm-6\">\n\t<a href=\"\/br\/products\/vault-ctms\/\" class=\"after-arrow-orange\">Veeva CTMS<\/a><\/p>\n<p>Permite o gerenciamento proativo de ensaios cl\u00ednicos.<\/p>\n<\/div>\n<div class=\"col-sm-6\">\n\t<a href=\"\/br\/products\/vault-etmf\/\" class=\"after-arrow-orange\">Veeva eTMF<\/a><\/p>\n<p>Proporcione eTMF ativo para pronta inspe\u00e7\u00e3o em tempo real.<\/p>\n<\/div>\n<div class=\"col-sm-6\">\n\t<a href=\"\/br\/products\/vault-payments\/\" class=\"after-arrow-orange\">Veeva Payments<\/a><\/p>\n<p>Pague os centros de pesquisa cl\u00ednica mais rapidamente. <\/p>\n<\/div>\n<div class=\"col-sm-6\">\n\t<a href=\"\/br\/products\/vault-site-connect\/\" class=\"after-arrow-orange\">Veeva Site Connect<\/a><\/p>\n<p>Automatize o compartilhamento de informa\u00e7\u00f5es em ensaios cl\u00ednicos.<\/p>\n<\/div><\/div>\n<\/p><\/div>\n<div class=\"col-md-6 hidden-xs hidden-sm\">\n  \t\t\t\t\t<img decoding=\"async\" src=\"https:\/\/www.veeva.com\/wp-content\/themes\/veeva2015\/assets\/img\/products\/Development-Cloud-Suite-4-576px.png\" alt=\"Veeva Clinical Operations \" class=\"img-responsive  \">\n\t\t\t\t\t  \t\t\t<\/div>\n<\/p><\/div>\n<\/p><\/div>\n<\/div>\n<div class=\"product-container\" style=\"background-color: rgb(255, 255, 255);\">\n<div class=\"container\">\n\t\t<!-- feature 4 -->\t<\/p>\n<div class=\"row suite-features text-left\">\n<div class=\"col-md-6 hidden-xs hidden-sm\">\n  \t\t\t\t\t<img decoding=\"async\" src=\"https:\/\/www.veeva.com\/wp-content\/themes\/veeva2015\/assets\/img\/products\/Development-Cloud-Suite-3-576px.png\" alt=\"Veeva Quality\" class=\"img-responsive  \">\n\t\t\t\t\t  \t\t\t<\/div>\n<div class=\"col-md-6\">\n<h2>Veeva Quality<\/h2>\n<div class=\"visible-xs visible-sm\">\n\t\t\t\t\t<img decoding=\"async\" src=\"https:\/\/www.veeva.com\/wp-content\/themes\/veeva2015\/assets\/img\/products\/Development-Cloud-Suite-3-576px.png\" alt=\"Veeva Quality\" class=\"img-responsive  \">\n\t\t\t\t\t\t\t\t\t\t<\/div>\n<p>\t\t\t\t\tModernize o gerenciamento de qualidade, enquanto conduz a conformidade e inova\u00e7\u00e3o operacional.<br \/>\nGerencie perfeitamente seus processos de qualidade e conte\u00fado com a su\u00edte de aplica\u00e7\u00f5es do Veeva Quality. Todas as partes t\u00eam acesso \u00e0 uma \u00fanica fonte oficial, permitindo maior visibilidade e controle.<\/p>\n<div class=\"row prod-grid\">\n<div class=\"col-sm-6\">\n\t<a href=\"\/br\/products\/vault-qms\/\" class=\"after-arrow-orange\">Veeva QMS <\/a><\/p>\n<p>Gerencie facilmente todos os processos de qualidade.<\/p>\n<\/div>\n<div class=\"col-sm-6\">\n\t<a href=\"\/br\/products\/vault-product-surveillance\/\" class=\"after-arrow-orange\">Veeva Product Surveillance  <\/a><\/p>\n<p>Simplifique vigil\u00e2ncia p\u00f3s-mercado para dispositivos m\u00e9dicos<\/p>\n<\/div>\n<div class=\"col-sm-6\">\n\t<a href=\"\/br\/products\/vault-qualitydocs\/\" class=\"after-arrow-orange\">Veeva QualityDocs  <\/a><\/p>\n<p>Controle de documentos para todos os documentos BPx.<\/p>\n<\/div>\n<div class=\"col-sm-6\">\n\tVeeva Validation Management <\/p>\n<p>Gerencie e execute a valida\u00e7\u00e3o sem papel.<\/p>\n<\/div>\n<div class=\"col-sm-6\">\n\t<a href=\"\/br\/products\/vault-station-manager\/\" class=\"after-arrow-orange\">Veeva Station Manager <\/a><\/p>\n<p>Distribua o conte\u00fado correto para o ch\u00e3o de f\u00e1brica.<\/p>\n<\/div>\n<div class=\"col-sm-6\">\n\t<a href=\"\/br\/products\/vault-training\/\" class=\"after-arrow-orange\">Veeva Training <\/a><\/p>\n<p>Assegure conformidade e qualifica\u00e7\u00e3o baseada em fun\u00e7\u00f5es.<\/p>\n<\/div><\/div>\n<\/p><\/div>\n<\/p><\/div>\n<\/p><\/div>\n<\/div>\n<div class=\"product-container\" style=\"background-color: rgb(244, 244, 244);\">\n<div class=\"container\">\n\t\t<!-- feature 5 -->\t<\/p>\n<div class=\"row suite-features text-left\">\n<div class=\"col-md-6\">\n<h2>Veeva RIM<\/h2>\n<div class=\"visible-xs visible-sm\">\n\t\t\t\t\t<img decoding=\"async\" src=\"https:\/\/www.veeva.com\/wp-content\/themes\/veeva2015\/assets\/img\/products\/Development-Cloud-Suite-2-576px.png\" alt=\"Veeva RIM\" class=\"img-responsive  \">\n\t\t\t\t\t\t\t\t\t\t<\/div>\n<p>Traz velocidade e agilidade para seu time de Regulat\u00f3rios com Gerenciamento de Informa\u00e7\u00f5es Regulat\u00f3rias unificadas.<\/p>\n<p>Gerencie planejamento, execu\u00e7\u00e3o e supervis\u00e3o de todas as atividades regulat\u00f3rias dentro de uma \u00fanica plataforma de Gerenciamento de Informa\u00e7\u00f5es Regulat\u00f3rias (RIM) unificada. <\/p>\n<div class=\"row prod-grid\">\n<div class=\"col-sm-6\">\n\t<a href=\"\/br\/products\/vault-registrations\/\" class=\"after-arrow-orange\">Veeva Registrations<\/a><\/p>\n<p>Gerencie registros de produtos globalmente.<\/p>\n<\/div>\n<div class=\"col-sm-6\">\n\t<a href=\"\/br\/products\/vault-submissions-publishing\/\" class=\"after-arrow-orange\">Veeva Submissions Publishing<\/a><\/p>\n<p>Automatize a publica\u00e7\u00e3o durante desenvolvimento da submiss\u00e3o.<\/p>\n<\/div>\n<div class=\"col-sm-6\">\n\t<a href=\"\/br\/products\/vault-submissions\/\" class=\"after-arrow-orange\">Veeva Submissions<\/a><\/p>\n<p>Acelere o desenvolvimento da submiss\u00e3o<\/p>\n<\/div>\n<div class=\"col-sm-6\">\n\t<a href=\"\/br\/products\/vault-submissions-archive\/\" class=\"after-arrow-orange\">Veeva Submissions Archive<\/a><\/p>\n<p>Arquive dossi\u00eas publicados na nuvem de forma segura. <\/p>\n<\/div><\/div>\n<\/p><\/div>\n<div class=\"col-md-6 hidden-xs hidden-sm\">\n  \t\t\t\t\t<img decoding=\"async\" src=\"https:\/\/www.veeva.com\/wp-content\/themes\/veeva2015\/assets\/img\/products\/Development-Cloud-Suite-2-576px.png\" alt=\"Veeva RIM\" class=\"img-responsive  \">\n\t\t\t\t\t  \t\t\t<\/div>\n<\/p><\/div>\n<\/p><\/div>\n<\/div>\n<div class=\"product-container\" style=\"background-color: rgb(255, 255, 255);\">\n<div class=\"container\">\n\t\t<!-- feature 6 -->\t<\/p>\n<div class=\"row suite-features text-left\">\n<div class=\"col-md-6 hidden-xs hidden-sm\">\n  \t\t\t\t\t<img decoding=\"async\" src=\"https:\/\/www.veeva.com\/wp-content\/themes\/veeva2015\/assets\/img\/products\/Development-Cloud-Suite-1-576px.png\" alt=\"Veeva Safety\" class=\"img-responsive  \">\n\t\t\t\t\t  \t\t\t<\/div>\n<div class=\"col-md-6\">\n<h2>Veeva Safety<\/h2>\n<div class=\"visible-xs visible-sm\">\n\t\t\t\t\t<img decoding=\"async\" src=\"https:\/\/www.veeva.com\/wp-content\/themes\/veeva2015\/assets\/img\/products\/Development-Cloud-Suite-1-576px.png\" alt=\"Veeva Safety\" class=\"img-responsive  \">\n\t\t\t\t\t\t\t\t\t\t<\/div>\n<p>O Veeva Safety \u00e9 a \u00fanica aplica\u00e7\u00e3o moderna para coleta, gerenciamento e supervis\u00e3o de eventos adversos em tempo real.<\/p>\n<div class=\"row prod-grid\">\n<div class=\"col-sm-6\">\n\t<a href=\"\/br\/products\/vault-safety\/\" class=\"after-arrow-orange\">Veeva Safety<\/a><\/p>\n<p>Gerenciamento e supervis\u00e3o de eventos adversos em tempo real.<\/p>\n<\/div>\n<div class=\"col-sm-6\">\n\t<a href=\"\/br\/products\/vault-safetydocs\/\" class=\"after-arrow-orange\">Veeva SafetyDocs<\/a><\/p>\n<p>Gerencie centralmente o conte\u00fado de farmacovigil\u00e2ncia.<\/p>\n<\/div>\n<div class=\"col-sm-6\">\n\t<a href=\"\/br\/products\/vault-signal\/\" class=\"after-arrow-orange\">Veeva Signal<\/a><\/p>\n<p>Gerencie sinais desde a detec\u00e7\u00e3o at\u00e9 a avalia\u00e7\u00e3o e mitiga\u00e7\u00e3o de riscos.<\/p>\n<\/div><\/div>\n<\/p><\/div>\n<\/p><\/div>\n<\/p><\/div>\n<\/div>\n<div class=\"product-container customer-logos\" style=\"background-color: rgb(255, 255, 255);\">\n<div class=\"container\">\n<div class=\"wrapper\">\n<div class=\"row\">\n<div class=\"col-sm-12 text-center\">\n<h2>Grandes empresas usam Veeva <\/h2>\n<\/p><\/div>\n<\/p><\/div>\n<div class=\"row\">\n<div class=\"col-sm-12 text-center\">\n          \t\t<img decoding=\"async\" src=\"https:\/\/www.veeva.com\/wp-content\/themes\/veeva2015\/assets\/img\/products\/suite-logos\/Aeglea-70px.png\" alt=\"Aeglea-Logo\"><br \/>\n<img decoding=\"async\" src=\"https:\/\/www.veeva.com\/wp-content\/themes\/veeva2015\/assets\/img\/products\/suite-logos\/AstraZeneca-70px.png\" alt=\"AstraZeneca-Logo\"><br \/>\n<img decoding=\"async\" src=\"https:\/\/www.veeva.com\/wp-content\/themes\/veeva2015\/assets\/img\/products\/suite-logos\/Leo-70px.png\" alt=\"Leo-Logo\"><br \/>\n<img decoding=\"async\" src=\"https:\/\/www.veeva.com\/wp-content\/themes\/veeva2015\/assets\/img\/products\/suite-logos\/Lilly-70px.png\" alt=\"Lilly-Logo\"><br \/>\n<img decoding=\"async\" src=\"https:\/\/www.veeva.com\/wp-content\/themes\/veeva2015\/assets\/img\/products\/suite-logos\/Merck-70px.png\" alt=\"Merck-Logo\"><br \/>\n<img decoding=\"async\" src=\"https:\/\/www.veeva.com\/wp-content\/themes\/veeva2015\/assets\/img\/products\/suite-logos\/Tesaro-70px.png\" alt=\"Tesaro-Logo\">          \t\t<\/p><\/div>\n<\/p><\/div>\n<\/p><\/div>\n<\/p><\/div>\n<\/div>\n<div class=\"product-container\" id=\"demo\" style=\"background-color: rgb(235, 154, 63);\">\n<div class=\"container\">\n<div id=\"carousel-video\" class=\"carousel slide\" data-interval=\"false\">\n<div class=\"carousel-inner\" role=\"listbox\">\n<div class=\"item active\">\n<div class=\"row\">\n<div class=\"col-sm-10 col-sm-offset-1 text-center\">\n<h2>Veeva Development Cloud <\/h2>\n<script src=\"https:\/\/fast.wistia.com\/embed\/medias\/h1jut69unl.jsonp\" data-cookieconsent=\"ignore\" async><\/script><script src=\"https:\/\/fast.wistia.com\/assets\/external\/E-v1.js\" data-cookieconsent=\"ignore\" async><\/script><div class=\"wistia_responsive_padding\" style=\"padding:56.25% 0 0 0;position:relative;\"><div class=\"wistia_responsive_wrapper\" style=\"height:100%;left:0;position:absolute;top:0;width:100%;\"><div class=\"wistia_embed wistia_async_h1jut69unl videoFoam=true\" style=\"height:100%;position:relative;width:100%\"><div class=\"wistia_swatch\" style=\"height:100%;left:0;opacity:0;overflow:hidden;position:absolute;top:0;transition:opacity 200ms;width:100%;\"><img decoding=\"async\" src=\"https:\/\/fast.wistia.com\/embed\/medias\/h1jut69unl\/swatch\" style=\"filter:blur(5px);height:100%;object-fit:contain;width:100%;\" alt=\"\" aria-hidden=\"true\" onload=\"this.parentNode.style.opacity=1;\" \/><\/div><\/div><\/div><\/div><\/div>\n<\/p><\/div>\n<\/p><\/div>\n<\/p><\/div>\n<\/p><\/div>\n<\/p><\/div>\n<\/div>\n","protected":false},"excerpt":{"rendered":"<p>Vault Development Cloud brings together applications for clinical, regulatory, and quality to drive end-to-end business processes across product development.<\/p>\n","protected":false},"author":80,"featured_media":59303,"parent":20394,"menu_order":0,"comment_status":"closed","ping_status":"closed","template":"templates\/veeva-2024.full-page.php","meta":{"footnotes":""},"class_list":["post-48438","page","type-page","status-publish","has-post-thumbnail","hentry"],"aioseo_notices":[],"_links":{"self":[{"href":"https:\/\/www.veeva.com\/br\/wp-json\/wp\/v2\/pages\/48438"}],"collection":[{"href":"https:\/\/www.veeva.com\/br\/wp-json\/wp\/v2\/pages"}],"about":[{"href":"https:\/\/www.veeva.com\/br\/wp-json\/wp\/v2\/types\/page"}],"author":[{"embeddable":true,"href":"https:\/\/www.veeva.com\/br\/wp-json\/wp\/v2\/users\/80"}],"replies":[{"embeddable":true,"href":"https:\/\/www.veeva.com\/br\/wp-json\/wp\/v2\/comments?post=48438"}],"version-history":[{"count":4,"href":"https:\/\/www.veeva.com\/br\/wp-json\/wp\/v2\/pages\/48438\/revisions"}],"predecessor-version":[{"id":62326,"href":"https:\/\/www.veeva.com\/br\/wp-json\/wp\/v2\/pages\/48438\/revisions\/62326"}],"up":[{"embeddable":true,"href":"https:\/\/www.veeva.com\/br\/wp-json\/wp\/v2\/pages\/20394"}],"wp:featuredmedia":[{"embeddable":true,"href":"https:\/\/www.veeva.com\/br\/wp-json\/wp\/v2\/media\/59303"}],"wp:attachment":[{"href":"https:\/\/www.veeva.com\/br\/wp-json\/wp\/v2\/media?parent=48438"}],"curies":[{"name":"wp","href":"https:\/\/api.w.org\/{rel}","templated":true}]}}