


{"id":49526,"date":"2020-05-07T08:59:32","date_gmt":"2020-05-07T12:59:32","guid":{"rendered":"http:\/\/www.veeva.com\/?page_id=49526"},"modified":"2026-05-05T16:14:27","modified_gmt":"2026-05-05T19:14:27","slug":"vault-platform","status":"publish","type":"page","link":"https:\/\/www.veeva.com\/br\/products\/vault-platform\/","title":{"rendered":"Veeva Vault Platform"},"content":{"rendered":"<link rel=\"stylesheet\" id=\"main-style-css\" href=\"https:\/\/www.veeva.com\/wp-content\/themes\/veeva2015\/assets\/css\/product-styles.css?v=4.3\" type=\"text\/css\" media=\"all\">\n<section class=\"block\">\n<div class=\"product-banner-hero\" style=\"background-image: url(&quot;https:\/\/www.veeva.com\/wp-content\/themes\/veeva2015\/assets\/img\/products\/Vault Platform Hero_background.png&quot;);\">\n<div class=\"container\">\n<div class=\"row\">\n<div class=\"col-xs-12\">\n<div class=\"breadcrumbs\">\n\t\t\t\t\t\t<a href=\"\/br\/\">Home<\/a> \u00b7<\/p>\n<p>\t\t\t\tVault Platform<\/p><\/div>\n<\/p><\/div>\n<\/p><\/div>\n<div class=\"row table-row text-left\">\n<div class=\"col-xs-12\">\n<h2>Validado, compat\u00edvel <br \/> e desenvolvido para <br \/>ci\u00eancias da sa\u00fade.<\/h2>\n<p>Obtenha mais valor com mais rapidez com <br \/>\n\t\t\t\t\t\tuma plataforma empresarial em nuvem que <br \/>re\u00fane conte\u00fado e dados.<\/p>\n<p>\t\t\t\t\t<!--\n\t\t\t\t\t \t\t\t\t\t--><\/p><\/div>\n<\/p><\/div>\n<\/p><\/div>\n<\/p><\/div>\n<\/section>\n<div class=\"product-container\" style=\"background-color: rgb(255, 255, 255);\">\n<div class=\"container\">\n<div class=\"row\">\n<div class=\"col-md-10 col-md-offset-1\">\n<h1>Veeva Vault Platform<\/h1>\n<p>\n\t\t\t\t\t\tO Veeva Vault Platform foi planejada para atender os requisitos mais rigorosos de usabilidade, escalabilidade, performance, valida\u00e7\u00e3o e seguran\u00e7a. Times de TI ou mesmo usu\u00e1rios certificados, podem rapidamente modificar aplicativos existentes ou configurar novos aplicativos em nuvem com uma simples interface de apontar e clicar. A habilidade \u00fanica do Veeva Vault de gerenciar tanto conte\u00fado quanto dados em uma \u00fanica plataforma, possibilita organiza\u00e7\u00f5es a implantar rapidamente aplicativos poderosos que gerenciam, do in\u00edcio ao fim, processos com conte\u00fado, dados e fluxos de trabalho relacionados.<\/p>\n<\/p><\/div>\n<\/p><\/div>\n<div class=\"row\">\n<div class=\"col-md-12\">\n<h2 class=\"benefits-title\">Benef\u00edcios<\/h2>\n<div class=\"row\">\n<div class=\"col-sm-6 hidden-xs\">\n\t\t\t\t\t\t<img decoding=\"async\" src=\"https:\/\/www.veeva.com\/wp-content\/uploads\/2015\/03\/Platform-monitor.jpg\" alt=\"\" class=\"img-responsive\"><br \/>\n\t\t\t\t\t\t<!-- \n\n<div class=\"text-center click hidden-xs\"><span class=\"glyphicon glyphicon-zoom-in\"><\/span> Click on image to zoom <\/div>\n\n -->\n\t\t\t\t\t<\/div>\n<div class=\"col-xs-12 visible-xs\">\n\t\t\t\t\t\t<img decoding=\"async\" src=\"https:\/\/www.veeva.com\/wp-content\/uploads\/2015\/03\/Platform-monitor.jpg\" class=\"img-responsive\">\n\t\t\t\t\t<\/div>\n<div class=\"col-sm-6 text-left benefits\">\n<h4>Configura\u00e7\u00e3o R\u00e1pida<\/h4>\n<p>Configure ou modifique rapidamente aplicativos de neg\u00f3cios intuitivos com carga m\u00ednima de TI.<\/p>\n<h4>Processos perfeitos de ponta a ponta<br \/>\n<\/h4>\n<p>\nGerenciamento de conte\u00fado, dados e fluxos de trabalho em uma \u00fanica plataforma.<\/p>\n<h4>Colabore com seguran\u00e7a com todos os usu\u00e1rios<br \/>\n<\/h4>\n<p>Incorpore perfeitamente todas as partes interessadas \u2013 internas e externas \u2013 nos processos usando um modelo din\u00e2mico de seguran\u00e7a de controle de acesso.<\/p>\n<h4>Escalabilidade Global<\/h4>\n<p>\nAtenda facilmente aos requisitos de neg\u00f3cios e desempenho \u00e0 medida que voc\u00ea cresce.\n<\/p>\n<\/p><\/div>\n<\/p><\/div>\n<\/p><\/div>\n<\/p><\/div>\n<\/p><\/div>\n<\/div>\n<div class=\"product-container\" style=\"background-color: rgb(244, 244, 244);\">\n<div class=\"container veeva-features\">\n<div class=\"row\">\n<div class=\"col-md-12 text-left\">\n<h2>Caracter\u00edsticas<\/h2>\n<div class=\"row\">\n<div class=\"col-sm-6\">\n<h4>Modelo de Dados<\/h4>\n<p>\n\t\t\t\t\t\tO Vault Object Framework (VOF), cria facilmente objetos customizados para gerenciar processos de neg\u00f3cios que requerem dados estruturados.\n\t\t\t\t\t\t<\/p>\n<h4>Camada de Configura\u00e7\u00e3o Visual<\/h4>\n<p>\n\t\t\t\t\t\tImplemente rapidamente novas solu\u00e7\u00f5es sem necessidade de codifica\u00e7\u00e3o. A interface de usu\u00e1rio intuitiva, a l\u00f3gica de neg\u00f3cio e o modelo de dados, s\u00e3o configurados usando simples ferramentas aponte e clique, baseadas em navega\u00e7\u00e3o.<\/p>\n<h4>Fluxo de Trabalho<\/h4>\n<p>\n\t\t\t\t\t\tAutomatize e rastreie processos de neg\u00f3cios com fluxo de trabalho configur\u00e1veis. Oferece<br \/>\ntarefas, roteamento, notifica\u00e7\u00f5es de e-mail, escala e rastreia itens de trabalho.<\/p>\n<h4>Pain\u00e9is e Relat\u00f3rios<\/h4>\n<p>\n\t\t\t\t\t\tGanhe rapidamente insights de dados com relat\u00f3rios e pain\u00e9is integrados para apoiar tomadas de decis\u00f5es mais r\u00e1pida e bem informadas. Compartilhe facilmente relat\u00f3rios, gr\u00e1ficos e pain\u00e9is customizados \u2013 permitindo aos usu\u00e1rios resumir e explorar dados estruturados e n\u00e3o estruturados.\n\t\t\t\t\t\t<\/p>\n<h4>Valida\u00e7\u00e3o e Compliance<\/h4>\n<p>\n\t\t\t\t\t\tCada lan\u00e7amento a Qualifica\u00e7\u00e3o de Instala\u00e7\u00e3o (IQ) e Qualifica\u00e7\u00e3o Operacional (OQ) \u00e9 validada e<br \/>\nentregue um pacote de valida\u00e7\u00e3o abrangente que reduz substancialmente seus esfor\u00e7os de<br \/>\nvalida\u00e7\u00e3o. Trilhas de auditoria, assinaturas eletr\u00f4nicas, processos de valida\u00e7\u00e3o e l\u00f3gica de<br \/>\nneg\u00f3cios configur\u00e1veis, s\u00e3o desenvolvidas para um ambiente restrito de controle de mudan\u00e7a.\n\t\t\t\t\t\t<\/p>\n<h4>Seguran\u00e7a Din\u00e2mica<\/h4>\n<p>\n\t\t\t\t\tAtende aos desafios de seguran\u00e7a de empresas globais com flexibilidade de autentica\u00e7\u00e3o e autoriza\u00e7\u00e3o que se estendem facilmente por toda organiza\u00e7\u00e3o e parceiros externos. Oferece pronta assist\u00eancia \u00e0 m\u00faltiplos dom\u00ednios e controle de acesso refinado \u00e0 fun\u00e7\u00f5es, objetos e dados com um modelo de seguran\u00e7a din\u00e2mico.<\/p>\n<\/p><\/div>\n<div class=\"col-sm-6\">\n<h4>API Aberta<\/h4>\n<p>\n\t\t\t\t\t\tIntegre facilmente a outros sistemas, migrando dados ou automatizando processos usando as abrangentes REST APIs.<\/p>\n<h4>Gerenciamento de Conte\u00fado<\/h4>\n<p>\n\t\t\t\t\t\tGerencie documentos, v\u00eddeos e imagens com capacidades ricas incluindo controle de vers\u00e3o,<br \/>\nciclos de vida, coment\u00e1rios, renderiza\u00e7\u00f5es, assinaturas eletr\u00f4nicas, marcas d&#8217;\u00e1gua, gera\u00e7\u00e3o de<br \/>\ndocumentos, modelos e compartilhamento. As configura\u00e7\u00f5es baseadas em regras, atendem<br \/>\nrequisitos de neg\u00f3cios complexos para conformidade, colabora\u00e7\u00e3o e gerenciamento de<br \/>\nregistros.\n\t\t\t\t\t\t<\/p>\n<h4>Entrega na Nuvem<\/h4>\n<p>\n\t\t\t\t\t\tConstru\u00eddo em Java, o Vault se utiliza tecnologia de c\u00f3digo aberto e web services da Amazon.<br \/>\nO Vault Platform \u00e9 oferecido e acessado via web e hospedado nos centros de dados globais<br \/>\ncertificados SOC 1 Tipo II e ISO 27001.\n\t\t\t\t\t\t<\/p>\n<h4>Autoria Colaborativa com Microsoft Office&#x2122;<\/h4>\n<p>\n\t\t\t\t\t\tCom um \u00fanico clique os usu\u00e1rios do Veeva Vault podem fazer check out de um documento e utilizar todas as capacidades de coautoria oferecidas pelo Microsoft Office&#x2122;.\n\t\t\t\t\t\t<\/p>\n<h4>Acesso ao Vault m\u00f3vel<\/h4>\n<p>\n\t\t\t\t\t\tEncontre conte\u00fado, conclua tarefas de documentos e visualize pain\u00e9is em dispositivos iOS ou Android. Ative o recebimento de notifica\u00e7\u00f5es push para documentos recebidos e favoritos. Crie rapidamente novos documentos n\u00e3o classificados compartilhando arquivos em um telefone ou digitalizando p\u00e1ginas com OCR para extra\u00e7\u00e3o e indexa\u00e7\u00e3o autom\u00e1tica de texto.\n\t\t\t\t\t\t<\/p>\n<\/p><\/div>\n<\/p><\/div>\n<\/p><\/div>\n<\/p><\/div>\n<\/p><\/div>\n<\/div>\n<style>\n.platform-container {\n\tpadding:30px 20px 0 20px;;\n\ttext-align:center;\n\t\tbackground-position:center center;\n  \tbackground-size: cover !important;\n  \tbackground-repeat: no-repeat;\n}\n.home-content-data {\nfont-size:24px;line-height:35px;font-weight:300;color:#fff;padding-bottom:30px;\n}\n.data-content {\ndisplay: flex;align-items: center;  justify-content: center;\n}\n@media screen and (max-width: 990px) {\n.data-content {\ndisplay: block;\n}\n.home-content-data {\ntext-align:center;\npadding-right:10px;\npadding-top:0px;\npadding-bottom:40px;\nfont-size:20px;line-height:28px;\n}\n}<\/p>\n<\/style>\n<div class=\"platform-container\" style=\"background-image: url(&quot;https:\/\/www.veeva.com\/wp-content\/uploads\/2016\/06\/content-data_bkgrnd.jpg&quot;);\">\n<div class=\"container\">\n<div class=\"row data-content\">\n<div class=\"col-md-4  text-center\">\n            \t<img decoding=\"async\" src=\"https:\/\/www.veeva.com\/wp-content\/uploads\/2016\/06\/content-data_image.png\">\n            <\/div>\n<div class=\"col-md-7 home-content-data\">\n\t\t\t\tTradicionalmente, as empresas empregam m\u00faltiplos aplicativos para gerenciar conte\u00fado e<br \/>\ndados associados. O Veeva Vault traz uma nova abordagem, integrando conte\u00fado e dados em<br \/>\nprocessos de neg\u00f3cios conectados do in\u00edcio ao fim.<\/p><\/div>\n<\/p><\/div>\n<\/p><\/div>\n<\/div>\n<p><!-- if there are not quotes do not show this section --><\/p>\n<div class=\"quote-container\" style=\"background-color: rgb(170, 170, 170); background-image: url(&quot;https:\/\/www.veeva.com\/wp-content\/themes\/veeva2015\/assets\/img\/products\/quotes\/Quote-Banner-Orange-Waved-Lines.png&quot;);\">\n<div class=\"container\">\n<div id=\"carousel-quote\" class=\"carousel slide\" data-ride=\"\">\n<ol class=\"carousel-indicators hidden-xs\" style=\"bottom: -40px;\">\n<li data-target=\"#carousel-quote\" data-slide-to=\"0\" class=\"active\"><\/li>\n<li data-target=\"#carousel-quote\" data-slide-to=\"1\"><\/li>\n<li data-target=\"#carousel-quote\" data-slide-to=\"2\"><\/li>\n<li data-target=\"#carousel-quote\" data-slide-to=\"3\"><\/li>\n<\/ol>\n<div class=\"carousel-inner\" role=\"listbox\">\n<div class=\"item active\">\n<div class=\"wrapper\">\n<div class=\"row\">\n<div class=\"col-sm-12 text-center\">\n\t\t\t\t\t\t\t<img decoding=\"async\" src=\"https:\/\/www.veeva.com\/wp-content\/themes\/veeva2015\/assets\/img\/products\/Ipsen 56px.png\" alt=\"\" height=\"56\"><br \/>\n                    \t\t\t<!-- \n\n<div class=\"quote-company\">Ipsen<\/div>\n\n --><\/p>\n<div class=\"quote-txt\">\n                    \t\t\t\u201cO Vault proporciona a flexibilidade que precisamos para ser \u00e1geis e nos mover t\u00e3o rapidamente<br \/>\nquanto as mudan\u00e7as da nossa empresa e do mercado.\u201d\n                    \t\t\t<\/div>\n<div class=\"quote-author\">\n        \t\t\t\t\t\tMalika Mir\n        \t\t\t\t\t\t<\/div>\n<div class=\"quote-title\">\n\t\t\t\t\t\t\t\tChief Information Officer, Ipsen\n\t\t\t\t\t\t\t\t<\/div>\n<p>        \t\t\t\t\t\t<a href=\"\/br\/resources\/ipsen-makes-strategic-move-to-standardize-on-veeva-systems-cloud-based-content-management-solution-to-increase-organizational-agility\/\" class=\"after-arrow-white  quote-link\">Veja como<\/a>\n                \t\t\t<\/div>\n<\/p><\/div>\n<\/p><\/div>\n<\/p><\/div>\n<div class=\"item\">\n<div class=\"wrapper\">\n<div class=\"row\">\n<div class=\"col-sm-12 text-center\">\n                    \t\t\t<img decoding=\"async\" src=\"https:\/\/www.veeva.com\/wp-content\/themes\/veeva2015\/assets\/img\/products\/Ipsen 56px.png\" alt=\"\" height=\"56\"><br \/>\n                    \t\t\t<!-- \n\n<div class=\"quote-company\">Ipsen<\/div>\n\n --><\/p>\n<div class=\"quote-txt\">\n                    \t\t\t&#8220;Antes do Veeva Vault, o processo de valida\u00e7\u00e3o para atualiza\u00e7\u00f5es deixava a manuten\u00e7\u00e3o do sistema dolorosa. Agora as atualiza\u00e7\u00f5es s\u00e3o facilmente validadas, permitindo a realoca\u00e7\u00e3o de recursos de TI para prioridades mais estrat\u00e9gicas.&#8221;\n                    \t\t\t<\/div>\n<div class=\"quote-author\">\n        \t\t\t\t\t\tMalika Mir\n        \t\t\t\t\t\t<\/div>\n<div class=\"quote-title\">\n\t\t\t\t\t\t\t\tChief Information Officer, Ipsen\n\t\t\t\t\t\t\t\t<\/div>\n<p>        \t\t\t\t\t\t<a href=\"\/br\/resources\/ipsen-makes-strategic-move-to-standardize-on-veeva-systems-cloud-based-content-management-solution-to-increase-organizational-agility\/\" class=\"after-arrow-white  quote-link\">Veja Como<\/a>\n                \t\t\t<\/div>\n<\/p><\/div>\n<\/p><\/div>\n<\/p><\/div>\n<div class=\"item\">\n<div class=\"wrapper\">\n<div class=\"row\">\n<div class=\"col-sm-12 text-center\">\n                    \t\t\t<!-- <img decoding=\"async\" src=\"\/wp-content\/uploads\/2020\/01\/Quote-Logo-FPO.png\" alt=\"\" height=\"56\" \/> --><\/p>\n<div class=\"quote-company\">IDDI<\/div>\n<div class=\"quote-txt\">\n                    \t\t\t&#8220;Automaticamente nos beneficiamos das constantes inova\u00e7\u00f5es, j\u00e1 que a Veeva segue constantemente trazendo novas capacidades.&#8221;\n                    \t\t\t<\/div>\n<div class=\"quote-author\">\n        \t\t\t\t\t\tLinda Danielson\n        \t\t\t\t\t\t<\/div>\n<div class=\"quote-title\">\n\t\t\t\t\t\t\t\tChief Operating Officer, IDDI\n\t\t\t\t\t\t\t\t<\/div>\n<p>        \t\t\t\t\t\t<a href=\"\/br\/resources\/iddi-improves-collaboration-control-and-audit-readiness-in-the-cloud-with-veeva-vault-etmf\/\" class=\"after-arrow-white  quote-link\">Veja Como<\/a>\n                \t\t\t<\/div>\n<\/p><\/div>\n<\/p><\/div>\n<\/p><\/div>\n<div class=\"item\">\n<div class=\"wrapper\">\n<div class=\"row\">\n<div class=\"col-sm-12 text-center\">\n                    \t\t\t<!-- <img decoding=\"async\" src=\"\/wp-content\/uploads\/2020\/01\/Quote-Logo-FPO.png\" alt=\"\" height=\"56\" \/> --><\/p>\n<div class=\"quote-company\">Coloplast<\/div>\n<div class=\"quote-txt\">\n                    \t\t\t\u201cFoi dif\u00edcil encontrar um sistema de gerenciamento de conte\u00fado que atendesse nossos requisitos de compliance sem a necessidade de uma grande customiza\u00e7\u00e3o. Sendo uma plataforma espec\u00edfica para empresas de ci\u00eancias da vida, o Veeva Vault tem todas as funcionalidades que a ind\u00fastria precisa.\u201d\n                    \t\t\t<\/div>\n<div class=\"quote-author\">\n        \t\t\t\t\t\tOrit Magyar\n        \t\t\t\t\t\t<\/div>\n<div class=\"quote-title\">\n\t\t\t\t\t\t\t\tHead of Quality Systems and Processes, Coloplast\n\t\t\t\t\t\t\t\t<\/div>\n<p>        \t\t\t\t\t\t<a href=\"\/br\/resources\/coloplast-streamlines-collaboration-with-cloud-based-life-sciences-platform-for-regulated-content-management\/\" class=\"after-arrow-white  quote-link\">Veja Como<\/a>\n                \t\t\t<\/div>\n<\/p><\/div>\n<\/p><\/div>\n<\/p><\/div>\n<\/p><\/div>\n<p>   \t \t\t<a style=\"background: none !important;\" class=\"left carousel-control\" href=\"#carousel-quote\" role=\"button\" data-slide=\"prev\"><br \/>\n    \t\t<span style=\"top: 40%; left: 0%;\" class=\"glyphicon glyphicon-chevron-left\" aria-hidden=\"true\"><\/span><br \/>\n    \t\t<span class=\"sr-only\">Anterior<\/span><br \/>\n  \t\t\t<\/a><br \/>\n  \t\t\t<a style=\"background: none !important;\" class=\"right carousel-control\" href=\"#carousel-quote\" role=\"button\" data-slide=\"next\"><br \/>\n    \t\t<span style=\"top: 40%; right: 0%;\" class=\"glyphicon glyphicon-chevron-right\" aria-hidden=\"true\"><\/span><br \/>\n    \t\t<span class=\"sr-only\">Pr\u00f3ximo<\/span><br \/>\n  \t\t\t<\/a>\n  \t\t<\/div>\n<\/p><\/div>\n<\/div>\n","protected":false},"excerpt":{"rendered":"<p>Home \u00b7 Vault Platform Validado, compat\u00edvel e desenvolvido para ci\u00eancias da sa\u00fade. Obtenha mais valor com mais rapidez com uma plataforma empresarial em nuvem que re\u00fane conte\u00fado e dados. Veeva Vault Platform O Veeva Vault Platform foi planejada para atender os requisitos mais rigorosos de usabilidade, escalabilidade, performance, valida\u00e7\u00e3o e seguran\u00e7a. Times de TI ou&hellip;<\/p>\n","protected":false},"author":217,"featured_media":0,"parent":20394,"menu_order":0,"comment_status":"closed","ping_status":"closed","template":"templates\/veeva-2024.full-page.php","meta":{"footnotes":""},"class_list":["post-49526","page","type-page","status-publish","hentry"],"aioseo_notices":[],"_links":{"self":[{"href":"https:\/\/www.veeva.com\/br\/wp-json\/wp\/v2\/pages\/49526"}],"collection":[{"href":"https:\/\/www.veeva.com\/br\/wp-json\/wp\/v2\/pages"}],"about":[{"href":"https:\/\/www.veeva.com\/br\/wp-json\/wp\/v2\/types\/page"}],"author":[{"embeddable":true,"href":"https:\/\/www.veeva.com\/br\/wp-json\/wp\/v2\/users\/217"}],"replies":[{"embeddable":true,"href":"https:\/\/www.veeva.com\/br\/wp-json\/wp\/v2\/comments?post=49526"}],"version-history":[{"count":5,"href":"https:\/\/www.veeva.com\/br\/wp-json\/wp\/v2\/pages\/49526\/revisions"}],"predecessor-version":[{"id":62317,"href":"https:\/\/www.veeva.com\/br\/wp-json\/wp\/v2\/pages\/49526\/revisions\/62317"}],"up":[{"embeddable":true,"href":"https:\/\/www.veeva.com\/br\/wp-json\/wp\/v2\/pages\/20394"}],"wp:attachment":[{"href":"https:\/\/www.veeva.com\/br\/wp-json\/wp\/v2\/media?parent=49526"}],"curies":[{"name":"wp","href":"https:\/\/api.w.org\/{rel}","templated":true}]}}