{"id":57315,"date":"2021-08-10T14:35:58","date_gmt":"2021-08-10T18:35:58","guid":{"rendered":"http:\/\/wwwwww.veeva.com\/br\/?page_id=57315"},"modified":"2022-01-03T09:44:57","modified_gmt":"2022-01-03T14:44:57","slug":"veeva-healthdata","status":"publish","type":"page","link":"https:\/\/www.veeva.com\/br\/products\/veeva-healthdata\/","title":{"rendered":"Veeva HealthData"},"content":{"rendered":"<h2>Informa\u00e7\u00f5es do mercado <br \/>de sa\u00fade brasileiro, <br \/>onde voc\u00ea precisa.<\/h2>\n","protected":false},"excerpt":{"rendered":"<p>Informa\u00e7\u00f5es do mercado de sa\u00fade brasileiro, onde voc\u00ea precisa.<\/p>\n","protected":false},"author":116,"featured_media":57318,"parent":20394,"menu_order":0,"comment_status":"closed","ping_status":"closed","template":"templates\/template-2021-free-code-blocks.php","meta":{"footnotes":""},"class_list":["post-57315","page","type-page","status-publish","has-post-thumbnail","hentry"],"aioseo_notices":[],"_links":{"self":[{"href":"https:\/\/www.veeva.com\/br\/wp-json\/wp\/v2\/pages\/57315"}],"collection":[{"href":"https:\/\/www.veeva.com\/br\/wp-json\/wp\/v2\/pages"}],"about":[{"href":"https:\/\/www.veeva.com\/br\/wp-json\/wp\/v2\/types\/page"}],"author":[{"embeddable":true,"href":"https:\/\/www.veeva.com\/br\/wp-json\/wp\/v2\/users\/116"}],"replies":[{"embeddable":true,"href":"https:\/\/www.veeva.com\/br\/wp-json\/wp\/v2\/comments?post=57315"}],"version-history":[{"count":2,"href":"https:\/\/www.veeva.com\/br\/wp-json\/wp\/v2\/pages\/57315\/revisions"}],"predecessor-version":[{"id":57407,"href":"https:\/\/www.veeva.com\/br\/wp-json\/wp\/v2\/pages\/57315\/revisions\/57407"}],"up":[{"embeddable":true,"href":"https:\/\/www.veeva.com\/br\/wp-json\/wp\/v2\/pages\/20394"}],"wp:featuredmedia":[{"embeddable":true,"href":"https:\/\/www.veeva.com\/br\/wp-json\/wp\/v2\/media\/57318"}],"wp:attachment":[{"href":"https:\/\/www.veeva.com\/br\/wp-json\/wp\/v2\/media?parent=57315"}],"curies":[{"name":"wp","href":"https:\/\/api.w.org\/{rel}","templated":true}]}}