{"id":57389,"date":"2021-08-10T18:47:24","date_gmt":"2021-08-10T22:47:24","guid":{"rendered":"http:\/\/wwwwww.veeva.com\/br\/?page_id=57389"},"modified":"2024-05-02T13:53:11","modified_gmt":"2024-05-02T17:53:11","slug":"vault-submissions-ctd-brasil","status":"publish","type":"page","link":"https:\/\/www.veeva.com\/br\/vault-submissions-ctd-brasil\/","title":{"rendered":"Vault Submissions  CTD Brasil"},"content":{"rendered":"<div class=\"col-xs-12\" style=\"text-align:left\">\n<h2>Vault Submissions<br \/>CTD Brasil<\/h2>\n<p>A Veeva traz solu\u00e7\u00e3o completa<br \/> para ado\u00e7\u00e3o do novo padr\u00e3o CTD<\/p>\n<\/p><\/div>\n","protected":false},"excerpt":{"rendered":"<p>Vault SubmissionsCTD Brasil A Veeva traz solu\u00e7\u00e3o completa para ado\u00e7\u00e3o do novo padr\u00e3o CTD<\/p>\n","protected":false},"author":116,"featured_media":58176,"parent":0,"menu_order":0,"comment_status":"closed","ping_status":"closed","template":"templates\/template-2021-free-code-blocks.php","meta":{"footnotes":""},"class_list":["post-57389","page","type-page","status-publish","has-post-thumbnail","hentry"],"aioseo_notices":[],"_links":{"self":[{"href":"https:\/\/www.veeva.com\/br\/wp-json\/wp\/v2\/pages\/57389"}],"collection":[{"href":"https:\/\/www.veeva.com\/br\/wp-json\/wp\/v2\/pages"}],"about":[{"href":"https:\/\/www.veeva.com\/br\/wp-json\/wp\/v2\/types\/page"}],"author":[{"embeddable":true,"href":"https:\/\/www.veeva.com\/br\/wp-json\/wp\/v2\/users\/116"}],"replies":[{"embeddable":true,"href":"https:\/\/www.veeva.com\/br\/wp-json\/wp\/v2\/comments?post=57389"}],"version-history":[{"count":11,"href":"https:\/\/www.veeva.com\/br\/wp-json\/wp\/v2\/pages\/57389\/revisions"}],"predecessor-version":[{"id":58174,"href":"https:\/\/www.veeva.com\/br\/wp-json\/wp\/v2\/pages\/57389\/revisions\/58174"}],"wp:featuredmedia":[{"embeddable":true,"href":"https:\/\/www.veeva.com\/br\/wp-json\/wp\/v2\/media\/58176"}],"wp:attachment":[{"href":"https:\/\/www.veeva.com\/br\/wp-json\/wp\/v2\/media?parent=57389"}],"curies":[{"name":"wp","href":"https:\/\/api.w.org\/{rel}","templated":true}]}}