{"id":58129,"date":"2022-07-26T14:02:09","date_gmt":"2022-07-26T18:02:09","guid":{"rendered":"http:\/\/www.veeva.com\/br\/?page_id=58129"},"modified":"2022-07-28T09:05:45","modified_gmt":"2022-07-28T13:05:45","slug":"rd-forum","status":"publish","type":"page","link":"https:\/\/www.veeva.com\/br\/events\/rd-forum\/","title":{"rendered":"Veeva F\u00f3rum R&#038;D Assuntos Regulat\u00f3rios"},"content":{"rendered":"<div class=\"row\">\n<div class=\"col-md-12\">\n<h1 class=\"mb-20\">Veeva Forum R&#038;D &#8211; Assuntos Regulat\u00f3rios<\/h1>\n<\/p><\/div>\n<div class=\"col-md-12 text-center\">\n<p>\n\t\t\tVenha participar deste evento anual que tem como foco apresentar as principais novidades e tend\u00eancias da \u00e1rea de regulat\u00f3rios. Al\u00e9m disso, voc\u00ea ter\u00e1 a oportunidade de conhecer alguns clientes Veeva, eles estar\u00e3o presentes apresentando cases de sucesso de temas relevantes, como o CTD e ciclo de vida do produto.<br \/>\no que acha?<\/p>\n<p>Participe de qualquer lugar! Este evento ser\u00e1 100% online.<br \/>\n<a href=\"https:\/\/veeva.zoom.us\/webinar\/register\/WN_s5hyhkeSTpq2soBY9KgJ2A\" class=\"buttons orange\">Inscreva-se<\/a>\n\t\t<\/p>\n<\/div>\n<\/div>\n<\/div>\n","protected":false},"excerpt":{"rendered":"<p>Veeva Forum R&#038;D &#8211; Assuntos Regulat\u00f3rios Venha participar deste evento anual que tem como foco apresentar as principais novidades e tend\u00eancias da \u00e1rea de regulat\u00f3rios. Al\u00e9m disso, voc\u00ea ter\u00e1 a oportunidade de conhecer alguns clientes Veeva, eles estar\u00e3o presentes apresentando cases de sucesso de temas relevantes, como o CTD e ciclo de vida do produto.&hellip;<\/p>\n","protected":false},"author":338,"featured_media":58131,"parent":15572,"menu_order":0,"comment_status":"closed","ping_status":"closed","template":"templates\/template-rd-forum-2022.php","meta":{"footnotes":""},"class_list":["post-58129","page","type-page","status-publish","has-post-thumbnail","hentry"],"aioseo_notices":[],"_links":{"self":[{"href":"https:\/\/www.veeva.com\/br\/wp-json\/wp\/v2\/pages\/58129"}],"collection":[{"href":"https:\/\/www.veeva.com\/br\/wp-json\/wp\/v2\/pages"}],"about":[{"href":"https:\/\/www.veeva.com\/br\/wp-json\/wp\/v2\/types\/page"}],"author":[{"embeddable":true,"href":"https:\/\/www.veeva.com\/br\/wp-json\/wp\/v2\/users\/338"}],"replies":[{"embeddable":true,"href":"https:\/\/www.veeva.com\/br\/wp-json\/wp\/v2\/comments?post=58129"}],"version-history":[{"count":10,"href":"https:\/\/www.veeva.com\/br\/wp-json\/wp\/v2\/pages\/58129\/revisions"}],"predecessor-version":[{"id":58153,"href":"https:\/\/www.veeva.com\/br\/wp-json\/wp\/v2\/pages\/58129\/revisions\/58153"}],"up":[{"embeddable":true,"href":"https:\/\/www.veeva.com\/br\/wp-json\/wp\/v2\/pages\/15572"}],"wp:featuredmedia":[{"embeddable":true,"href":"https:\/\/www.veeva.com\/br\/wp-json\/wp\/v2\/media\/58131"}],"wp:attachment":[{"href":"https:\/\/www.veeva.com\/br\/wp-json\/wp\/v2\/media?parent=58129"}],"curies":[{"name":"wp","href":"https:\/\/api.w.org\/{rel}","templated":true}]}}