{"id":58284,"date":"2022-09-08T12:18:15","date_gmt":"2022-09-08T16:18:15","guid":{"rendered":"http:\/\/www.veeva.com\/br\/?page_id=58284"},"modified":"2022-09-15T10:40:49","modified_gmt":"2022-09-15T14:40:49","slug":"demo","status":"publish","type":"page","link":"https:\/\/www.veeva.com\/br\/events\/rd-forum\/demo\/","title":{"rendered":"Veeva Forum R&#038;D \u2013 Assuntos Regulat\u00f3rios 2022"},"content":{"rendered":"<p><!-- INTRO --><\/p>\n<div class=\"product-container\" style=\"padding:60px 20px 0px 20px;\">\n<div class=\"container\">\n<div class=\"row\">\n<div class=\"col-md-10 col-centered\">\n<h1 class=\"mb-10\">Veeva Forum R&#038;D \u2013 Assuntos Regulat\u00f3rios 2022<\/h1>\n<\/p><\/div>\n<\/p><\/div>\n<\/p><\/div>\n<\/div>\n<style>\n.summit-keynotes p {\nfont-size:15px;\nline-height:22px;<\/p>\n<p>margin-top:0px;\n}\n.summit-keynotes strong{\ndisplay:block;\nfont-size:20px;\nmargin-top:15px;\nmargin-bottom:5px;\n}\n@media (min-width: 1200px) {\n .summit-keynotes .col-lg-4:nth-child(3n+1) {\n    clear: left;\n  }\n}<\/p>\n<p>@media (min-width: 991px) and (max-width: 1200px) {\n .summit-keynotes .col-md-4:nth-child(3n+1) {\n    clear: left;\n  }\n}\n@media (min-width: 768px) and (max-width: 990px) {\n .summit-keynotes .col-sm-6:nth-child(2n+1) {\n    clear: left;\n  }\n}\n<\/style>\n<p><!-- BLOCO 3 VIDEOS (cinza) --><\/p>\n<div class=\"product-container\" id=\"veeva-strategy-zone-keynotes-all\" style=\"background-color:#f4f4f4\">\n<div class=\"container\">\n<div class=\"row\">\n<div class=\"col-sm-12 col-centered\">\n<h2>Case e Pain\u00e9is<\/h2>\n<div class=\"row summit-keynotes\">\n<div class=\"col-sm-6 col-md-4 col-lg-4 mb-30\">\n<div id=\"EU002Comm\" style=\"position:relative; top:-150px\"><\/div>\n<p>\t\t\t\t\t\t<script src=\"https:\/\/fast.wistia.com\/embed\/medias\/ym5dic490h.jsonp\" async><\/script><script src=\"https:\/\/fast.wistia.com\/assets\/external\/E-v1.js\" async><\/script><\/p>\n<div class=\"wistia_responsive_padding\" style=\"padding:62.5% 0 0 0;position:relative;\">\n<div class=\"wistia_responsive_wrapper\" style=\"height:100%;left:0;position:absolute;top:0;width:100%;\">\n<div class=\"wistia_embed wistia_async_ym5dic490h videoFoam=true\" style=\"height:100%;position:relative;width:100%\">\n<div class=\"wistia_swatch\" style=\"height:100%;left:0;opacity:0;overflow:hidden;position:absolute;top:0;transition:opacity 200ms;width:100%;\"><img decoding=\"async\" src=\"https:\/\/fast.wistia.com\/embed\/medias\/ym5dic490h\/swatch\" style=\"filter:blur(5px);height:100%;object-fit:contain;width:100%;\" alt=\"\" aria-hidden=\"true\" onload=\"this.parentNode.style.opacity=1;\" \/><\/div>\n<\/div>\n<\/div>\n<\/div>\n<p class=\"mt-10\">\n\t\t\t\t\t\t\t\t<strong> Case de Cliente:<br \/>\n <\/strong>Jornada de Implementa\u00e7\u00e3o do CTD<\/p>\n<\/p><\/div>\n<div class=\"col-sm-6 col-md-4 col-lg-4 mb-30\">\n<div id=\"EU003Comm\" style=\"position:relative; top:-150px\"><\/div>\n<p>\t\t\t\t\t\t<script src=\"https:\/\/fast.wistia.com\/embed\/medias\/60s9wwl00p.jsonp\" async><\/script><script src=\"https:\/\/fast.wistia.com\/assets\/external\/E-v1.js\" async><\/script><\/p>\n<div class=\"wistia_responsive_padding\" style=\"padding:62.5% 0 0 0;position:relative;\">\n<div class=\"wistia_responsive_wrapper\" style=\"height:100%;left:0;position:absolute;top:0;width:100%;\">\n<div class=\"wistia_embed wistia_async_60s9wwl00p videoFoam=true\" style=\"height:100%;position:relative;width:100%\">\n<div class=\"wistia_swatch\" style=\"height:100%;left:0;opacity:0;overflow:hidden;position:absolute;top:0;transition:opacity 200ms;width:100%;\"><img decoding=\"async\" src=\"https:\/\/fast.wistia.com\/embed\/medias\/60s9wwl00p\/swatch\" style=\"filter:blur(5px);height:100%;object-fit:contain;width:100%;\" alt=\"\" aria-hidden=\"true\" onload=\"this.parentNode.style.opacity=1;\" \/><\/div>\n<\/div>\n<\/div>\n<\/div>\n<p class=\"mt-10\">\n<p>\t\t\t\t\t\t<strong>Painel ANVISA:<br \/>\n<\/strong>Ciclo de Vida do Produto <br \/>(RDC 690\/2022 e ICH Q12)\n\t\t\t\t\t\t<\/p>\n<\/p><\/div>\n<div class=\"col-sm-6 col-md-4 col-lg-4 mb-30\">\n<div id=\"EU004Comm\" style=\"position:relative; top:-150px\"><\/div>\n<p>\t\t\t\t\t\t<script src=\"https:\/\/fast.wistia.com\/embed\/medias\/nbzynxm15e.jsonp\" async><\/script><script src=\"https:\/\/fast.wistia.com\/assets\/external\/E-v1.js\" async><\/script><\/p>\n<div class=\"wistia_responsive_padding\" style=\"padding:62.5% 0 0 0;position:relative;\">\n<div class=\"wistia_responsive_wrapper\" style=\"height:100%;left:0;position:absolute;top:0;width:100%;\">\n<div class=\"wistia_embed wistia_async_nbzynxm15e videoFoam=true\" style=\"height:100%;position:relative;width:100%\">\n<div class=\"wistia_swatch\" style=\"height:100%;left:0;opacity:0;overflow:hidden;position:absolute;top:0;transition:opacity 200ms;width:100%;\"><img decoding=\"async\" src=\"https:\/\/fast.wistia.com\/embed\/medias\/nbzynxm15e\/swatch\" style=\"filter:blur(5px);height:100%;object-fit:contain;width:100%;\" alt=\"\" aria-hidden=\"true\" onload=\"this.parentNode.style.opacity=1;\" \/><\/div>\n<\/div>\n<\/div>\n<\/div>\n<p class=\"mt-10\">\n\t\t\t\t\t\t<strong>PAINEL:<br \/>\n<\/strong>Gerenciamento de Informa\u00e7\u00f5es <br \/>Regulat\u00f3rias com a Ind\u00fastria<\/p>\n<\/p><\/div>\n<\/p><\/div>\n<\/p><\/div>\n<\/p><\/div>\n<\/p><\/div>\n<\/div>\n<p><!-- BLOCO 3 VIDEOS (cinza) --><\/p>\n<div class=\"product-container\" id=\"veeva-strategy-zone-keynotes-all\" style=\"background-color:#ffffff\">\n<div class=\"container\">\n<div class=\"row\">\n<div class=\"col-sm-12 col-centered\">\n<h2>Quer conferir mais conte\u00fados?<\/h2>\n<p><img decoding=\"async\" style=\"text-align:center: auto;margin-right: auto;width:40%\" src=\"\/br\/wp-content\/uploads\/2022\/08\/Beneficios-3.png\" alt=\"\"><br \/>\n<a href=\"\/br\/vault-submissions-ctd-brasil\/\" class=\"after-arrow-orange\">Veja a solu\u00e7\u00e3o completa que a Veeva tem para voc\u00ea <strong> adotar o padr\u00e3o CTD!<\/strong><\/a>\n\t\t<\/div>\n<\/p><\/div>\n<\/p><\/div>\n<\/div>\n","protected":false},"excerpt":{"rendered":"<p>Veeva Forum R&#038;D \u2013 Assuntos Regulat\u00f3rios 2022 Case e Pain\u00e9is Case de Cliente: Jornada de Implementa\u00e7\u00e3o do CTD Painel ANVISA: Ciclo de Vida do Produto (RDC 690\/2022 e ICH Q12) PAINEL: Gerenciamento de Informa\u00e7\u00f5es Regulat\u00f3rias com a Ind\u00fastria Quer conferir mais conte\u00fados? Veja a solu\u00e7\u00e3o completa que a Veeva tem para voc\u00ea adotar o padr\u00e3o&hellip;<\/p>\n","protected":false},"author":338,"featured_media":58131,"parent":58129,"menu_order":0,"comment_status":"closed","ping_status":"closed","template":"templates\/template-rd-forum-2022_demo.php","meta":{"footnotes":""},"class_list":["post-58284","page","type-page","status-publish","has-post-thumbnail","hentry"],"aioseo_notices":[],"_links":{"self":[{"href":"https:\/\/www.veeva.com\/br\/wp-json\/wp\/v2\/pages\/58284"}],"collection":[{"href":"https:\/\/www.veeva.com\/br\/wp-json\/wp\/v2\/pages"}],"about":[{"href":"https:\/\/www.veeva.com\/br\/wp-json\/wp\/v2\/types\/page"}],"author":[{"embeddable":true,"href":"https:\/\/www.veeva.com\/br\/wp-json\/wp\/v2\/users\/338"}],"replies":[{"embeddable":true,"href":"https:\/\/www.veeva.com\/br\/wp-json\/wp\/v2\/comments?post=58284"}],"version-history":[{"count":19,"href":"https:\/\/www.veeva.com\/br\/wp-json\/wp\/v2\/pages\/58284\/revisions"}],"predecessor-version":[{"id":58349,"href":"https:\/\/www.veeva.com\/br\/wp-json\/wp\/v2\/pages\/58284\/revisions\/58349"}],"up":[{"embeddable":true,"href":"https:\/\/www.veeva.com\/br\/wp-json\/wp\/v2\/pages\/58129"}],"wp:featuredmedia":[{"embeddable":true,"href":"https:\/\/www.veeva.com\/br\/wp-json\/wp\/v2\/media\/58131"}],"wp:attachment":[{"href":"https:\/\/www.veeva.com\/br\/wp-json\/wp\/v2\/media?parent=58284"}],"curies":[{"name":"wp","href":"https:\/\/api.w.org\/{rel}","templated":true}]}}