


{"id":59869,"date":"2025-03-06T12:57:49","date_gmt":"2025-03-06T15:57:49","guid":{"rendered":"https:\/\/www.veeva.com\/br\/?page_id=59869"},"modified":"2025-04-04T12:23:29","modified_gmt":"2025-04-04T15:23:29","slug":"pulse","status":"publish","type":"page","link":"https:\/\/www.veeva.com\/br\/products\/pulse\/","title":{"rendered":"Veeva CRM Pulse"},"content":{"rendered":"<style>\n@media (min-width:1200px) {\n.veeva-2024 .z-pattern-products .z-pattern__wrapper, .veeva-2024 .z-pattern-stats .z-pattern__wrapper {\ngap: 0 0rem;\n}\n}\n@media (min-width:768px) {\n.veeva-2024 .hero-centered {\npadding: 120px 0;\n}\n}\n@media (min-width:768px) {\n.veeva-2024 .hero-centered .copy-container p {<\/p>\n<p>font-size: 22px;\n}\n}\n@media (min-width:1200px) {\n.veeva-2024 .listed-up--light {\nmargin: 80px 0;\n}\n}<\/p>\n<p>@media (min-width:1200px) {\n.veeva-2024 .quote-tabs--light {\nmargin: 80px 0;\n}\n}\n@media (min-width:992px) {\n.veeva-2024 .listed-up .copy-container {\nmargin-bottom: 60px;\n}\n}\n.veeva-2024 h4.congress {\n\tfont-size: 36px;\n}\n@media (min-width:768px) {\n\t.veeva-2024 h4.congress {\n\t\tfont-size: 42px;\n\t}\n}\n.veeva-2024  #hero.hero-centered--image {\n\t--mobile-image: url(\/wp-content\/themes\/veeva2015\/assets\/veeva-2024\/background\/suite-hero-mobile.jpg);\n\t--desktop-image: url(\/wp-content\/themes\/veeva2015\/assets\/veeva-2024\/background\/suite-hero-desktop.jpg);\n}\n.veeva-2024 .quote-card__person-info .client-logo {\n\tbackground: hsla(0,0%,100%,.2);\n}<\/p>\n<p>@media (min-width:991px) {\n\t.veeva-2024 .listed-up-impact__cards {\n\t\tgap: 32px;\n\t\tgrid-template-columns: repeat(3,1fr);\n\t}\n}\n@media (min-width:992px) {\n\t.veeva-2024 .quote-card-full--medium-text.top-quote {\n\t\tdisplay: grid;\n\t\tgap: 10%;\n\t\tgrid-template-columns: 1fr 1fr;\n\t}\n}\n.veeva-2024 .quote-card-full--medium-text hr {\n\tborder-color:#000;\n\tmargin:25px 0;\n\tborder-top:1px solid #ccc;\n}<\/p>\n<p>@media (min-width:1200px) {\n\t.veeva-2024 .resource-block__cards.resource-block__cards--gridded-3-up {\n\t\tgrid-template-columns: repeat(2,1fr);\n\t\tmargin: 0 auto;\n\t\tmax-width: 1024px;\n\t}\n}<\/p>\n<p>@media (min-width:992px) {\n\t.veeva-2024 .quote-card-full--medium-text.top-quote {\n\t\tdisplay: grid;\n\t\tgap: 0%;\n\t\tgrid-template-columns: 1fr 1fr;\n\t}\n}\n@media (min-width:992px) {\n\t.veeva-2024 .quote-card-full {\n\t\tmin-height: 480px;\n\t\tpadding: 80px 6%;\n\t}\n}\n.veeva-2024 .quote-card__person-info span {\n\tcolor:#F5670E;\nfont-weight:600;\n}<\/p>\n<p>.veeva-2024 ul {\n\tfont-size: 18px;\n\tlist-style-type:none;<\/p>\n<p>\tmargin-left: -20px;\n}\t\n@media (min-width:768px) {\n\t.veeva-2024 ul {\n\t\tfont-size: 19px;\n\t}\n}<\/p>\n<p>@media (min-width:1400px) {\n\t.veeva-2024 .z-pattern--dark {\n\t\tpadding: 20px 0;\n\t}\n\t.veeva-2024 .sidebar-info-box--stats-sm h4 {\n\t\tfont-size:20px;\n\t\tfont-weight:500;\n\t\tmargin-bottom:10px;\n\t}\n}\n.veeva-2024 .sidebar-info-box--stats-sm {\n\tborder-left: 2px solid #f7981d;\n\tdisplay: block;\n\tflex-direction: column;\n\tgap: 8px;\n\tjustify-content: flex-start;\n\tposition: relative;\n}\n.veeva-2024 .sidebar-info-box--stats-sm {\n\tpadding: 8px 20px;\n}\n@media (min-width:576px) {\n.veeva-2024 .impact-card {\nmax-width: unset;\n}\n}\n@media (min-width:991px) {\n.veeva-2024 .listed-up-impact__cards {\ngap: 62px;\ngrid-template-columns: repeat(3,1fr);\n}\n}\n@media (min-width:1200px) {\n\t.veeva-2024 .listed-up-impact__cards {\n\tgap: 62px;\n\tgrid-template-columns: repeat(3,1fr);\n\tmax-width: 1160px;\n\t}\n}\n@media (min-width:767px) {\n.veeva-2024 .resource-block__cards.resource-block__cards--featured .resource-card:nth-child(2), .veeva-2024 .resource-block__cards.resource-block__cards--featured .resource-card:nth-child(3) {\ngrid-column: span 3;\nmin-height: 150px;\n}\n}\n@media (min-width:767px) {\n.veeva-2024 .resource-block__cards.resource-block__cards--featured .resource-card {\ngrid-column: span 2;\nmin-height: 150px;\n}\n}\n@media (min-width:768px){\n.veeva-2024 .resource-block__cards.resource-block__cards--featured .resource-card:nth-child(2) .resource-card__text .h5, .veeva-2024 .resource-block__cards.resource-block__cards--featured .resource-card:nth-child(2) .resource-card__text h5, .veeva-2024 .resource-block__cards.resource-block__cards--featured .resource-card:nth-child(3) .resource-card__text .h5, .veeva-2024 .resource-block__cards.resource-block__cards--featured .resource-card:nth-child(3) .resource-card__text h5 {\nfont-size: 16px;\n}\n}\n@media (min-width:992px){\n.veeva-2024 .resource-block__cards.resource-block__cards--featured .resource-card:nth-child(2) .resource-card__text .h5, .veeva-2024 .resource-block__cards.resource-block__cards--featured .resource-card:nth-child(2) .resource-card__text h5, .veeva-2024 .resource-block__cards.resource-block__cards--featured .resource-card:nth-child(3) .resource-card__text .h5, .veeva-2024 .resource-block__cards.resource-block__cards--featured .resource-card:nth-child(3) .resource-card__text h5 {\nfont-size: 20px;\n}\n}\n\/* START TABLE *\/<\/p>\n<p>.table-responsive table {\n\tborder-collapse: inherit;\n\tfont-family: Poppins, sans-serif;\n\t-webkit-border-horizontal-spacing: 0px;\n\t-webkit-border-vertical-spacing: 0px;\n}<\/p>\n<p>.table-responsive table.table thead th {\n\tborder-left: 1px solid #000000;\n\tborder-top: 1px solid #000000;\n\tcolor: #000000;\n\tfont-weight: 600;\n\tfont-size: 18px;\n\tline-height: 22px;\n\tletter-spacing: -0.6px;\n\tpadding: 12px 12px;\n\ttext-align: center;\n\tvertical-align: middle;\n}<\/p>\n<p>.table-responsive table.table thead tr:first-child th:not(:last-child),\n.table-responsive table.table thead tr:nth-child(2) th {\n\tborder-bottom: 3px solid #000000;\n}<\/p>\n<p>.table-responsive .table > thead > tr > th {\n\tborder-bottom: none;\n}<\/p>\n<p>.table-responsive table.table tbody td {\n\tborder-left: 1px solid #000000;\n\tborder-top: 0px solid #000000;\n\tborder-bottom: 1px solid #000000;\n\tcolor: #000000;\n\tfont-weight: 400;\n\tfont-size: 18px;\n\tline-height: 22px;\n\tletter-spacing: -0.6px;\n\tpadding: 12px 12px;\n\ttext-align: center;\n\tvertical-align: middle;\n}<\/p>\n<p>.table-responsive table.table > thead:first-child > tr:first-child > th {\n\tborder-top: 3px solid #000000;\n}<\/p>\n<p>.table-responsive table.table tr:first-child th:first-child,\n.table-responsive table.table tr td:first-child {\n\tborder-left: 3px solid #000000;\n}<\/p>\n<p>.table-responsive table.table tr th:last-child,\n.table-responsive table.table tr td:last-child {\n\tborder-right: 3px solid #000000;\n}<\/p>\n<p>.table-responsive table.table tbody tr:last-child td {\n\tborder-bottom: 3px solid #000000;\n}<\/p>\n<p>.table-responsive thead:first-child tr:first-child th:first-of-type {\n  border-top-left-radius: 20px;\n}<\/p>\n<p>.table-responsive thead:first-child tr:first-child th:last-of-type {\n  border-top-right-radius: 20px;\n}<\/p>\n<p>.table-responsive tbody tr:last-of-type td:first-of-type {\n  border-bottom-left-radius: 20px;\n}<\/p>\n<p>.table-responsive tbody tr:last-of-type td:last-of-type {\n  border-bottom-right-radius: 20px;\n}<\/p>\n<p>.table-responsive table tbody tr:nth-child(even) {\n\tbackground-color: #ebebeb;\n}<\/p>\n<p>.table-responsive table tfoot {\n\tempty-cells: hide;\n}<\/p>\n<p>.table-responsive table tfoot th {\n\tborder: none;\n\theight: 90px;\n\tfont-size: 18px;\n\tline-height: 22px;\n\tpadding: 0 25px 20px 25px !important;\n\tposition: relative;\n\ttext-align: center;\n\tvertical-align: middle;\n}<\/p>\n<p>.table-responsive table tfoot th[colspan]:after {\n\tbackground-image: linear-gradient(180.39deg, #F7981D -90.78%, rgba(247, 152, 29, 0) 83.22%);\n\tcontent: '';\n\tdisplay: block;\n\tposition: absolute;\n\ttop: 0;\n\tbottom: 0;\n\tleft: 15px;\n\tright: 15px;\n\tz-index: -1;\n}<\/p>\n<p>.table-responsive table.table > tfoot > tr > th:last-child,\n.table-responsive table.table > tfoot > tr:first-child > th:first-child {\n\tborder: none;\n}<\/p>\n<p>@media screen and (max-width: 767px) {\n\t.table-responsive {\n\t\tborder: none;\n\t}<\/p>\n<p>\t.table-responsive table.table thead th {\n\t\tfont-size: 14px;\n\t\tline-height: 18px;\n\t\tpadding: 10px 8px;\n\t}<\/p>\n<p>\t.table-responsive table.table tbody td {\n\t\tfont-size: 14px;\n\t\tline-height: 18px;\n\t\tpadding: 10px 8px;\n\t}<\/p>\n<p>\t.table-responsive table tbody td.wrap-mobile {\n\t\twhite-space: break-spaces;\n\t}<\/p>\n<p>\t.table-responsive table tfoot th {\n\t\tfont-size: 16px;\n\t\theight: 75px;\n\t\tline-height: 20px;\n\t}\n}<\/p>\n<\/style>\n<div class=\"veeva-2024\">\n<div id=\"\">\n<section id=\"hero\" class=\"hero-centered hero-centered--image\">\n<div class=\"container copy-container copy-container--center\">\n<h6>Veeva CRM Pulse<\/h6>\n<h1>O Veeva CRM Pulse melhora a segmenta\u00e7\u00e3o e targeting com os dados de acesso do HCP<\/h1>\n<p>O conjunto de dados mais completo, oportuno, preciso e detalhado para acesso o HCP \u2013 entregue trimestralmente.<\/p>\n<\/p><\/div>\n<\/section>\n<section class=\"listed-up listed-up-impact listed-up--light\">\n<div class=\"copy-container container copy-container--center copy-container--eyebrow-gradient\">\n<h3>Dados de acesso de HCP Brick-Level para 21 pa\u00edses<\/h3>\n<p>O acesso exclusivo que o CRM Pulse proporciona ao HCP e os dados de engajamento multicanal fornecem valor imediato em segmenta\u00e7\u00e3o, direcionamento e planejamento de engajamento.<\/p>\n<\/p><\/div>\n<div class=\"listed-up-impact__cards container\">\n\t\t<!-- [1-4x] --><\/p>\n<div class=\"impact-card impact-card-linkout\">\n<h5>Verdadeiro Censo <br \/>da Ind\u00fastria<\/h5>\n<p>Baseado no uso global da Suite de CRM l\u00edder da Veeva para obter os dados de acesso de HCP mais completos, oportunos e precisos<\/p>\n<\/p><\/div>\n<div class=\"impact-card impact-card-linkout\">\n<h5>Cobertura <br \/>inigual\u00e1vel<\/h5>\n<p>M\u00e9tricas de acesso e engajamento por canal para mais de 3 milh\u00f5es de profissionais de sa\u00fade, 102 especialidades, 21 pa\u00edses<\/p>\n<\/p><\/div>\n<div class=\"impact-card impact-card-linkout\">\n<h5>Brick-Level <br \/> e privacidade<\/h5>\n<p>As m\u00e9tricas do HCP s\u00e3o segmentadas e agregadas por pa\u00eds, especialidade e unidade para privacidade de dados<\/p>\n<\/p><\/div>\n<p>\t\t<!-- [] -->\n\t  <\/div>\n<\/section>\n<p>\t<!-- Quote Block  --><\/p>\n<section id=\"quote\" class=\"quote-tabs quote-tabs--light bg-transparent\">\n<div class=\"quote-tabs__content\">\n<div class=\"container\">\n<div class=\"quote-card quote-card-full quote-card-full quote-card-full--medium-text top-quote\">\n<div class=\"quote-card__quote-wrapper\">\n<h3 style=\"padding-right:40px\">Como a \u00e1rea comercial <br class=\"d-none d-xl-block\"> est\u00e1 usando o CRM Pulse Data<\/h3>\n<\/p><\/div>\n<div class=\"quote-card__person-info\">\n<ul>\n<li>\tObservando <span>erros e lacunas nos processos de segmenta\u00e7\u00e3o e engajamento<\/span> comparando com as m\u00e9dias do setor <\/li>\n<hr>\n<li>\tSaber quais HCPs os representantes deveriam ver, mas n\u00e3o est\u00e3o vendo<\/span><\/li>\n<hr>\n<li>\tSaber quais HCPs os representantes n\u00e3o devem ver<\/span><\/li>\n<hr>\n<li>\tIdentificar os  <span>melhores canais e frequ\u00eancia para engajamento<\/span> <\/li>\n<hr>\n<li>\tCompreender a <span>produtividade da equipe de campo vs. a ind\u00fastria<\/span><\/li>\n<\/ul><\/div>\n<\/p><\/div>\n<\/p><\/div>\n<\/p><\/div>\n<\/p><\/div>\n<\/section>\n<section class=\"listed-up listed-up-impact listed-up--light\">\n<div class=\"copy-container container copy-container--center copy-container--eyebrow-gradient\" style=\"margin-bottom:30px;\">\n<h3 style=\"margin-bottom:50px\">Sua assinatura trimestral de dados Veeva CRM Pulse<\/h3>\n<h6 style=\"font-size:26px\"> Dados detalhados (Brick-Level) de HCP (Trimestral)<\/h6>\n<p>Compare a sua empresa com a ind\u00fastria<\/p>\n<\/p><\/div>\n<div class=\"copy-container container copy-container--left copy-container--eyebrow-gradient\">\n<div class=\"table-responsive\"  style=\"text-align:center\">\n<table class=\"table\"  style=\"margin:auto\">\n<thead>\n<tr>\n<th scope=\"col\" rowspan=\"2\">Nome do HCP<\/th>\n<th scope=\"col\" rowspan=\"2\">ID Nacional<\/th>\n<th scope=\"col\" rowspan=\"2\">Pa\u00eds<\/th>\n<th scope=\"col\" rowspan=\"2\">Especialidade<\/th>\n<th scope=\"col\" rowspan=\"2\">Brick ID<\/th>\n<th scope=\"col\" rowspan=\"2\" style=\"min-width:100px;\">Per\u00edodo<\/th>\n<th scope=\"col\" colspan=\"5\">Brick (M\u00e9dia)<\/th>\n<\/tr>\n<tr>\n<th scope=\"col\">Visitas<\/th>\n<th scope=\"col\">Video Chamadas<\/th>\n<th scope=\"col\">E-mails enviados<\/th>\n<th scope=\"col\">E-mails abertos<\/th>\n<th scope=\"col\">Empresas com acesso<\/th>\n<\/tr>\n<\/thead>\n<tbody>\n<tr>\n<td>Joseph<\/td>\n<td>8964965428<\/td>\n<td>US<\/td>\n<td>Oncologist<\/td>\n<td>3949320<\/td>\n<td>Q4-2024<\/td>\n<td>45.6<\/td>\n<td>3.4<\/td>\n<td>21<\/td>\n<td>2.8<\/td>\n<td>10.6<\/td>\n<\/tr>\n<tr>\n<td>Kimberly<\/td>\n<td>2317860487<\/td>\n<td>US<\/td>\n<td>Oncologist<\/td>\n<td>3949320<\/td>\n<td>Q4-2024<\/td>\n<td>45.6<\/td>\n<td>3.4<\/td>\n<td>21<\/td>\n<td>2.8<\/td>\n<td>10.6<\/td>\n<\/tr>\n<tr>\n<td>Marie<\/td>\n<td>4467006016<\/td>\n<td>US<\/td>\n<td>Oncologist<\/td>\n<td>3949320<\/td>\n<td>Q4-2024<\/td>\n<td>45.6<\/td>\n<td>3.4<\/td>\n<td>21<\/td>\n<td>2.8<\/td>\n<td>10.6<\/td>\n<\/tr>\n<tr>\n<td>Harry<\/td>\n<td>1657986464<\/td>\n<td>US<\/td>\n<td>Oncologist<\/td>\n<td>3949320<\/td>\n<td>Q4-2024<\/td>\n<td>45.6<\/td>\n<td>3.4<\/td>\n<td>21<\/td>\n<td>2.8<\/td>\n<td>10.6<\/td>\n<\/tr>\n<tr>\n<td>Cecelia<\/td>\n<td>5128984031<\/td>\n<td>US<\/td>\n<td>Oncologist<\/td>\n<td>3949320<\/td>\n<td>Q4-2024<\/td>\n<td>45.6<\/td>\n<td>3.4<\/td>\n<td>21<\/td>\n<td>2.8<\/td>\n<td>10.6<\/td>\n<\/tr>\n<\/tbody>\n<tfoot>\n<tr>\n<th colspan=\"5\">HCP Info<\/th>\n<th><\/th>\n<th colspan=\"4\">Intera\u00e7\u00e3o com a Ind\u00fastria<\/th>\n<th colspan=\"1\">Acesso da empresa<\/th>\n<\/tr>\n<\/tfoot>\n<\/table><\/div>\n<\/p><\/div>\n<div class=\"copy-container container copy-container--center copy-container--eyebrow-gradient\" style=\"margin-bottom:30px;\">\n<h6 style=\"font-size:26px\">Exemplo de dados produtivos do representante da ind\u00fastria dos Estados Unidos (trimestral)<\/h6>\n<\/p><\/div>\n<div class=\"copy-container container copy-container--left copy-container--eyebrow-gradient\">\n<div class=\"table-responsive\">\n<table class=\"table\">\n<thead>\n<tr>\n<th scope=\"col\" rowspan=\"2\">Pa\u00eds<\/th>\n<th scope=\"col\" rowspan=\"2\" style=\"min-width:100px;\">Per\u00edodo<\/th>\n<th scope=\"col\" rowspan=\"2\" style=\"min-width:110px;\">Tipo<\/th>\n<th scope=\"col\" colspan=\"6\">M\u00e9dia de representantes da Ind\u00fastria<\/th>\n<\/tr>\n<tr>\n<th scope=\"col\">Visitas<\/th>\n<th scope=\"col\">Visitas de CLM<\/th>\n<th scope=\"col\">Video chamadas<\/th>\n<th scope=\"col\">Video chamadas de CLM<\/th>\n<th scope=\"col\">E-mails enviados<\/th>\n<th scope=\"col\">E-mails abertos<\/th>\n<\/tr>\n<\/thead>\n<tbody>\n<tr>\n<td>US<\/td>\n<td>Q4-2024<\/td>\n<td class=\"wrap-mobile\">Weekly Average 80th Percentile Rep<\/td>\n<td>33.6<\/td>\n<td>17.7<\/td>\n<td>0.2<\/td>\n<td>0<\/td>\n<td>7.5<\/td>\n<td>3.8<\/td>\n<\/tr>\n<tr>\n<td>US<\/td>\n<td>Q4-2024<\/td>\n<td class=\"wrap-mobile\">Weekly Average per Rep<\/td>\n<td>22.4<\/td>\n<td>8.5<\/td>\n<td>0.4<\/td>\n<td>0.1<\/td>\n<td>7.9<\/td>\n<td>1.9<\/td>\n<\/tr>\n<tr>\n<td>US<\/td>\n<td>Q4-2024<\/td>\n<td class=\"wrap-mobile\">Weekly Average 20th Percentile Rep<\/td>\n<td>5.3<\/td>\n<td>0<\/td>\n<td>0<\/td>\n<td>0<\/td>\n<td>0<\/td>\n<td>0.2<\/td>\n<\/tr>\n<\/tbody>\n<tfoot>\n<tr>\n<th><\/th>\n<th><\/th>\n<th><\/th>\n<th colspan=\"6\">Produtividade do Rep por canal<\/th>\n<\/tr>\n<\/tfoot>\n<\/table><\/div>\n<\/p><\/div>\n<\/section>\n<p>\t  <!-- Exceed the Likely Outcome Start &#x2705; --><\/p>\n<section class=\"z-pattern z-pattern-stats z-pattern--dark section-rounded\" id=\"proven-results\">\n<div style=\"padding:0 20px;\" class=\"z-pattern__wrapper container\">\n<div class=\"z-pattern__inner\">\n<div class=\"copy-container copy-container--eyebrow-gradient\">\n<h3>Privacidade de Dados Seguros para 21 pa\u00edses<\/h3>\n<p style=\"max-width:800px\">O Pulse est\u00e1 dispon\u00edvel para clientes do Veeva CRM, licenciado por regi\u00e3o e entregue trimestralmente.<\/p>\n<\/p><\/div>\n<div class=\"z-pattern__image\">\n<div class=\"z-pattern__image-wrapper d-none d-lg-block\">\n\t\t\t\t<img decoding=\"async\" src=\"https:\/\/www.veeva.com\/wp-content\/themes\/veeva2015\/assets\/veeva-2024\/home\/globe.png\" alt=\"\"\n\t\t\t\t  style=\"object-fit: contain;height:unset\" \/>\n\t\t\t  <\/div>\n<\/p><\/div>\n<div class=\"z-pattern__content z-pattern__subgrid\">\n\t\t\t  <!-- [1-4x] --><\/p>\n<div class=\"sidebar-info-box sidebar-info-box--stats-sm\">\n<h4>Estados Unidos<\/h4>\n<\/p><\/div>\n<div class=\"sidebar-info-box sidebar-info-box--stats-sm\">\n<h4>Am\u00e9rica Latina<\/h4>\n<p>Brasil, M\u00e9xico<\/p>\n<\/p><\/div>\n<div class=\"sidebar-info-box sidebar-info-box--stats-sm\">\n<h4>Canad\u00e1<\/h4>\n<\/p><\/div>\n<div class=\"sidebar-info-box sidebar-info-box--stats-sm\">\n<h4>\u00c1sia Pac\u00edfico<\/h4>\n<p>Austr\u00e1lia, Nova Zealandia, Singapura, Cor\u00e9ia do Sul, Taiwan<\/p>\n<\/p><\/div>\n<div class=\"sidebar-info-box sidebar-info-box--stats-sm\">\n<h4>Europa<\/h4>\n<p>Alemanha,Reino Unido, Fran\u00e7a, It\u00e1lia, Espanha, Portugal, \u00c1ustria, Su\u00ed\u00e7a, Holanda, B\u00e9lgica, Irlanda, Hungria<\/p>\n<\/p><\/div>\n<p>\t\t\t  <!--  \n\n<div class=\"sidebar-info-box sidebar-info-box--stats-sm\">\n\t\t\t\t\n\n<h4>Previsto para disponibilidade em 2026<\/h4>\n\n\n\t\t\t\t\n\n<p>Indon\u00e9sia, Jap\u00e3o, Mal\u00e1sia, Filipinas, Tail\u00e2ndia, Vietn\u00e3  <\/p>\n\n\n\t\t\t  <\/div>\n\n--><br \/>\n\t\t\t  <!-- [] -->\n\t\t\t<\/div>\n<\/p><\/div>\n<\/p><\/div>\n<\/section>\n<section class=\"resource-block-featured resource-block-featured--light section-contained-width--xl\" id=\"resource-block-0\">\n<div class=\"container\">\n<div class=\"copy-container copy-container--center copy-container--eyebrow-gradient\" style=\"margin-bottom:60px\">\n<h3>Recursos<\/h3>\n<\/p><\/div>\n<div class=\"resource-block__cards resource-block__cards--featured resource-block__cards--featured--6\">\n<p>          <a class=\"d-none resource-card resource-card--mobile-show-logo\"><\/p>\n<p>          <\/a><br \/>\n          <a target=\"_blank\" class=\"resource-card resource-card--mobile-show-logo\" href=\"https:\/\/www.veeva.com\/wp-content\/uploads\/2025\/03\/Veeva-Simple-Product-Sheet-Pulse.pdf?\" rel=\"noopener\"><\/p>\n<div class=\"resource-card__text\">\n<div class=\"resource-chip\" style=\"margin-top:20px;\">Product Sheet<\/div>\n<h5>Veeva CRM Pulse Product Sheet<\/h5>\n<div class=\"resource-card__cta button-text-link button-text-link--black\">\n                <span class=\"label\">Download Product Sheet <span class=\"glyphicon glyphicon-new-window\" style=\"font-size:10px;top:-4px;\"><\/span><\/span><br \/>\n                <span class=\"underline\"><\/span>\n              <\/div>\n<div class=\"resource-card--featured__logo client-logo d-none\">\n                <img decoding=\"async\" src=\"https:\/\/www.veeva.com\/wp-content\/uploads\/2025\/01\/veeva.png\" alt=\"Veeva\">\n              <\/div>\n<\/p><\/div>\n<div class=\"resource-card__media d-none\">\n            <\/div>\n<p>          <\/a><br \/>\n          <a class=\"resource-card resource-card--mobile-show-logo\" href=\"https:\/\/www.veeva.com\/resources\/veeva-commercial-pulse-improves-segmentation-and-targeting-with-brick-level-hcp-access-data-for-21-countries\/\"><\/p>\n<div class=\"resource-card__text\">\n<div class=\"resource-chip\" style=\"margin-top:20px;\">Press Release<\/div>\n<h5>Pulse Improves Segmentation and Targeting with HCP Access Data for 21 Countries<\/h5>\n<div class=\"resource-card__cta button-text-link button-text-link--black\">\n                <span class=\"label\">Read Press Release <span class=\"glyphicon glyphicon-new-window\" style=\"font-size:10px;top:-4px;\"><\/span><\/span><br \/>\n                <span class=\"underline\"><\/span>\n              <\/div>\n<div class=\"resource-card--featured__logo client-logo d-none\">\n                <img decoding=\"async\" src=\"https:\/\/www.veeva.com\/wp-content\/uploads\/2025\/01\/veeva.png\" alt=\"Veeva\">\n              <\/div>\n<\/p><\/div>\n<div class=\"resource-card__media d-none\">\n            <\/div>\n<p>          <\/a><br \/>\n           <a class=\"resource-card resource-card--mobile-show-logo\" href=\"https:\/\/www.veeva.com\/resources\/veeva-pulse-field-trends-report\/\"><\/p>\n<div class=\"resource-card__text\">\n<div class=\"resource-chip\" style=\"margin-top:20px;\">Report<\/div>\n<h5>Trends Improving HCP Engagement and Accelerating Treatment Adoption<\/h5>\n<div class=\"resource-card__cta button-text-link button-text-link--black\">\n                <span class=\"label\">See Pulse Field Trends Report <span class=\"glyphicon glyphicon-new-window\" style=\"font-size:10px;top:-4px;\"><\/span> <\/span><br \/>\n                <span class=\"underline\"><\/span>\n              <\/div>\n<div class=\"resource-card--featured__logo client-logo d-none\">\n                <img decoding=\"async\" src=\"https:\/\/www.veeva.com\/wp-content\/uploads\/2025\/01\/veeva.png\" alt=\"Veeva\">\n              <\/div>\n<\/p><\/div>\n<div class=\"resource-card__media d-none\">\n            <\/div>\n<p>          <\/a><br \/>\n          <a class=\"resource-card resource-card--mobile-show-logo\" href=\"https:\/\/www.veeva.com\/resources\/veeva-pulse-field-trends-report-1q24\/\"><\/p>\n<div class=\"resource-card__text\">\n<div class=\"resource-chip\" style=\"margin-top:20px;\">Report<\/div>\n<h5>As Access Declines, Connected Engagement Creates an Edge<\/h5>\n<div class=\"resource-card__cta button-text-link button-text-link--black\">\n                <span class=\"label\">See Pulse Field Trends Report <span class=\"glyphicon glyphicon-new-window\" style=\"font-size:10px;top:-4px;\"><\/span> <\/span><br \/>\n                <span class=\"underline\"><\/span>\n              <\/div>\n<div class=\"resource-card--featured__logo client-logo d-none\">\n                <img decoding=\"async\" src=\"https:\/\/www.veeva.com\/wp-content\/uploads\/2025\/01\/veeva.png\" alt=\"Veeva\">\n              <\/div>\n<\/p><\/div>\n<div class=\"resource-card__media d-none\">\n            <\/div>\n<p>          <\/a>\n        <\/div>\n<\/p><\/div>\n<\/section>\n<p>\t<!-- Pre-Footer CTA --><\/p>\n<section class=\"hero-contained hero-contained--gradient hero-contained--footer-fix\">\n<div class=\"copy-container container copy-container--center\">\n<h3>Melhore sua segmenta\u00e7\u00e3o e direcionamento com Veeva CRM Pulse Data<\/h3>\n<div class=\"copy-container__buttons\">\n\t\t  <a class=\"button-primary button-primary--gradient\" href=\"\/br\/contact-us\/\">Entre em contato<\/a>\n\t\t<\/div>\n<\/p><\/div>\n<\/section><\/div>\n<p><\/main><\/p>\n","protected":false},"excerpt":{"rendered":"<p>The most complete, timely, accurate, and detailed data set for HCP access \u2013 delivered quarterly.<\/p>\n","protected":false},"author":217,"featured_media":0,"parent":20394,"menu_order":0,"comment_status":"closed","ping_status":"closed","template":"templates\/veeva-2024.full-page.php","meta":{"footnotes":""},"class_list":["post-59869","page","type-page","status-publish","hentry"],"aioseo_notices":[],"_links":{"self":[{"href":"https:\/\/www.veeva.com\/br\/wp-json\/wp\/v2\/pages\/59869"}],"collection":[{"href":"https:\/\/www.veeva.com\/br\/wp-json\/wp\/v2\/pages"}],"about":[{"href":"https:\/\/www.veeva.com\/br\/wp-json\/wp\/v2\/types\/page"}],"author":[{"embeddable":true,"href":"https:\/\/www.veeva.com\/br\/wp-json\/wp\/v2\/users\/217"}],"replies":[{"embeddable":true,"href":"https:\/\/www.veeva.com\/br\/wp-json\/wp\/v2\/comments?post=59869"}],"version-history":[{"count":17,"href":"https:\/\/www.veeva.com\/br\/wp-json\/wp\/v2\/pages\/59869\/revisions"}],"predecessor-version":[{"id":59989,"href":"https:\/\/www.veeva.com\/br\/wp-json\/wp\/v2\/pages\/59869\/revisions\/59989"}],"up":[{"embeddable":true,"href":"https:\/\/www.veeva.com\/br\/wp-json\/wp\/v2\/pages\/20394"}],"wp:attachment":[{"href":"https:\/\/www.veeva.com\/br\/wp-json\/wp\/v2\/media?parent=59869"}],"curies":[{"name":"wp","href":"https:\/\/api.w.org\/{rel}","templated":true}]}}