


{"id":60464,"date":"2025-06-24T15:38:49","date_gmt":"2025-06-24T18:38:49","guid":{"rendered":"https:\/\/www.veeva.com\/br\/?page_id=60464"},"modified":"2025-08-01T14:28:22","modified_gmt":"2025-08-01T17:28:22","slug":"board-of-directors","status":"publish","type":"page","link":"https:\/\/www.veeva.com\/br\/leadership\/board-of-directors\/","title":{"rendered":"Diretoria"},"content":{"rendered":"<style>\n.veeva-2024 .hero-centered {\npadding: 100px 0 60px 0;\n}<\/p>\n<p>@media (min-width:768px){\n.veeva-2024 .hero-centered {\npadding: 150px 0 100px 0;\n}\n}\n@media (min-width:1400px) {\n.veeva-2024 .team-cards--light {\nmargin: 100px 0;\n}\n}\n<\/style>\n<p><main class=\"veeva-2024\"><\/p>\n<div id=\"resource-detail\">\n<section class=\"hero-centered hero-centered--logo\">\n<div class=\"container copy-container copy-container--center copy-container--eyebrow-gradient\">\n\t\t\t<!--\n\n<h6> Lideran\u00e7a <\/h6>\n\n--><\/p>\n<h1> Diretoria <\/h1>\n<\/p><\/div>\n<\/section>\n<\/div>\n<section class=\"team-cards team-cards--light\">\n<div class=\"container\">\n<div class=\"team-cards__grid wp-block-veeva-veeva-teams\">\n<div class=\"team-card wp-block-veeva-team-member\" aria-label=\"Profile of Founder and CEO\">\n<div class=\"team-card__header\">\n<div class=\"team-card__headshot\">\n\t\t\t\t\t\t<img fetchpriority=\"high\" decoding=\"async\" width=\"500\" height=\"500\" src=\"https:\/\/www.veeva.com\/wp-content\/uploads\/2024\/12\/Peter-Gassner-LI-500x500-1.jpg\" class=\"attachment-full size-full\" alt=\"Profile picture of Peter Gassner\">\n\t\t\t\t\t<\/div>\n<div class=\"team-card__content\">\n<h3 class=\"team-card__name\">Peter Gassner<\/h3>\n<p class=\"team-card__title\">Fundador e CEO<\/p>\n<p class=\"team-card__tenure\">\n19 Anos no Comit\u00ea de lideran\u00e7a da Veeva\n<\/p>\n<p>\t\t\t\t\t\t<a href=\"https:\/\/www.linkedin.com\/in\/pgassner\/\" class=\"team-card__social\" rel=\"noopener\" target=\"_blank\"><br \/>\n\t\t\t\t\t\t<svg xmlns=\"http:\/\/www.w3.org\/2000\/svg\" width=\"32\" height=\"32\" fill=\"#0A66C2\" viewBox=\"0 0 16 16\" aria-hidden=\"true\">\n\t\t\t\t\t\t\t<path d=\"M0 1.146C0 .513.526 0 1.175 0h13.65C15.474 0 16 .513 16 1.146v13.708c0 .633-.526 1.146-1.175 1.146H1.175C.526 16 0 15.487 0 14.854zm4.943 12.248V6.169H2.542v7.225zm-1.2-8.212c.837 0 1.358-.554 1.358-1.248-.015-.709-.52-1.248-1.342-1.248S2.4 3.226 2.4 3.934c0 .694.521 1.248 1.327 1.248zm4.908 8.212V9.359c0-.216.016-.432.08-.586.173-.431.568-.878 1.232-.878.869 0 1.216.662 1.216 1.634v3.865h2.401V9.25c0-2.22-1.184-3.252-2.764-3.252-1.274 0-1.845.7-2.165 1.193v.025h-.016l.016-.025V6.169h-2.4c.03.678 0 7.225 0 7.225z\"><\/path>\n\t\t\t\t\t\t<\/svg><br \/>\n\t\t\t\t\t\t<\/a>\n\t\t\t\t\t<\/div>\n<\/p><\/div>\n<p class=\"team-card__description\">Peter Gassner \u00e9 respons\u00e1vel por toda a Veeva, incluindo a dire\u00e7\u00e3o estrat\u00e9gica, orienta\u00e7\u00e3o de produtos e opera\u00e7\u00f5es.<\/p>\n<\/p><\/div>\n<div class=\"team-card wp-block-veeva-team-member\" aria-label=\"Profile of Chairman\">\n<div class=\"team-card__header\">\n<div class=\"team-card__headshot\">\n\t\t\t\t\t\t<img loading=\"lazy\" decoding=\"async\" width=\"500\" height=\"500\" src=\"https:\/\/www.veeva.com\/wp-content\/uploads\/2024\/12\/Gordon-Ritter-LI-500x500-1.jpg\" class=\"attachment-full size-full\" alt=\"Profile picture of Gordon Ritter\">\n\t\t\t\t\t<\/div>\n<div class=\"team-card__content\">\n<h3 class=\"team-card__name\">Gordon Ritter<\/h3>\n<p class=\"team-card__title\">Presidente do Conselho<\/p>\n<p class=\"team-card__tenure\">17 Anos no Comit\u00ea de lideran\u00e7a da Veeva<\/p>\n<p>\t\t\t\t\t\t<a href=\"https:\/\/www.linkedin.com\/in\/gordonpritter\/\" class=\"team-card__social\" rel=\"noopener\" target=\"_blank\"><br \/>\n\t\t\t\t\t\t<svg xmlns=\"http:\/\/www.w3.org\/2000\/svg\" width=\"32\" height=\"32\" fill=\"#0A66C2\" viewBox=\"0 0 16 16\" aria-hidden=\"true\">\n\t\t\t\t\t\t<path d=\"M0 1.146C0 .513.526 0 1.175 0h13.65C15.474 0 16 .513 16 1.146v13.708c0 .633-.526 1.146-1.175 1.146H1.175C.526 16 0 15.487 0 14.854zm4.943 12.248V6.169H2.542v7.225zm-1.2-8.212c.837 0 1.358-.554 1.358-1.248-.015-.709-.52-1.248-1.342-1.248S2.4 3.226 2.4 3.934c0 .694.521 1.248 1.327 1.248zm4.908 8.212V9.359c0-.216.016-.432.08-.586.173-.431.568-.878 1.232-.878.869 0 1.216.662 1.216 1.634v3.865h2.401V9.25c0-2.22-1.184-3.252-2.764-3.252-1.274 0-1.845.7-2.165 1.193v.025h-.016l.016-.025V6.169h-2.4c.03.678 0 7.225 0 7.225z\"><\/path>\n\t\t\t\t\t\t<\/svg><br \/>\n\t\t\t\t\t\t<\/a>\n\t\t\t\t\t<\/div>\n<\/p><\/div>\n<p class=\"team-card__description\">Gordon Ritter \u00e9 um dos fundadores e s\u00f3cio geral da Emergence Capital. Ele tamb\u00e9m fundou tr\u00eas empresas pioneiras em mercados de interfaces web incorporadas, appliances de servidor e desenvolvimento de aplica\u00e7\u00f5es em nuvem.<\/p>\n<\/p><\/div>\n<div class=\"team-card wp-block-veeva-team-member\" aria-label=\"Profile of Director\">\n<div class=\"team-card__header\">\n<div class=\"team-card__headshot\">\n\t\t\t\t\t\t<img loading=\"lazy\" decoding=\"async\" width=\"500\" height=\"500\" src=\"https:\/\/www.veeva.com\/wp-content\/uploads\/2024\/12\/Tim-Cabral-LI-500x500-1.jpg\" class=\"attachment-full size-full\" alt=\"Profile picture of Tim Cabral\">\n\t\t\t\t\t<\/div>\n<div class=\"team-card__content\">\n<h3 class=\"team-card__name\">Tim Cabral<\/h3>\n<p class=\"team-card__title\">Diretor<\/p>\n<p class=\"team-card__tenure\">4 Anos no Comit\u00ea de lideran\u00e7a da Veeva<\/p>\n<p>\t\t\t\t\t\t<a href=\"https:\/\/www.linkedin.com\/in\/tim-cabral-073517\/\" class=\"team-card__social\" rel=\"noopener\" target=\"_blank\"><br \/>\n\t\t\t\t\t\t<svg xmlns=\"http:\/\/www.w3.org\/2000\/svg\" width=\"32\" height=\"32\" fill=\"#0A66C2\" viewBox=\"0 0 16 16\" aria-hidden=\"true\">\n\t\t\t\t\t\t<path d=\"M0 1.146C0 .513.526 0 1.175 0h13.65C15.474 0 16 .513 16 1.146v13.708c0 .633-.526 1.146-1.175 1.146H1.175C.526 16 0 15.487 0 14.854zm4.943 12.248V6.169H2.542v7.225zm-1.2-8.212c.837 0 1.358-.554 1.358-1.248-.015-.709-.52-1.248-1.342-1.248S2.4 3.226 2.4 3.934c0 .694.521 1.248 1.327 1.248zm4.908 8.212V9.359c0-.216.016-.432.08-.586.173-.431.568-.878 1.232-.878.869 0 1.216.662 1.216 1.634v3.865h2.401V9.25c0-2.22-1.184-3.252-2.764-3.252-1.274 0-1.845.7-2.165 1.193v.025h-.016l.016-.025V6.169h-2.4c.03.678 0 7.225 0 7.225z\"><\/path>\n\t\t\t\t\t\t<\/svg><br \/>\n\t\t\t\t\t\t<\/a>\n\t\t\t\t\t<\/div>\n<\/p><\/div>\n<p class=\"team-card__description\">Tim Cabral foi CFO da Veeva de 2010 a 2020, ajudando a empresa a crescer de cerca de US$10 milh\u00f5es para mais de US$1 bilh\u00e3o em receita, al\u00e9m de conduzir seu processo de oferta p\u00fablica inicial em 2013.<\/p>\n<\/p><\/div>\n<div class=\"team-card wp-block-veeva-team-member\" aria-label=\"Profile of Director\">\n<div class=\"team-card__header\">\n<div class=\"team-card__headshot\">\n\t\t\t\t\t\t<img loading=\"lazy\" decoding=\"async\" width=\"500\" height=\"500\" src=\"https:\/\/www.veeva.com\/wp-content\/uploads\/2024\/12\/Mark-Carges-LI-500x500-1.jpg\" class=\"attachment-full size-full\" alt=\"Profile picture of Mark Carges\">\n\t\t\t\t\t<\/div>\n<div class=\"team-card__content\">\n<h3 class=\"team-card__name\">Mark Carges<\/h3>\n<p class=\"team-card__title\">Diretor<\/p>\n<p class=\"team-card__tenure\">8 Anos no Comit\u00ea de lideran\u00e7a da Veeva<\/p>\n<p>\t\t\t\t\t\t<a href=\"https:\/\/www.linkedin.com\/in\/markcarges\/\" class=\"team-card__social\" rel=\"noopener\" target=\"_blank\"><br \/>\n\t\t\t\t\t\t<svg xmlns=\"http:\/\/www.w3.org\/2000\/svg\" width=\"32\" height=\"32\" fill=\"#0A66C2\" viewBox=\"0 0 16 16\" aria-hidden=\"true\">\n\t\t\t\t\t\t<path d=\"M0 1.146C0 .513.526 0 1.175 0h13.65C15.474 0 16 .513 16 1.146v13.708c0 .633-.526 1.146-1.175 1.146H1.175C.526 16 0 15.487 0 14.854zm4.943 12.248V6.169H2.542v7.225zm-1.2-8.212c.837 0 1.358-.554 1.358-1.248-.015-.709-.52-1.248-1.342-1.248S2.4 3.226 2.4 3.934c0 .694.521 1.248 1.327 1.248zm4.908 8.212V9.359c0-.216.016-.432.08-.586.173-.431.568-.878 1.232-.878.869 0 1.216.662 1.216 1.634v3.865h2.401V9.25c0-2.22-1.184-3.252-2.764-3.252-1.274 0-1.845.7-2.165 1.193v.025h-.016l.016-.025V6.169h-2.4c.03.678 0 7.225 0 7.225z\"><\/path>\n\t\t\t\t\t\t<\/svg><br \/>\n\t\t\t\t\t\t<\/a>\n\t\t\t\t\t<\/div>\n<\/p><\/div>\n<p class=\"team-card__description\">Mark Carges \u00e9 conselheiro e membro do conselho de empresas de tecnologia. Foi diretor de tecnologia (CTO) do eBay Inc. de 2009 a 2014 e integrou a equipe de lideran\u00e7a da empresa desde 2008.<\/p>\n<\/p><\/div>\n<div class=\"team-card wp-block-veeva-team-member\" aria-label=\"Profile of Director\">\n<div class=\"team-card__header\">\n<div class=\"team-card__headshot\">\n\t\t\t\t\t<img loading=\"lazy\" decoding=\"async\" width=\"500\" height=\"500\" src=\"https:\/\/www.veeva.com\/wp-content\/uploads\/2024\/12\/Mary-Lynne-Hedley-LI-500x500-1.jpg\" class=\"attachment-full size-full\" alt=\"Profile picture of Mary Lynne Hedley\">\n\t\t\t\t\t<\/div>\n<div class=\"team-card__content\">\n<h3 class=\"team-card__name\">Mary Lynne Hedley<\/h3>\n<p class=\"team-card__title\">Diretora<\/p>\n<p class=\"team-card__tenure\">6 Anos no Comit\u00ea de lideran\u00e7a da Veeva<\/p>\n<\/p><\/div>\n<\/p><\/div>\n<p class=\"team-card__description\">Dra. Mary Lynne Hedley tem mais de 25 anos de experi\u00eancia como executiva em biotecnologia e na ind\u00fastria farmac\u00eautica, liderando o desenvolvimento e a comercializa\u00e7\u00e3o de diversos medicamentos.<\/p>\n<\/p><\/div>\n<div class=\"team-card wp-block-veeva-team-member\" aria-label=\"Profile of Director\">\n<div class=\"team-card__header\">\n<div class=\"team-card__headshot\">\n\t\t\t\t\t\t<img loading=\"lazy\" decoding=\"async\" width=\"500\" height=\"500\" src=\"https:\/\/www.veeva.com\/wp-content\/uploads\/2024\/12\/Priscilla-Hung-LI-500x500-1.jpg\" class=\"attachment-full size-full\" alt=\"Profile picture of Priscilla Hung\">\n\t\t\t\t\t<\/div>\n<div class=\"team-card__content\">\n<h3 class=\"team-card__name\">Priscilla Hung<\/h3>\n<p class=\"team-card__title\">Diretora<\/p>\n<p class=\"team-card__tenure\">4 Anos no Comit\u00ea de lideran\u00e7a da Veeva<\/p>\n<p>\t\t\t\t\t\t<a href=\"https:\/\/www.linkedin.com\/in\/priscilla-hung-25722\/\" class=\"team-card__social\" rel=\"noopener\" target=\"_blank\"><br \/>\n\t\t\t\t\t\t<svg xmlns=\"http:\/\/www.w3.org\/2000\/svg\" width=\"32\" height=\"32\" fill=\"#0A66C2\" viewBox=\"0 0 16 16\" aria-hidden=\"true\">\n\t\t\t\t\t\t<path d=\"M0 1.146C0 .513.526 0 1.175 0h13.65C15.474 0 16 .513 16 1.146v13.708c0 .633-.526 1.146-1.175 1.146H1.175C.526 16 0 15.487 0 14.854zm4.943 12.248V6.169H2.542v7.225zm-1.2-8.212c.837 0 1.358-.554 1.358-1.248-.015-.709-.52-1.248-1.342-1.248S2.4 3.226 2.4 3.934c0 .694.521 1.248 1.327 1.248zm4.908 8.212V9.359c0-.216.016-.432.08-.586.173-.431.568-.878 1.232-.878.869 0 1.216.662 1.216 1.634v3.865h2.401V9.25c0-2.22-1.184-3.252-2.764-3.252-1.274 0-1.845.7-2.165 1.193v.025h-.016l.016-.025V6.169h-2.4c.03.678 0 7.225 0 7.225z\"><\/path>\n\t\t\t\t\t\t<\/svg><br \/>\n\t\t\t\t\t\t<\/a>\n\t\t\t\t\t<\/div>\n<\/p><\/div>\n<p class=\"team-card__description\">Priscilla Hung \u00e9 membro do conselho de empresas de tecnologia e investidores. Foi Presidente e COO da Guidewire, empresa provedora de cloud para o setor de seguros de propriedade e acidentes, at\u00e9 2023.<\/p>\n<\/p><\/div>\n<div class=\"team-card wp-block-veeva-team-member\" aria-label=\"Profile of Director\">\n<div class=\"team-card__header\">\n<div class=\"team-card__headshot\">\n\t\t\t\t\t\t<img loading=\"lazy\" decoding=\"async\" width=\"500\" height=\"500\" src=\"https:\/\/www.veeva.com\/wp-content\/uploads\/2024\/12\/Marshall-Mohr-LI-500x500-1.jpg\" class=\"attachment-full size-full\" alt=\"Profile picture of Marshall Mohr\">\n\t\t\t\t\t<\/div>\n<div class=\"team-card__content\">\n<h3 class=\"team-card__name\">Marshall Mohr<\/h3>\n<p class=\"team-card__title\">Diretor<\/p>\n<p class=\"team-card__tenure\">4 Anos no Comit\u00ea de lideran\u00e7a da Veeva<\/p>\n<p>\t\t\t\t\t\t<a href=\"https:\/\/www.linkedin.com\/in\/marshall-mohr-934b7618a\/\" class=\"team-card__social\" rel=\"noopener\" target=\"_blank\"><br \/>\n\t\t\t\t\t\t<svg xmlns=\"http:\/\/www.w3.org\/2000\/svg\" width=\"32\" height=\"32\" fill=\"#0A66C2\" viewBox=\"0 0 16 16\" aria-hidden=\"true\">\n\t\t\t\t\t\t<path d=\"M0 1.146C0 .513.526 0 1.175 0h13.65C15.474 0 16 .513 16 1.146v13.708c0 .633-.526 1.146-1.175 1.146H1.175C.526 16 0 15.487 0 14.854zm4.943 12.248V6.169H2.542v7.225zm-1.2-8.212c.837 0 1.358-.554 1.358-1.248-.015-.709-.52-1.248-1.342-1.248S2.4 3.226 2.4 3.934c0 .694.521 1.248 1.327 1.248zm4.908 8.212V9.359c0-.216.016-.432.08-.586.173-.431.568-.878 1.232-.878.869 0 1.216.662 1.216 1.634v3.865h2.401V9.25c0-2.22-1.184-3.252-2.764-3.252-1.274 0-1.845.7-2.165 1.193v.025h-.016l.016-.025V6.169h-2.4c.03.678 0 7.225 0 7.225z\"><\/path>\n\t\t\t\t\t\t<\/svg><br \/>\n\t\t\t\t\t\t<\/a>\n\t\t\t\t\t<\/div>\n<\/p><\/div>\n<p class=\"team-card__description\">Marshall Mohr tem experi\u00eancia nas \u00e1reas de sa\u00fade e tecnologia. Foi vice-presidente executivo e CFO da Intuitive, pioneira em cirurgia assistida por rob\u00f3tica.<\/p>\n<\/p><\/div>\n<div class=\"team-card wp-block-veeva-team-member\" aria-label=\"Profile of Director\">\n<div class=\"team-card__header\">\n<div class=\"team-card__headshot\">\n\t\t\t\t\t\t<img loading=\"lazy\" decoding=\"async\" width=\"500\" height=\"500\" src=\"https:\/\/www.veeva.com\/wp-content\/uploads\/2024\/12\/Paul-Sekhri-LI-500x500-1.jpg\" class=\"attachment-full size-full\" alt=\"Profile picture of Paul Sekhri\">\n\t\t\t\t\t<\/div>\n<div class=\"team-card__content\">\n<h3 class=\"team-card__name\">Paul Sekhri<\/h3>\n<p class=\"team-card__title\">Diretor<\/p>\n<p class=\"team-card__tenure\">11 Anos no Comit\u00ea de lideran\u00e7a da Veeva<\/p>\n<p>\t\t\t\t\t\t<a href=\"http:\/\/www.linkedin.com\/pub\/paul-sekhri\/0\/47\/a19\" class=\"team-card__social\" rel=\"noopener\" target=\"_blank\"><br \/>\n\t\t\t\t\t\t<svg xmlns=\"http:\/\/www.w3.org\/2000\/svg\" width=\"32\" height=\"32\" fill=\"#0A66C2\" viewBox=\"0 0 16 16\" aria-hidden=\"true\">\n\t\t\t\t\t\t<path d=\"M0 1.146C0 .513.526 0 1.175 0h13.65C15.474 0 16 .513 16 1.146v13.708c0 .633-.526 1.146-1.175 1.146H1.175C.526 16 0 15.487 0 14.854zm4.943 12.248V6.169H2.542v7.225zm-1.2-8.212c.837 0 1.358-.554 1.358-1.248-.015-.709-.52-1.248-1.342-1.248S2.4 3.226 2.4 3.934c0 .694.521 1.248 1.327 1.248zm4.908 8.212V9.359c0-.216.016-.432.08-.586.173-.431.568-.878 1.232-.878.869 0 1.216.662 1.216 1.634v3.865h2.401V9.25c0-2.22-1.184-3.252-2.764-3.252-1.274 0-1.845.7-2.165 1.193v.025h-.016l.016-.025V6.169h-2.4c.03.678 0 7.225 0 7.225z\"><\/path>\n\t\t\t\t\t\t<\/svg><br \/>\n\t\t\t\t\t\t<\/a>\n\t\t\t\t\t<\/div>\n<\/p><\/div>\n<p class=\"team-card__description\">Paul Sekhri tem 30 anos de experi\u00eancia liderando algumas das empresas mais reconhecidas na \u00e1rea de ci\u00eancias da vida. Ele \u00e9 presidente e CEO da vTv Therapeutics, que foca em tratamentos para diabetes tipo 1.<\/p>\n<\/p><\/div>\n<div class=\"team-card wp-block-veeva-team-member\" aria-label=\"Profile of Director\">\n<div class=\"team-card__header\">\n<div class=\"team-card__headshot\">\n\t\t\t\t\t\t<img loading=\"lazy\" decoding=\"async\" width=\"500\" height=\"500\" src=\"https:\/\/www.veeva.com\/wp-content\/uploads\/2024\/12\/Matt-Wallach-LI-500x500-1.jpg\" class=\"attachment-full size-full\" alt=\"Profile picture of Matt Wallach\">\n\t\t\t\t\t<\/div>\n<div class=\"team-card__content\">\n<h3 class=\"team-card__name\">Matt Wallach<\/h3>\n<p class=\"team-card__title\">Diretor<\/p>\n<p class=\"team-card__tenure\">6 Anos no Comit\u00ea de lideran\u00e7a da Veeva<\/p>\n<p>\t\t\t\t\t\t<a href=\"https:\/\/www.linkedin.com\/in\/mattwallach\/\" class=\"team-card__social\" rel=\"noopener\" target=\"_blank\"><br \/>\n\t\t\t\t\t\t<svg xmlns=\"http:\/\/www.w3.org\/2000\/svg\" width=\"32\" height=\"32\" fill=\"#0A66C2\" viewBox=\"0 0 16 16\" aria-hidden=\"true\">\n\t\t\t\t\t\t<path d=\"M0 1.146C0 .513.526 0 1.175 0h13.65C15.474 0 16 .513 16 1.146v13.708c0 .633-.526 1.146-1.175 1.146H1.175C.526 16 0 15.487 0 14.854zm4.943 12.248V6.169H2.542v7.225zm-1.2-8.212c.837 0 1.358-.554 1.358-1.248-.015-.709-.52-1.248-1.342-1.248S2.4 3.226 2.4 3.934c0 .694.521 1.248 1.327 1.248zm4.908 8.212V9.359c0-.216.016-.432.08-.586.173-.431.568-.878 1.232-.878.869 0 1.216.662 1.216 1.634v3.865h2.401V9.25c0-2.22-1.184-3.252-2.764-3.252-1.274 0-1.845.7-2.165 1.193v.025h-.016l.016-.025V6.169h-2.4c.03.678 0 7.225 0 7.225z\"><\/path>\n\t\t\t\t\t\t<\/svg><br \/>\n\t\t\t\t\t\t<\/a>\n\t\t\t\t\t<\/div>\n<\/p><\/div>\n<p class=\"team-card__description\">Matt Wallach co-fundou a Veeva e foi presidente at\u00e9 2019. Ele ajudou a construir a empresa, tornando-a uma das parceiras mais valorizadas e confi\u00e1veis da ind\u00fastria de ci\u00eancias da vida.<\/p>\n<\/p><\/div>\n<\/p><\/div>\n<\/p><\/div>\n<\/section>\n<p><\/main><\/p>\n","protected":false},"excerpt":{"rendered":"<p>Leadership<\/p>\n","protected":false},"author":80,"featured_media":0,"parent":15570,"menu_order":0,"comment_status":"closed","ping_status":"open","template":"templates\/veeva-2024.full-page.php","meta":{"footnotes":""},"class_list":["post-60464","page","type-page","status-publish","hentry"],"aioseo_notices":[],"_links":{"self":[{"href":"https:\/\/www.veeva.com\/br\/wp-json\/wp\/v2\/pages\/60464"}],"collection":[{"href":"https:\/\/www.veeva.com\/br\/wp-json\/wp\/v2\/pages"}],"about":[{"href":"https:\/\/www.veeva.com\/br\/wp-json\/wp\/v2\/types\/page"}],"author":[{"embeddable":true,"href":"https:\/\/www.veeva.com\/br\/wp-json\/wp\/v2\/users\/80"}],"replies":[{"embeddable":true,"href":"https:\/\/www.veeva.com\/br\/wp-json\/wp\/v2\/comments?post=60464"}],"version-history":[{"count":10,"href":"https:\/\/www.veeva.com\/br\/wp-json\/wp\/v2\/pages\/60464\/revisions"}],"predecessor-version":[{"id":60624,"href":"https:\/\/www.veeva.com\/br\/wp-json\/wp\/v2\/pages\/60464\/revisions\/60624"}],"up":[{"embeddable":true,"href":"https:\/\/www.veeva.com\/br\/wp-json\/wp\/v2\/pages\/15570"}],"wp:attachment":[{"href":"https:\/\/www.veeva.com\/br\/wp-json\/wp\/v2\/media?parent=60464"}],"curies":[{"name":"wp","href":"https:\/\/api.w.org\/{rel}","templated":true}]}}