{"id":61050,"date":"2026-03-11T15:52:39","date_gmt":"2026-03-11T18:52:39","guid":{"rendered":"https:\/\/www.veeva.com\/br\/?page_id=61050"},"modified":"2026-03-17T15:46:59","modified_gmt":"2026-03-17T18:46:59","slug":"veeva-commercial-summit-sobre","status":"publish","type":"page","link":"https:\/\/www.veeva.com\/br\/events\/veeva-commercial-summit-sobre\/","title":{"rendered":"2026 Veeva Commercial Summit &#8211; Sobre"},"content":{"rendered":"<p><main class=\"veeva-2024\"><\/p>\n<style>\n#veeva-header-nav.navbar {\n\tbox-shadow: none;\n}\n<\/style>\n<div id=\"secondary-navigation\" class=\"secondary-navigation ready\" style=\"top: 101px;\">\n<div class=\"secondary-navigation__wrapper container\">\n<div class=\"secondary-navigation__left\">\n<h3>\n\t\t\t\t\t\t\t\t\t<a href=\"\/br\/events\/veeva-commercial-summit-sobre\/\" class=\"\"><br \/>\n\t\t\t\t\t\t\t\tCommercial Summit\t\t\t\t\t\t\t\t\t<\/a><br \/>\n\t\t\t\t\t\t\t<\/h3>\n<\/p><\/div>\n<p>\t\t<!-- dropdown-item--main d-block d-lg-none dropdown-item dropdown-item--with-submenu --><\/p>\n<div class=\"secondary-navigation__right\">\n<ul class=\"secondary-navigation__desktop-menulist\">\n\t\t\t<a href=\"\/br\/events\/veeva-commercial-summit-sobre\/\" aria-current=\"page\" class=\"menu-item menu-item-type-custom menu-item-object-custom current-menu-item dropdown-item active d-none d-lg-block\"><\/p>\n<li>Sobre<\/li>\n<p><\/a><a href=\"\/br\/events\/veeva-commercial-summit-agenda\" class=\"menu-item menu-item-type-custom menu-item-object-custom dropdown-item d-none d-lg-block\"><\/p>\n<li>Agenda<\/li>\n<p><\/a><a href=\"\/br\/events\/veeva-commercial-summit\" class=\"menu-item menu-item-type-custom menu-item-object-custom dropdown-item d-none d-xl-block\"><\/p>\n<li>Inscreva-se<\/li>\n<p><\/a>\t\t\t<\/ul>\n<div id=\"secondary-navigation__mobile-dropdown\" class=\"secondary-navigation__mobile-menulist dropdown d-block d-xxl-none\">\n<div class=\"secondary-navigation__mobile-display-item dropdown-toggle\" role=\"button\" id=\"subnavLink\" data-bs-toggle=\"dropdown\" aria-expanded=\"false\">\n<h6 class=\"desktop d-none d-lg-block\">\n\t\t\t\t\t\tVer Mais\t\t\t\t\t<\/h6>\n<h6 class=\"mobile d-block d-lg-none\"><\/h6>\n<\/div>\n<ul class=\"secondary-navigation__mobile-dropdown-menu dropdown-menu container\" aria-labelledby=\"subnavLink\" data-popper-placement=\"bottom-start\">\n<div class=\"dropdown-menu-content\"><\/div>\n<\/ul><\/div>\n<\/p><\/div>\n<\/p><\/div>\n<\/div>\n<div id=\"summit-overview\">\n<p><!-- Hero Start --><\/p>\n<section class=\"hero-centered hero-centered--image hero-centered--anchor-bottom pt-8 pb-9 pb-md-10\" style=\"background-image: url('https:\/\/www.veeva.com\/wp-content\/uploads\/2025\/02\/2025-CS-Web-Banner@2x.png')\">\n<div class=\"copy-container container copy-container--center\">\n\t\t<img decoding=\"async\" src=\"https:\/\/www.veeva.com\/br\/wp-content\/uploads\/2026\/03\/Commercial-Summit-logo-center-aligned-1-1.png\" alt=\"Veeva Commercial Summit - Brasil\" style=\"max-height:none;max-width:504px;\"><\/p>\n<p>27 de Agosto | S\u00e3o Paulo<\/p>\n<h1 class=\"mt-3 mb-5 mt-md-5 mb-md-7\">Conex\u00e3o. Colabora\u00e7\u00e3o. Inova\u00e7\u00e3o.<\/h1>\n<p>\t\t\t<!-- <a class=\"button-primary button-primary--gradient\" href=\"https:\/\/www.veeva.com\/events\/commercial-summit\/register\/\" target=\"_self\" rel=\"noopener\">Inscreva-se Agora!<\/a>--><\/p><\/div>\n<\/section>\n<p><!-- Hero End --><\/p>\n<section class=\"card-block-3-up card-block-3-up--light section-rounded-bottom\" style=\"padding-top:75px\">\n<div class=\"container\">\n<div style=\"margin-bottom:-35px;\" class=\"copy-container copy-container--center copy-container--eyebrow-gradient\">\n<h2>Descubra como ser\u00e1 a edi\u00e7\u00e3o de 2026!<\/h2>\n<p>Com o objetivo de trazer sempre as \u00faltimas novidades da Ind\u00fastria de ci\u00eancias da sa\u00fade e preciosos insights, o Veeva Commercial Summit Brasil promove um espa\u00e7o enriquecedor de conhecimento.<\/p>\n<p>Venha conhecer as \u00faltimas inova\u00e7\u00f5es e roadmaps de Commercial Cloud e Data Cloud, entenda com l\u00edderes da ind\u00fastria farmac\u00eautica sobre como a IA da Veeva est\u00e1 gerando valor hoje.<\/p>\n<p style=\"font-size:14px;\"><em>Este evento \u00e9 exclusivo para profissionais da ind\u00fastria farmac\u00eautica e a entrada \u00e9 gratuita.<\/p>\n<p><\/em><\/p>\n<\/div>\n<div style=\"margin-top:0px;\" class=\"card-block-3-up__cards\" hidden>\n<div class=\"icon-card icon-card--light icon-card--large\">\n<div class=\"floating-icon\">\n\t\t\t\t\t\t\t<span class=\"icon ready\" data-icon=\"business-handshake\"><\/span>\n\t\t\t\t\t\t<\/div>\n<h5>Vendas<\/h5>\n<p>Descubra como o Veeva AI, o CRM omnichannel e a integra\u00e7\u00e3o de software, dados e conte\u00fado eliminam silos, reduzem a complexidade e transformam dados em insights em tempo real \u2014 trazendo mais intelig\u00eancia e precis\u00e3o para a execu\u00e7\u00e3o comercial.\n<\/p>\n<\/p><\/div>\n<div class=\"icon-card icon-card--light icon-card--large\">\n<div class=\"floating-icon\">\n\t\t\t\t\t\t\t<span class=\"icon ready\" data-icon=\"announcement-megaphone\"><\/span>\n\t\t\t\t\t\t<\/div>\n<h5>Marketing<\/h5>\n<p> Conhe\u00e7a as inova\u00e7\u00f5es \u2014 incluindo o Veeva AI \u2014 que est\u00e3o transformando o processo de MLR. Veja como o alinhamento entre Marketing e Vendas acelera o ciclo de campanhas e garante conte\u00fados cient\u00edficos mais relevantes para profissionais de sa\u00fade em uma jornada omnichannel integrada.\n<\/p>\n<\/p><\/div>\n<div class=\"icon-card icon-card--light icon-card--large\">\n<div class=\"floating-icon\">\n\t\t\t\t\t\t\t<span class=\"icon ready\" data-icon=\"business-handshake\"><\/span>\n\t\t\t\t\t\t<\/div>\n<h5>Connect &#038; Learn<\/h5>\n<p>Explore how Veeva AI, omnichannel CRM, and connected software and data power more strategic HCP engagement and improve commercial execution.<\/p>\n<\/p><\/div>\n<\/p><\/div>\n<\/div>\n<\/section>\n<p><!-- Reasons to Attend Start &#x2705; --><\/p>\n<section class=\"z-pattern z-pattern-products z-pattern--light\">\n<div class=\"z-pattern__wrapper container\">\n<div class=\"z-pattern__inner\">\n<div class=\"copy-container copy-container--eyebrow-gradient copy-container--center copy-container--left-lg\">\n<h6>Por que participar<\/h6>\n<h3>O evento Veeva mais esperado do ano.<\/h3>\n<p>\t\t\t<!-- <a class=\"button-primary button-primary--gradient\" href=\"https:\/\/www.veeva.com\/events\/commercial-summit\/register\/\" target=\"_self\" rel=\"noopener\">Inscreva-se Agora<\/a>--><\/p><\/div>\n<div class=\"z-pattern__image\">\n<div class=\"z-pattern__image-wrapper\">\n\t\t\t\t\t\t<img decoding=\"async\" src=\"https:\/\/www.veeva.com\/br\/wp-content\/uploads\/2026\/03\/2026-BR-Comm-Summit-Image-Why-Attend-2a.png\" alt=\"\" \/>\n\t\t\t\t\t\t<\/div>\n<\/p><\/div>\n<div class=\"z-pattern__content z-pattern__subgrid\">\n\t\t\t\t\t\t<!-- [1-6x] --><\/p>\n<div class=\"z-pattern-products__subpoint\">\n<div class=\"z-pattern-products__subpoint-headline\">\n<h6>Experi\u00eancia de Clientes<\/h6>\n<\/div>\n<div class=\"z-pattern-products__subpoint-body\">\n<p>Escute diretamente de nossos clientes sobre suas experi\u00eancias na ind\u00fastria com as aplica\u00e7\u00f5es da Veeva.<\/p>\n<\/div><\/div>\n<div class=\"z-pattern-products__subpoint\">\n<div class=\"z-pattern-products__subpoint-headline\">\n<h6>Novidades Veeva<\/h6>\n<\/div>\n<div class=\"z-pattern-products__subpoint-body\">\n<p>Conhe\u00e7a as \u00faltimas novidades da Veeva em primeira m\u00e3o, assista a demonstra\u00e7\u00f5es ao vivo e acompanhe roadmaps exclusivos. <\/p>\n<\/div><\/div>\n<div class=\"z-pattern-products__subpoint\">\n<div class=\"z-pattern-products__subpoint-headline\">\n<h6>Partners<\/h6>\n<\/div>\n<div class=\"z-pattern-products__subpoint-body\">\n<p>Conhe\u00e7as alguns dos Veeva Partners que patrocinar\u00e3o o evento, tornando a sua experi\u00eancia ainda mais completa. Visite a \u00e1rea de sponsors e descubra como eles podem ajudar no seu dia a dia.<\/p>\n<\/div><\/div>\n<div class=\"z-pattern-products__subpoint\">\n<div class=\"z-pattern-products__subpoint-headline\">\n<h6>Networking<\/h6>\n<\/div>\n<div class=\"z-pattern-products__subpoint-body\">\n<p>Reencontre colegas, fa\u00e7a novos contatos e conhe\u00e7a l\u00edderes da ind\u00fastria. E aproveite nosso coquetel ao final do evento, um momento mais descontra\u00eddo e ideal para socializar.<\/p>\n<\/p><\/div>\n<\/p><\/div>\n<p>\t\t\t\t\t\t<!-- [] -->\n\t\t\t\t<\/div>\n<\/p><\/div>\n<\/section>\n<p><!-- Quotes Start &#x2705; --><\/p>\n<section class=\"quote-tabs quote-tabs--light hidden\">\n<div class=\"copy-container container copy-container--center copy-container--eyebrow-gradient\">\n<h3>Exchange Ideas and Build Your Network<\/h3>\n<\/p><\/div>\n<div class=\"quote-tabs__content\">\n<div class=\"container\">\n<div class=\"carousel slide carousel-fade\" data-bs-ride=\"carousel\">\n<div class=\"carousel-indicators\"><\/div>\n<div class=\"carousel-inner\">\n\t\t\t\t\t\t\t<!-- [1-6x] --><\/p>\n<div class=\"carousel-item\">\n<div class=\"quote-card quote-card-single\">\n<div class=\"quote-card__quote-wrapper\">\n<p>\u201cThis is the event where you will learn about best practices and hear from other colleagues how they have applied new features.\u201d<\/p>\n<\/p><\/div>\n<\/p><\/div>\n<\/p><\/div>\n<div class=\"carousel-item\">\n<div class=\"quote-card quote-card-single\">\n<div class=\"quote-card__quote-wrapper\">\n<p>&#8220;The best thing about Summit is the people. If you have a question, there&#8217;s going to be someone with answers for you.\u201d<\/p>\n<\/p><\/div>\n<\/p><\/div>\n<\/p><\/div>\n<div class=\"carousel-item\">\n<div class=\"quote-card quote-card-single\">\n<div class=\"quote-card__quote-wrapper\">\n<p>\u201cSummit always provides me the opportunity to catch up with both my peers and Veeva product experts to understand the latest direction of the industry and Veeva\u2019s capabilities.\u201d<\/p>\n<\/p><\/div>\n<\/p><\/div>\n<\/p><\/div>\n<div class=\"carousel-item\">\n<div class=\"quote-card quote-card-single\">\n<div class=\"quote-card__quote-wrapper\">\n<p>\u201cThe presentations were very informative, and I didn&#8217;t want to miss any of them! The presenters were all excellent and gave practical tips we can use.\u201d <\/p>\n<\/p><\/div>\n<\/p><\/div>\n<\/p><\/div>\n<p>\t\t\t\t\t\t\t<!-- [] -->\n\t\t\t\t\t\t<\/div>\n<\/p><\/div>\n<\/p><\/div>\n<\/p><\/div>\n<\/section>\n<section class=\"logo-wall-listed logo-wall-listed--light\">\n<div class=\"copy-container container copy-container--center copy-container--eyebrow-gradient\">\n<h6>Participantes 2025<\/h6>\n<h3>Confira as empresas presentes<\/h3>\n<\/p><\/div>\n<div class=\"logo-wall-listed__logos container\">\n\t\t\t\t<img decoding=\"async\" src=\"https:\/\/www.veeva.com\/br\/wp-content\/uploads\/2026\/03\/empresas-comm-em-2025.png\" alt=\"empresas\" style=\"width:1400px;\" ><\/p><\/div>\n<div class=\"copy-container container copy-container--center d-none\">\n<p>Check out the full speaker lineup <a href=\"\/events\/commercial-summit\/speakers\/\">here<\/a>.<\/p>\n<\/p><\/div>\n<\/section>\n<section id=\"video\" class=\"video-player-stacked video-player-stacked--dark section-rounded-top\" style=\"padding-bottom:150px;\">\n<div class=\"copy-container container copy-container--center\">\n<h3>A experi\u00eancia que te espera!<\/h3>\n<\/p><\/div>\n<div class=\"video-player-stacked__video container\">\n\t<script src=\"https:\/\/fast.wistia.com\/embed\/medias\/vvssb946yg.jsonp\" data-cookieconsent=\"ignore\" async><\/script><script src=\"https:\/\/fast.wistia.com\/assets\/external\/E-v1.js\" data-cookieconsent=\"ignore\" async><\/script><div class=\"wistia_responsive_padding\" style=\"padding:56.25% 0 0 0;position:relative;\"><div class=\"wistia_responsive_wrapper\" style=\"height:100%;left:0;position:absolute;top:0;width:100%;\"><div class=\"wistia_embed wistia_async_vvssb946yg videoFoam=true\" style=\"height:100%;position:relative;width:100%\"><div class=\"wistia_swatch\" style=\"height:100%;left:0;opacity:0;overflow:hidden;position:absolute;top:0;transition:opacity 200ms;width:100%;\"><img decoding=\"async\" src=\"https:\/\/fast.wistia.com\/embed\/medias\/vvssb946yg\/swatch\" style=\"filter:blur(5px);height:100%;object-fit:contain;width:100%;\" alt=\"\" aria-hidden=\"true\" onload=\"this.parentNode.style.opacity=1;\" \/><\/div><\/div><\/div><\/div><\/p><\/div>\n<\/section>\n<p><!-- Sticky Banner Start --><\/p>\n<section class=\"alert-banner\" hidden>\n<div class=\"alert-banner__bar\">\n<div class=\"container\">\n<div class=\"alert-banner__copy\">\n<h5>O evento Veeva mais esperado pela ind\u00fastria farmac\u00eautica<\/h5>\n<p class=\"body-m\"> S\u00e3o Paulo | 27 de Agosto de 2026 <\/p>\n<\/p><\/div>\n<p>\t\t\t<a class=\"button-primary button-primary--gradient\" href=\"https:\/\/www.veeva.com\/events\/commercial-summit\/register\/\" target=\"_self\" rel=\"noopener\">Inscreva-se<\/a>\n\t\t<\/div>\n<\/p><\/div>\n<\/section>\n<p><!-- Sticky Banner End --><\/p>\n<p><!-- Bottom Banner Start --><\/p>\n<section class=\"hero-contained hero-contained--dark hero-contained--image hero-contained--footer-fix\" style=\"min-height:300px;margin-top:-50px;background-image: url('https:\/\/www.veeva.com\/wp-content\/uploads\/2025\/06\/2025-RD-Summit-hp-footer.jpg')\">\n<div class=\"copy-container container copy-container--center\">\n<h3>Conex\u00e3o, Colabora\u00e7\u00e3o e<br \/>Inova\u00e7\u00e3o no Veeva Commercial Summit<\/h3>\n<div class=\"copy-container__buttons\">\n\t\t\t<a class=\"button-primary button-primary--gradient\" href=\"https:\/\/www.veeva.com\/events\/commercial-summit\/register\/\" target=\"_self\" rel=\"noopener\">Inscri\u00e7\u00f5es em breve<\/a>\n\t\t<\/div>\n<\/p><\/div>\n<\/section>\n<p><!-- Bottom Banner End --><\/p><\/div>\n<p><\/main><\/p>\n","protected":false},"excerpt":{"rendered":"<p>Veeva Commercial Summit, North America. This event is complimentary for life sciences professionals across sales, medical, and marketing. Register today.<\/p>\n","protected":false},"author":334,"featured_media":111084,"parent":15572,"menu_order":0,"comment_status":"closed","ping_status":"closed","template":"templates\/veeva-2024.full-page.php","meta":{"footnotes":""},"class_list":["post-61050","page","type-page","status-publish","has-post-thumbnail","hentry"],"aioseo_notices":[],"_links":{"self":[{"href":"https:\/\/www.veeva.com\/br\/wp-json\/wp\/v2\/pages\/61050"}],"collection":[{"href":"https:\/\/www.veeva.com\/br\/wp-json\/wp\/v2\/pages"}],"about":[{"href":"https:\/\/www.veeva.com\/br\/wp-json\/wp\/v2\/types\/page"}],"author":[{"embeddable":true,"href":"https:\/\/www.veeva.com\/br\/wp-json\/wp\/v2\/users\/334"}],"replies":[{"embeddable":true,"href":"https:\/\/www.veeva.com\/br\/wp-json\/wp\/v2\/comments?post=61050"}],"version-history":[{"count":144,"href":"https:\/\/www.veeva.com\/br\/wp-json\/wp\/v2\/pages\/61050\/revisions"}],"predecessor-version":[{"id":61586,"href":"https:\/\/www.veeva.com\/br\/wp-json\/wp\/v2\/pages\/61050\/revisions\/61586"}],"up":[{"embeddable":true,"href":"https:\/\/www.veeva.com\/br\/wp-json\/wp\/v2\/pages\/15572"}],"wp:featuredmedia":[{"embeddable":true,"href":"https:\/\/www.veeva.com\/br\/wp-json\/"}],"wp:attachment":[{"href":"https:\/\/www.veeva.com\/br\/wp-json\/wp\/v2\/media?parent=61050"}],"curies":[{"name":"wp","href":"https:\/\/api.w.org\/{rel}","templated":true}]}}