{"id":61132,"date":"2026-03-19T15:23:33","date_gmt":"2026-03-19T18:23:33","guid":{"rendered":"https:\/\/www.veeva.com\/br\/?page_id=61132"},"modified":"2026-04-07T16:02:12","modified_gmt":"2026-04-07T19:02:12","slug":"veeva-commercial-summit-vma","status":"publish","type":"page","link":"https:\/\/www.veeva.com\/br\/events\/veeva-commercial-summit-vma\/","title":{"rendered":"2026 Veeva Commercial Summit &#8211; VMA"},"content":{"rendered":"<p><main class=\"veeva-2024\"><\/p>\n<style>\n#veeva-header-nav.navbar {\n\tbox-shadow: none;\n}\n<\/style>\n<div id=\"secondary-navigation\" class=\"secondary-navigation ready\" style=\"top: 101px;\">\n<div class=\"secondary-navigation__wrapper container\">\n<div class=\"secondary-navigation__left\">\n<h3>\n\t\t\t\t\t\t\t\t\t<a href=\"\/br\/events\/veeva-commercial-summit-sobre\/\" class=\"\"><br \/>\n\t\t\t\t\t\t\t\tCommercial Summit\t\t\t\t\t\t\t\t\t<\/a><br \/>\n\t\t\t\t\t\t\t<\/h3>\n<\/p><\/div>\n<p>\t\t<!-- dropdown-item--main d-block d-lg-none dropdown-item dropdown-item--with-submenu --><\/p>\n<div class=\"secondary-navigation__right\">\n<ul class=\"secondary-navigation__desktop-menulist\">\n\t\t\t<a href=\"\/br\/events\/veeva-commercial-summit-sobre\/\"class=\"menu-item menu-item-type-custom menu-item-object-custom dropdown-item d-none d-lg-block\"><\/p>\n<li>Sobre<\/li>\n<p><\/a><a href=\"\/br\/events\/veeva-commercial-summit-agenda\" class=\"menu-item menu-item-type-custom menu-item-object-custom dropdown-item d-none d-lg-block\"><\/p>\n<li>Agenda<\/li>\n<p><\/a><a href=\"\/br\/events\/veeva-commercial-summit\" class=\"menu-item menu-item-type-custom menu-item-object-custom dropdown-item d-none d-xl-block\"><\/p>\n<li>Inscreva-se<\/li>\n<p><\/a><a href=\"https:\/\/www.veeva.com\/br\/events\/veeva-commercial-summit-vma\/\" aria-current=\"page\" class=\"menu-item menu-item-type-custom menu-item-object-custom current-menu-item dropdown-item active d-none d-lg-block\"><\/p>\n<li>Marketing Awards<\/li>\n<p><\/a>\t\t\t<\/ul>\n<div id=\"secondary-navigation__mobile-dropdown\" class=\"secondary-navigation__mobile-menulist dropdown d-block d-xxl-none\">\n<div class=\"secondary-navigation__mobile-display-item dropdown-toggle\" role=\"button\" id=\"subnavLink\" data-bs-toggle=\"dropdown\" aria-expanded=\"false\">\n<h6 class=\"desktop d-none d-lg-block\">\n\t\t\t\t\t\tVer Mais\t\t\t\t\t<\/h6>\n<h6 class=\"mobile d-block d-lg-none\"><\/h6>\n<\/div>\n<ul class=\"secondary-navigation__mobile-dropdown-menu dropdown-menu container\" aria-labelledby=\"subnavLink\" data-popper-placement=\"bottom-start\">\n<div class=\"dropdown-menu-content\"><\/div>\n<\/ul><\/div>\n<\/p><\/div>\n<\/p><\/div>\n<\/div>\n<div id=\"summit-overview\">\n<p><!-- Hero Start --><\/p>\n<section class=\"hero-centered hero-centered--image hero-centered--anchor-bottom pt-8 pb-9 pb-md-10\" style=\"background-image: url('https:\/\/www.veeva.com\/br\/wp-content\/uploads\/2026\/03\/fundo-banner-site-vma.png');\">\n<div class=\"copy-container container copy-container--center\">\n\t\t<img decoding=\"async\" src=\"https:\/\/www.veeva.com\/br\/wp-content\/uploads\/2026\/03\/logo-VMA-2026-no-bg.png\" alt=\"Veeva Marketing Awards 4 edi\u00e7\u00e3o\" style=\"max-height:none;max-width:450px;\"><br \/>\n<a class=\"button-outline button-outline--white\" href=\"https:\/\/docs.google.com\/forms\/d\/e\/1FAIpQLSfPhRMXf6kPjgMzrShZKu_VPjdOGLl6tpLItOLHpEeSwFwNuQ\/viewform?usp=dialog\" target=\"_self\" rel=\"noopener\"> Submeter um Case <\/a><\/p><\/div>\n<\/section>\n<p><!-- Hero End --><\/p>\n<style>\n@media (min-width:1200px) {\n.veeva-2024 .people-events__cards .person-card-events {\nwidth: calc(33% - 9.8rem)!important;\n}\n}<\/p>\n<p>ul {\nlist-style-position: inside;\n}<\/p>\n<\/style>\n<p><!-- Listed up - Impact, Light, Numbered --><\/p>\n<section class=\"listed-up listed-up-impact listed-up--light\">\n<div class=\"copy-container container copy-container--center copy-container--eyebrow-gradient\">\n<h3>O Padr\u00e3o de Excel\u00eancia que Inspira o Futuro da Sa\u00fade.<br \/>\n<\/h3>\n<p>O Veeva Marketing Awards foi criado para construir uma comunidade de l\u00edderes que inspiram o amanh\u00e3. Defendemos o potencial da tecnologia n\u00e3o apenas como ferramenta, mas como uma ponte que permite uma conex\u00e3o mais humana e precisa em cada etapa da jornada de vendas.<\/p>\n<p>Desde o primeiro insight at\u00e9 o paciente final, celebramos ideias que aproveitam o ecossistema digital para quebrar barreiras e transmitir a mensagem certa aos profissionais de sa\u00fade.\n<\/p>\n<p>Chegou a hora de seus projetos se tornarem o novo padr\u00e3o de efic\u00e1cia na ind\u00fastria farmac\u00eautica.\n<\/p>\n<p><\/p>\n<h4>Conhe\u00e7a os pilares do Veeva Marketing Awards<\/h4>\n<p><i>As porcentagens s\u00e3o referentes ao peso de cada t\u00f3pico na avalia\u00e7\u00e3o do case.<\/i>\n<\/p>\n<\/p><\/div>\n<div class=\"listed-up-impact__cards container d-grid\">\n<div class=\"impact-card impact-card-numbered\">\n<h5>23,3%<\/h5>\n<h5>Estrat\u00e9gia e Desafio<\/h5>\n<p>O grau de dificuldade do desafio de neg\u00f3cios e como o CRM ou o Veeva PromoMats forneceram a solu\u00e7\u00e3o.<\/p>\n<\/p><\/div>\n<div class=\"impact-card impact-card-numbered\">\n<h5>23,3%<\/h5>\n<h5>Ideia Estrat\u00e9gica<\/h5>\n<p>O uso de insights de dados para moldar o plano de a\u00e7\u00e3o (estrat\u00e9gia e t\u00e1ticas).<\/p>\n<\/p><\/div>\n<div class=\"impact-card impact-card-numbered\">\n<h5>23,3%<\/h5>\n<h5>Execu\u00e7\u00e3o<\/h5>\n<p>Execu\u00e7\u00e3o criativa por meio do CRM e otimiza\u00e7\u00e3o do fluxo de trabalho no Veeva PromoMats.\n<\/p>\n<\/p><\/div>\n<div class=\"impact-card impact-card-numbered\">\n<h5>30%<\/h5>\n<h5>Resultados de Neg\u00f3cios<\/h5>\n<p>O impacto tang\u00edvel nas vendas, na efici\u00eancia operacional ou na melhoria cl\u00ednica, comprovado por dados verific\u00e1veis.\n<\/p>\n<\/p><\/div>\n<\/p><\/div>\n<\/section>\n<p><!-- Sticky Banner Start --><\/p>\n<section class=\"alert-banner d-none\">\n<div class=\"alert-banner__bar\">\n<div class=\"container\">\n<div class=\"alert-banner__copy\">\n<h5>Where Commercial and Medical Leaders Meet<\/h5>\n<p class=\"body-m\"> Boston | May 19-20, 2026 <\/p>\n<\/p><\/div>\n<p>\t\t\t<a class=\"button-primary button-primary--gradient\" href=\"https:\/\/www.veeva.com\/events\/commercial-summit\/register\/\" target=\"_self\" rel=\"noopener\">Register Now<\/a>\n\t\t<\/div>\n<\/p><\/div>\n<\/section>\n<p><!-- Card Block 4 Up, light mode, card large --><\/p>\n<section class=\"card-block-4-up card-block-4-up--light section-rounded-top\">\n<div class=\"container\">\n        <!-- copy container --><\/p>\n<div class=\"copy-container copy-container--center copy-container--eyebrow-gradient\">\n<h3>\n               Diretrizes de Participa\u00e7\u00e3o:<br \/>\n            <\/h3>\n<\/p><\/div>\n<p>        <!-- content --><\/p>\n<div class=\"card-block-3-up__cards\">\n            <!-- icon card: medium, light  --><br \/>\n            <a class=\"icon-card icon-card--light icon-card--medium\" target=\"_blank\" rel=\"noopener\"><\/p>\n<div class=\"floating-icon\">\n                    <span class=\"icon\" data-icon=\"user-multiple-group\"><\/span>\n                <\/div>\n<h5>Equipes Eleg\u00edveis<\/h5>\n<p>Somente equipes de marketing ou estrat\u00e9gia digital que tenham implementado um projeto \/ campanha por meio do CRM ou Veeva PromoMats s\u00e3o eleg\u00edveis para participar da premia\u00e7\u00e3o.<\/p>\n<p>            <\/a><\/p>\n<p>            <a class=\"icon-card icon-card--light icon-card--medium\" href=\"https:\/\/www.veeva.com\/meet-veeva\/partners\/content\/partner-finder\/\" target=\"_blank\" rel=\"noopener\"><\/p>\n<div class=\"floating-icon\">\n                    <span class=\"icon\" data-icon=\"user-collaborate-group\"><\/span>\n                <\/div>\n<h5>CRM<\/h5>\n<p>Para projetos do CRM, os clientes s\u00f3 podem participar com uma ag\u00eancia parceira da Veeva. Conhe\u00e7a as ag\u00eancias parceiras clicando abaixo.<\/p>\n<div class=\"button-text-link button-text-link--black\">\n                    <span class=\"label\">Conhecer<\/span><br \/>\n                    <span class=\"underline\"><\/span>\n                <\/div>\n<p>            <\/a><\/p>\n<p>            <a class=\"icon-card icon-card--light icon-card--medium\" target=\"_blank\" rel=\"noopener\"><\/p>\n<div class=\"floating-icon\">\n                    <span class=\"icon\" data-icon=\"graph-bar-increase\"><\/span>\n                <\/div>\n<h5>Veeva PromoMats<\/h5>\n<p>Para projetos do Veeva PromoMats, participar com uma ag\u00eancia \u00e9 opcional. Caso ela tenha um papel fundamental no sucesso do projeto, o case pode ser submetido em conjunto, desde que seja uma ag\u00eancia parceira. O j\u00fari reserva-se o direito de premi\u00e1-la.\n<\/p>\n<p>            <\/a><\/p>\n<p>            <a class=\"icon-card icon-card--light icon-card--medium\" target=\"_blank\" rel=\"noopener\"><\/p>\n<div class=\"floating-icon\">\n                    <span class=\"icon\" data-icon=\"database-alert\"><\/span>\n                <\/div>\n<h5>Dados<\/h5>\n<p>Para garantir a confidencialidade dos dados de cada projeto, os laborat\u00f3rios podem apresentar os resultados em porcentagens ou \u00edndices para proteger informa\u00e7\u00f5es sens\u00edveis. Al\u00e9m disso, todos os dados apresentados devem citar a fonte (Por exemplo: Multichannel Activity Dashboard).\n<\/p>\n<p>            <\/a><\/p>\n<p>            <a class=\"icon-card icon-card--light icon-card--medium\" target=\"_blank\" rel=\"noopener\"><\/p>\n<div class=\"floating-icon\">\n                    <span class=\"icon\" data-icon=\"location-person-pin\"><\/span>\n                <\/div>\n<h5>Participa\u00e7\u00e3o<\/h5>\n<p>Pelo menos dois membros da equipe respons\u00e1veis pelo projeto devem participar do Veeva Commercial Summit. Em caso de submiss\u00e3o com uma ag\u00eancia, esta poder\u00e1 ter dois representantes em nome de toda a equipe.<\/p>\n<p>            <\/a><\/p>\n<p>            <a class=\"icon-card icon-card--light icon-card--medium\" href=\"https:\/\/docs.google.com\/forms\/d\/e\/1FAIpQLSfPhRMXf6kPjgMzrShZKu_VPjdOGLl6tpLItOLHpEeSwFwNuQ\/viewform?usp=dialog\" target=\"_blank\" rel=\"noopener\"><\/p>\n<div class=\"floating-icon\">\n                    <span class=\"icon\" data-icon=\"send-email-square\"><\/span>\n                <\/div>\n<h5>Envio<\/h5>\n<p>Os clientes, e n\u00e3o os parceiros, ser\u00e3o respons\u00e1veis \u200b\u200bpor enviar os cases e prover todos os dados necess\u00e1rios para a submiss\u00e3o.\n<\/p>\n<div class=\"button-text-link button-text-link--black\">\n                    <span class=\"label\">Submeter um Case<\/span><br \/>\n                    <span class=\"underline\"><\/span>\n                <\/div>\n<p>            <\/a><\/p><\/div>\n<\/p><\/div>\n<\/section>\n<p><!-- Card Block 4 Up, light mode, card large --><\/p>\n<section class=\"card-block-4-up card-block-4-up--light\">\n<div class=\"container\" style=\"margin-bottom:-105px; margin-top:-125px;\">\n        <!-- copy container --><\/p>\n<div class=\"copy-container copy-container--center copy-container--eyebrow-gradient\">\n<h4>Per\u00edodo de Elegibilidade:<\/h4>\n<p> Projetos implementados entre <strong>1\u00ba de julho de 2024 e 31 de dezembro de 2025<\/strong>. O per\u00edodo de implementa\u00e7\u00e3o pode ser flex\u00edvel caso algum dos projetos tenha sido conclu\u00eddo meses antes da data de abertura desta chamada de propostas.<\/p>\n<p>Propostas de edi\u00e7\u00f5es anteriores n\u00e3o ser\u00e3o aceitas. Caso a primeira fase de um projeto\/campanha tenha sido submetida anteriormente, as fases subsequentes poder\u00e3o ser submetidas nesta edi\u00e7\u00e3o e ser\u00e3o consideradas novas propostas.<\/p>\n<\/p><\/div>\n<\/p><\/div>\n<\/section>\n<p><!-- Listed up - Subpoints, light --><\/p>\n<section class=\"listed-up listed-up-subpoints listed-up--light\">\n<div class=\"copy-container container copy-container--center copy-container--eyebrow-gradient\">\n<h3>Cronograma:<\/h3>\n<\/p><\/div>\n<div class=\"listed-up__cards container\">\n<div class=\"listed-up-card listed-up-card-subpoints\">\n<div class=\"\"><\/div>\n<h5>Fase 1: Lan\u00e7amento e Submiss\u00e3o<br \/>\n<\/h5>\n<ul class=\"card-subtext\">\n<li>\n<p class=\"body-m\"><strong>6 de abril:<\/strong> Abertura das Inscri\u00e7\u00f5es.<\/p>\n<\/li>\n<li>\n<p class=\"body-m\"><strong>6 de abril a 31 de julho:<\/strong> Per\u00edodo de Submiss\u00e3o de Cases.<\/p>\n<\/li>\n<li>\n<p class=\"body-m\"><strong>31 de julho: <\/strong>Encerramento das Inscri\u00e7\u00f5es.<\/p>\n<\/li>\n<\/ul><\/div>\n<div class=\"listed-up-card listed-up-card-subpoints\">\n<div class=\"\"><\/div>\n<h5>Fase 2: Avalia\u00e7\u00e3o dos Cases Enviados<\/p>\n<\/h5>\n<ul class=\"card-subtext\">\n<li>\n<p class=\"body-m\"><strong>3 a 13 de agosto:<\/strong> An\u00e1lise t\u00e9cnica e delibera\u00e7\u00e3o do j\u00fari (a Veeva verifica se os cases cumprem os requisitos de participa\u00e7\u00e3o).<\/p>\n<\/li>\n<\/ul><\/div>\n<div class=\"listed-up-card listed-up-card-subpoints\">\n<div class=\"\"><\/div>\n<h5>Fase 3: An\u00fancio dos Finalistas e Planejamento do Evento<br \/>\n<\/h5>\n<ul class=\"card-subtext\">\n<li>\n<p class=\"body-m\"><strong>14 de agosto: <\/strong>An\u00fancio dos Finalistas.<\/p>\n<\/li>\n<li>\n<p class=\"body-m\">A partir deste momento, iniciaremos o planejamento da participa\u00e7\u00e3o dos finalistas no Veeva Commercial Summit.<\/p>\n<\/li>\n<\/ul><\/div>\n<\/p><\/div>\n<\/section>\n<p><!-- Z Pattern - Subpoints, Light --><\/p>\n<section class=\"z-pattern z-pattern-subpoints z-pattern--light z-pattern--bg-grey\">\n<div class=\"z-pattern__wrapper container\">\n<div class=\"z-pattern__inner\">\n            <!-- copy container--><\/p>\n<div class=\"copy-container copy-container--eyebrow-gradient copy-container--center copy-container--left-lg\">\n<h3>Inspire-se com estas ideias para o seu case:<br \/>\n<\/h3>\n<p>Voc\u00ea tem uma hist\u00f3ria de sucesso que poderia inspirar o futuro do marketing na \u00e1rea da sa\u00fade?\n<\/p>\n<div class=\"copy-container__buttons\">\n                    <a class=\"button-outline button-outline--black\" href=\"https:\/\/docs.google.com\/forms\/d\/e\/1FAIpQLSfPhRMXf6kPjgMzrShZKu_VPjdOGLl6tpLItOLHpEeSwFwNuQ\/viewform?usp=dialog\" target=\"_self\" rel=\"noopener\">Submeter um Case<br \/>\n<\/a><\/p>\n<p>                    <\/a>\n                <\/div>\n<\/p><\/div>\n<p>            <!-- z-pattern-subpoints__stats --><\/p><\/div>\n<div class=\"z-pattern-subpoints__points\">\n<div class=\"z-pattern-subpoints__point\">\n<h6>Efici\u00eancia Operacional (Veeva PromoMats):<\/h6>\n<p>Equipes com os ciclos de aprova\u00e7\u00e3o mais \u00e1geis e as maiores taxas de conformidade.<\/p>\n<\/p><\/div>\n<div class=\"z-pattern-subpoints__point\">\n<h6>Excel\u00eancia em Vendas (CRM): <\/h6>\n<p>Melhor uso de an\u00e1lises e segmenta\u00e7\u00e3o para impactar os esfor\u00e7os de vendas.<\/p>\n<\/p><\/div>\n<div class=\"z-pattern-subpoints__point\">\n<h6>Lan\u00e7amento Inovador:<\/h6>\n<p>Uso abrangente do ecossistema Veeva para introduzir um novo produto no mercado.\n<\/p>\n<\/p><\/div>\n<\/p><\/div>\n<\/p><\/div>\n<\/section>\n<section class=\"people-events people-events--light\" style=\"margin-top:75px;\">\n<div class=\"copy-container container copy-container--center copy-container--eyebrow-gradient\">\n<h2>Confira Highlights das Edi\u00e7\u00f5es Anteriores:<\/h2>\n<\/p><\/div>\n<div class=\"people-events__cards container\">\n<div class=\"person-card-events person-card-events--light\">\n<p>\t\t\t\t\t<img decoding=\"async\" class=\"person-card-events__thumbnail\" src=\"https:\/\/www.veeva.com\/br\/wp-content\/uploads\/2026\/03\/Veeva-Comercial-Summit-393.jpg\" alt=\"\"><\/p>\n<h6>Ganhadores 1\u00ba lugar 2025<\/h6>\n<p class=\"\">Cliente Johnson &#038; Johnson e Ag\u00eancia A6 <\/p>\n<p class=\"hidden\"><strong>Book $\/night Veeva Rate<\/strong><\/p>\n<\/p><\/div>\n<div class=\"person-card-events person-card-events--light\">\n\t\t\t\t\t<img decoding=\"async\" class=\"person-card-events__thumbnail\" src=\"https:\/\/www.veeva.com\/br\/wp-content\/uploads\/2026\/03\/Veeva-Comercial-Summit-387.jpg\" alt=\"\"><\/p>\n<h6>Ganhadores 2\u00ba lugar 2025<\/h6>\n<p class=\"\">Cliente Daiichi Sankyo e Ag\u00eancia Choveu<\/p>\n<p class=\"hidden\"><strong>Book $\/night Veeva Rate<\/strong><\/p>\n<\/p><\/div>\n<div class=\"person-card-events person-card-events--light\">\n<p>\t\t\t\t\t<img decoding=\"async\" class=\"person-card-events__thumbnail\" src=\"https:\/\/www.veeva.com\/br\/wp-content\/uploads\/2026\/03\/Veeva-Comercial-Summit-389.jpg\" alt=\"\"><\/p>\n<h6>Ganhadores 3\u00ba lugar 2025<\/h6>\n<p class=\"\">Cliente Daiichi Sankyo e Ag\u00eancia Prod <\/p>\n<p class=\"hidden\"><strong>Book $\/night Veeva Rate<\/strong><\/p>\n<\/p><\/div>\n<div class=\"person-card-events person-card-events--light\">\n<p>\t\t\t\t\t<img decoding=\"async\" class=\"person-card-events__thumbnail\" src=\"https:\/\/www.veeva.com\/br\/wp-content\/uploads\/2026\/03\/VMA-2024-1.jpg\" alt=\"\"><\/p>\n<h6>Ganhadores 1\u00ba lugar 2024<\/h6>\n<p class=\"\">Cliente Danone e Ag\u00eancia Solo Propaganda<\/p>\n<p class=\"hidden\"><strong>Book $\/night Veeva Rate<\/strong><\/p>\n<\/p><\/div>\n<div class=\"person-card-events person-card-events--light\">\n\t\t\t\t\t<img decoding=\"async\" class=\"person-card-events__thumbnail\" src=\"https:\/\/www.veeva.com\/br\/wp-content\/uploads\/2026\/03\/VMA-2024-2.jpg\" alt=\"\"><\/p>\n<h6>Ganhadores 2\u00ba lugar 2024<\/h6>\n<p class=\"\">Cliente Amgen e Ag\u00eancia Wish Propaganda<\/p>\n<p class=\"hidden\"><strong>Book $\/night Veeva Rate<\/strong><\/p>\n<\/p><\/div>\n<div class=\"person-card-events person-card-events--light\">\n\t\t\t\t\t<img decoding=\"async\" class=\"person-card-events__thumbnail\" src=\"https:\/\/www.veeva.com\/br\/wp-content\/uploads\/2026\/03\/VMa-2024-3.jpg\" alt=\"\"><\/p>\n<h6>Ganhadores 3\u00ba lugar 2024<\/h6>\n<p class=\"\">Cliente Daiichi Sankyo e Ag\u00eancia Choveu<\/p>\n<p class=\"hidden\"><strong>Book $\/night Veeva Rate<\/strong><\/p>\n<\/p><\/div>\n<div class=\"person-card-events person-card-events--light\">\n\t\t\t\t\t<img decoding=\"async\" class=\"person-card-events__thumbnail\" src=\"https:\/\/www.veeva.com\/br\/wp-content\/uploads\/2026\/03\/2023-vma-1.jpeg\" alt=\"\"><\/p>\n<h6>Ganhadores 1\u00ba lugar 2023<\/h6>\n<p class=\"\">Cliente Janssen<\/p>\n<p class=\"hidden\"><strong>Book $\/night Veeva Rate<\/strong><\/p>\n<\/p><\/div>\n<div class=\"person-card-events person-card-events--light\">\n\t\t\t\t\t<img decoding=\"async\" class=\"person-card-events__thumbnail\" src=\"https:\/\/www.veeva.com\/br\/wp-content\/uploads\/2026\/03\/2023-vma-2-.jpeg\" alt=\"\"><\/p>\n<h6>Ganhadores 2\u00ba lugar 2023<\/h6>\n<p class=\"\">Cliente Takeda e Ag\u00eancia Wish Propaganda<\/p>\n<p class=\"hidden\"><strong>Book $\/night Veeva Rate<\/strong><\/p>\n<\/p><\/div>\n<div class=\"person-card-events person-card-events--light\">\n\t\t\t\t\t<img decoding=\"async\" class=\"person-card-events__thumbnail\" src=\"https:\/\/www.veeva.com\/br\/wp-content\/uploads\/2026\/03\/2023-vma-3.jpeg\" alt=\"\"><\/p>\n<h6>Ganhadores 3\u00ba lugar 2023<\/h6>\n<p class=\"\">Cliente Amgen e Ag\u00eancia Wish Propaganda<\/p>\n<p class=\"hidden\"><strong>Book $\/night Veeva Rate<\/strong><\/p>\n<\/p><\/div>\n<div class=\"person-card-events person-card-events--light d-none\">\n\t\t\t\t\t<img decoding=\"async\" class=\"person-card-events__thumbnail\" src=\"https:\/\/www.veeva.com\/wp-content\/uploads\/2025\/04\/2025-NA-CS-hotel-moxy-350x215-a.jpg\" alt=\"\"><\/p>\n<h6>Moxy Boston Downtown<\/h6>\n<p class=\"hidden\">Veeva discounted rate sold out<\/p>\n<p class=\"\">240 Tremont St, Boston, MA 02116<br \/>Distance from Hynes: 1.7 miles (20 min drive)<\/p>\n<p class=\"hidden\"><strong>Book $\/night Veeva Rate<\/strong><\/p>\n<\/p><\/div>\n<\/p><\/div>\n<\/section>\n<p><!-- Sticky Banner End --><\/p>\n<p><!-- Bottom Banner Start --><\/p>\n<section class=\"hero-contained hero-contained--dark hero-contained--image hero-contained--footer-fix\" style=\"min-height:300px;margin-top:50px;background-image: url('https:\/\/www.veeva.com\/wp-content\/uploads\/2025\/06\/2025-RD-Summit-hp-footer.jpg')\">\n<div class=\"copy-container container copy-container--center\">\n<h3>Inspire a Ind\u00fastria com a sua Experi\u00eancia<\/h3>\n<div class=\"copy-container__buttons\">\n\t\t\t<a class=\"button-primary button-primary--gradient\" href=\"https:\/\/docs.google.com\/forms\/d\/e\/1FAIpQLSfPhRMXf6kPjgMzrShZKu_VPjdOGLl6tpLItOLHpEeSwFwNuQ\/viewform?usp=dialog\" target=\"_self\" rel=\"noopener\">Submeter um Case!<\/a>\n\t<\/div>\n<\/section>\n<p><!-- Bottom Banner End --><\/p><\/div>\n<p><\/main><\/p>\n","protected":false},"excerpt":{"rendered":"<p>Travel details for the Veeva Commercial Summit, North America. This event is complimentary for life sciences professionals across sales, medical, and marketing. View travel information.<\/p>\n","protected":false},"author":334,"featured_media":67354,"parent":15572,"menu_order":0,"comment_status":"closed","ping_status":"closed","template":"templates\/veeva-2024.full-page.php","meta":{"footnotes":""},"class_list":["post-61132","page","type-page","status-publish","has-post-thumbnail","hentry"],"aioseo_notices":[],"_links":{"self":[{"href":"https:\/\/www.veeva.com\/br\/wp-json\/wp\/v2\/pages\/61132"}],"collection":[{"href":"https:\/\/www.veeva.com\/br\/wp-json\/wp\/v2\/pages"}],"about":[{"href":"https:\/\/www.veeva.com\/br\/wp-json\/wp\/v2\/types\/page"}],"author":[{"embeddable":true,"href":"https:\/\/www.veeva.com\/br\/wp-json\/wp\/v2\/users\/334"}],"replies":[{"embeddable":true,"href":"https:\/\/www.veeva.com\/br\/wp-json\/wp\/v2\/comments?post=61132"}],"version-history":[{"count":184,"href":"https:\/\/www.veeva.com\/br\/wp-json\/wp\/v2\/pages\/61132\/revisions"}],"predecessor-version":[{"id":61723,"href":"https:\/\/www.veeva.com\/br\/wp-json\/wp\/v2\/pages\/61132\/revisions\/61723"}],"up":[{"embeddable":true,"href":"https:\/\/www.veeva.com\/br\/wp-json\/wp\/v2\/pages\/15572"}],"wp:featuredmedia":[{"embeddable":true,"href":"https:\/\/www.veeva.com\/br\/wp-json\/"}],"wp:attachment":[{"href":"https:\/\/www.veeva.com\/br\/wp-json\/wp\/v2\/media?parent=61132"}],"curies":[{"name":"wp","href":"https:\/\/api.w.org\/{rel}","templated":true}]}}