{"id":61342,"date":"2026-04-10T16:50:46","date_gmt":"2026-04-10T19:50:46","guid":{"rendered":"https:\/\/www.veeva.com\/br\/?page_id=61342"},"modified":"2026-04-10T16:58:48","modified_gmt":"2026-04-10T19:58:48","slug":"veeva-summit-rd-quality-brasil-sobre","status":"publish","type":"page","link":"https:\/\/www.veeva.com\/br\/events\/veeva-summit-rd-quality-brasil-sobre\/","title":{"rendered":"Veeva Summit R&#038;D + Quality Brasil 2026"},"content":{"rendered":"<p><main class=\"veeva-2024\"><\/p>\n<style>\n#veeva-header-nav.navbar {\n\tbox-shadow: none;\n}\n<\/style>\n<div id=\"secondary-navigation\" class=\"secondary-navigation ready\" style=\"top: 101px;\">\n<div class=\"secondary-navigation__wrapper container\">\n<div class=\"secondary-navigation__left\">\n<h3>\n\t\t\t\t\t\t\t\t\t<a href=\"\/br\/events\/veeva-summit-rd-quality-brasil-sobre\/\" class=\"\"><br \/>\n\t\t\t\t\t\t\tSummit R&#038;D + Quality\t\t\t\t\t\t\t\t\t<\/a><br \/>\n\t\t\t\t\t\t\t<\/h3>\n<\/p><\/div>\n<p>\t\t<!-- dropdown-item--main d-block d-lg-none dropdown-item dropdown-item--with-submenu --><\/p>\n<div class=\"secondary-navigation__right\">\n<ul class=\"secondary-navigation__desktop-menulist\">\n\t\t\t<a href=\"\/br\/events\/veeva-summit-rd-quality-brasil-sobre\/\" aria-current=\"page\" class=\"menu-item menu-item-type-custom menu-item-object-custom current-menu-item dropdown-item active d-none d-lg-block\"><\/p>\n<li>Sobre<\/li>\n<p><\/a><a href=\"\/br\/events\/veeva-summit-rd-quality-agenda\/\" class=\"menu-item menu-item-type-custom menu-item-object-custom dropdown-item d-none d-lg-block\"><\/p>\n<li>Agenda<\/li>\n<p><\/a><a href=\"\/br\/events\/veeva-summit-rd-quality-brasil\/\" class=\"menu-item menu-item-type-custom menu-item-object-custom dropdown-item d-none d-xl-block\"><\/p>\n<li>Inscreva-se<\/li>\n<p><\/a>\t\t\t<\/ul>\n<div id=\"secondary-navigation__mobile-dropdown\" class=\"secondary-navigation__mobile-menulist dropdown d-block d-xxl-none\">\n<div class=\"secondary-navigation__mobile-display-item dropdown-toggle\" role=\"button\" id=\"subnavLink\" data-bs-toggle=\"dropdown\" aria-expanded=\"false\">\n<h6 class=\"desktop d-none d-lg-block\">\n\t\t\t\t\t\tVer Mais\t\t\t\t\t<\/h6>\n<h6 class=\"mobile d-block d-lg-none\"><\/h6>\n<\/div>\n<ul class=\"secondary-navigation__mobile-dropdown-menu dropdown-menu container\" aria-labelledby=\"subnavLink\" data-popper-placement=\"bottom-start\">\n<div class=\"dropdown-menu-content\"><\/div>\n<\/ul><\/div>\n<\/p><\/div>\n<\/p><\/div>\n<\/div>\n<div id=\"summit-overview\">\n<p><!-- HERO BANNER --><\/p>\n<section class=\"hero-centered hero-centered--image hero-centered--anchor-bottom pt-8 pb-9 pb-md-10\" style=\"background-image: url('https:\/\/www.veeva.com\/br\/wp-content\/uploads\/2026\/03\/banner-web2.png')\">\n<div class=\"copy-container container copy-container--center\">\n\t\t<img decoding=\"async\" src=\"https:\/\/www.veeva.com\/br\/wp-content\/uploads\/2026\/03\/logo-sem-data.png\" alt=\"Veeva R&amp;D Summit\" style=\"max-height: none;max-width: 304px;\"><\/p>\n<p>S\u00e3o Paulo | 25 de Agosto de 2026<\/p>\n<h1 class=\"mt-3 mb-5 mt-md-5 mb-md-7\">Conhecimento. Estrat\u00e9gia. Evolu\u00e7\u00e3o.<br \/>\n<\/h1>\n<div class=\"copy-container__buttons pb-md-4\"hidden>\n\t\t\t<a class=\"button-primary button-primary--gradient\" href=\"\/br\/events\/veeva-summit-rd-quality-brasil\/\">Inscreva-se<\/a>\n\t\t<\/div>\n<\/p><\/div>\n<\/section>\n<p><!-- END HERO BANNER --><\/p>\n<p><!-- Listed up - Impact, Light, Numbered --><\/p>\n<section class=\"card-block-3-up card-block-3-up--light\">\n<div class=\"container\">\n<div style=\"margin-bottom:-95px;\" class=\"copy-container copy-container--center copy-container--eyebrow-gradient\">\n<h2>A Edi\u00e7\u00e3o de 2026 Espera por Voc\u00ea!<\/h2>\n<p>O ponto de encontro essencial para profissionais de Assuntos Regulat\u00f3rios, Qualidade, Pesquisa Cl\u00ednica, Farmacovigil\u00e2ncia e TI que buscam liderar as transforma\u00e7\u00f5es do setor.<\/p>\n<p style=\"font-size:14px;\"><em>Este evento \u00e9 exclusivo para profissionais da ind\u00fastria farmac\u00eautica e a entrada \u00e9 gratuita.<\/p>\n<p><\/em><\/p>\n<div class=\"copy-container__buttons\" hidden>\n                <a class=\"button-outline button-outline--black\" href=\"\/br\/events\/veeva-summit-rd-quality-brasil\/\" target=\"[target]\" rel=\"noopener\"> Inscreva-se <\/a><\/p>\n<p>                <\/a><\/p><\/div>\n<\/section>\n<p><!-- Card Block 4 Up, light mode, card medium --><\/p>\n<section class=\"card-block-4-up card-block-4-up--light section-rounded-bottom\">\n<div class=\"container\">\n        <!-- copy container --><\/p>\n<div style=\"margin-bottom:-95px;\" class=\"copy-container copy-container--center copy-container--eyebrow-gradient\"><\/div>\n<p>        <!-- content --><\/p>\n<div class=\"card-block-4-up__cards\">\n            <!-- icon card: medium, light  --><\/p>\n<div class=\"icon-card icon-card--light icon-card--medium\"target=\"_blank\">\n<div class=\"floating-icon\">\n                    <span class=\"icon\" data-icon=\"task-list\"><\/span>\n                <\/div>\n<h5>Qualidade<\/h5>\n<p>Descubra como a inova\u00e7\u00e3o e as tend\u00eancias de legisla\u00e7\u00e3o est\u00e3o transformando a Garantia de Qualidade (GQ) e o Controle de Qualidade (CQ) bem como nossas ferramentas traduzem as necessidades do mercado em efici\u00eancia real.\n<\/p>\n<div class=\"button-text-link button-text-link--black\"><\/div>\n<\/p><\/div>\n<div class=\"icon-card icon-card--light icon-card--medium\"target=\"_blank\">\n<div class=\"floating-icon\">\n               <span class=\"icon\" data-icon=\"rocket\"><\/span>\n                <\/div>\n<h5>Regulat\u00f3rios<\/h5>\n<p>Esteja na vanguarda das discuss\u00f5es sobre as tend\u00eancias regulat\u00f3rias globais e locais que impactam o setor. Explore como as novas solu\u00e7\u00f5es Veeva transformam a gest\u00e3o regulat\u00f3ria em vantagem competitiva para o neg\u00f3cio.<\/p>\n<div class=\"button-text-link button-text-link--black\"><\/div>\n<\/p><\/div>\n<div class=\"icon-card icon-card--light icon-card--medium\"target=\"_blank\">\n<div class=\"floating-icon\">\n                    <span class=\"icon\" data-icon=\"checkup-medical-report-clipboard\"><\/span>\n                <\/div>\n<h5>Pesquisa Cl\u00ednica<\/h5>\n<p>Obtenha visibilidade total e em tempo real do status dos seus estudos, eliminando silos de informa\u00e7\u00e3o para maximizar a efici\u00eancia operacional e garantir a integridade dos dados em todas as fases em todos os centros, patrocinadores e CROs.\n<\/p>\n<div class=\"button-text-link button-text-link--black\"><\/div>\n<\/p><\/div>\n<div class=\"icon-card icon-card--light icon-card--medium\"target=\"_blank\">\n<div class=\"floating-icon\">\n                   <span class=\"icon\" data-icon=\"medical-bag\"><\/span>\n                <\/div>\n<h5>Farmacovigil\u00e2ncia<\/h5>\n<p>Aumente a seguran\u00e7a do paciente \u00e0 partir de uma detec\u00e7\u00e3o de sinais mais \u00e1gil e a conformidade global com uma gest\u00e3o simplificada de eventos adversos. <\/p>\n<div class=\"button-text-link button-text-link--black\"><\/div>\n<\/p><\/div>\n<\/p><\/div>\n<\/p><\/div>\n<\/section>\n<p><!-- Reasons to Attend Start &#x2705; --><\/p>\n<section class=\"z-pattern z-pattern-products z-pattern--light\">\n<div class=\"z-pattern__wrapper container\">\n<div class=\"z-pattern__inner\">\n<div class=\"copy-container copy-container--eyebrow-gradient copy-container--center copy-container--left-lg\">\n<h6>Por que participar<\/h6>\n<h3>O evento Veeva de R&#038;D &#038; Quality mais esperado do ano.<\/h3>\n<\/p><\/div>\n<div class=\"z-pattern__image z-pattern__image--mobile\">\n<div class=\"z-pattern__image-wrapper\">\n\t\t\t\t\t\t<img decoding=\"async\" src=\"https:\/\/www.veeva.com\/br\/wp-content\/uploads\/2026\/04\/imagem-web.jpg\" style=\"margin-top:60px;\"alt=\"\">\n\t\t\t\t\t\t<\/div>\n<\/p><\/div>\n<div class=\"z-pattern__content z-pattern__subgrid\">\n\t\t\t\t\t\t<!-- [1-6x] --><\/p>\n<div class=\"z-pattern-products__subpoint\">\n<div class=\"z-pattern-products__subpoint-headline\">\n<h6>Cases de Sucesso<\/h6>\n<\/div>\n<div class=\"z-pattern-products__subpoint-body\">\n<p>Ou\u00e7a relatos de clientes sobre suas jornadas de inova\u00e7\u00e3o e descubra como as solu\u00e7\u00f5es da Veeva est\u00e3o sendo aplicadas para elevar a maturidade digital e a efici\u00eancia na ind\u00fastria.<\/p>\n<\/div><\/div>\n<div class=\"z-pattern-products__subpoint\">\n<div class=\"z-pattern-products__subpoint-headline\">\n<h6>Novidades Veeva<\/h6>\n<\/div>\n<div class=\"z-pattern-products__subpoint-body\">\n<p> Conhe\u00e7a as tend\u00eancias tecnol\u00f3gicas que est\u00e3o moldando a ind\u00fastria. No Summit, voc\u00ea ter\u00e1 acesso exclusivo a roadmaps e demonstra\u00e7\u00f5es ao vivo de como as novas ferramentas podem antecipar solu\u00e7\u00f5es para os seus desafios.\n<\/p>\n<\/div><\/div>\n<div class=\"z-pattern-products__subpoint\">\n<div class=\"z-pattern-products__subpoint-headline\">\n<h6>Benchmarking<\/h6>\n<\/div>\n<div class=\"z-pattern-products__subpoint-body\">\n<p>Troque experi\u00eancias com l\u00edderes do setor e entenda as tend\u00eancias de mercado, bem como a forma de transformar a gest\u00e3o estrat\u00e9gica em uma vantagem competitiva real para o seu neg\u00f3cio.\n<\/p>\n<\/p><\/div>\n<\/p><\/div>\n<div class=\"z-pattern-products__subpoint\">\n<div class=\"z-pattern-products__subpoint-headline\">\n<h6>Por que voltar em 2026?<\/h6>\n<\/div>\n<div class=\"z-pattern-products__subpoint-body\">\n<p>O mercado mudou e o Summit evoluiu.Descubra novas tend\u00eancias de legisla\u00e7\u00e3o, confira os lan\u00e7amentos exclusivos do roadmap 2026 e fa\u00e7a benchmarking com novos players do setor.<\/p>\n<\/p><\/div>\n<\/p><\/div>\n<div class=\"z-pattern-products__subpoint\">\n<div class=\"z-pattern-products__subpoint-headline\">\n<h6>Veeva AI<\/h6>\n<\/div>\n<div class=\"z-pattern-products__subpoint-body\">\n<p>Potencialize seus resultados com uma IA desenvolvida especificamente para ambientes GxP. A Veeva une agilidade operacional com o m\u00e1ximo rigor em rastreabilidade e governan\u00e7a de dados, garantindo que a inova\u00e7\u00e3o seja sempre reprodut\u00edvel e esteja alinhada aos mais altos padr\u00f5es de conformidade do setor.<\/p>\n<\/p><\/div>\n<\/p><\/div>\n<\/p><\/div>\n<p>\t\t\t\t\t\t<!-- [] -->\n\t\t\t\t\t<\/div>\n<\/p><\/div>\n<\/p><\/div>\n<\/section>\n<p><!-- Z Pattern - Subpoints, Light --><\/p>\n<section class=\"z-pattern z-pattern-subpoints z-pattern--light\" hidden>\n<div class=\"z-pattern__wrapper container\">\n<div class=\"z-pattern__inner\">\n            <!-- copy container--><\/p>\n<div class=\"copy-container copy-container--eyebrow-gradient copy-container--center copy-container--left-lg\">\n<h6>Por que participar<\/h6>\n<h3>O evento Veeva de R&#038;D &#038; Quality mais esperado do ano.<\/h3>\n<div class=\"copy-container__buttons\">\n<p>                        <img decoding=\"async\" src=\"https:\/\/www.veeva.com\/br\/wp-content\/uploads\/2026\/03\/imagem-web.png\" style=\"max-height:none; max-width: 614px;\" alt=\"\" \/><\/p><\/div>\n<\/p><\/div>\n<p>            <!-- z-pattern-subpoints__stats --><\/p>\n<div class=\"z-pattern-subpoints__stats\" hidden>\n<div class=\"z-pattern-subpoints__stats-item\">\n                    <span class=\"z-pattern-subpoints__stats-item-label\">Lorem Ipsum<\/span><br \/>\n                    <span class=\"z-pattern-subpoints__stats-item-value\">0000+<\/span>\n                <\/div>\n<div class=\"z-pattern-subpoints__stats-item\">\n                    <span class=\"z-pattern-subpoints__stats-item-label\">Lorem Ipsum<\/span><br \/>\n                    <span class=\"z-pattern-subpoints__stats-item-value\">0000+<\/span>\n                <\/div>\n<div class=\"z-pattern-subpoints__stats-item\">\n                    <span class=\"z-pattern-subpoints__stats-item-label\">Lorem Ipsum<\/span><br \/>\n                    <span class=\"z-pattern-subpoints__stats-item-value\">0000+<\/span>\n                <\/div>\n<div class=\"z-pattern-subpoints__stats-item\">\n                    <span class=\"z-pattern-subpoints__stats-item-label\">Lorem Ipsum<\/span><br \/>\n                    <span class=\"z-pattern-subpoints__stats-item-value\">0000+<\/span>\n                <\/div>\n<\/p><\/div>\n<\/p><\/div>\n<div class=\"z-pattern-subpoints__points\">\n<div class=\"z-pattern-subpoints__point\">\n<h6>Cases de Sucesso<\/h6>\n<p>Ou\u00e7a relatos de clientes sobre suas jornadas de inova\u00e7\u00e3o e descubra como as solu\u00e7\u00f5es da Veeva est\u00e3o sendo aplicadas para elevar a maturidade digital e a efici\u00eancia na ind\u00fastria<\/p>\n<\/p><\/div>\n<div class=\"z-pattern-subpoints__point\">\n<h6>Novidades Veeva<\/h6>\n<p>Conhe\u00e7a as tend\u00eancias tecnol\u00f3gicas que est\u00e3o moldando a ind\u00fastria. Voc\u00ea acompanhar\u00e1 roadmaps e demonstra\u00e7\u00f5es exclusivas e ao vivo de como as novas ferramentas podem antecipar solu\u00e7\u00f5es para os seus desafios.<\/p>\n<\/p><\/div>\n<div class=\"z-pattern-subpoints__point\">\n<h6>Benchmarking<\/h6>\n<p>Troque experi\u00eancias com l\u00edderes do setor, entenda as tend\u00eancias de mercado e descubra como tornar a gest\u00e3o estrat\u00e9gica uma vantagem competitiva real para o seu neg\u00f3cio.<\/p>\n<\/p><\/div>\n<div class=\"z-pattern-subpoints__point\">\n<h6>Veeva AI<\/h6>\n<p>Descubra como uma IA desenvolvida para ambientes GxP pode potencializar seus resultados. A Veeva une agilidade operacional ao m\u00e1ximo rigor em rastreabilidade e governan\u00e7a de dados, garantindo que a inova\u00e7\u00e3o seja reprodut\u00edvel e alinhada aos mais altos padr\u00f5es de conformidade do setor.<\/p>\n<\/p><\/div>\n<div class=\"z-pattern-subpoints__point\">\n<h6>Por que voltar em 2026?<br \/>\n<\/h6>\n<p>O mercado mudou e o Summit evoluiu.Descubra novas tend\u00eancias de legisla\u00e7\u00e3o, confira os lan\u00e7amentos exclusivos do roadmap 2026 e fa\u00e7a benchmarking com novos players do setor.<\/p>\n<\/p><\/div>\n<\/p><\/div>\n<\/p><\/div>\n<\/section>\n<p>\t\t<!-- Video Player: Stacked, Dark, Text Infobox --><\/p>\n<section id=\"video\" class=\"video-player-stacked video-player-stacked--dark section-rounded-top\" style=\"padding-bottom:150px;\">\n<div class=\"copy-container container copy-container--center\">\n<h3>&#8220;O que era inova\u00e7\u00e3o ontem, \u00e9 padr\u00e3o hoje. <br \/>Descubra o amanh\u00e3 no Summit 2026.\u201d<br \/>\n<\/h3>\n<\/p><\/div>\n<div class=\"video-player-stacked__video container\">\n\t<script src=\"https:\/\/fast.wistia.com\/embed\/medias\/9hx1ynjtl5.jsonp\" data-cookieconsent=\"ignore\" async><\/script><script src=\"https:\/\/fast.wistia.com\/assets\/external\/E-v1.js\" data-cookieconsent=\"ignore\" async><\/script><div class=\"wistia_responsive_padding\" style=\"padding:56.25% 0 0 0;position:relative;\"><div class=\"wistia_responsive_wrapper\" style=\"height:100%;left:0;position:absolute;top:0;width:100%;\"><div class=\"wistia_embed wistia_async_9hx1ynjtl5 videoFoam=true\" style=\"height:100%;position:relative;width:100%\"><div class=\"wistia_swatch\" style=\"height:100%;left:0;opacity:0;overflow:hidden;position:absolute;top:0;transition:opacity 200ms;width:100%;\"><img decoding=\"async\" src=\"https:\/\/fast.wistia.com\/embed\/medias\/9hx1ynjtl5\/swatch\" style=\"filter:blur(5px);height:100%;object-fit:contain;width:100%;\" alt=\"\" aria-hidden=\"true\" onload=\"this.parentNode.style.opacity=1;\" \/><\/div><\/div><\/div><\/div><\/p><\/div>\n<\/section>\n<section class=\"logo-wall-listed logo-wall-listed--light\">\n<div class=\"copy-container container copy-container--center copy-container--eyebrow-gradient\">\n<h6>Participantes 2025<\/h6>\n<h3>Confira as empresas presentes<\/h3>\n<\/p><\/div>\n<div class=\"logo-wall-listed__logos container\">\n\t\t\t\t<img decoding=\"async\" src=\"\/br\/wp-content\/uploads\/2026\/04\/empresas-RD-em-2025-novo.png\" alt=\"\"style=\"width:1400px;\" ><\/p><\/div>\n<\/section>\n<p><!-- ALERT BANNER --><\/p>\n<section class=\"alert-banner\" style=\"opacity: 0; visibility: hidden;\" hidden>\n<div class=\"alert-banner__bar\">\n<div class=\"container\">\n<div class=\"alert-banner__copy\">\n<h5>Participe desta experi\u00eancia Veeva<\/h5>\n<p class=\"body-m\">S\u00e3o Paulo | 25 de Agosto de 2026<\/p>\n<\/p><\/div>\n<p>\t\t\t<a class=\"button-primary button-primary--gradient\" href=\"\/eu\/events\/rd-summit\/register\/\">Inscreva-se Agora<\/a><br \/>\n\t\t\t<button type=\"button\" class=\"button-secondary button-secondary--black\" aria-label=\"Close\"><\/button>\n\t\t<\/div>\n<\/p><\/div>\n<\/section>\n<p><!-- END ALERT BANNER --><\/p>\n<p><!-- Bottom Banner Start --><\/p>\n<section class=\"hero-contained hero-contained--dark hero-contained--image hero-contained--footer-fix\" style=\"min-height:300px;margin-top:-50px;background-image: url('https:\/\/www.veeva.com\/br\/wp-content\/uploads\/2026\/03\/banner-web2.png')\">\n<div class=\"copy-container container copy-container--center\">\n<h3>Conhecimento, Estrat\u00e9gia, Evolu\u00e7\u00e3o no <br \/>Veeva Summit R&#038;D + Quality Brasil.<\/h3>\n<div class=\"copy-container__buttons\" hidden>\n\t\t\t<a class=\"button-primary button-primary--gradient\" href=\"\" target=\"_self\" rel=\"noopener\">Garanta Sua Participa\u00e7\u00e3o<\/a>\n\t\t<\/div>\n<\/p><\/div>\n<\/section>\n<p><!-- Bottom Banner End --><\/p><\/div>\n<p><\/main><\/p>\n","protected":false},"excerpt":{"rendered":"<p>Summit R&#038;D + Quality Sobre Agenda Inscreva-se Ver Mais S\u00e3o Paulo | 25 de Agosto de 2026 Conhecimento. Estrat\u00e9gia. Evolu\u00e7\u00e3o. Inscreva-se A Edi\u00e7\u00e3o de 2026 Espera por Voc\u00ea! O ponto de encontro essencial para profissionais de Assuntos Regulat\u00f3rios, Qualidade, Pesquisa Cl\u00ednica, Farmacovigil\u00e2ncia e TI que buscam liderar as transforma\u00e7\u00f5es do setor. Este evento \u00e9 exclusivo&hellip;<\/p>\n","protected":false},"author":334,"featured_media":0,"parent":15572,"menu_order":0,"comment_status":"closed","ping_status":"closed","template":"templates\/veeva-2024.full-page.php","meta":{"footnotes":""},"class_list":["post-61342","page","type-page","status-publish","hentry"],"aioseo_notices":[],"_links":{"self":[{"href":"https:\/\/www.veeva.com\/br\/wp-json\/wp\/v2\/pages\/61342"}],"collection":[{"href":"https:\/\/www.veeva.com\/br\/wp-json\/wp\/v2\/pages"}],"about":[{"href":"https:\/\/www.veeva.com\/br\/wp-json\/wp\/v2\/types\/page"}],"author":[{"embeddable":true,"href":"https:\/\/www.veeva.com\/br\/wp-json\/wp\/v2\/users\/334"}],"replies":[{"embeddable":true,"href":"https:\/\/www.veeva.com\/br\/wp-json\/wp\/v2\/comments?post=61342"}],"version-history":[{"count":162,"href":"https:\/\/www.veeva.com\/br\/wp-json\/wp\/v2\/pages\/61342\/revisions"}],"predecessor-version":[{"id":61985,"href":"https:\/\/www.veeva.com\/br\/wp-json\/wp\/v2\/pages\/61342\/revisions\/61985"}],"up":[{"embeddable":true,"href":"https:\/\/www.veeva.com\/br\/wp-json\/wp\/v2\/pages\/15572"}],"wp:attachment":[{"href":"https:\/\/www.veeva.com\/br\/wp-json\/wp\/v2\/media?parent=61342"}],"curies":[{"name":"wp","href":"https:\/\/api.w.org\/{rel}","templated":true}]}}