{"id":61547,"date":"2026-04-10T16:51:09","date_gmt":"2026-04-10T19:51:09","guid":{"rendered":"https:\/\/www.veeva.com\/br\/?page_id=61547"},"modified":"2026-04-10T16:58:52","modified_gmt":"2026-04-10T19:58:52","slug":"veeva-summit-rd-quality-brasil","status":"publish","type":"page","link":"https:\/\/www.veeva.com\/br\/events\/veeva-summit-rd-quality-brasil\/","title":{"rendered":"2026 Veeva Summit RD Quality &#8211; Inscreva-se"},"content":{"rendered":"<p><main class=\"veeva-2024\"><\/p>\n<style>\n#veeva-header-nav.navbar {\n\tbox-shadow: none;\n}\n<\/style>\n<div id=\"secondary-navigation\" class=\"secondary-navigation ready\" style=\"top: 101px;\">\n<div class=\"secondary-navigation__wrapper container\">\n<div class=\"secondary-navigation__left\">\n<h3>\n\t\t\t\t\t\t\t\t\t<a href=\"\/br\/events\/veeva-summit-rd-quality-brasil-sobre\/\" class=\"\"><br \/>\n\t\t\t\t\t\t\tSummit R&#038;D + Quality\t\t\t\t\t\t\t\t\t<\/a><br \/>\n\t\t\t\t\t\t\t<\/h3>\n<\/p><\/div>\n<p>\t\t<!-- dropdown-item--main d-block d-lg-none dropdown-item dropdown-item--with-submenu --><\/p>\n<div class=\"secondary-navigation__right\">\n<ul class=\"secondary-navigation__desktop-menulist\">\n\t\t\t<a href=\"\/br\/events\/veeva-summit-rd-quality-brasil-sobre\/\" class=\"menu-item menu-item-type-custom menu-item-object-custom dropdown-item d-none d-lg-block\"><\/p>\n<li>Sobre<\/li>\n<p><\/a><a href=\"\/br\/events\/veeva-summit-rd-quality-agenda\/\" aria-current=\"page\" class=\"menu-item menu-item-type-custom menu-item-object-custom dropdown-item d-none d-lg-block\"><\/p>\n<li>Agenda<\/li>\n<p><\/a><a href=\"\/br\/events\/veeva-summit-rd-quality-brasil\/\" aria-current=\"page\" class=\"menu-item menu-item-type-custom menu-item-object-custom current-menu-item dropdown-item active d-none d-lg-block\"><\/p>\n<li>Inscreva-se<\/li>\n<p><\/a>\t\t\t<\/ul>\n<div id=\"secondary-navigation__mobile-dropdown\" class=\"secondary-navigation__mobile-menulist dropdown d-block d-xxl-none\">\n<div class=\"secondary-navigation__mobile-display-item dropdown-toggle\" role=\"button\" id=\"subnavLink\" data-bs-toggle=\"dropdown\" aria-expanded=\"false\">\n<h6 class=\"desktop d-none d-lg-block\">\n\t\t\t\t\t\tVer Mais\t\t\t\t\t<\/h6>\n<h6 class=\"mobile d-block d-lg-none\"><\/h6>\n<\/div>\n<ul class=\"secondary-navigation__mobile-dropdown-menu dropdown-menu container\" aria-labelledby=\"subnavLink\" data-popper-placement=\"bottom-start\">\n<div class=\"dropdown-menu-content\"><\/div>\n<\/ul><\/div>\n<\/p><\/div>\n<\/p><\/div>\n<\/div>\n<div id=\"summit-overview\">\n<p><!-- HERO BANNER --><\/p>\n<section class=\"hero-centered hero-centered--image hero-centered--anchor-bottom pt-8 pb-9 pb-md-10\" style=\"background-image: url('https:\/\/www.veeva.com\/br\/wp-content\/uploads\/2026\/03\/banner-web2.png')\">\n<div class=\"copy-container container copy-container--center\">\n\t\t<img decoding=\"async\" src=\"https:\/\/www.veeva.com\/br\/wp-content\/uploads\/2026\/03\/logo-sem-data.png\" alt=\"Veeva R&amp;D Summit\" style=\"max-height: none;max-width: 304px;\"><\/p>\n<p>S\u00e3o Paulo | 25 de Agosto de 2026<\/p>\n<h1 class=\"mt-3 mb-5 mt-md-5 mb-md-7\">Conhecimento. Estrat\u00e9gia. Evolu\u00e7\u00e3o.<br \/>\n<\/h1>\n<\/p><\/div>\n<\/section>\n<p><!-- END HERO BANNER --><\/p>\n<p><!-- Form Starts &#x2705; --><\/p>\n<section class=\"form section-spacing\" style=\"padding-top:50px;\">\n<div class=\"container\">\n<div class=\"copy-container container copy-container--center\">\n<h2>Inscreva-se<\/h2>\n<p>Em breve voc\u00ea poder\u00e1 fazer sua inscri\u00e7\u00e3o.<\/p>\n<p hidden>Sponsor registration for partners opens on February 20, 2026. If you are a partner, email alliances@veeva.com for Summit sponsorship information.\n<\/p>\n<p><span><span>\n\t\t\t\t<\/div>\n<div class=\"row\" style=\"padding-top:30px;\" hidden>\n<div class=\"col-sm-12 col-md-10 col-lg-10 col-xl-8 col-centered\">\n<form id=\"mktoForm_2685\"><\/form><div id=\"mktoForm_2685_thankyou\"  style=\"text-align:center;display:none;color:#636669;\"><h3>Thank you for your inquiry.<\/h3><p style=\"padding:0\">We will review your request shortly.<\/p><\/div>\n<\/div>\n<\/p><\/div>\n<\/p><\/div>\n<\/section>\n<style>\n.mktoForm .mktoFormRow select.mktoField {\n    white-space: pre-line;\n}\n.mktoForm .mktoFormRow textarea.mktoField {\n    height: auto;\n    field-sizing: content;\n}\n.mktoForm .mktoFieldWrap input:not([type=checkbox]):not([type=submit]) {field-sizing: content;}\n.mktoForm .mktoFieldWrap input:not([type=checkbox]):not([type=submit])::-webkit-input-placeholder {\n  white-space:pre-line;  \n}\n.mktoForm .mktoFieldWrap input:not([type=checkbox]):not([type=submit]):-moz-placeholder {\n  white-space:pre-line;  \n}\n.mktoForm .mktoFieldWrap input:not([type=checkbox]):not([type=submit])::-moz-placeholder  {\n  white-space:pre-line;  \n}\n.mktoForm .mktoFieldWrap input:not([type=checkbox]):not([type=submit]):-ms-input-placeholder {\n  white-space:pre-line;  \n}\n<\/style>\n<p><script>\nif ( window.chrome == null ) {\n(async() => {\n        await new Promise((resolve, reject) => {\n                this.waitInterval = setInterval(() => {\n                    if(typeof MktoForms2 !== 'undefined') {\n                        clearInterval(this.waitInterval);\n                        MktoForms2.whenReady(function () {\n    var input = document.querySelectorAll('textarea.mktoField');\n    for(i=0; i<input.length; i++){\n        input[i].setAttribute('style', 'height:' + input[i].scrollHeight + 'px');\n    }\n});\n                        resolve();\n                    }\n                }, 500);\n            })\n})();\n}\n<\/script><\/p>\n<div class=\"copy-container container copy-container--center d-none\">\n<p>Check out the full speaker lineup <a href=\"\/events\/commercial-summit\/speakers\/\">here<\/a>.<\/p>\n<\/p><\/div>\n<\/section>\n<section id=\"video\" class=\"video-player-stacked video-player-stacked--dark section-rounded-top\" style=\"padding-bottom:150px;\">\n<div class=\"copy-container container copy-container--center\">\n<h3>A experi\u00eancia que te espera!<\/h3>\n<\/p><\/div>\n<div class=\"video-player-stacked__video container\">\n\t\t<script src=\"https:\/\/fast.wistia.com\/embed\/medias\/9hx1ynjtl5.jsonp\" data-cookieconsent=\"ignore\" async><\/script><script src=\"https:\/\/fast.wistia.com\/assets\/external\/E-v1.js\" data-cookieconsent=\"ignore\" async><\/script><div class=\"wistia_responsive_padding\" style=\"padding:56.25% 0 0 0;position:relative;\"><div class=\"wistia_responsive_wrapper\" style=\"height:100%;left:0;position:absolute;top:0;width:100%;\"><div class=\"wistia_embed wistia_async_9hx1ynjtl5 videoFoam=true\" style=\"height:100%;position:relative;width:100%\"><div class=\"wistia_swatch\" style=\"height:100%;left:0;opacity:0;overflow:hidden;position:absolute;top:0;transition:opacity 200ms;width:100%;\"><img decoding=\"async\" src=\"https:\/\/fast.wistia.com\/embed\/medias\/9hx1ynjtl5\/swatch\" style=\"filter:blur(5px);height:100%;object-fit:contain;width:100%;\" alt=\"\" aria-hidden=\"true\" onload=\"this.parentNode.style.opacity=1;\" \/><\/div><\/div><\/div><\/div><\/p><\/div>\n<\/section>\n<p><!-- Bottom Banner Start --><\/p>\n<section class=\"hero-contained hero-contained--dark hero-contained--image hero-contained--footer-fix\" style=\"min-height:300px;margin-top:-50px;background-image: url('https:\/\/www.veeva.com\/br\/wp-content\/uploads\/2026\/03\/banner-web2.png')\">\n<div class=\"copy-container container copy-container--center\">\n<h3>Conhecimento, Estrat\u00e9gia e Evolu\u00e7\u00e3o no <br \/>Veeva Summit R&D + Quality Brasil.<\/h3>\n<\/p><\/div>\n<\/section>\n<p><!-- Bottom Banner End -->\n\t<\/div>\n<p><\/main><\/p>\n","protected":false},"excerpt":{"rendered":"<p>Summit R&#038;D + Quality Sobre Agenda Inscreva-se Ver Mais S\u00e3o Paulo | 25 de Agosto de 2026 Conhecimento. Estrat\u00e9gia. Evolu\u00e7\u00e3o. Inscreva-se Em breve voc\u00ea poder\u00e1 fazer sua inscri\u00e7\u00e3o. Sponsor registration for partners opens on February 20, 2026. If you are a partner, email alliances@veeva.com for Summit sponsorship information. Check out the full speaker lineup here.&hellip;<\/p>\n","protected":false},"author":334,"featured_media":0,"parent":15572,"menu_order":0,"comment_status":"closed","ping_status":"closed","template":"templates\/veeva-2024.full-page.php","meta":{"footnotes":""},"class_list":["post-61547","page","type-page","status-publish","hentry"],"aioseo_notices":[],"_links":{"self":[{"href":"https:\/\/www.veeva.com\/br\/wp-json\/wp\/v2\/pages\/61547"}],"collection":[{"href":"https:\/\/www.veeva.com\/br\/wp-json\/wp\/v2\/pages"}],"about":[{"href":"https:\/\/www.veeva.com\/br\/wp-json\/wp\/v2\/types\/page"}],"author":[{"embeddable":true,"href":"https:\/\/www.veeva.com\/br\/wp-json\/wp\/v2\/users\/334"}],"replies":[{"embeddable":true,"href":"https:\/\/www.veeva.com\/br\/wp-json\/wp\/v2\/comments?post=61547"}],"version-history":[{"count":22,"href":"https:\/\/www.veeva.com\/br\/wp-json\/wp\/v2\/pages\/61547\/revisions"}],"predecessor-version":[{"id":61987,"href":"https:\/\/www.veeva.com\/br\/wp-json\/wp\/v2\/pages\/61547\/revisions\/61987"}],"up":[{"embeddable":true,"href":"https:\/\/www.veeva.com\/br\/wp-json\/wp\/v2\/pages\/15572"}],"wp:attachment":[{"href":"https:\/\/www.veeva.com\/br\/wp-json\/wp\/v2\/media?parent=61547"}],"curies":[{"name":"wp","href":"https:\/\/api.w.org\/{rel}","templated":true}]}}