


{"id":62407,"date":"2026-05-13T08:50:01","date_gmt":"2026-05-13T11:50:01","guid":{"rendered":"https:\/\/www.veeva.com\/br\/?page_id=62407"},"modified":"2026-05-13T12:03:09","modified_gmt":"2026-05-13T15:03:09","slug":"veeva-lims","status":"publish","type":"page","link":"https:\/\/www.veeva.com\/br\/products\/veeva-lims\/","title":{"rendered":"Veeva LIMS | Modern QC LIMS Software for Biopharma"},"content":{"rendered":"<br \/>\n<style>\n@media (max-width:991px) {\n.veeva-2024 .z-pattern-products__subpoint {\nalign-items: center;\n}\n}<\/p>\n<p>@media (max-width:575.98px) {\n.veeva-2024 .hero-left-aligned--product .copy-container .z-pattern__subgrid h6 {\nalign-items: center;\ndisplay: flex;\nflex-direction: unset;\n}\n}<\/p>\n<p>.veeva-2024 #simple-product .hero-left-aligned--product .copy-container .z-pattern__subgrid h6 {\nmargin-top: 0;\nmargin-bottom: 0;\nfont-weight:600;\n}<\/p>\n<p>.veeva-2024 .z-pattern__subgrid {\n    display: grid;\n    gap: 20px;\n    grid-template-columns: 1fr;\n    height: fit-content;\n}<\/p>\n<\/style>\n<p><!-- Simple Product Page Start --><br \/>\n<main class=\"veeva-2024\"><\/p>\n<div id=\"simple-product\">\n\t\t<!-- Secondary Navigation Start &#x2705;  --><\/p>\n<p>\t\t<!-- Hero Start &#x2705; --><\/p>\n<section class=\"hero-left-aligned hero-left-aligned--product\">\n<div class=\"hero-left-aligned__wrapper container\">\n<div class=\"copy-container container copy-container--left\">\n<h2>Veeva LIMS<\/h2>\n<h1>Modernize o Controle de Qualidade com uma Solu\u00e7\u00e3o Unificada<\/h1>\n<p>\nO LIMS otimiza a confer\u00eancia dos dados para libera\u00e7\u00e3o de lotes, a gest\u00e3o de estudos de estabilidade e o monitoramento ambiental para o laborat\u00f3rio de controle de qualidade. Ele impulsiona o gerenciamento detalhado de amostras, a execu\u00e7\u00e3o digital de m\u00e9todos de teste, a ades\u00e3o a especifica\u00e7\u00f5es e a revis\u00e3o por exce\u00e7\u00e3o para acelerar a libera\u00e7\u00e3o de produtos.\n<\/p>\n<p>\nO LIMS promove a conformidade ao verificar as qualifica\u00e7\u00f5es dos usu\u00e1rios no Training, exibir procedimentos e m\u00e9todos anal\u00edticos vigentes no QualityDocs e iniciar eventos de qualidade diretamente no QMS, garantindo a resolu\u00e7\u00e3o adequada antes da disposi\u00e7\u00e3o do lote.\n<\/p>\n<div class=\"z-pattern__wrapper container pt-1 pb-4\">\n<div class=\"z-pattern__inner\">\n                            <!-- z-pattern: content section --><\/p>\n<div class=\"z-pattern__content z-pattern__subgrid\">\n<p>                                <a class=\"z-pattern-products__subpoint\" href=\"\/products\/veeva-lims-for-virtual-biopharma\/\" target=\"_self\" style=\"text-decoration: unset;\" rel=\"noopener\"><\/p>\n<div class=\"z-pattern-products__subpoint-headline\">\n<h6>Veeva LIMS for Virtual Biopharma<img decoding=\"async\" src=\"https:\/\/www.veeva.com\/wp-content\/themes\/veeva2015\/assets\/svg\/icons\/btn-arrow-up-right--black.svg\" alt=\"\"><\/h6>\n<\/p><\/div>\n<div class=\"z-pattern-products__subpoint-body--light d-none\">\n<p>Enables cross-functional teams to manage KOL engagements at congresses.<\/p>\n<\/p><\/div>\n<p>                                <\/a><\/p><\/div>\n<\/p><\/div>\n<\/p><\/div>\n<h6>\n\t\t\t\t\t\t<span><span>Anunciado<\/span> 2021<\/span><br \/>\n\t\t\t\t\t\t<span><span>Status<\/span> Inicial<\/span><br \/>\n\t\t\t\t\t\t<span><span>Clientes<\/span>11-50<\/span><br \/>\n\t\t\t\t\t<\/h6>\n<div class=\"copy-container__buttons\">\n\t\t\t\t\t\t\t\t\t\t\t\t\t<a style=\"font-size: 16px; text-decoration: underline;\" class=\"button-secondary button-secondary--black\" href=\"https:\/\/www.veeva.com\/wp-content\/uploads\/2023\/07\/Veeva-Product-Sheet-Vault-Quality.pdf?1\" target=\"_blank\" rel=\"noopener\"><br \/>\n   \t\t\t\t\t\t\t<img decoding=\"async\" src=\"https:\/\/www.veeva.com\/wp-content\/themes\/veeva2015\/assets\/svg\/icons\/btn-download--black.svg\" alt=\"\"> <span>Acesse o Product Sheet<\/span><\/a><\/p><\/div>\n<\/p><\/div>\n<div class=\"hero-left-aligned__image\">\n\t\t\t\t\t<img decoding=\"async\" src=\"https:\/\/www.veeva.com\/wp-content\/uploads\/2024\/03\/product-detail-hero-vault-lims@2x.png\" alt=\"Veeva LIMS | Modern QC LIMS Software for Biopharma\">\n\t\t\t\t<\/div>\n<\/p><\/div>\n<\/section>\n<p>\t\t<!-- Banner Start &#x2705; --><\/p>\n<p>\t\t<!-- Summit Banner Override --><br \/>\n\t\t\t\t<!-- Use this for R&D Summit Banner. --><\/p>\n<section class=\"alert-news\">\n\t\t\t<a class=\"alert-news__wrapper container\" href=\"\/resources\/why-veeva-vault-lims\/ \" target=\"_self\" rel=\"noopener\"><\/p>\n<div class=\"alert-news__inner\">\n<h6>Veja como o Veeva LIMS pode modernizar suas opera\u00e7\u00f5es de Controle de Qualidade<\/h6>\n<p>\t\t\t\t\t<span class=\"alert-news__btn-desktop button-secondary\"><br \/>\n\t\t\t\t\t\t<img decoding=\"async\" src=\"https:\/\/www.veeva.com\/wp-content\/themes\/veeva2015\/assets\/svg\/icons\/btn-arrow-up-right--black.svg\" alt=\"\"><br \/>\n\t\t\t\t\t<\/span><br \/>\n\t\t\t\t\t<span class=\"alert-news__btn-mobile button-text-link button-text-link--black\"><br \/>\n\t\t\t\t\t\t<span class=\"button-label\">Read More<\/span><br \/>\n\t\t\t\t\t\t<span class=\"underline\"><\/span><br \/>\n\t\t\t\t\t<\/span>\n\t\t\t\t<\/div>\n<p>\t\t\t<\/a><br \/>\n\t\t<\/section>\n<p>\t\t<!-- Z Pattern Start (Overview) &#x2705; --><\/p>\n<section class=\"d-none z-pattern z-pattern-products z-pattern--light z-pattern--bg-grey section-rounded-top\">\n<div class=\"z-pattern__wrapper container\">\n<div class=\"z-pattern__inner\">\n<div class=\"copy-container copy-container--eyebrow-gradient copy-container--center copy-container--left-lg\">\n<h6>Overview<\/h6>\n<h3>Modernize o Controle de Qualidade com uma Solu\u00e7\u00e3o Unificada<\/h3>\n<div class=\"copy-container__buttons\">\n\t\t\t\t\t\t\t\t\t\t\t\t\t\t<a class=\"button-tertiary button-tertiary--black\" href=\"https:\/\/www.veeva.com\/wp-content\/uploads\/2023\/07\/Veeva-Product-Sheet-Vault-Quality.pdf?1\" target=\"_blank\" rel=\"noopener\">Acesse o Product Sheet<\/a><br \/>\n\t\t\t\t\t\t\t\t\t\t\t\t\t\t\t\t\t\t\t\t\t<a class=\"button-secondary button-secondary--black button-secondary--icon-bg-white\" href=\"\/resources\/veeva-lims-features-brief\/\" target=\"_self\" rel=\"noopener\"><br \/>\n\t\t\t\t\t\t\t\t<img decoding=\"async\" src=\"https:\/\/www.veeva.com\/wp-content\/themes\/veeva2015\/assets\/svg\/icons\/btn-arrow-right--black.svg\" alt=\"\"><br \/>\n\t\t\t\t\t\t\t\t<span>View Features<\/span><br \/>\n\t\t\t\t\t\t\t<\/a>\n\t\t\t\t\t\t\t\t\t\t\t\t\t<\/div>\n<\/p><\/div>\n<div class=\"z-pattern__image z-pattern-image--desktop\">\n<div class=\"z-pattern__image-wrapper\">\n\t\t\t\t\t\t\t<img decoding=\"async\" src=\"https:\/\/www.veeva.com\/wp-content\/uploads\/2023\/12\/product-page-image-veeva-vault-lims-2x.png\" alt=\"\">\n\t\t\t\t\t\t<\/div>\n<\/p><\/div>\n<div class=\"z-pattern__content \">\n<p>\nO LIMS otimiza a confer\u00eancia dos dados para libera\u00e7\u00e3o de lotes, a gest\u00e3o de estudos de estabilidade e o monitoramento ambiental para o laborat\u00f3rio de controle de qualidade. Ele impulsiona o gerenciamento detalhado de amostras, a execu\u00e7\u00e3o digital de m\u00e9todos de teste, a ades\u00e3o a especifica\u00e7\u00f5es e a revis\u00e3o por exce\u00e7\u00e3o para acelerar a libera\u00e7\u00e3o de produtos.\n<\/p>\n<p>\nO LIMS promove a conformidade ao verificar as qualifica\u00e7\u00f5es dos usu\u00e1rios no Training, exibir procedimentos e m\u00e9todos anal\u00edticos vigentes no QualityDocs e iniciar eventos de qualidade diretamente no QMS, garantindo a resolu\u00e7\u00e3o adequada antes da disposi\u00e7\u00e3o do lote.\n<\/p>\n<div class=\"z-pattern__wrapper container pt-1 pb-4\">\n<div class=\"z-pattern__inner\">\n                            <!-- z-pattern: content section --><\/p>\n<div class=\"z-pattern__content z-pattern__subgrid\">\n<p>                                <a class=\"z-pattern-products__subpoint\" href=\"\/products\/veeva-lims-for-virtual-biopharma\/\" target=\"_self\" style=\"text-decoration: unset;\" rel=\"noopener\"><\/p>\n<div class=\"z-pattern-products__subpoint-headline\">\n<h6>Veeva LIMS for Virtual Biopharma<img decoding=\"async\" src=\"https:\/\/www.veeva.com\/wp-content\/themes\/veeva2015\/assets\/svg\/icons\/btn-arrow-up-right--black.svg\" alt=\"\"><\/h6>\n<\/p><\/div>\n<div class=\"z-pattern-products__subpoint-body--light d-none\">\n<p>Enables cross-functional teams to manage KOL engagements at congresses.<\/p>\n<\/p><\/div>\n<p>                                <\/a><\/p><\/div>\n<\/p><\/div>\n<\/p><\/div>\n<\/p><\/div>\n<\/p><\/div>\n<\/p><\/div>\n<\/section>\n<div class=\"blended-bg\">\n<p>\t\t\t<!-- Stats Start &#x2705; --><\/p>\n<p>\t\t\t<!-- Video Player Start &#x2705; --><\/p>\n<section class=\"video-player-stacked video-player-stacked--dark\">\n<div class=\"container copy-container copy-container--center copy-container--eyebrow-gradient\">\n<h6>Por que o Veeva LIMS?<\/h6>\n<h3>Controle de Qualidade Moderno e Unificado<\/h3>\n<\/p><\/div>\n<div class=\"video-player-stacked__video container\">\n<script src=\"https:\/\/fast.wistia.com\/embed\/medias\/oflkabulva.jsonp\" data-cookieconsent=\"ignore\" async><\/script><script src=\"https:\/\/fast.wistia.com\/assets\/external\/E-v1.js\" data-cookieconsent=\"ignore\" async><\/script><div class=\"wistia_responsive_padding\" style=\"padding:56.25% 0 0 0;position:relative;\"><div class=\"wistia_responsive_wrapper\" style=\"height:100%;left:0;position:absolute;top:0;width:100%;\"><div class=\"wistia_embed wistia_async_oflkabulva videoFoam=true\" style=\"height:100%;position:relative;width:100%\"><div class=\"wistia_swatch\" style=\"height:100%;left:0;opacity:0;overflow:hidden;position:absolute;top:0;transition:opacity 200ms;width:100%;\"><img decoding=\"async\" src=\"https:\/\/fast.wistia.com\/embed\/medias\/oflkabulva\/swatch\" style=\"filter:blur(5px);height:100%;object-fit:contain;width:100%;\" alt=\"\" aria-hidden=\"true\" onload=\"this.parentNode.style.opacity=1;\" \/><\/div><\/div><\/div><\/div><\/div>\n<div class=\"video-player-stacked__stats container\">\n<div class=\"statistic-3-up-wrapper\">\n<div class=\"sidebar-info-box sidebar-info-box--text sidebar-info-box--light\">\n<h4>\nDigital-first<\/h4>\n<p>Substitua sistemas legados e processos em papel para aumentar a confiabilidade e a precis\u00e3o com uma \u00fanica solu\u00e7\u00e3o unificada.<\/p>\n<\/div>\n<div class=\"sidebar-info-box sidebar-info-box--text sidebar-info-box--light\">\n<h4>Modernize os processos de CQ<\/h4>\n<p>Otimize o gerenciamento de dados de CQ de ponta a ponta e os processos de execu\u00e7\u00e3o de testes para quebrar silos entre sistemas, equipes e dados.\n<\/p>\n<\/div>\n<div class=\"sidebar-info-box sidebar-info-box--text sidebar-info-box--light\">\n<h4>Unifique o ecossistema de qualidade<\/h4>\n<p>Reduza erros e aumente a velocidade com processos de qualidade integrados e fluxos de trabalho automatizados.<\/p>\n<\/div><\/div>\n<\/p><\/div>\n<\/section><\/div>\n<p>\t\t<!-- Logo Wall Start &#x2705; --><\/p>\n<section class=\"quote-tabs quote-tabs--light \">\n<div class=\"quote-tabs__content\">\n<div class=\"container\">\n<div class=\"carousel slide carousel-fade\" data-bs-ride=\"carousel\">\n<div class=\"carousel-indicators\"><\/div>\n<div class=\"carousel-inner\">\n<div class=\"carousel-item\" style=\"height:509px\">\n<div class=\"quote-card quote-card-single\">\n<div class=\"quote-card__quote-wrapper\">\n<p>\u201cA transi\u00e7\u00e3o de uma pr\u00e1tica de documenta\u00e7\u00e3o baseada em papel para o Veeva LIMS otimizar\u00e1 a execu\u00e7\u00e3o de m\u00e9todos, ao mesmo tempo em que aumentar\u00e1 a efici\u00eancia.\u201d<\/p>\n<div class=\"quote-card__person-info-text\">\n<h5>Andrew Laughhunn, Diretor S\u00eanior de Testes Anal\u00edticos de CQ<\/h5>\n<h6>Forge Biologics<\/h6>\n<\/p><\/div>\n<p>\t\t\t\t\t\t\t\t\t\t\t\t\t\t\t\t\t\t\t\t<a class=\"button-outline button-outline--black\" href=\"\/customer-stories\/how-vault-lims-is-helping-forge-biologics-scale-qc-for-rapid-growth\/\" target=\"_self\" rel=\"noopener\">Leia o Case do Cliente<\/a>\n\t\t\t\t\t\t\t\t\t\t\t\t\t\t\t\t\t\t\t<\/div>\n<\/p><\/div>\n<\/p><\/div>\n<div class=\"carousel-item\" style=\"height:509px\">\n<div class=\"quote-card quote-card-single\">\n<div class=\"quote-card__quote-wrapper\">\n<p>\u201cO Veeva LIMS simplificar\u00e1 nossa fabrica\u00e7\u00e3o e testes internos, enquanto o right first time, a conformidade do lead time e a visibilidade em toda a cadeia de valor.\u201d<\/p>\n<div class=\"quote-card__person-info-text\">\n<h5>Jay Benson, Diretor de Fabrica\u00e7\u00e3o e Cadeia de Suprimentos<\/h5>\n<h6>Civica <\/h6>\n<\/p><\/div>\n<\/p><\/div>\n<\/p><\/div>\n<\/p><\/div>\n<div class=\"carousel-item\" style=\"height:509px\">\n<div class=\"quote-card quote-card-single\">\n<div class=\"quote-card__quote-wrapper\">\n<p>\u201cPrevemos uma melhoria na aprova\u00e7\u00e3o inicial com o uso do Veeva LIMS, pois o sistema reduzir\u00e1 erros de transcri\u00e7\u00e3o e automatizar\u00e1 c\u00e1lculos.\u201d <\/p>\n<div class=\"quote-card__person-info-text\">\n<h5>Por Bjerke, Senior Manager, Gerente S\u00eanior de Opera\u00e7\u00f5es Internas de Controle de Qualidade<\/h5>\n<h6>Verve Therapeutics<\/h6>\n<\/p><\/div>\n<p>\t\t\t\t\t\t\t\t\t\t\t\t\t\t\t\t\t\t\t\t<a class=\"button-outline button-outline--black\" href=\"\/customer-stories\/verve-puts-digital-first-quality-at-heart-of-qc-lab\/\" target=\"_self\" rel=\"noopener\">Leia o Case do Cliente<\/a>\n\t\t\t\t\t\t\t\t\t\t\t\t\t\t\t\t\t\t\t<\/div>\n<\/p><\/div>\n<\/p><\/div>\n<p>\t\t\t\t\t\t\t\t\t\t\t\t\t\t<!-- [] -->\n\t\t\t\t\t\t<\/div>\n<\/p><\/div>\n<\/p><\/div>\n<\/p><\/div>\n<\/section>\n<p>\t\t<!-- Resources Start &#x2705; --><\/p>\n<section class=\"resource-block-cards resource-block-cards--light d-none\">\n<div class=\"container\">\n<div class=\"copy-container copy-container--center copy-container--eyebrow-gradient\">\n<h6>Resources<\/h6>\n<h3>Explore and Learn<\/h3>\n<\/p><\/div>\n<div class=\"resource-block__cards resource-block__cards--gridded\">\n\t\t\t\t\t\t\t\t\t\t<a id=\"\" class=\"resource-card resource-card--light\" href=\"\/resources\/learn-confirm-then-scale-a-leaders-guide-to-transforming-quality-control\/\" target=\"_self\" rel=\"noopener\"><\/p>\n<div class=\"resource-card__text\">\n<h6>Read White Paper<\/h6>\n<h5>Learn, Confirm, Then Scale: A Leader&#8217;s Guide to Transforming Quality Control<\/h5>\n<\/div>\n<div class=\"resource-card__media\"><img decoding=\"async\" src=\"https:\/\/www.veeva.com\/wp-content\/uploads\/2025\/12\/resource-tile-LIMS-learn-confirm-scale-340x240-1.png\" alt=\"\"><\/div>\n<p><\/a><\/p>\n<p><a id=\"\" class=\"resource-card resource-card--light\" href=\"https:\/\/www.veeva.com\/resources\/veeva-lims-features-brief\/\" target=\"_blank\" rel=\"noopener\"><\/p>\n<div class=\"resource-card__text\">\n<h6>Read Features Brief<\/h6>\n<h5>Veeva LIMS Features Brief<\/h5>\n<\/div>\n<div class=\"resource-card__media\"><img decoding=\"async\" src=\"https:\/\/www.veeva.com\/wp-content\/uploads\/2024\/04\/vault-lims-features-brief.png\" alt=\"\"><\/div>\n<p><\/a><\/p>\n<p><a id=\"\" class=\"resource-card resource-card--light\" href=\"\/resources\/why-veeva-lims\/\" target=\"_self\" rel=\"noopener\"><\/p>\n<div class=\"resource-card__text\">\n<h6>Watch Video<\/h6>\n<h5>Why Veeva LIMS<\/h5>\n<\/div>\n<div class=\"resource-card__media\"><img decoding=\"async\" src=\"https:\/\/www.veeva.com\/wp-content\/uploads\/2024\/06\/resource-tile-Veeva-Vault-LIMS-Explainer-Video-340x240-1.png\" alt=\"\"><\/div>\n<p><\/a><\/p>\n<p><a id=\"\" class=\"resource-card resource-card--light\" href=\"\/customer-stories\/how-vault-lims-is-helping-forge-biologics-scale-qc-for-rapid-growth\/\" target=\"_self\" rel=\"noopener\"><\/p>\n<div class=\"resource-card__text\">\n<h6>Read Case Study<\/h6>\n<h5>How Veeva LIMS is Helping Forge Biologics Scale QC for Rapid Growth<\/h5>\n<\/div>\n<div class=\"resource-card__media\"><img decoding=\"async\" src=\"https:\/\/www.veeva.com\/wp-content\/uploads\/2024\/07\/resource-logo-tile-forge-biologics-340x240@2x.png\" alt=\"\"><\/div>\n<p><\/a><\/p>\n<p><a id=\"\" class=\"resource-card resource-card--light\" href=\"\/customer-stories\/verve-puts-digital-first-quality-at-heart-of-qc-lab\/\" target=\"_self\" rel=\"noopener\"><\/p>\n<div class=\"resource-card__text\">\n<h6>Read Case Study<\/h6>\n<h5>Verve: Embracing Digital-First Quality<\/h5>\n<\/div>\n<div class=\"resource-card__media\"><img decoding=\"async\" src=\"https:\/\/www.veeva.com\/wp-content\/uploads\/2025\/03\/resource-logo-tile-verve-therapeutics-340x240@2x.png\" alt=\"\"><\/div>\n<p><\/a><\/p>\n<p><a id=\"\" class=\"resource-card resource-card--light\" href=\"\/resources\/building-the-business-case-for-lims\/\" target=\"_self\" rel=\"noopener\"><\/p>\n<div class=\"resource-card__text\">\n<h6>Read White Paper<\/h6>\n<h5>Building the Business Case for LIMS<\/h5>\n<\/div>\n<div class=\"resource-card__media\"><img decoding=\"async\" src=\"https:\/\/www.veeva.com\/wp-content\/uploads\/2025\/04\/building-the-business-case-for-lims-resource-tile-340x240@2x.png\" alt=\"\"><\/div>\n<p><\/a><\/p>\n<p><a id=\"\" class=\"resource-card resource-card--light\" href=\"\/blog\/modernizing-lims-with-embedded-test-method-execution\/\" target=\"_self\" rel=\"noopener\"><\/p>\n<div class=\"resource-card__text\">\n<h6>Read Blog<\/h6>\n<h5>Modernizing LIMS with Embedded Test Method Execution<\/h5>\n<\/div>\n<div class=\"resource-card__media\"><img decoding=\"async\" src=\"https:\/\/www.veeva.com\/wp-content\/uploads\/2025\/12\/resource-tile-modernizing-LIMS-with-embedded-test-method-execution_340x240@2x.png\" alt=\"\"><\/div>\n<p><\/a><\/p>\n<p><a id=\"\" class=\"resource-card resource-card--light\" href=\"https:\/\/www.labmanager.com\/three-steps-to-unify-a-disconnected-biopharma-lab-32444\" target=\"_blank\" rel=\"noopener\"><\/p>\n<div class=\"resource-card__text\">\n<h6>Read Article<\/h6>\n<h5>Three Steps to Unify a Disconnected Biopharma Lab<\/h5>\n<\/div>\n<div class=\"resource-card__media\"><img decoding=\"async\" src=\"https:\/\/www.veeva.com\/wp-content\/uploads\/2024\/07\/resource-logo-tile-lab-manager-340x240-1.png\" alt=\"\"><\/div>\n<p><\/a><\/p>\n<p><a id=\"\" class=\"resource-card resource-card--light\" href=\"\/blog\/breaking-the-status-quo-and-embracing-the-redefinition-of-lims\/\" target=\"_self\" rel=\"noopener\"><\/p>\n<div class=\"resource-card__text\">\n<h6>Read Blog<\/h6>\n<h5>Breaking the Status Quo and Embracing the Redefinition of LIMS<\/h5>\n<\/div>\n<div class=\"resource-card__media\"><img decoding=\"async\" src=\"https:\/\/www.veeva.com\/wp-content\/uploads\/2025\/02\/resource-tile-blog-breaking-the-status-quo-and-embracing-the-redefinition-of-lims-340x240-1.png\" alt=\"\"><\/div>\n<p><\/a><\/p><\/div>\n<\/p><\/div>\n<\/section>\n<p>\t\t<!-- CTA Start &#x2705; --><\/p>\n<section class=\"hero-contained hero-contained--gradient hero-contained--footer-fix\">\n<div class=\"container copy-container copy-container--center\">\n<h3>Tem interesse em saber mais?<\/h3>\n<div class=\"copy-container__buttons\">\n\t\t\t\t\t<a class=\"button-primary button-primary--gradient\" href=\"\/br\/contact-us\/\" target=\"_self\" rel=\"noopener\">Entre em Contato<\/a><br \/>\n\t\t\t\t\t\t\t\t\t\t<a class=\"button-tertiary button-tertiary--white\" href=\"https:\/\/www.veeva.com\/wp-content\/uploads\/2023\/07\/Veeva-Product-Sheet-Vault-Quality.pdf?1\" target=\"_blank\" rel=\"noopener\">Acesse o Product Sheet<\/a>\n\t\t\t\t\t\t\t\t\t<\/div>\n<\/p><\/div>\n<\/section><\/div>\n<p><\/main><\/p>\n","protected":false},"excerpt":{"rendered":"<p>Vault LIMS software provides the comprehensive functionality you need to modernize QC operations and unify quality across QA, QC, and manufacturing.<\/p>\n","protected":false},"author":80,"featured_media":0,"parent":20394,"menu_order":0,"comment_status":"closed","ping_status":"closed","template":"templates\/veeva-2024.full-page.php","meta":{"footnotes":""},"class_list":["post-62407","page","type-page","status-publish","hentry"],"aioseo_notices":[],"_links":{"self":[{"href":"https:\/\/www.veeva.com\/br\/wp-json\/wp\/v2\/pages\/62407"}],"collection":[{"href":"https:\/\/www.veeva.com\/br\/wp-json\/wp\/v2\/pages"}],"about":[{"href":"https:\/\/www.veeva.com\/br\/wp-json\/wp\/v2\/types\/page"}],"author":[{"embeddable":true,"href":"https:\/\/www.veeva.com\/br\/wp-json\/wp\/v2\/users\/80"}],"replies":[{"embeddable":true,"href":"https:\/\/www.veeva.com\/br\/wp-json\/wp\/v2\/comments?post=62407"}],"version-history":[{"count":4,"href":"https:\/\/www.veeva.com\/br\/wp-json\/wp\/v2\/pages\/62407\/revisions"}],"predecessor-version":[{"id":62415,"href":"https:\/\/www.veeva.com\/br\/wp-json\/wp\/v2\/pages\/62407\/revisions\/62415"}],"up":[{"embeddable":true,"href":"https:\/\/www.veeva.com\/br\/wp-json\/wp\/v2\/pages\/20394"}],"wp:attachment":[{"href":"https:\/\/www.veeva.com\/br\/wp-json\/wp\/v2\/media?parent=62407"}],"curies":[{"name":"wp","href":"https:\/\/api.w.org\/{rel}","templated":true}]}}