


{"id":62421,"date":"2026-05-13T09:25:43","date_gmt":"2026-05-13T12:25:43","guid":{"rendered":"https:\/\/www.veeva.com\/br\/?page_id=62421"},"modified":"2026-05-13T11:59:21","modified_gmt":"2026-05-13T14:59:21","slug":"veeva-qualitydocs","status":"publish","type":"page","link":"https:\/\/www.veeva.com\/br\/products\/veeva-qualitydocs\/","title":{"rendered":"Veeva QualityDocs | GxP and Quality Content Management \ufeff"},"content":{"rendered":"<style>\n.veeva-2024 .border-box {\n\tmax-width: 1400px;\n\tpadding: 40px;\n\ttext-align: center;\n\tgap: 10px;\n\tborder-radius: 40px;\n\tbackground: #eef1f5;\n\tbox-shadow: 0px 5px 8px 0px rgba(0, 0, 0, 0.15);\n\tmargin: 10px 40px 60px 40px;\n}\n@media (min-width: 991px) {\n\t.veeva-2024 .border-box {\n          margin: 30px 40px 40px 40px;\n\t}\n }<\/p>\n<p>@media (min-width: 1400px) {\n\t.veeva-2024 .border-box {\n\tpadding:50px 60px;\n        margin: 40px auto 40px auto;\n\t}\n}\n.veeva-2024 .border-box h5 {\n\tfont-size:24px;\n\tcolor:#FA6D18;\n\tmargin-bottom:10px;\n}\n.veeva-2024 .border-box h6 {\n\tmargin-bottom:10px;\n}\n.veeva-2024 .border-box a {\n\tcolor:#111;\n}\n.veeva-2024 .border-box strong {\n\tfont-weight:500;\n}\n.veeva-2024 .border-box h6 a:hover, .veeva-2024 .border-box p a:hover {\n\tcolor:#636669;\n}<\/p>\n<p>.veeva-2024 .border-box p {\n\tcolor:#636669;font-size:16px;\n}<\/p>\n<p>@media (min-width: 767px) {\n\t.veeva-2024 .border-box h5 {\n\tfont-size:26px;\n\t}\n }<\/p>\n<p>.veeva-2024 .border-box .col-lg-4:first-child {\n\tmargin-bottom:30px;\n}               <\/p>\n<p>@media (min-width: 991px) {\n\t.veeva-2024 .border-box .col-lg-4 {\n\twidth:37%\n\t}  \n\t.veeva-2024 .border-box .col-lg-4:first-child {\n\twidth:26%;\n\tmargin-bottom:0px;\n\t}\n}           \n<\/style>\n<p><main class=\"veeva-2024\"><\/p>\n<div id=\"simple-product\">\n<p>\t\t<!-- Hero Start &#x2705; --><\/p>\n<section class=\"hero-left-aligned hero-left-aligned--product\">\n<div class=\"hero-left-aligned__wrapper container\">\n<div class=\"copy-container container copy-container--left\">\n\t\t\t\t\t<!-- \n\n<h2>Veeva QualityDocs<\/h2>\n\n\n\n\n<h1>Gain Control of <br \/>GxP Content<\/h1>\n\n\n\n\n<p>Reduce effort by up to 90% through digital authoring, review, and approval.<\/p>\n\n --><\/p>\n<h2>Veeva QualityDocs<\/h2>\n<h1>Gest\u00e3o de Conte\u00fado GxP Segura e Eficiente<\/h1>\n<p>\nO QualityDocs \u00e9 uma solu\u00e7\u00e3o regulamentada para gest\u00e3o de conte\u00fado de qualidade. O modelo de refer\u00eancia de conte\u00fado GxP propriet\u00e1rio da Veeva permite a ado\u00e7\u00e3o das melhores pr\u00e1ticas e a padroniza\u00e7\u00e3o do setor. O aplicativo gerencia o conte\u00fado durante todo o seu ciclo de vida. Ele permite que partes internas e externas colaborem e compartilhem informa\u00e7\u00f5es, como procedimentos, pol\u00edticas, instru\u00e7\u00f5es de trabalho, acordos de qualidade e documenta\u00e7\u00e3o relacionada a lotes, de forma controlada e diretamente dentro do sistema.\n<\/p>\n<h6>\n\t\t\t\t\t\t<span><span>Anunciado<\/span> 2013<\/span><br \/>\n\t\t\t\t\t\t<span><span>Status<\/span> Muito consolidado<\/span><br \/>\n\t\t\t\t\t\t<span><span>Clientes<\/span> 100+<\/span><br \/>\n\t\t\t\t\t<\/h6>\n<div class=\"copy-container__buttons\">\n\t\t\t\t\t\t\t\t\t\t\t\t\t<a style=\"font-size: 16px; text-decoration: underline;\" class=\"button-secondary button-secondary--black\" href=\"https:\/\/www.veeva.com\/wp-content\/uploads\/2023\/07\/Veeva-Product-Sheet-Vault-Quality.pdf?\" target=\"_blank\" rel=\"noopener\"><br \/>\n   \t\t\t\t\t\t\t<img decoding=\"async\" src=\"https:\/\/www.veeva.com\/wp-content\/themes\/veeva2015\/assets\/svg\/icons\/btn-download--black.svg\" alt=\"\"> <span>Acesse o Product Sheet<\/span><\/a><\/p><\/div>\n<\/p><\/div>\n<div class=\"hero-left-aligned__image\">\n\t\t\t\t\t<img decoding=\"async\" src=\"https:\/\/www.veeva.com\/wp-content\/uploads\/2024\/03\/product-detail-hero-vault-qualitydocs@2x.png\" alt=\"Veeva QualityDocs | GxP and Quality Content Management \ufeff\">\n\t\t\t\t<\/div>\n<\/p><\/div>\n<\/section>\n<p>\t\t<!-- Banner Start &#x2705; --><\/p>\n<p>\t\t<!-- Summit Banner Override --><br \/>\n\t\t\t\t<!-- Use this for R&D Summit Banner. --><\/p>\n<p>\t\t<!-- Z Pattern Start (Overview) &#x2705; --><\/p>\n<section class=\"d-none z-pattern z-pattern-products z-pattern--light z-pattern--bg-grey section-rounded-top\">\n<div class=\"z-pattern__wrapper container\">\n<div class=\"z-pattern__inner\">\n<div class=\"copy-container copy-container--eyebrow-gradient copy-container--center copy-container--left-lg\">\n<h6>Overview<\/h6>\n<h3>Gest\u00e3o de Conte\u00fado GxP Segura e Eficiente<\/h3>\n<div class=\"copy-container__buttons\">\n\t\t\t\t\t\t\t\t\t\t\t\t\t\t<a class=\"button-tertiary button-tertiary--black\" href=\"https:\/\/www.veeva.com\/wp-content\/uploads\/2023\/07\/Veeva-Product-Sheet-Vault-Quality.pdf?\" target=\"_blank\" rel=\"noopener\">Acesse o Product Sheet<\/a><br \/>\n\t\t\t\t\t\t\t\t\t\t\t\t\t\t\t\t\t\t\t\t\t<a class=\"button-secondary button-secondary--black button-secondary--icon-bg-white\" href=\"https:\/\/www.veeva.com\/resources\/vault-qualitydocs-product-brief\/ \" target=\"_self\" rel=\"noopener\"><br \/>\n\t\t\t\t\t\t\t\t<img decoding=\"async\" src=\"https:\/\/www.veeva.com\/wp-content\/themes\/veeva2015\/assets\/svg\/icons\/btn-arrow-right--black.svg\" alt=\"\"><br \/>\n\t\t\t\t\t\t\t\t<span>View Features<\/span><br \/>\n\t\t\t\t\t\t\t<\/a>\n\t\t\t\t\t\t\t\t\t\t\t\t\t<\/div>\n<\/p><\/div>\n<div class=\"z-pattern__image z-pattern-image--desktop\">\n<div class=\"z-pattern__image-wrapper\">\n\t\t\t\t\t\t\t<img decoding=\"async\" src=\"https:\/\/www.veeva.com\/wp-content\/uploads\/2023\/07\/product-page-image-veeva-vault-qualitydocs-2x.png?v=1\" alt=\"\">\n\t\t\t\t\t\t<\/div>\n<\/p><\/div>\n<div class=\"z-pattern__content \">\n<p>\nO QualityDocs \u00e9 uma solu\u00e7\u00e3o regulamentada para gest\u00e3o de conte\u00fado de qualidade. O modelo de refer\u00eancia de conte\u00fado GxP propriet\u00e1rio da Veeva permite a ado\u00e7\u00e3o das melhores pr\u00e1ticas e a padroniza\u00e7\u00e3o do setor. O aplicativo gerencia o conte\u00fado durante todo o seu ciclo de vida. Ele permite que partes internas e externas colaborem e compartilhem informa\u00e7\u00f5es, como procedimentos, pol\u00edticas, instru\u00e7\u00f5es de trabalho, acordos de qualidade e documenta\u00e7\u00e3o relacionada a lotes, de forma controlada e diretamente dentro do sistema.\n<\/p>\n<\/p><\/div>\n<\/p><\/div>\n<\/p><\/div>\n<\/section>\n<div class=\"container\" style=\"max-width: 991px;\">\n<div class=\"border-box\">\n<div class=\"row\" style=\"text-align: left;\">\n<div class=\"col-lg-5 mb-2\">\n<h5>Veeva AI para Quality<\/h5>\n<h6><a href=\"https:\/\/www.veeva.com\/br\/resources\/agente-de-resumos-tecnicos-de-eventos-e-traducao-de-documentos\/\" style=\"text-decoration: underline;\">Veja em a\u00e7\u00e3o<\/a><\/h6>\n<\/p><\/div>\n<div class=\"col-lg-4 d-none\">\n<h6>Quality Event Agents<\/h6>\n<p>Aggregate data across multiple objects to generate narrative summaries for Investigations and CAPA plans.&nbsp;<\/p>\n<\/p><\/div>\n<div class=\"col-lg-6\">\n<h6>Agente de Resumos T\u00e9cnicos de Eventos e Agente de Tradu\u00e7\u00e3o de Documentos<\/h6>\n<p>Gere resumos de investiga\u00e7\u00f5es e traduza documentos necess\u00e1rios com mais facilidade e agilidade.<\/p>\n<\/p><\/div>\n<p>\t\t\t<!-- [] -->\n\t\t  <\/div>\n<\/p><\/div>\n<\/p><\/div>\n<div class=\"blended-bg\">\n<p>\t\t\t<!-- Stats Start &#x2705; --><\/p>\n<p>\t\t\t<!-- Video Player Start &#x2705; --><\/p>\n<section class=\"video-player-stacked video-player-stacked--dark\">\n<div class=\"container copy-container copy-container--center copy-container--eyebrow-gradient\">\n<h6>Por que Veeva QualityDocs?<\/h6>\n<h3>Responda 50% Mais R\u00e1pido \u00e0s Solicita\u00e7\u00f5es de Inspe\u00e7\u00e3o.<\/h3>\n<\/p><\/div>\n<div class=\"video-player-stacked__video container\">\n<script src=\"https:\/\/fast.wistia.com\/embed\/medias\/tlcznchgew.jsonp\" data-cookieconsent=\"ignore\" async><\/script><script src=\"https:\/\/fast.wistia.com\/assets\/external\/E-v1.js\" data-cookieconsent=\"ignore\" async><\/script><div class=\"wistia_responsive_padding\" style=\"padding:56.25% 0 0 0;position:relative;\"><div class=\"wistia_responsive_wrapper\" style=\"height:100%;left:0;position:absolute;top:0;width:100%;\"><div class=\"wistia_embed wistia_async_tlcznchgew videoFoam=true\" style=\"height:100%;position:relative;width:100%\"><div class=\"wistia_swatch\" style=\"height:100%;left:0;opacity:0;overflow:hidden;position:absolute;top:0;transition:opacity 200ms;width:100%;\"><img decoding=\"async\" src=\"https:\/\/fast.wistia.com\/embed\/medias\/tlcznchgew\/swatch\" style=\"filter:blur(5px);height:100%;object-fit:contain;width:100%;\" alt=\"\" aria-hidden=\"true\" onload=\"this.parentNode.style.opacity=1;\" \/><\/div><\/div><\/div><\/div><\/div>\n<div class=\"video-player-stacked__stats container\">\n<div class=\"statistic-3-up-wrapper\">\n<div class=\"sidebar-info-box sidebar-info-box--text sidebar-info-box--light\">\n<h4>Boas Pr\u00e1ticas (GxP)<br \/>\n<\/h4>\n<p>Demonstre conformidade com trilhas de auditoria e fluxos de trabalho automatizados em todo o ciclo de vida do conte\u00fado.<\/p>\n<\/div>\n<div class=\"sidebar-info-box sidebar-info-box--text sidebar-info-box--light\">\n<h4>Acelere a ado\u00e7\u00e3o pelos usu\u00e1rios<br \/>\n<\/h4>\n<p>Uma interface de usu\u00e1rio intuitiva e f\u00e1cil de usar impulsiona a ado\u00e7\u00e3o e a efici\u00eancia.\n<\/p>\n<\/div>\n<div class=\"sidebar-info-box sidebar-info-box--text sidebar-info-box--light\">\n<h4>Prepare-se para auditorias<br \/>\n<\/h4>\n<p>Trilhas de auditoria detalhadas e uma busca poderosa facilitam auditorias e inspe\u00e7\u00f5es mais eficazes.\n<\/p>\n<\/div><\/div>\n<\/p><\/div>\n<\/section><\/div>\n<p>\t\t<!-- Logo Wall Start &#x2705; --><\/p>\n<section class=\"logo-wall-listed logo-wall-listed--light logo-wall-listed--bg-grey logo-wall-listed--floating-logos\">\n<div class=\"container copy-container copy-container--eyebrow-gradient copy-container--center\">\n<h6>Sucesso do Cliente<\/h6>\n<h3>Mais de 500 empresas gerenciam<br \/> conte\u00fado GxP com o Veeva QualityDocs<\/h3>\n<\/p><\/div>\n<div class=\"logo-wall-listed__logos container\">\n\t\t\t\t<img decoding=\"async\" src=\"https:\/\/www.veeva.com\/wp-content\/uploads\/2024\/03\/Product-Page-Customer-Logo-Gilead-Color-TransparentBG@2x.png\" alt=\"Gilead\"><br \/>\n<img decoding=\"async\" src=\"https:\/\/www.veeva.com\/wp-content\/uploads\/2023\/06\/customer-story-logo-gsk.png\" alt=\"gsk\"><br \/>\n<img decoding=\"async\" src=\"https:\/\/www.veeva.com\/wp-content\/uploads\/2024\/03\/Product-Page-Customer-Logo-Legend-Color-TransparentBG@2x.png\" alt=\"Legend\"><br \/>\n<img decoding=\"async\" src=\"https:\/\/www.veeva.com\/wp-content\/uploads\/2024\/03\/Product-Page-Customer-Logo-Resilience-Color-TransparentBG@2x.png\" alt=\"Resilience\"><br \/>\n<img decoding=\"async\" src=\"https:\/\/www.veeva.com\/wp-content\/uploads\/2024\/03\/Product-Page-Customer-Logo-Samsung-Color-TransparentBG@2x.png\" alt=\"Samsung Biologics\"><br \/>\n<img decoding=\"async\" src=\"https:\/\/www.veeva.com\/wp-content\/uploads\/2024\/03\/Product-Page-Customer-Logo-UCB-Color-TransparentBG@2x.png\" alt=\"UCB\">\t\t\t<\/div>\n<\/section>\n<p>\t\t<!-- Quotes Start &#x2705; --><\/p>\n<section class=\"quote-tabs quote-tabs--light \">\n<div class=\"quote-tabs__content\">\n<div class=\"container\">\n<div class=\"carousel slide carousel-fade\" data-bs-ride=\"carousel\">\n<div class=\"carousel-indicators\"><\/div>\n<div class=\"carousel-inner\">\n\t\t\t\t\t\t\t<!-- [1-6x] --><\/p>\n<div class=\"carousel-item\"  style=\"height:509px\">\n<div class=\"quote-card quote-card-single\">\n<div class=\"quote-card__quote-wrapper\">\n<p>&#8220;A diferen\u00e7a entre o QualityDocs e os sistemas de gest\u00e3o documental caseiros e desconectados anteriores \u00e9 gritante.&#8221;<\/p>\n<div class=\"quote-card__person-info-text\">\n<h5>Racha Wardeh, Gerente de Projetos e Conformidade de Qualidade de TI da GQA<\/h5>\n<h6>Ferring Pharmaceuticals<\/h6>\n<\/p><\/div>\n<p>\t\t\t\t\t\t\t\t\t\t\t\t\t\t\t\t\t\t\t\t<a class=\"button-outline button-outline--black\" href=\"https:\/\/www.veeva.com\/customer-stories\/ferring-unifies-quality-to-scale-for-future-growth\/\" target=\"_self\" rel=\"noopener\">Leia o Case Study<\/a>\n\t\t\t\t\t\t\t\t\t\t\t\t\t\t\t\t\t\t\t<\/div>\n<\/p><\/div>\n<\/p><\/div>\n<div class=\"carousel-item\"  style=\"height:509px\">\n<div class=\"quote-card quote-card-single\">\n<div class=\"quote-card__quote-wrapper\">\n<p>\u201cO Veeva QualityDocs aprimorou a prepara\u00e7\u00e3o para auditorias, oferecendo aos nossos patrocinadores e clientes acesso direto aos nossos Procedimentos Operacionais Padr<\/p>\n<div class=\"quote-card__person-info-text\">\n<h5>Felice Darling, Robinson Document Control Associate II<\/h5>\n<h6>ICON<\/h6>\n<\/p><\/div>\n<p>\t\t\t\t\t\t\t\t\t\t\t\t\t\t\t\t\t\t\t\t<a class=\"button-outline button-outline--black\" href=\"https:\/\/www.veeva.com\/customer-stories\/collaborating-with-sponsors-for-improved-quality-and-document-control-at-icon-plc\/ \" target=\"_self\" rel=\"noopener\">Assista ao V\u00eddeo<\/a>\n\t\t\t\t\t\t\t\t\t\t\t\t\t\t\t\t\t\t\t<\/div>\n<\/p><\/div>\n<\/p><\/div>\n<div class=\"carousel-item\"  style=\"height:509px\">\n<div class=\"quote-card quote-card-single\">\n<div class=\"quote-card__quote-wrapper\">\n<p>&#8220;A Veeva nos ajudou a nos preparar para a inspe\u00e7\u00e3o, reunindo todos os nossos documentos em um sistema validado para f\u00e1cil acesso.&#8221;<\/p>\n<div class=\"quote-card__person-info-text\">\n<h5>Vice-Presidente de TI<\/h5>\n<h6>PureTech<\/h6>\n<\/p><\/div>\n<p>\t\t\t\t\t\t\t\t\t\t\t\t\t\t\t\t\t\t\t\t<a class=\"button-outline button-outline--black\" href=\"https:\/\/www.veeva.com\/customer-stories\/puretech-ensuring-inspection-readiness-with-vault-quality\/ \" target=\"_self\" rel=\"noopener\">Leia o Case Study<\/a>\n\t\t\t\t\t\t\t\t\t\t\t\t\t\t\t\t\t\t\t<\/div>\n<\/p><\/div>\n<\/p><\/div>\n<p>\t\t\t\t\t\t\t\t\t\t\t\t\t\t<!-- [] -->\n\t\t\t\t\t\t<\/div>\n<\/p><\/div>\n<\/p><\/div>\n<\/p><\/div>\n<\/section>\n<p>\t\t<!-- Resources Start &#x2705; --><\/p>\n<section class=\"resource-block-cards resource-block-cards--light d-none\">\n<div class=\"container\">\n<div class=\"copy-container copy-container--center copy-container--eyebrow-gradient\">\n<h6>Resources<\/h6>\n<h3>Explore and Learn<\/h3>\n<\/p><\/div>\n<div class=\"resource-block__cards resource-block__cards--gridded\">\n\t\t\t\t\t\t\t\t\t\t<a id=\"\" class=\"resource-card resource-card--light\" href=\"https:\/\/www.veeva.com\/resources\/vault-qualitydocs-product-brief\/ \" target=\"_self\" rel=\"noopener\"><\/p>\n<div class=\"resource-card__text\">\n<h6>Read Features Brief<\/h6>\n<h5>Veeva QualityDocs Features Brief<\/h5>\n<\/div>\n<div class=\"resource-card__media\"><img decoding=\"async\" src=\"https:\/\/www.veeva.com\/wp-content\/uploads\/2013\/12\/Vault-QualityDocs-Product-Brief.jpg\" alt=\"\"><\/div>\n<p><\/a><\/p>\n<p><a id=\"\" class=\"resource-card resource-card--light\" href=\"\/resources\/document-translation-agents\/\" target=\"_self\" rel=\"noopener\"><\/p>\n<div class=\"resource-card__text\">\n<h6>Watch Demo<\/h6>\n<h5>Document Translations Agent<\/h5>\n<\/div>\n<div class=\"resource-card__media\"><img decoding=\"async\" src=\"https:\/\/www.veeva.com\/wp-content\/uploads\/2025\/12\/resource-demo-tile_veeva-quality-document-translation-agents_340x240@2x.png\" alt=\"\"><\/div>\n<p><\/a><\/p>\n<p><a id=\"\" class=\"resource-card resource-card--light\" href=\"https:\/\/www.veeva.com\/products\/vault-qualitydocs\/reference-model\/\" target=\"_self\" rel=\"noopener\"><\/p>\n<div class=\"resource-card__text\">\n<h6>See Reference Model<\/h6>\n<h5>Modernize GxP Content Management with Veeva\u2019s Reference Model<\/h5>\n<\/div>\n<div class=\"resource-card__media\"><img decoding=\"async\" src=\"https:\/\/www.veeva.com\/wp-content\/uploads\/2023\/07\/Simple-Product-Page-Resource-Tiles_QualityDocs_Resource-2.png\" alt=\"\"><\/div>\n<p><\/a>\t\t\t\t\t\t\t\t\t<\/div>\n<\/p><\/div>\n<\/section>\n<p>\t\t<!-- CTA Start &#x2705; --><\/p>\n<section class=\"hero-contained hero-contained--gradient hero-contained--footer-fix\">\n<div class=\"container copy-container copy-container--center\">\n<h3>Tem interesse em saber mais?<\/h3>\n<div class=\"copy-container__buttons\">\n\t\t\t\t\t<a class=\"button-primary button-primary--gradient\" href=\"\/br\/contact-us\/\" target=\"_self\" rel=\"noopener\">Entre em Contato<\/a><br \/>\n\t\t\t\t\t\t\t\t\t\t<a class=\"button-tertiary button-tertiary--white\" href=\"https:\/\/www.veeva.com\/wp-content\/uploads\/2023\/07\/Veeva-Product-Sheet-Vault-Quality.pdf?\" target=\"_blank\" rel=\"noopener\">Acesse o Product Sheet<\/a>\n\t\t\t\t\t\t\t\t\t<\/div>\n<\/p><\/div>\n<\/section><\/div>\n<p><\/main><\/p>\n","protected":false},"excerpt":{"rendered":"<p>Use quality document management and cloud EDMS to easily and securely manage content processes with Veeva QualityDocs.<\/p>\n","protected":false},"author":80,"featured_media":0,"parent":20394,"menu_order":0,"comment_status":"closed","ping_status":"closed","template":"templates\/veeva-2024.full-page.php","meta":{"footnotes":""},"class_list":["post-62421","page","type-page","status-publish","hentry"],"aioseo_notices":[],"_links":{"self":[{"href":"https:\/\/www.veeva.com\/br\/wp-json\/wp\/v2\/pages\/62421"}],"collection":[{"href":"https:\/\/www.veeva.com\/br\/wp-json\/wp\/v2\/pages"}],"about":[{"href":"https:\/\/www.veeva.com\/br\/wp-json\/wp\/v2\/types\/page"}],"author":[{"embeddable":true,"href":"https:\/\/www.veeva.com\/br\/wp-json\/wp\/v2\/users\/80"}],"replies":[{"embeddable":true,"href":"https:\/\/www.veeva.com\/br\/wp-json\/wp\/v2\/comments?post=62421"}],"version-history":[{"count":2,"href":"https:\/\/www.veeva.com\/br\/wp-json\/wp\/v2\/pages\/62421\/revisions"}],"predecessor-version":[{"id":62423,"href":"https:\/\/www.veeva.com\/br\/wp-json\/wp\/v2\/pages\/62421\/revisions\/62423"}],"up":[{"embeddable":true,"href":"https:\/\/www.veeva.com\/br\/wp-json\/wp\/v2\/pages\/20394"}],"wp:attachment":[{"href":"https:\/\/www.veeva.com\/br\/wp-json\/wp\/v2\/media?parent=62421"}],"curies":[{"name":"wp","href":"https:\/\/api.w.org\/{rel}","templated":true}]}}