


{"id":62426,"date":"2026-05-13T09:32:30","date_gmt":"2026-05-13T12:32:30","guid":{"rendered":"https:\/\/www.veeva.com\/br\/?page_id=62426"},"modified":"2026-05-13T12:11:59","modified_gmt":"2026-05-13T15:11:59","slug":"veeva-validation-management","status":"publish","type":"page","link":"https:\/\/www.veeva.com\/br\/products\/veeva-validation-management\/","title":{"rendered":"Veeva Validation Management | Paperless Validation Execution"},"content":{"rendered":"<p><main class=\"veeva-2024\"><\/p>\n<div id=\"simple-product\">\n\t\t<!-- Secondary Navigation Start &#x2705;  --><\/p>\n<style>\n#veeva-header-nav.navbar {\nbox-shadow: none;\n}\n<\/style>\n<p>\t\t<!-- Hero Start &#x2705; --><\/p>\n<section class=\"hero-left-aligned hero-left-aligned--product\">\n<div class=\"hero-left-aligned__wrapper container\">\n<div class=\"copy-container container copy-container--left\">\n\t\t\t\t\t<!-- \n\n<h2>Veeva Validation Management<\/h2>\n\n\n\n\n<h1>Fast and Unified Digital Validation Management<\/h1>\n\n\n\n\n<p>Reduce test case creation, execution and review by 70%.<\/p>\n\n --><\/p>\n<h2>Veeva Validation Management<\/h2>\n<h1>Gest\u00e3o de Valida\u00e7\u00e3o Digital R\u00e1pida e Unificada<\/h1>\n<p>\nO Validation Management \u00e9 uma solu\u00e7\u00e3o digital para uma valida\u00e7\u00e3o\/qualifica\u00e7\u00e3o mais r\u00e1pida e precisa. Ele otimiza as atividades de comissionamento, qualifica\u00e7\u00e3o e valida\u00e7\u00e3o (CQV) em sistemas computadorizados, instala\u00e7\u00f5es, utilidades, equipamentos e processos. A ferramenta facilita o rastreamento do invent\u00e1rio de sistemas, a gest\u00e3o de requisitos e a supervis\u00e3o das entregas dos projetos. As atividades de valida\u00e7\u00e3o podem ser facilmente criadas e aprovadas, scripts de teste s\u00e3o executados digitalmente, e matrizes de rastreabilidade e relat\u00f3rios de resumo s\u00e3o gerados automaticamente.\n<\/p>\n<p>\nO Validation Management \u00e9 unificado ao QualityDocs e ao QMS para conectar eventos de qualidade e entregas (deliverables).\n<\/p>\n<h6>\n\t\t\t\t\t\t<span><span>Anunciado<\/span> 2021<\/span><br \/>\n\t\t\t\t\t\t<span><span>Status<\/span> Consolidado <\/span><br \/>\n\t\t\t\t\t\t<span><span>Clientes<\/span> 11-50<\/span><br \/>\n\t\t\t\t\t<\/h6>\n<div class=\"copy-container__buttons\">\n\t\t\t\t\t\t\t\t\t\t\t\t\t<a style=\"font-size: 16px; text-decoration: underline;\" class=\"button-secondary button-secondary--black\" href=\"https:\/\/www.veeva.com\/wp-content\/uploads\/2023\/07\/Veeva-Product-Sheet-Vault-Quality.pdf?\" target=\"_blank\" rel=\"noopener\"><br \/>\n   \t\t\t\t\t\t\t<img decoding=\"async\" src=\"https:\/\/www.veeva.com\/wp-content\/themes\/veeva2015\/assets\/svg\/icons\/btn-download--black.svg\" alt=\"\"> <span>Acesse o Product Sheet<\/span><\/a><\/p><\/div>\n<\/p><\/div>\n<div class=\"hero-left-aligned__image\">\n\t\t\t\t\t<img decoding=\"async\" src=\"https:\/\/www.veeva.com\/wp-content\/uploads\/2024\/03\/product-detail-hero-vault-validation-management@2x.png\" alt=\"Veeva Validation Management | Paperless Validation Execution\">\n\t\t\t\t<\/div>\n<\/p><\/div>\n<\/section>\n<p>\t\t<!-- Banner Start &#x2705; --><\/p>\n<p>\t\t<!-- Summit Banner Override --><br \/>\n\t\t\t\t<!-- Use this for R&D Summit Banner. --><\/p>\n<p>\t\t<!-- Z Pattern Start (Overview) &#x2705; --><\/p>\n<section class=\"d-none z-pattern z-pattern-products z-pattern--light z-pattern--bg-grey section-rounded-top\">\n<div class=\"z-pattern__wrapper container\">\n<div class=\"z-pattern__inner\">\n<div class=\"copy-container copy-container--eyebrow-gradient copy-container--center copy-container--left-lg\">\n<h6>Overview<\/h6>\n<h3>Gest\u00e3o de Valida\u00e7\u00e3o Digital R\u00e1pida e Unificada<\/h3>\n<div class=\"copy-container__buttons\">\n\t\t\t\t\t\t\t\t\t\t\t\t\t\t<a class=\"button-tertiary button-tertiary--black\" href=\"https:\/\/www.veeva.com\/wp-content\/uploads\/2023\/07\/Veeva-Product-Sheet-Vault-Quality.pdf?\" target=\"_blank\" rel=\"noopener\">Acesse o Product Sheet<\/a><br \/>\n\t\t\t\t\t\t\t\t\t\t\t\t\t\t\t\t\t\t\t\t\t<a class=\"button-secondary button-secondary--black button-secondary--icon-bg-white\" href=\"\/resources\/veeva-vault-validation-management-features-brief\/\" target=\"_self\" rel=\"noopener\"><br \/>\n\t\t\t\t\t\t\t\t<img decoding=\"async\" src=\"https:\/\/www.veeva.com\/wp-content\/themes\/veeva2015\/assets\/svg\/icons\/btn-arrow-right--black.svg\" alt=\"\"><br \/>\n\t\t\t\t\t\t\t\t<span>View Features<\/span><br \/>\n\t\t\t\t\t\t\t<\/a>\n\t\t\t\t\t\t\t\t\t\t\t\t\t<\/div>\n<\/p><\/div>\n<div class=\"z-pattern__image z-pattern-image--desktop\">\n<div class=\"z-pattern__image-wrapper\">\n\t\t\t\t\t\t\t<img decoding=\"async\" src=\"https:\/\/www.veeva.com\/wp-content\/uploads\/2023\/07\/product-page-image-veeva-vault-validation-management-2x.png?\" alt=\"\">\n\t\t\t\t\t\t<\/div>\n<\/p><\/div>\n<div class=\"z-pattern__content \">\n<p>\nO Validation Management \u00e9 uma solu\u00e7\u00e3o digital para uma valida\u00e7\u00e3o\/qualifica\u00e7\u00e3o mais r\u00e1pida e precisa. Ele otimiza as atividades de comissionamento, qualifica\u00e7\u00e3o e valida\u00e7\u00e3o (CQV) em sistemas computadorizados, instala\u00e7\u00f5es, utilidades, equipamentos e processos. A ferramenta facilita o rastreamento do invent\u00e1rio de sistemas, a gest\u00e3o de requisitos e a supervis\u00e3o das entregas dos projetos. As atividades de valida\u00e7\u00e3o podem ser facilmente criadas e aprovadas, scripts de teste s\u00e3o executados digitalmente, e matrizes de rastreabilidade e relat\u00f3rios de resumo s\u00e3o gerados automaticamente.\n<\/p>\n<p>\nO Validation Management \u00e9 unificado ao QualityDocs e ao QMS para conectar eventos de qualidade e entregas (deliverables).\n<\/p>\n<\/p><\/div>\n<\/p><\/div>\n<\/p><\/div>\n<\/section>\n<div class=\"blended-bg\">\n<p>\t\t\t<!-- Stats Start &#x2705; --><\/p>\n<p>\t\t\t<!-- Video Player Start &#x2705; --><\/p>\n<section class=\"video-player-stacked video-player-stacked--dark\">\n<div class=\"container copy-container copy-container--center copy-container--eyebrow-gradient\">\n<h6>Por que o Veeva Validation Management?<\/h6>\n<h3>Valida\u00e7\u00e3o Mais R\u00e1pida e Relat\u00f3rios Avan\u00e7ados<\/h3>\n<\/p><\/div>\n<div class=\"video-player-stacked__video container\">\n\t\t\t\t\t\t\t\t<script src=\"https:\/\/fast.wistia.com\/embed\/medias\/c07ryyhu1l.jsonp\" data-cookieconsent=\"ignore\" async><\/script><script src=\"https:\/\/fast.wistia.com\/assets\/external\/E-v1.js\" data-cookieconsent=\"ignore\" async><\/script><div class=\"wistia_responsive_padding\" style=\"padding:56.25% 0 0 0;position:relative;\"><div class=\"wistia_responsive_wrapper\" style=\"height:100%;left:0;position:absolute;top:0;width:100%;\"><div class=\"wistia_embed wistia_async_c07ryyhu1l videoFoam=true\" style=\"height:100%;position:relative;width:100%\"><div class=\"wistia_swatch\" style=\"height:100%;left:0;opacity:0;overflow:hidden;position:absolute;top:0;transition:opacity 200ms;width:100%;\"><img decoding=\"async\" src=\"https:\/\/fast.wistia.com\/embed\/medias\/c07ryyhu1l\/swatch\" style=\"filter:blur(5px);height:100%;object-fit:contain;width:100%;\" alt=\"\" aria-hidden=\"true\" onload=\"this.parentNode.style.opacity=1;\" \/><\/div><\/div><\/div><\/div><\/p><\/div>\n<div class=\"video-player-stacked__stats container\">\n<div class=\"statistic-3-up-wrapper\">\n<div class=\"sidebar-info-box sidebar-info-box--text sidebar-info-box--light\">\n<h4>Velocidade<\/h4>\n<p>Execute valida\u00e7\u00f5es digitais eficientes e de baixo custo em um sistema de qualidade unificado.<\/p>\n<\/div>\n<div class=\"sidebar-info-box sidebar-info-box--text sidebar-info-box--light\">\n<h4>Conformidade e integridade de dados<\/h4>\n<p>Capture todas as a\u00e7\u00f5es dos usu\u00e1rios, tarefas e assinaturas em uma trilha de auditoria (audit trail) \u00fanica.\n<\/p>\n<\/div>\n<div class=\"sidebar-info-box sidebar-info-box--text sidebar-info-box--light\">\n<h4>Visibilidade<\/h4>\n<p>Acompanhe facilmente as atividades de valida\u00e7\u00e3o, resumos de discrep\u00e2ncias de testes e tempos de ciclo em todas as unidades.\n<\/p>\n<\/div><\/div>\n<\/p><\/div>\n<\/section><\/div>\n<p>\t\t<!-- Logo Wall Start &#x2705; --><\/p>\n<p>\t\t<!-- Quotes Start &#x2705; --><\/p>\n<section class=\"quote-tabs quote-tabs--light \">\n<div class=\"quote-tabs__content\">\n<div class=\"container\">\n<div class=\"carousel slide carousel-fade\" data-bs-ride=\"carousel\">\n<div class=\"carousel-indicators\"><\/div>\n<div class=\"carousel-inner\">\n\t\t\t\t\t\t\t<!-- [1-6x] --><\/p>\n<div class=\"carousel-item\"  style=\"height:509px\">\n<div class=\"quote-card quote-card-single\">\n<div class=\"quote-card__quote-wrapper\">\n<p>\u201cTer o Veeva Validation Management, o Veeva Training e o Veeva QMS sob um \u00fanico ecossistema aumenta drasticamente nossa conformidade.\u201d<\/p>\n<div class=\"quote-card__person-info-text\">\n<h5>Diretora de Aplica\u00e7\u00f5es de Qualidade<\/h5>\n<h6>Resilience<\/h6>\n<\/p><\/div>\n<p>\t\t\t\t\t\t\t\t\t\t\t\t\t\t\t\t\t\t\t\t<a class=\"button-outline button-outline--black\" href=\"\/customer-stories\/unifying-validation-qa-and-training-for-quicker-releases\/\" target=\"_self\" rel=\"noopener\">Assista ao V\u00eddeo<\/a>\n\t\t\t\t\t\t\t\t\t\t\t\t\t\t\t\t\t\t\t<\/div>\n<\/p><\/div>\n<\/p><\/div>\n<div class=\"carousel-item\"  style=\"height:509px\">\n<div class=\"quote-card quote-card-single\">\n<div class=\"quote-card__quote-wrapper\">\n<p>\u201cUtilizamos o Veeva Validation Management para ajudar a agilizar os testes, a elabora\u00e7\u00e3o, a execu\u00e7\u00e3o e a revis\u00e3o, o que tem nos ajudado a aumentar a efici\u00eancia.\u201d <\/p>\n<div class=\"quote-card__person-info-text\">\n<h5>Diretor Associado de Sistemas GxP<\/h5>\n<h6>C4 Therapeutics<\/h6>\n<\/p><\/div>\n<\/p><\/div>\n<\/p><\/div>\n<\/p><\/div>\n<div class=\"carousel-item\"  style=\"height:509px\">\n<div class=\"quote-card quote-card-single\">\n<div class=\"quote-card__quote-wrapper\">\n<p>&#8220;Os dias de execu\u00e7\u00e3o de scripts de teste com caneta e papel acabaram&#8230; as unidades estar\u00e3o livres para focar em outras atividades devido aos ganhos de efici\u00eancia.&#8221;<\/p>\n<div class=\"quote-card__person-info-text\">\n<h5>Diretor S\u00eanior, L\u00edder de Capacidade de Qualidade de TI, TI de Opera\u00e7\u00f5es<\/h5>\n<h6>AstraZeneca<\/h6>\n<\/p><\/div>\n<\/p><\/div>\n<\/p><\/div>\n<\/p><\/div>\n<p>\t\t\t\t\t\t\t\t\t\t\t\t\t\t<!-- [] -->\n\t\t\t\t\t\t<\/div>\n<\/p><\/div>\n<\/p><\/div>\n<\/p><\/div>\n<\/section>\n<p>\t\t<!-- Resources Start &#x2705; --><\/p>\n<section class=\"resource-block-cards resource-block-cards--light d-none\">\n<div class=\"container\">\n<div class=\"copy-container copy-container--center copy-container--eyebrow-gradient\">\n<h6>Resources<\/h6>\n<h3>Explore and Learn<\/h3>\n<\/p><\/div>\n<div class=\"resource-block__cards resource-block__cards--gridded\">\n\t\t\t\t\t\t\t\t\t\t<a id=\"\" class=\"resource-card resource-card--light\" href=\"\/resources\/veeva-vault-validation-management-features-brief\/\" target=\"_blank\" rel=\"noopener\"><\/p>\n<div class=\"resource-card__text\">\n<h6>Read Features Brief<\/h6>\n<h5>Veeva Veeva Validation Management Features Brief<\/h5>\n<\/div>\n<div class=\"resource-card__media\"><img decoding=\"async\" src=\"https:\/\/www.veeva.com\/wp-content\/uploads\/2023\/08\/validation-management-features-brief.png\" alt=\"\"><\/div>\n<p><\/a><\/p>\n<p><a id=\"\" class=\"resource-card resource-card--light\" href=\"\/resources\/faster-more-accurate-digital-validation-with-veeva-validation-management\/\" target=\"_self\" rel=\"noopener\"><\/p>\n<div class=\"resource-card__text\">\n<h6>Watch Video<\/h6>\n<h5>Faster, More Accurate Digital Validation with Veeva Validation Management<\/h5>\n<\/div>\n<div class=\"resource-card__media\"><img decoding=\"async\" src=\"https:\/\/www.veeva.com\/wp-content\/uploads\/2025\/01\/resource-tile-blog-benchmarking-validation-340x240@2x.png\" alt=\"\"><\/div>\n<p><\/a><\/p>\n<p><a id=\"\" class=\"resource-card resource-card--light\" href=\"\/customer-stories\/astrazeneca-preparing-for-rapid-manufacturing-growth-with-unified-digital-validation\/\" target=\"_self\" rel=\"noopener\"><\/p>\n<div class=\"resource-card__text\">\n<h6>Watch Video<\/h6>\n<h5>AstraZeneca: Preparing for Rapid Manufacturing Growth With Unified Digital Validation<\/h5>\n<\/div>\n<div class=\"resource-card__media\"><img decoding=\"async\" src=\"https:\/\/www.veeva.com\/wp-content\/uploads\/2026\/01\/resource-tile-anup-samantaray-video-340x240-1.png\" alt=\"\"><\/div>\n<p><\/a><\/p>\n<p><a id=\"\" class=\"resource-card resource-card--light\" href=\"\/resources\/moving-to-digital-validation-management\/\" target=\"_self\" rel=\"noopener\"><\/p>\n<div class=\"resource-card__text\">\n<h6>Read White Paper<\/h6>\n<h5>A Business Case for Modernizing Validation Management<\/h5>\n<\/div>\n<div class=\"resource-card__media\"><img decoding=\"async\" src=\"https:\/\/www.veeva.com\/wp-content\/uploads\/2024\/11\/the-business-case-for-modernizing-validation-management.png\" alt=\"\"><\/div>\n<p><\/a><\/p>\n<p><a id=\"\" class=\"resource-card resource-card--light\" href=\"\/blog\/beyond-digital-taking-a-data-centric-approach-to-validation-management\/\" target=\"_self\" rel=\"noopener\"><\/p>\n<div class=\"resource-card__text\">\n<h6>Read Blog<\/h6>\n<h5>Beyond Digital: Taking a Data-Centric Approach to Validation Management<\/h5>\n<\/div>\n<div class=\"resource-card__media\"><img decoding=\"async\" src=\"https:\/\/www.veeva.com\/wp-content\/uploads\/2025\/01\/resource-tile-blog-beyond-digital-taking-a-data-centric-approach-to-validation-management-340x240-v2@2x.png\" alt=\"\"><\/div>\n<p><\/a><\/p>\n<p><a id=\"\" class=\"resource-card resource-card--light\" href=\"\/blog\/expand-your-quality-ecosystem-unifying-validation-workflows-with-qms\/\" target=\"_self\" rel=\"noopener\"><\/p>\n<div class=\"resource-card__text\">\n<h6>Read Blog<\/h6>\n<h5>Expand Your Quality Ecosystem: Unifying Validation Workflows with QMS<\/h5>\n<\/div>\n<div class=\"resource-card__media\"><img decoding=\"async\" src=\"https:\/\/www.veeva.com\/wp-content\/uploads\/2025\/01\/resource-tile-blog-extending-your-quality-ecosystem-unify-isolated-validation-workflows-with-QMS-across-all-disciplines-340x240@2x.png\" alt=\"\"><\/div>\n<p><\/a>\t\t\t\t\t\t\t\t\t<\/div>\n<\/p><\/div>\n<\/section>\n<p>\t\t<!-- CTA Start &#x2705; --><\/p>\n<section class=\"hero-contained hero-contained--gradient hero-contained--footer-fix\">\n<div class=\"container copy-container copy-container--center\">\n<h3>Tem interesse em saber mais?<\/h3>\n<div class=\"copy-container__buttons\">\n\t\t\t\t\t<a class=\"button-primary button-primary--gradient\" href=\"\/br\/contact-us\/\" target=\"_self\" rel=\"noopener\">Entre em Contato<\/a><br \/>\n\t\t\t\t\t\t\t\t\t\t<a class=\"button-tertiary button-tertiary--white\" href=\"https:\/\/www.veeva.com\/wp-content\/uploads\/2023\/07\/Veeva-Product-Sheet-Vault-Quality.pdf?\" target=\"_blank\" rel=\"noopener\">Acesse o Product Sheet<\/a>\n\t\t\t\t\t\t\t\t\t<\/div>\n<\/p><\/div>\n<\/section><\/div>\n<p><\/main><\/p>\n","protected":false},"excerpt":{"rendered":"<p>Veeva Validation Management is a paperless validation solution that optimizes the end-to-end validation lifecycle process.<\/p>\n","protected":false},"author":80,"featured_media":0,"parent":20394,"menu_order":0,"comment_status":"closed","ping_status":"closed","template":"templates\/veeva-2024.full-page.php","meta":{"footnotes":""},"class_list":["post-62426","page","type-page","status-publish","hentry"],"aioseo_notices":[],"_links":{"self":[{"href":"https:\/\/www.veeva.com\/br\/wp-json\/wp\/v2\/pages\/62426"}],"collection":[{"href":"https:\/\/www.veeva.com\/br\/wp-json\/wp\/v2\/pages"}],"about":[{"href":"https:\/\/www.veeva.com\/br\/wp-json\/wp\/v2\/types\/page"}],"author":[{"embeddable":true,"href":"https:\/\/www.veeva.com\/br\/wp-json\/wp\/v2\/users\/80"}],"replies":[{"embeddable":true,"href":"https:\/\/www.veeva.com\/br\/wp-json\/wp\/v2\/comments?post=62426"}],"version-history":[{"count":3,"href":"https:\/\/www.veeva.com\/br\/wp-json\/wp\/v2\/pages\/62426\/revisions"}],"predecessor-version":[{"id":62450,"href":"https:\/\/www.veeva.com\/br\/wp-json\/wp\/v2\/pages\/62426\/revisions\/62450"}],"up":[{"embeddable":true,"href":"https:\/\/www.veeva.com\/br\/wp-json\/wp\/v2\/pages\/20394"}],"wp:attachment":[{"href":"https:\/\/www.veeva.com\/br\/wp-json\/wp\/v2\/media?parent=62426"}],"curies":[{"name":"wp","href":"https:\/\/api.w.org\/{rel}","templated":true}]}}