


{"id":62428,"date":"2026-05-13T09:35:03","date_gmt":"2026-05-13T12:35:03","guid":{"rendered":"https:\/\/www.veeva.com\/br\/?page_id=62428"},"modified":"2026-05-13T11:59:01","modified_gmt":"2026-05-13T14:59:01","slug":"veeva-batch-release","status":"publish","type":"page","link":"https:\/\/www.veeva.com\/br\/products\/veeva-batch-release\/","title":{"rendered":"Veeva Batch Release | Batch Release Software for Biopharma"},"content":{"rendered":"<p><main class=\"veeva-2024\"><\/p>\n<div id=\"simple-product\">\n<p>\t\t<!-- Hero Start &#x2705; --><\/p>\n<section class=\"hero-left-aligned hero-left-aligned--product\">\n<div class=\"hero-left-aligned__wrapper container\">\n<div class=\"copy-container container copy-container--left\">\n\t\t\t\t\t<!-- \n\n<h2>Veeva Batch Release<\/h2>\n\n\n\n\n<h1>Accelerate GMP Release and<br \/> Market-Ship Decisions<\/h1>\n\n\n\n\n<p>Streamline the aggregation and review of content and data <br \/> while simplifying collaboration with external partners.<\/p>\n\n\n\n --><\/p>\n<h2>Veeva Batch Release<\/h2>\n<h1>Acelere as Decis\u00f5es de Libera\u00e7\u00e3o GxP do Produto ao Mercado<\/h1>\n<p>\nO Batch Release \u00e9 uma solu\u00e7\u00e3o completa que automatiza a agrega\u00e7\u00e3o, revis\u00e3o e rastreabilidade de dados e conte\u00fado relacionados a lotes, permitindo decis\u00f5es mais r\u00e1pidas e confi\u00e1veis \u200b\u200bde libera\u00e7\u00e3o do lote ao mercado.\n<\/p>\n<p>\nO Batch Release re\u00fane dados e conte\u00fado de QualityDocs, QMS, LIMS, ERP e RIM para simplificar a colabora\u00e7\u00e3o com parceiros externos. Ele \u00e9 totalmente integrado e requer QMS e QualityDocs. Quando usado com LIMS e RIM, oferece um retorno sobre o investimento mais r\u00e1pido, mas tamb\u00e9m pode ser implementado com solu\u00e7\u00f5es de terceiros para centralizar todos os dados de libera\u00e7\u00e3o de lotes.<\/p>\n<h6>\n\t\t\t\t\t\t<span><span>Anunciado<\/span> 2023<\/span><br \/>\n\t\t\t\t\t\t<span><span>Status<\/span> Inicial<\/span><br \/>\n\t\t\t\t\t\t<span><span>Clientes<\/span> 11-50<\/span><br \/>\n\t\t\t\t\t<\/h6>\n<div class=\"copy-container__buttons\">\n\t\t\t\t\t\t\t\t\t\t\t\t\t<a style=\"font-size: 16px; text-decoration: underline;\" class=\"button-secondary button-secondary--black\" href=\"https:\/\/www.veeva.com\/wp-content\/uploads\/2023\/07\/Veeva-Product-Sheet-Vault-Quality.pdf\" target=\"_blank\" rel=\"noopener\"><br \/>\n   \t\t\t\t\t\t\t<img decoding=\"async\" src=\"https:\/\/www.veeva.com\/wp-content\/themes\/veeva2015\/assets\/svg\/icons\/btn-download--black.svg\" alt=\"\"> <span>Acesse o Product Sheet<\/span><\/a><\/p><\/div>\n<\/p><\/div>\n<div class=\"hero-left-aligned__image\">\n\t\t\t\t\t<img decoding=\"async\" src=\"https:\/\/www.veeva.com\/wp-content\/uploads\/2024\/09\/product-detail-hero-vault-batch-release@2x.png\" alt=\"Veeva Batch Release | Batch Release Software for Biopharma\">\n\t\t\t\t<\/div>\n<\/p><\/div>\n<\/section>\n<p>\t\t<!-- Banner Start &#x2705; --><\/p>\n<p>\t\t<!-- Summit Banner Override --><br \/>\n\t\t\t\t<!-- Use this for R&D Summit Banner. --><\/p>\n<p>\t\t<!-- Z Pattern Start (Overview) &#x2705; --><\/p>\n<section class=\"d-none z-pattern z-pattern-products z-pattern--light z-pattern--bg-grey section-rounded-top\">\n<div class=\"z-pattern__wrapper container\">\n<div class=\"z-pattern__inner\">\n<div class=\"copy-container copy-container--eyebrow-gradient copy-container--center copy-container--left-lg\">\n<h6>Overview<\/h6>\n<h3>Acelere as Decis\u00f5es de Libera\u00e7\u00e3o GxP do Produto ao Mercado<\/h3>\n<div class=\"copy-container__buttons\">\n\t\t\t\t\t\t\t\t\t\t\t\t\t\t<a class=\"button-tertiary button-tertiary--black\" href=\"https:\/\/www.veeva.com\/wp-content\/uploads\/2023\/07\/Veeva-Product-Sheet-Vault-Quality.pdf\" target=\"_blank\" rel=\"noopener\">Acesse o Product Sheet<\/a><br \/>\n\t\t\t\t\t\t\t\t\t\t\t\t\t\t\t\t\t\t\t\t\t<a class=\"button-secondary button-secondary--black button-secondary--icon-bg-white\" href=\"https:\/\/www.veeva.com\/resources\/veeva-batch-release-features-brief\/\" target=\"_self\" rel=\"noopener\"><br \/>\n\t\t\t\t\t\t\t\t<img decoding=\"async\" src=\"https:\/\/www.veeva.com\/wp-content\/themes\/veeva2015\/assets\/svg\/icons\/btn-arrow-right--black.svg\" alt=\"\"><br \/>\n\t\t\t\t\t\t\t\t<span>View Features<\/span><br \/>\n\t\t\t\t\t\t\t<\/a>\n\t\t\t\t\t\t\t\t\t\t\t\t\t<\/div>\n<\/p><\/div>\n<div class=\"z-pattern__image z-pattern-image--desktop\">\n<div class=\"z-pattern__image-wrapper\">\n\t\t\t\t\t\t\t<img decoding=\"async\" src=\"https:\/\/www.veeva.com\/wp-content\/uploads\/2024\/09\/Batch-Release_small@2x.png\" alt=\"\">\n\t\t\t\t\t\t<\/div>\n<\/p><\/div>\n<div class=\"z-pattern__content \">\n<p>\nO Batch Release \u00e9 uma solu\u00e7\u00e3o completa que automatiza a agrega\u00e7\u00e3o, revis\u00e3o e rastreabilidade de dados e conte\u00fado relacionados a lotes, permitindo decis\u00f5es mais r\u00e1pidas e confi\u00e1veis \u200b\u200bde libera\u00e7\u00e3o do lote ao mercado.\n<\/p>\n<p>\nO Batch Release re\u00fane dados e conte\u00fado de QualityDocs, QMS, LIMS, ERP e RIM para simplificar a colabora\u00e7\u00e3o com parceiros externos. Ele \u00e9 totalmente integrado e requer QMS e QualityDocs. Quando usado com LIMS e RIM, oferece um retorno sobre o investimento mais r\u00e1pido, mas tamb\u00e9m pode ser implementado com solu\u00e7\u00f5es de terceiros para centralizar todos os dados de libera\u00e7\u00e3o de lotes.<\/p>\n<\/p><\/div>\n<\/p><\/div>\n<\/p><\/div>\n<\/section>\n<div class=\"blended-bg\">\n<p>\t\t\t<!-- Stats Start &#x2705; --><\/p>\n<p>\t\t\t<!-- Video Player Start &#x2705; --><\/p>\n<section class=\"video-player-stacked video-player-stacked--dark\">\n<div class=\"container copy-container copy-container--center copy-container--eyebrow-gradient\">\n<h6>Por que Veeva Batch Release?<\/h6>\n<h3>Batch Release Mais R\u00e1pido, Eficiente e Eficaz<\/h3>\n<\/p><\/div>\n<div class=\"video-player-stacked__video container\">\n<script src=\"https:\/\/fast.wistia.com\/embed\/medias\/x7ru0xiya2.jsonp\" data-cookieconsent=\"ignore\" async><\/script><script src=\"https:\/\/fast.wistia.com\/assets\/external\/E-v1.js\" data-cookieconsent=\"ignore\" async><\/script><div class=\"wistia_responsive_padding\" style=\"padding:56.25% 0 0 0;position:relative;\"><div class=\"wistia_responsive_wrapper\" style=\"height:100%;left:0;position:absolute;top:0;width:100%;\"><div class=\"wistia_embed wistia_async_x7ru0xiya2 videoFoam=true\" style=\"height:100%;position:relative;width:100%\"><div class=\"wistia_swatch\" style=\"height:100%;left:0;opacity:0;overflow:hidden;position:absolute;top:0;transition:opacity 200ms;width:100%;\"><img decoding=\"async\" src=\"https:\/\/fast.wistia.com\/embed\/medias\/x7ru0xiya2\/swatch\" style=\"filter:blur(5px);height:100%;object-fit:contain;width:100%;\" alt=\"\" aria-hidden=\"true\" onload=\"this.parentNode.style.opacity=1;\" \/><\/div><\/div><\/div><\/div><\/div>\n<div class=\"video-player-stacked__stats container\">\n<div class=\"statistic-3-up-wrapper\">\n<div class=\"sidebar-info-box sidebar-info-box--text sidebar-info-box--light\">\n<h4>Acelere o Batch Release<br \/>\n<\/h4>\n<p>Tome decis\u00f5es mais r\u00e1pidas sobre a libera\u00e7\u00e3o de produtos em conformidade GxP e o envio para o mercado, reduzindo o tempo de lan\u00e7amento e os custos.\n<\/p>\n<\/div>\n<div class=\"sidebar-info-box sidebar-info-box--text sidebar-info-box--light\">\n<h4>Habilite a visibilidade em tempo real<br \/>\n<\/h4>\n<p>Revise o status do lote em tempo real com acesso a dados e conte\u00fados do QMS, LIMS, ERP e solu\u00e7\u00f5es regulat\u00f3rias.\n<\/p>\n<\/div>\n<div class=\"sidebar-info-box sidebar-info-box--text sidebar-info-box--light\">\n<h4>Aumente a precis\u00e3o e a efici\u00eancia<br \/>\n<\/h4>\n<p>Automatize a agrega\u00e7\u00e3o, as revis\u00f5es e a rastreabilidade de dados para melhorar a precis\u00e3o e a efici\u00eancia.<\/p>\n<\/div><\/div>\n<\/p><\/div>\n<\/section><\/div>\n<p>\t\t<!-- Logo Wall Start &#x2705; --><\/p>\n<p>\t\t<!-- Quotes Start &#x2705; --><\/p>\n<section class=\"quote-tabs quote-tabs--light \">\n<div class=\"quote-tabs__content\">\n<div class=\"container\">\n<div class=\"carousel slide carousel-fade\" data-bs-ride=\"carousel\">\n<div class=\"carousel-indicators\"><\/div>\n<div class=\"carousel-inner\">\n\t\t\t\t\t\t\t<!-- [1-6x] --><\/p>\n<div class=\"carousel-item\"   style=\"height:509px\">\n<div class=\"quote-card quote-card-single\">\n<div class=\"quote-card__quote-wrapper\">\n<p>&#8220;O Veeva Batch Release reunir\u00e1 dados e conte\u00fado de sistemas QMS, LIMS, ERP e regulat\u00f3rios para oferecer visibilidade em tempo real do status de libera\u00e7\u00e3o de lotes.&#8221;<\/p>\n<div class=\"quote-card__person-info-text\">\n<h5>Mike Jovanis, Vice-Presidente de Qualidade e Manufatura<\/h5>\n<h6>Veeva<\/h6>\n<\/p><\/div>\n<\/p><\/div>\n<\/p><\/div>\n<\/p><\/div>\n<p>\t\t\t\t\t\t\t\t\t\t\t\t\t\t\t\t\t\t\t\t\t\t\t\t\t\t\t\t<!-- [] -->\n\t\t\t\t\t\t<\/div>\n<\/p><\/div>\n<\/p><\/div>\n<\/p><\/div>\n<\/section>\n<p>\t\t<!-- Resources Start &#x2705; --><\/p>\n<section class=\"resource-block-cards resource-block-cards--light d-none\">\n<div class=\"container\">\n<div class=\"copy-container copy-container--center copy-container--eyebrow-gradient\">\n<h6>Resources<\/h6>\n<h3>Explore and Learn<\/h3>\n<\/p><\/div>\n<div class=\"resource-block__cards resource-block__cards--gridded\">\n\t\t\t\t\t\t\t\t\t\t<a id=\"\" class=\"resource-card resource-card--light\" href=\"\/resources\/veeva-batch-release-features-brief\/\" target=\"_self\" rel=\"noopener\"><\/p>\n<div class=\"resource-card__text\">\n<h6>Read Features Brief<\/h6>\n<h5>Veeva Batch Release Features Brief<\/h5>\n<\/div>\n<div class=\"resource-card__media\"><img decoding=\"async\" src=\"\/eu\/wp-content\/uploads\/2025\/02\/resource-logo-tile-vault-batch-release-340x240@2x.png\" alt=\"\"><\/div>\n<p><\/a><\/p>\n<p><a id=\"\" class=\"resource-card resource-card--light\" href=\"\/blog\/from-excess-caution-to-true-jurisdictional-control-shifting-gears-on-market-shipping\/\" target=\"_self\" rel=\"noopener\"><\/p>\n<div class=\"resource-card__text\">\n<h6>Read Blog<\/h6>\n<h5>From Excess Caution to True Jurisdictional Control: Shifting Gears on Market Shipping<\/h5>\n<\/div>\n<div class=\"resource-card__media\"><img decoding=\"async\" src=\"https:\/\/www.veeva.com\/wp-content\/uploads\/2025\/11\/resource-tile-shifting-gears-on-Market-Shipping-Batch-Release-340x240-1.png\" alt=\"\"><\/div>\n<p><\/a><\/p>\n<p><a id=\"\" class=\"resource-card resource-card--light\" href=\"\/resources\/how-does-veeva-batch-release-address-common-challenges\/\" target=\"_self\" rel=\"noopener\"><\/p>\n<div class=\"resource-card__text\">\n<h6>Watch Video<\/h6>\n<h5>How Does Veeva Batch Release Address Common Challenges?<\/h5>\n<\/div>\n<div class=\"resource-card__media\"><img decoding=\"async\" src=\"https:\/\/www.veeva.com\/wp-content\/uploads\/2025\/07\/veeva-batch-release-demo-resource-tile-340x240-1.png\" alt=\"\"><\/div>\n<p><\/a><\/p>\n<p><a id=\"\" class=\"resource-card resource-card--light\" href=\"\/blog\/moving-batch-release-into-the-fast-lane\/\" target=\"_self\" rel=\"noopener\"><\/p>\n<div class=\"resource-card__text\">\n<h6>Read Blog<\/h6>\n<h5>Moving Batch Release into the Fast Lane<\/h5>\n<\/div>\n<div class=\"resource-card__media\"><img decoding=\"async\" src=\"https:\/\/www.veeva.com\/wp-content\/uploads\/2025\/05\/resource-tile-moving-batch-release-into-the-fast-lane-340x240@2x.png\" alt=\"\"><\/div>\n<p><\/a><\/p><\/div>\n<\/p><\/div>\n<\/section>\n<p>\t\t<!-- CTA Start &#x2705; --><\/p>\n<section class=\"hero-contained hero-contained--gradient hero-contained--footer-fix\">\n<div class=\"container copy-container copy-container--center\">\n<h3>Tem interesse em saber mais?<\/h3>\n<div class=\"copy-container__buttons\">\n\t\t\t\t\t<a class=\"button-primary button-primary--gradient\" href=\"\/br\/contact-us\/\" target=\"_self\" rel=\"noopener\">Entre em Contato<\/a><br \/>\n\t\t\t\t\t\t\t\t\t\t<a class=\"button-tertiary button-tertiary--white\" href=\"https:\/\/www.veeva.com\/wp-content\/uploads\/2023\/07\/Veeva-Product-Sheet-Vault-Quality.pdf\" target=\"_blank\" rel=\"noopener\">Acesse o Product Sheet<\/a>\n\t\t\t\t\t\t\t\t\t<\/div>\n<\/p><\/div>\n<\/section><\/div>\n<p><\/main><\/p>\n","protected":false},"excerpt":{"rendered":"<p>Veeva Batch Release software provides real-time visibility into batch status to enable faster, more confident batch release decisions.<\/p>\n","protected":false},"author":80,"featured_media":0,"parent":20394,"menu_order":0,"comment_status":"closed","ping_status":"closed","template":"templates\/veeva-2024.full-page.php","meta":{"footnotes":""},"class_list":["post-62428","page","type-page","status-publish","hentry"],"aioseo_notices":[],"_links":{"self":[{"href":"https:\/\/www.veeva.com\/br\/wp-json\/wp\/v2\/pages\/62428"}],"collection":[{"href":"https:\/\/www.veeva.com\/br\/wp-json\/wp\/v2\/pages"}],"about":[{"href":"https:\/\/www.veeva.com\/br\/wp-json\/wp\/v2\/types\/page"}],"author":[{"embeddable":true,"href":"https:\/\/www.veeva.com\/br\/wp-json\/wp\/v2\/users\/80"}],"replies":[{"embeddable":true,"href":"https:\/\/www.veeva.com\/br\/wp-json\/wp\/v2\/comments?post=62428"}],"version-history":[{"count":2,"href":"https:\/\/www.veeva.com\/br\/wp-json\/wp\/v2\/pages\/62428\/revisions"}],"predecessor-version":[{"id":62438,"href":"https:\/\/www.veeva.com\/br\/wp-json\/wp\/v2\/pages\/62428\/revisions\/62438"}],"up":[{"embeddable":true,"href":"https:\/\/www.veeva.com\/br\/wp-json\/wp\/v2\/pages\/20394"}],"wp:attachment":[{"href":"https:\/\/www.veeva.com\/br\/wp-json\/wp\/v2\/media?parent=62428"}],"curies":[{"name":"wp","href":"https:\/\/api.w.org\/{rel}","templated":true}]}}