{"id":58355,"date":"2021-05-27T16:12:01","date_gmt":"2021-05-27T14:12:01","guid":{"rendered":"http:\/\/www.veeva.com\/eu\/?page_id=58355"},"modified":"2026-02-03T22:32:11","modified_gmt":"2026-02-03T21:32:11","slug":"condiciones","status":"publish","type":"page","link":"https:\/\/www.veeva.com\/eu\/es\/condiciones\/","title":{"rendered":"Condiciones"},"content":{"rendered":"<p>\nLe damos la bienvenida al sitio web de Veeva Systems (el \u00abSitio web\u00bb). El Sitio web es propiedad de Veeva Systems Inc. (en adelante, \u201cVeeva\u201d), que adem\u00e1s lo gestiona. Veeva presta sus servicios de acuerdo con las siguientes condiciones. Si visita este Sitio web, acepta estas condiciones. L\u00e9alas con atenci\u00f3n.\n<\/p>\n<p>\nVeeva puede, sin previo aviso, revisar en cualquier momento estas Condiciones de uso o cualquier otra informaci\u00f3n contenida en este Sitio web mediante la actualizaci\u00f3n de esta publicaci\u00f3n. Veeva tambi\u00e9n puede realizar mejoras o cambios en los productos, servicios o programas descritos en este Sitio web en cualquier momento y sin previo aviso.\n<\/p>\n<p><h4>1. Jurisdicciones legales exclusivamente<\/h4>\n<\/p>\n<p>\nLos servicios y productos descritos en este Sitio web se prestan \u00fanicamente a personas en aquellos estados y jurisdicciones en los que dichos productos y servicios puedan venderse legalmente. Nada de lo contenido en este Sitio web se considerar\u00e1 una solicitud de compra o una oferta de venta de productos o servicios a persona alguna en ninguna jurisdicci\u00f3n en la que dicha oferta, solicitud, compra o venta fuera ilegal.\n<\/p>\n<p><h4>2. General<\/h4>\n<\/p>\n<p>\nEste Sitio web y todo su contenido no se puede copiar, reproducir, volver a publicar, cargar, publicar, transmitir, distribuir ni utilizar para la creaci\u00f3n de obras derivadas sin el consentimiento previo por escrito de Veeva, salvo si Veeva le otorga un permiso no exclusivo, intransferible y limitado para acceder y mostrar las p\u00e1ginas web dentro de este Sitio Web, \u00fanicamente en su ordenador u otro dispositivo y para el uso personal, no comercial, de este Sitio web. Este permiso est\u00e1 condicionado a que el usuario no modifique el contenido mostrado en este Sitio web, mantenga intactos todos los derechos de autor, marcas comerciales y otros avisos de propiedad, as\u00ed como a que acepte los t\u00e9rminos, condiciones y avisos que acompa\u00f1en al contenido o que se estipulen de otro modo en este Sitio web. Sin perjuicio de lo anterior, cualquier software u otro material disponible para la descarga, el acceso u otro uso desde este Sitio web que cuente con sus propios t\u00e9rminos, condiciones y avisos de licencia se regir\u00e1n por dichos t\u00e9rminos, condiciones y avisos.\n<\/p>\n<p>\nEl incumplimiento por parte del usuario de los t\u00e9rminos, condiciones y avisos de este Sitio web dar\u00e1 lugar a la rescisi\u00f3n autom\u00e1tica de cualquier derecho otorgado al usuario, sin previo aviso, y este deber\u00e1 destruir inmediatamente todas las copias de los materiales descargados que obren en su poder o bajo su control. A excepci\u00f3n del permiso limitado en el p\u00e1rrafo anterior, Veeva no le otorga ning\u00fan derecho ni licencia expresos o impl\u00edcitos bajo ninguna patente, marca comercial, derecho de autor u otros derechos de propiedad intelectual o de otro tipo. El usuario no puede duplicar el contenido de este Sitio web en otro sitio web ni en ning\u00fan otro medio.\n<\/p>\n<p>\nEl contenido de este Sitio web puede hacer referencia a productos y servicios de Veeva que no se anuncien o que no est\u00e9n disponibles en su pa\u00eds. Dichas referencias no implican que esos productos o servicios est\u00e9n disponibles en su pa\u00eds. Los t\u00e9rminos contractuales aplicables a los productos y servicios de Veeva se rigen \u00fanicamente por los acuerdos que consten por escrito en virtud de los cuales se prestan a sus clientes.\n<\/p>\n<p><h4>3. Declaraciones cautelares y de proyecci\u00f3n futura<\/h4>\n<\/p>\n<p>\nSalvo en el caso de la informaci\u00f3n hist\u00f3rica, las declaraciones recogidas en este Sitio web pueden constituir declaraciones de proyecci\u00f3n futura en el marco de las diversas leyes de valores. Estas declaraciones implican una serie de riesgos, incertidumbres y otros factores que podr\u00edan hacer que los resultados reales difirieran materialmente, como se explica en los registros de Veeva con la Comisi\u00f3n de Valores y Bolsa de Estados Unidos (SEC, por sus siglas en ingl\u00e9s). Para obtener copias de dichos registros, consulte la pesta\u00f1a \u00abRegistros de la SEC\u00bb (SEC filings) en la secci\u00f3n \u00abInversores\u00bb (Investors) de este Sitio web.\n<\/p>\n<p><h4>4. Informaci\u00f3n de terceros<\/h4>\n<\/p>\n<p>\nAunque Veeva supervisa la informaci\u00f3n del Sitio web, parte de la informaci\u00f3n la suministran terceros independientes. Aunque Veeva hace todo lo posible por asegurar la precisi\u00f3n de toda la informaci\u00f3n del Sitio web, no ofrece ninguna garant\u00eda en cuanto a la precisi\u00f3n de dicha informaci\u00f3n.\n<\/p>\n<p><h4>5. Enlaces a este Sitio web<\/h4>\n<\/p>\n<p>\nVeeva debe aprobar por escrito todos los enlaces a este Sitio web, salvo que Veeva acepte enlaces en los que el enlace o las p\u00e1ginas activadas por el mismo no: a) creen marcos alrededor de cualquier p\u00e1gina de este Sitio web o utilicen otras t\u00e9cnicas que alteren de cualquier manera la presentaci\u00f3n o la apariencia visual de cualquier contenido dentro de este Sitio web; b) tergiversen su relaci\u00f3n con Veeva; c) impliquen que Veeva le aprueba o avala a usted, su Sitio web o sus ofertas de servicios o productos; o d) presenten impresiones falsas o enga\u00f1osas sobre Veeva o da\u00f1en de alg\u00fan modo la buena voluntad asociada con el nombre o las marcas comerciales de Veeva. Como otra condici\u00f3n para que se le permita crear un enlace a este Sitio web, acepta que Veeva puede en cualquier momento, a su entera discreci\u00f3n, rescindir el permiso para crear el enlace a este Sitio Web. En tal caso, usted acepta eliminar inmediatamente todos los enlaces a este Sitio web y dejar de utilizar cualquier marca comercial de Veeva.\n<\/p>\n<p><h4>6. RENUNCIA DE GARANT\u00cdA<\/h4>\n<\/p>\n<p>\nEN LA MEDIDA EN QUE LO PERMITA LA LEY, USTED UTILIZA ESTE SITIO WEB POR SU CUENTA Y RIESGO. TODOS LOS MATERIALES, INFORMACI\u00d3N, PRODUCTOS, SOFTWARE, PROGRAMAS Y SERVICIOS SE PROPORCIONAN \u00abTAL CUAL\u00bb, SIN GARANT\u00cdAS DE NING\u00daN TIPO. VEEVA RENUNCIA EXPRESAMENTE EN LA MEDIDA EN QUE LO PERMITA LA LEY A TODAS LAS GARANT\u00cdAS O DECLARACIONES EXPRESAS, IMPL\u00cdCITAS, LEGALES O DE OTRO TIPO, INCLUIDAS, SIN LIMITACI\u00d3N, LAS GARANT\u00cdAS DE COMERCIABILIDAD, IDONEIDAD PARA UN FIN DETERMINADO Y NO INFRACCI\u00d3N DE LOS DERECHOS DE PROPIEDAD INTELECTUAL O DE OTRO TIPO. SIN LIMITACI\u00d3N, VEEVA NO GARANTIZA QUE ESTE SITIO WEB FUNCIONE DE FORMA ININTERRUMPIDA, OPORTUNA, SEGURA O SIN ERRORES.\n<\/p>\n<p>\nUSTED ENTIENDE Y ACEPTA QUE SI DESCARGA U OBTIENE DE ALG\u00daN OTRO MODO MATERIALES, INFORMACI\u00d3N, PRODUCTOS, SOFTWARE, PROGRAMAS O SERVICIOS, LO HACE A SU DISCRECI\u00d3N Y POR SU PROPIO RIESGO Y QUE SER\u00c1 EL \u00daNICO RESPONSABLE DE CUALQUIER DA\u00d1O QUE PUEDA RESULTAR DE ELLO, INCLUIDA LA P\u00c9RDIDA DE DATOS O LOS DA\u00d1OS EN SU SISTEMA INFORM\u00c1TICO.\n<\/p>\n<p>\nALGUNAS JURISDICCIONES NO PERMITEN LA EXCLUSI\u00d3N DE GARANT\u00cdAS, POR LO QUE LAS EXCLUSIONES ANTERIORES PODR\u00cdAN NO SER DE APLICACI\u00d3N EN SU CASO.\n<\/p>\n<p><h4>7. LIMITACI\u00d3N DE RESPONSABILIDAD<\/h4>\n<\/p>\n<p>\nEN LA MEDIDA EN QUE LO PERMITA LA LEY, VEEVA NO SER\u00c1 RESPONSABLE EN NING\u00daN CASO ANTE NINGUNA PARTE POR DA\u00d1OS DIRECTOS, INDIRECTOS, INCIDENTALES, ESPECIALES, EJEMPLARES O CONSECUENTES DE NING\u00daN TIPO, RELACIONADOS CON O DERIVADOS DE ESTE SITIO WEB O DE CUALQUIER USO DEL MISMO, NI DE CUALQUIER SITIO O RECURSO VINCULADO, AL QUE SE HAGA REFERENCIA O AL QUE SE ACCEDA A TRAV\u00c9S DE ESTE SITIO WEB; TAMPOCO SER\u00c1 RESPONSABLE POR EL USO O LA DESCARGA DE, O EL ACCESO A, CUALQUIER MATERIAL, INFORMACI\u00d3N, PRODUCTO O SERVICIO, INCLUIDOS, SIN LIMITACI\u00d3N, CUALQUIER P\u00c9RDIDA DE BENEFICIOS, INTERRUPCI\u00d3N DE LA ACTIVIDAD EMPRESARIAL, P\u00c9RDIDA DE AHORROS O P\u00c9RDIDA DE PROGRAMAS U OTROS DATOS, INCLUSO SI VEEVA HA SIDO ADVERTIDA EXPRESAMENTE DE LA POSIBILIDAD DE TALES DA\u00d1OS. ESTA EXCLUSI\u00d3N Y RENUNCIA DE RESPONSABILIDAD SE APLICA A TODAS LAS CAUSAS DE ACCI\u00d3N, YA SE BASEN EN EL CONTRATO, LA GARANT\u00cdA, LA RESPONSABILIDAD EXTRACONTRACTUAL O EN CUALQUIER OTRA TEOR\u00cdA LEGAL.\n<\/p>\n<p>\nPodr\u00edan aplicarse t\u00e9rminos, condiciones o avisos adicionales o diferentes a materiales, informaci\u00f3n, productos, software o servicios espec\u00edficos ofrecidos a trav\u00e9s de este Sitio web. En caso de conflicto, dichos t\u00e9rminos, condiciones y avisos adicionales o diferentes prevalecer\u00e1n sobre estas Condiciones de uso. Consulte el acuerdo o aviso correspondiente.\n<\/p>\n<p><h4>8. Ley aplicable<\/h4>\n<\/p>\n<p>\nAl visitar este Sitio web, acepta que las leyes del Estado de California, sin tener en cuenta los principios de conflicto de leyes, regir\u00e1n exclusivamente estas Condiciones de uso y cualquier disputa que pueda surgir entre usted y Veeva.<\/p>\n","protected":false},"excerpt":{"rendered":"<p>Le damos la bienvenida al sitio web de Veeva Systems (el \u00abSitio web\u00bb). El Sitio web es propiedad de Veeva Systems Inc. (en adelante, \u201cVeeva\u201d), que adem\u00e1s lo gestiona. Veeva presta sus servicios de acuerdo con las siguientes condiciones. Si visita este Sitio web, acepta estas condiciones. L\u00e9alas con atenci\u00f3n. Veeva puede, sin previo aviso,&hellip;<\/p>\n","protected":false},"author":223,"featured_media":0,"parent":57629,"menu_order":0,"comment_status":"closed","ping_status":"closed","template":"templates\/veeva-2024.grey-bar.php","meta":{"footnotes":""},"coauthors":[],"class_list":["post-58355","page","type-page","status-publish","hentry","page-canonical-unique"],"aioseo_notices":[],"_links":{"self":[{"href":"https:\/\/www.veeva.com\/eu\/wp-json\/wp\/v2\/pages\/58355"}],"collection":[{"href":"https:\/\/www.veeva.com\/eu\/wp-json\/wp\/v2\/pages"}],"about":[{"href":"https:\/\/www.veeva.com\/eu\/wp-json\/wp\/v2\/types\/page"}],"author":[{"embeddable":true,"href":"https:\/\/www.veeva.com\/eu\/wp-json\/wp\/v2\/users\/223"}],"replies":[{"embeddable":true,"href":"https:\/\/www.veeva.com\/eu\/wp-json\/wp\/v2\/comments?post=58355"}],"version-history":[{"count":12,"href":"https:\/\/www.veeva.com\/eu\/wp-json\/wp\/v2\/pages\/58355\/revisions"}],"predecessor-version":[{"id":93757,"href":"https:\/\/www.veeva.com\/eu\/wp-json\/wp\/v2\/pages\/58355\/revisions\/93757"}],"up":[{"embeddable":true,"href":"https:\/\/www.veeva.com\/eu\/wp-json\/wp\/v2\/pages\/57629"}],"wp:attachment":[{"href":"https:\/\/www.veeva.com\/eu\/wp-json\/wp\/v2\/media?parent=58355"}],"wp:term":[{"taxonomy":"author","embeddable":true,"href":"https:\/\/www.veeva.com\/eu\/wp-json\/wp\/v2\/coauthors?post=58355"}],"curies":[{"name":"wp","href":"https:\/\/api.w.org\/{rel}","templated":true}]}}