{"id":58556,"date":"2021-06-08T17:03:06","date_gmt":"2021-06-08T15:03:06","guid":{"rendered":"http:\/\/www.veeva.com\/eu\/?page_id=58556"},"modified":"2026-02-03T22:26:50","modified_gmt":"2026-02-03T21:26:50","slug":"veeva-e-i-dati-del-cliente","status":"publish","type":"page","link":"https:\/\/www.veeva.com\/eu\/it\/veeva-e-i-dati-del-cliente\/","title":{"rendered":"Veeva e i dati del cliente"},"content":{"rendered":"<p>\nI clienti di Veeva potranno inviare elettronicamente dati o informazioni a scopo di hosting e trattamento (&#8220;dati del cliente&#8221;). Veeva non rivedr\u00e0, condivider\u00e0, distribuir\u00e0 o indicher\u00e0 alcun riferimento a tali dati del cliente, ad eccezione di quanto stabilito nel Contratto di sottoscrizione principale dei sistemi Veeva o di quanto richiesto dalla legge. In conformit\u00e0 al Contratto di sottoscrizione principale di Veeva Systems potremo accedere ai dati del cliente solo allo scopo di fornire i servizi, prevenire o risolvere problemi tecnici o di servizio, rispondere a una richiesta del cliente in relazione a questioni di assistenza al cliente, o al fine di ottemperare a quanto previsto dalla legge.\n<\/p>\n<p><em>Fornitori di servizi, subincaricati e terze parti<\/em><\/p>\n<p>\nVeeva potr\u00e0 trasferire i dati personali ai partner che ci aiutano a fornire i nostri servizi. I trasferimenti a terzi sono soggetti alle disposizioni dei nostri contratti stipulati con i clienti e i partner.\n<\/p>\n<p>\nPer consultare un elenco dei nostri subincaricati, visitare il sito Web: <a href=\"https:\/\/trust.veeva.com\/\" target=\"_blank\" rel=\"noopener noreferrer\">trust.veeva.com<\/a>.\n<\/p>\n<p>\n<em>Conservazione dei dati:<\/em>\n<\/p>\n<p>\nVeeva Systems conserver\u00e0 le informazioni dell&#8217;utente (inclusi i dati del cliente che raccogliamo per conto dei nostri clienti) per tutto il tempo in cui l&#8217;account dell&#8217;utente o del cliente sar\u00e0 attivo o per il tempo necessario per fornire i servizi all&#8217;utente, nonch\u00e9 per il tempo necessario al fine di adempiere ai nostri obblighi legali, risolvere controversie, applicare i nostri contratti, o nella misura ragionevolmente necessaria per le nostre finalit\u00e0 aziendali. Tali aspetti sono disciplinati anche nel Contratto di sottoscrizione principale di Veeva Systems.<\/p>\n","protected":false},"excerpt":{"rendered":"<p>I clienti di Veeva potranno inviare elettronicamente dati o informazioni a scopo di hosting e trattamento (&#8220;dati del cliente&#8221;). Veeva non rivedr\u00e0, condivider\u00e0, distribuir\u00e0 o indicher\u00e0 alcun riferimento a tali dati del cliente, ad eccezione di quanto stabilito nel Contratto di sottoscrizione principale dei sistemi Veeva o di quanto richiesto dalla legge. In conformit\u00e0 al&hellip;<\/p>\n","protected":false},"author":203,"featured_media":0,"parent":57574,"menu_order":0,"comment_status":"closed","ping_status":"closed","template":"templates\/veeva-2024.grey-bar.php","meta":{"footnotes":""},"coauthors":[],"class_list":["post-58556","page","type-page","status-publish","hentry","page-canonical-unique"],"aioseo_notices":[],"_links":{"self":[{"href":"https:\/\/www.veeva.com\/eu\/wp-json\/wp\/v2\/pages\/58556"}],"collection":[{"href":"https:\/\/www.veeva.com\/eu\/wp-json\/wp\/v2\/pages"}],"about":[{"href":"https:\/\/www.veeva.com\/eu\/wp-json\/wp\/v2\/types\/page"}],"author":[{"embeddable":true,"href":"https:\/\/www.veeva.com\/eu\/wp-json\/wp\/v2\/users\/203"}],"replies":[{"embeddable":true,"href":"https:\/\/www.veeva.com\/eu\/wp-json\/wp\/v2\/comments?post=58556"}],"version-history":[{"count":8,"href":"https:\/\/www.veeva.com\/eu\/wp-json\/wp\/v2\/pages\/58556\/revisions"}],"predecessor-version":[{"id":93752,"href":"https:\/\/www.veeva.com\/eu\/wp-json\/wp\/v2\/pages\/58556\/revisions\/93752"}],"up":[{"embeddable":true,"href":"https:\/\/www.veeva.com\/eu\/wp-json\/wp\/v2\/pages\/57574"}],"wp:attachment":[{"href":"https:\/\/www.veeva.com\/eu\/wp-json\/wp\/v2\/media?parent=58556"}],"wp:term":[{"taxonomy":"author","embeddable":true,"href":"https:\/\/www.veeva.com\/eu\/wp-json\/wp\/v2\/coauthors?post=58556"}],"curies":[{"name":"wp","href":"https:\/\/api.w.org\/{rel}","templated":true}]}}