{"id":58620,"date":"2021-06-09T16:13:53","date_gmt":"2021-06-09T14:13:53","guid":{"rendered":"http:\/\/www.veeva.com\/eu\/?page_id=58620"},"modified":"2026-02-03T22:36:22","modified_gmt":"2026-02-03T21:36:22","slug":"veeva-y-su-informacion","status":"publish","type":"page","link":"https:\/\/www.veeva.com\/eu\/es\/veeva-y-su-informacion\/","title":{"rendered":"Veeva y su informaci\u00f3n"},"content":{"rendered":"<h2>Informaci\u00f3n recopilada<\/h2>\n<p>\nSi manifestara su inter\u00e9s por obtener informaci\u00f3n adicional sobre los Servicios de Veeva o por acceder a \u00e1reas seguras de nuestros Sitios web, podr\u00edamos solicitarle la siguiente informaci\u00f3n personal: nombre completo, nombre de la empresa, direcci\u00f3n de correo electr\u00f3nico, direcci\u00f3n postal, n\u00famero de tel\u00e9fono y nombre de usuario y contrase\u00f1a de acceso al portal.\n<\/p>\n<p>\nSi adquiere los Servicios de Veeva, le pediremos sus datos de facturaci\u00f3n. Si se registra para asistir a eventos corporativos, o cuando efectivamente asista, Veeva le pedir\u00e1 que proporcione datos de contacto b\u00e1sicos, datos de facturaci\u00f3n e informaci\u00f3n relativa a su participaci\u00f3n en los eventos en los sitios web de Veeva.\n<\/p>\n<p>\nCuando navegue por nuestros Sitios web, Veeva podr\u00eda recopilar informaci\u00f3n mediante el uso de herramientas habituales para este fin, como balizas web o cookies. La informaci\u00f3n recopilada incluye datos est\u00e1ndar de su navegador web, como su direcci\u00f3n IP (protocolo de Internet), el tipo de navegador, el sistema operativo, las p\u00e1ginas de referencia\/salida, los enlaces en los que hace clic y las acciones que lleva a cabo durante la navegaci\u00f3n.\n<\/p>\n<h2>Uso de la informaci\u00f3n recopilada<\/h2>\n<p>\nVeeva utiliza la informaci\u00f3n que recopila en sus Sitios web para prestar los servicios solicitados. Por ejemplo, podemos utilizar esta informaci\u00f3n para:\n<\/p>\n<ul>\n<li>Enviar informaci\u00f3n solicitada sobre un producto o servicio<\/li>\n<li>Enviar actualizaciones de productos<\/li>\n<li>Responder a solicitudes de atenci\u00f3n al cliente<\/li>\n<li>Administrar su cuenta<\/li>\n<li>Enviar boletines<\/li>\n<li>Enviar comunicaciones de marketing<\/li>\n<li>Responder a preguntas y consultas<\/li>\n<li>Mejorar nuestro Sitio web y nuestras iniciativas de marketing<\/li>\n<li>Llevar a cabo investigaciones y an\u00e1lisis<\/li>\n<li>Dar respuesta a consultas sobre oportunidades profesionales<\/li>\n<\/ul>\n<h2>Intercambio de la informaci\u00f3n recopilada<\/h2>\n<p>\nSolo compartiremos sus Datos personales con terceros seg\u00fan se describe en la presente Declaraci\u00f3n de privacidad.\n<\/p>\n<p>\nPodr\u00edamos proporcionar sus Datos personales a aquellas empresas o a sus Sitios web (como nuestro proveedor del portal de atenci\u00f3n al cliente) que nos prestan los Servicios necesarios para llevar a cabo nuestra actividad empresarial, como la atenci\u00f3n al cliente o la facturaci\u00f3n de nuestros Servicios. Estas empresas est\u00e1n autorizadas a utilizar sus Datos personales exclusivamente en la medida que sea necesaria para prestarnos dichos Servicios.\n<\/p>\n<p>\nTambi\u00e9n podr\u00edamos revelar sus Datos personales:\n<\/p>\n<ul>\n<li>\tSeg\u00fan lo requiera la ley, como en caso de tener que cumplir con una citaci\u00f3n o con un proceso legal similar;<\/li>\n<li>\tCuando creamos de buena fe que la revelaci\u00f3n es necesaria para proteger nuestros derechos, su seguridad o la de otros, para investigar un fraude o para responder a una solicitud gubernamental;<\/li>\n<li>\tSi particip\u00e1ramos en una fusi\u00f3n, adquisici\u00f3n o venta de la totalidad o parte de nuestros activos, se le notificar\u00e1 por correo electr\u00f3nico o mediante un aviso destacado en nuestro Sitio web de cualquier cambio en la propiedad o el uso de sus Datos personales, as\u00ed como de cualquier opci\u00f3n de la que disponga en relaci\u00f3n con sus Datos personales;<\/li>\n<li>\tA cualquier otro tercero con su consentimiento previo para hacerlo.<\/li>\n<\/ul>\n<h2>Foros p\u00fablicos y testimonios de clientes<\/h2>\n<p>\nVeeva puede proporcionar tablones de anuncios, blogs o salas de chat en los Sitios web de la Empresa. Cualquier Dato personal que decida compartir en dichos foros podr\u00e1 ser le\u00eddo, recopilado o utilizado por otras personas que visiten estos foros y podr\u00e1 utilizarse para enviarle mensajes no solicitados. No somos responsables de los Datos personales que decida compartir en dichos foros.\n<\/p>\n<p>\nVeeva podr\u00eda publicar listas de clientes y testimonios en los Sitios web de la Empresa que contengan informaci\u00f3n como sus nombres o cargos. Obtendr\u00edamos el consentimiento de cada cliente antes de publicar cualquier dato o testimonio en dicha lista. Si desea solicitar la eliminaci\u00f3n de sus Datos personales o testimonios de nuestro blog o foro, p\u00f3ngase en contacto con nosotros en <a href=\"mailto:privacy@veeva.com\">privacy@veeva.com<\/a>.\n<\/p>\n<h2>Sus datos en los portales del cliente<\/h2>\n<p>\nSi desea actualizar o cambiar su contrase\u00f1a, puede hacer clic en el bot\u00f3n \u00ab\u00bfHa olvidado su contrase\u00f1a?\u00bb (Forgot your password) en la p\u00e1gina de inicio de sesi\u00f3n. Despu\u00e9s de proporcionar su nombre de usuario, el sistema generar\u00e1 una contrase\u00f1a que se le har\u00e1 llegar a la direcci\u00f3n de correo electr\u00f3nico que haya indicado en su perfil. Recibir\u00e1 un correo electr\u00f3nico con un enlace en el que podr\u00e1 cambiar su contrase\u00f1a.<\/p>\n","protected":false},"excerpt":{"rendered":"<p>Informaci\u00f3n recopilada Si manifestara su inter\u00e9s por obtener informaci\u00f3n adicional sobre los Servicios de Veeva o por acceder a \u00e1reas seguras de nuestros Sitios web, podr\u00edamos solicitarle la siguiente informaci\u00f3n personal: nombre completo, nombre de la empresa, direcci\u00f3n de correo electr\u00f3nico, direcci\u00f3n postal, n\u00famero de tel\u00e9fono y nombre de usuario y contrase\u00f1a de acceso al&hellip;<\/p>\n","protected":false},"author":203,"featured_media":0,"parent":57629,"menu_order":0,"comment_status":"closed","ping_status":"closed","template":"templates\/veeva-2024.grey-bar.php","meta":{"footnotes":""},"coauthors":[],"class_list":["post-58620","page","type-page","status-publish","hentry","page-canonical-unique"],"aioseo_notices":[],"_links":{"self":[{"href":"https:\/\/www.veeva.com\/eu\/wp-json\/wp\/v2\/pages\/58620"}],"collection":[{"href":"https:\/\/www.veeva.com\/eu\/wp-json\/wp\/v2\/pages"}],"about":[{"href":"https:\/\/www.veeva.com\/eu\/wp-json\/wp\/v2\/types\/page"}],"author":[{"embeddable":true,"href":"https:\/\/www.veeva.com\/eu\/wp-json\/wp\/v2\/users\/203"}],"replies":[{"embeddable":true,"href":"https:\/\/www.veeva.com\/eu\/wp-json\/wp\/v2\/comments?post=58620"}],"version-history":[{"count":10,"href":"https:\/\/www.veeva.com\/eu\/wp-json\/wp\/v2\/pages\/58620\/revisions"}],"predecessor-version":[{"id":93762,"href":"https:\/\/www.veeva.com\/eu\/wp-json\/wp\/v2\/pages\/58620\/revisions\/93762"}],"up":[{"embeddable":true,"href":"https:\/\/www.veeva.com\/eu\/wp-json\/wp\/v2\/pages\/57629"}],"wp:attachment":[{"href":"https:\/\/www.veeva.com\/eu\/wp-json\/wp\/v2\/media?parent=58620"}],"wp:term":[{"taxonomy":"author","embeddable":true,"href":"https:\/\/www.veeva.com\/eu\/wp-json\/wp\/v2\/coauthors?post=58620"}],"curies":[{"name":"wp","href":"https:\/\/api.w.org\/{rel}","templated":true}]}}