{"id":79652,"date":"2024-10-15T20:03:30","date_gmt":"2024-10-15T18:03:30","guid":{"rendered":"https:\/\/www.veeva.com\/eu\/?page_id=79652"},"modified":"2025-05-06T14:45:35","modified_gmt":"2025-05-06T12:45:35","slug":"vpm-france","status":"publish","type":"page","link":"https:\/\/www.veeva.com\/eu\/vpm-france\/","title":{"rendered":"Hub du Contenu Commercial"},"content":{"rendered":"<style>\n\t.veeva-2024 #hero.hero-centered--image {\n\t\t--mobile-image: url(\/wp-content\/themes\/veeva2015\/assets\/veeva-2024\/background\/suite-hero-mobile.jpg);\n\t\t--desktop-image: url(\/wp-content\/themes\/veeva2015\/assets\/veeva-2024\/background\/suite-hero-desktop.jpg);\n\t}<\/p>\n<p>\t.veeva-2024 .resource-card__media {\n\t\tbackground-color: white;\n\t}\n.veeva-2024 .resource-block__cards.resource-block__cards--gridded {\n        grid-template-columns: repeat(3, 1fr);\n    }\n<\/style>\n<p><main class=\"veeva-2024\"><\/p>\n<div id=\"\" style=\"padding-top: 0 !important;\" class=\"\">\n<section id=\"hero\" class=\"hero-centered hero-centered--image\">\n<div class=\"container copy-container copy-container--center\">\n\t\t\t\t<!-- \n\n<h6><\/h6>\n\n --><\/p>\n<h1>Hub du Contenu Commercial<\/h1>\n<p>Livrez du contenu personnalis\u00e9 et conforme plus rapidement, et \u00e0 grande \u00e9chelle.<\/p>\n<\/p><\/div>\n<\/section>\n<p>\t\t<!-- Alert &#x2705; --><\/p>\n<section class=\"alert-news\">\n\t\t\t<a class=\"alert-news__wrapper container\" href=\"https:\/\/www.veeva.com\/eu\/fr\/\" target=\"_self\" rel=\"noopener\"><\/p>\n<div class=\"alert-news__inner\">\n<h6>Permettre aux \u00e9quipes commerciales, marketing et m\u00e9dicales de mieux collaborer<\/h6>\n<p>\t\t\t\t\t<span class=\"alert-news__btn-desktop button-secondary\"><br \/>\n\t\t\t\t\t\t<img decoding=\"async\" src=\"\/wp-content\/themes\/veeva2015\/assets\/svg\/icons\/btn-arrow-up-right--black.svg\" alt=\"\"><br \/>\n\t\t\t\t\t<\/span><br \/>\n\t\t\t\t\t<span class=\"alert-news__btn-mobile button-text-link button-text-link--black\"><br \/>\n\t\t\t\t\t\t<span class=\"button-label\">Click here<\/span><br \/>\n\t\t\t\t\t\t<span class=\"underline\"><\/span><br \/>\n\t\t\t\t\t<\/span>\n\t\t\t\t<\/div>\n<p>\t\t\t<\/a><br \/>\n\t\t<\/section>\n<p>\t\t<!-- Introduction And Benefits &#x2705;  --><\/p>\n<p>\t\t<!-- Marquee - Subpoints &#x2705; --><\/p>\n<section class=\"marquee-subpoints marquee-subpoints--light marquee-subpoints--3-up\" style=\"margin-top:60px\">\n<div class=\"copy-container container copy-container--center copy-container--eyebrow-gradient\">\n<h2>La transformation du contenu commercial<\/h2>\n<p>\n\t\t\t\t\tLe monde du contenu commercial dans l\u2019industrie pharmaceutique ne cesse d\u2019\u00e9voluer. Le nombre de<br \/>\n\t\t\t\t\tlancements de nouveaux m\u00e9dicaments a fortement augment\u00e9 au cours de la derni\u00e8re d\u00e9cennie, et<br \/>\n\t\t\t\t\tn\u00e9cessite la publication de documents personnalis\u00e9s \u00e0 grande \u00e9chelle pour les professionnels de<br \/>\n\t\t\t\t\tsant\u00e9, en toute conformit\u00e9. Une mise sur le march\u00e9 rapide est essentielle pour rester comp\u00e9titif, et<br \/>\n\t\t\t\t\tcela impose de produire plus efficacement son contenu sans compromettre la qualit\u00e9 ou l\u2019exp\u00e9rience<br \/>\n\t\t\t\t\tdu client.\n\t\t\t\t<\/p>\n<p>\n\t\t\t\t\tVeeva est votre partenaire dans la transformation digitale. Dans ce Hub de Contenu Commercial, vous<br \/>\n\t\t\t\t\ttrouverez des bonnes pratiques, t\u00e9moignages de vos pairs et conseils d&#8217;innovation produit. Vos<br \/>\n\t\t\t\t\tcontacts chez Veeva sont toujours disponibles pour vous soutenir en cas de questions.\n\t\t\t\t<\/p>\n<\/p><\/div>\n<\/section>\n<p>\t\t<!-- Z Pattern - Subcopy, Light --><\/p>\n<p>\t\t<!-- Z Pattern - Wistia --><\/p>\n<section class=\"z-pattern z-pattern-products z-pattern--light z-pattern--bg-grey  section-rounded-top\">\n<div class=\"z-pattern__wrapper container\">\n<div class=\"z-pattern__inner\">\n\t\t\t\t\t<!-- z-pattern: copy container --><\/p>\n<div class=\"copy-container copy-container--eyebrow-gradient\">\n<h6>Simplifiez vos soumissions \u00e0 l&#8217;ANSM<\/h6>\n<h3>Vers l&#8217;Excellence du Contenu<\/h3>\n<p>\n\t\t\t\t\t\t\tPour vous aussi les soumissions \u00e0 l\u2019ANSM sont complexes ? Veeva PromoMats a une<br \/>\n\t\t\t\t\t\t\tconfiguration d\u00e9di\u00e9e \u00e0 la France, avec des processus standardis\u00e9s pour la revue et<br \/>\n\t\t\t\t\t\t\tapprobation des documents promotionnels. <\/p>\n<\/p><\/div>\n<p>\t\t\t\t\t<!-- z-pattern: img section --><\/p>\n<div class=\"z-pattern__image\">\n<div class=\"z-pattern__image-wrapper\">\n\t\t\t\t\t\t\t<script>\n\t\t\twindow._wq = window._wq || [];\n\t\t\t_wq.push({\n\t\t\t  id: \"tjcxkhu48c\",\n\t\t\t  options: {\n\t\t\t\tplugin: {\n\t\t\t\t  \"captions\": {\n\t\t\t\t\tonByDefault: false\n\t\t\t\t  }\n\t\t\t\t}\n\t\t\t  }\n\t\t\t});\n\t\t\t<\/script><script src=\"https:\/\/fast.wistia.com\/embed\/medias\/tjcxkhu48c.jsonp\" async><\/script><script src=\"https:\/\/fast.wistia.com\/assets\/external\/E-v1.js\" async><\/script><div class=\"wistia_responsive_padding\" style=\"padding:56.25% 0 0 0;position:relative;\"><div class=\"wistia_responsive_wrapper\" style=\"height:100%;left:0;position:absolute;top:0;width:100%;\"><div class=\"wistia_embed wistia_async_tjcxkhu48c videoFoam=true\" style=\"height:100%;position:relative;width:100%\"><div class=\"wistia_swatch\" style=\"height:100%;left:0;opacity:0;overflow:hidden;position:absolute;top:0;transition:opacity 200ms;width:100%;\"><img decoding=\"async\" src=\"https:\/\/fast.wistia.com\/embed\/medias\/tjcxkhu48c\/swatch\" style=\"filter:blur(5px);height:100%;object-fit:contain;width:100%;\" alt=\"\" aria-hidden=\"true\" onload=\"this.parentNode.style.opacity=1;\" \/><\/div><\/div><\/div><\/div><\/p><\/div>\n<\/p><\/div>\n<\/p><\/div>\n<p>\t\t\t\t<!-- z-pattern__image will be duplicated to here via js for desktop ui -->\n\t\t\t<\/div>\n<\/section>\n<section class=\"resource-block-cards resource-block-cards--light\" style=\"margin-top:40px\">\n<div class=\"container\">\n<div class=\"copy-container copy-container--center copy-container--eyebrow-gradient\">\n<h3>\n\t\t\t\t\t\tGestion du Contenu et des Actifs Num\u00e9riques<br \/>\n\t\t\t\t\t<\/h3>\n<\/p><\/div>\n<div class=\"resource-block__cards resource-block__cards--gridded\">\n\t\t\t\t\t<!-- resource card --><br \/>\n\t\t\t\t\t<a class=\"resource-card\"\n\t\t\t\t\t\thref=\"https:\/\/www.veeva.com\/eu\/fr\/ressources\/optimisez-lefficacite-de-vos-validations-medicales-legales-et-reglementaires-mlr\/\"><\/p>\n<div class=\"resource-card__media\">\n\t\t\t\t\t\t\t<img decoding=\"async\" src=\"https:\/\/www.veeva.com\/eu\/wp-content\/uploads\/2022\/08\/resource-tile-joe-adams-blog-340x240@2x.png\"\n\t\t\t\t\t\t\t\talt=\"\" \/>\n\t\t\t\t\t\t<\/div>\n<div class=\"resource-card__text\">\n<h5>MLR<\/h5>\n<p>Optimisez l\u2019efficacit\u00e9 de vos validations m\u00e9dicales, l\u00e9gales et r\u00e9glementaires.<\/p>\n<h6>En Savoir Plus<\/h6>\n<\/p><\/div>\n<p>\t\t\t\t\t<\/a><br \/>\n\t\t\t\t\t<a class=\"resource-card\"\n\t\t\t\t\t\thref=\"https:\/\/www.veeva.com\/eu\/fr\/ressources\/comment-les-biotechs-emergentes-peuvent-elles-accelerer-les-lancements-de-produits-et-la-production-de-contenu-commercial\/\"><\/p>\n<div class=\"resource-card__media\">\n\t\t\t\t\t\t\t<img decoding=\"async\" src=\"https:\/\/www.veeva.com\/eu\/wp-content\/uploads\/2022\/03\/emerging-pharma-ebook-1.png\"\n\t\t\t\t\t\t\t\talt=\"\" \/>\n\t\t\t\t\t\t<\/div>\n<div class=\"resource-card__text\">\n<h5>4 Bonnes pratiques pour acc\u00e9l\u00e9rer les revues MLR<\/h5>\n<p>Comment les biotechs \u00e9mergentes peuvent-elles acc\u00e9l\u00e9rer les lancements de produits et la<br \/>\n\t\t\t\t\t\t\t\tproduction de contenu commercial<\/p>\n<h6>En Savoir Plus<\/h6>\n<\/p><\/div>\n<p>\t\t\t\t\t<\/a><br \/>\n\t\t\t\t\t<a class=\"resource-card\"\n\t\t\t\t\t\thref=\"https:\/\/www.veeva.com\/eu\/fr\/ressources\/executive-brief-accelerer-le-cycle-de-vie-des-contenus-commerciaux\/\"><\/p>\n<div class=\"resource-card__media\">\n\t\t\t\t\t\t\t<img decoding=\"async\" src=\"https:\/\/www.veeva.com\/eu\/wp-content\/uploads\/2022\/10\/Resource-Tile-340x240px.png\"\n\t\t\t\t\t\t\t\talt=\"\" \/>\n\t\t\t\t\t\t<\/div>\n<div class=\"resource-card__text\">\n<h5>Rapport<\/h5>\n<p>Acc\u00e9l\u00e9rer le cycle de vie des contenus commerciaux<\/p>\n<h6>En Savoir Plus<\/h6>\n<\/p><\/div>\n<p>\t\t\t\t\t<\/a><\/p><\/div>\n<\/p><\/div>\n<\/section>\n<p>\t\t<!-- Resource - Cards, Dark --><\/p>\n<section class=\"resource-block-cards resource-block-cards--dark section-rounded\">\n<div class=\"container\">\n\t\t\t\t<!-- copy container --><\/p>\n<div class=\"copy-container copy-container--center copy-container--eyebrow-gradient\">\n<h3>\n\t\t\t\t\t\tT\u00e9moignages Clients<br \/>\n\t\t\t\t\t<\/h3>\n<\/p><\/div>\n<div class=\"resource-block__cards resource-block__cards--gridded\">\n\t\t\t\t\t<!-- resource card --><br \/>\n\t\t\t\t\t<a class=\"resource-card\"\n\t\t\t\t\t\thref=\"https:\/\/www.veeva.com\/eu\/fr\/ressources\/almirall-creer-les-fondations-pour-lexcellence-du-contenu\/\"><\/p>\n<div class=\"resource-card__text\">\n<h6>Almirall<\/h6>\n<h5>Cr\u00e9er les fondations pour l\u2019excellence du contenu<\/h5>\n<\/p><\/div>\n<div class=\"resource-card__media\">\n\t\t\t\t\t\t\t<img decoding=\"async\" src=\"\/wp-content\/uploads\/2024\/03\/Product-Page-Customer-Logo-Almirall-Color-TransparentBG@2x.png\"\n\t\t\t\t\t\t\t\talt=\"\" \/>\n\t\t\t\t\t\t<\/div>\n<p>\t\t\t\t\t<\/a><br \/>\n\t\t\t\t\t<a class=\"resource-card\"\n\t\t\t\t\t\thref=\"https:\/\/www.veeva.com\/eu\/fr\/ressources\/norgine-rationalise-les-approbations-de-contenu-a-travers-les-operations-mondiales-et-locales\/\"><\/p>\n<div class=\"resource-card__text\">\n<h6>Norgine<\/h6>\n<h5>Norgine rationalise les approbations de contenu \u00e0 travers les op\u00e9rations mondiales et<br \/>\n\t\t\t\t\t\t\t\tlocales<\/h5>\n<\/p><\/div>\n<div class=\"resource-card__media\">\n\t\t\t\t\t\t\t<img decoding=\"async\" src=\"\/wp-content\/uploads\/2024\/03\/Product-Page-Customer-Logo-Norgine-Color-TransparentBG@2x.png\"\n\t\t\t\t\t\t\t\talt=\"\" \/>\n\t\t\t\t\t\t<\/div>\n<p>\t\t\t\t\t<\/a><br \/>\n\t\t\t\t\t<a class=\"resource-card\"\n\t\t\t\t\t\thref=\"https:\/\/www.veeva.com\/eu\/fr\/ressources\/grunenthal-vise-lexcellence-grace-au-contenu-modulaire\/\"><\/p>\n<div class=\"resource-card__text\">\n<h6>Gr\u00fcnenthal<\/h6>\n<h5>Gr\u00fcnenthal vise l\u2019excellence gr\u00e2ce au contenu modulaire<\/h5>\n<\/p><\/div>\n<div class=\"resource-card__media\">\n\t\t\t\t\t\t\t<img decoding=\"async\" src=\"\/wp-content\/uploads\/2024\/03\/Product-Page-Customer-Logo-Grunenthal-Color-TransparentBG@2x.png\"\n\t\t\t\t\t\t\t\talt=\"\" \/>\n\t\t\t\t\t\t<\/div>\n<p>\t\t\t\t\t<\/a><\/p><\/div>\n<\/p><\/div>\n<\/section>\n<section class=\"people-events card-block-3-up--light  section-rounded-top\">\n<div class=\"copy-container container copy-container--center copy-container--eyebrow-gradient\">\n<h6>France<\/h6>\n<h3>Vos Contacts D\u00e9di\u00e9s<\/h3>\n<\/p><\/div>\n<div class=\"people-events__cards container\">\n<div class=\"person-card-events person-card-events--light\">\n\t\t\t\t\t<img decoding=\"async\" class=\"person-card-events__thumbnail\"\n\t\t\t\t\t\tsrc=\"https:\/\/www.veeva.com\/eu\/wp-content\/uploads\/2024\/10\/Serge-Canelas-600x390-1.jpg\" alt=\"\"><\/p>\n<h6 style=\"position:relative;padding-right:40px;\">Serge Canelas<br \/>\n\t\t\t\t\t\t<a style=\"position: absolute; right:0; top:0;\" href=\"https:\/\/www.linkedin.com\/in\/serge-canelas-10859947\/\" class=\"team-card__social\" rel=\"noopener\" target=\"_blank\"><br \/>\n\t\t\t\t\t\t\t<svg xmlns=\"http:\/\/www.w3.org\/2000\/svg\" width=\"32\" height=\"32\" fill=\"#0A66C2\" viewBox=\"0 0 16 16\" aria-hidden=\"true\">\n\t\t\t\t\t\t\t\t<path d=\"M0 1.146C0 .513.526 0 1.175 0h13.65C15.474 0 16 .513 16 1.146v13.708c0 .633-.526 1.146-1.175 1.146H1.175C.526 16 0 15.487 0 14.854zm4.943 12.248V6.169H2.542v7.225zm-1.2-8.212c.837 0 1.358-.554 1.358-1.248-.015-.709-.52-1.248-1.342-1.248S2.4 3.226 2.4 3.934c0 .694.521 1.248 1.327 1.248zm4.908 8.212V9.359c0-.216.016-.432.08-.586.173-.431.568-.878 1.232-.878.869 0 1.216.662 1.216 1.634v3.865h2.401V9.25c0-2.22-1.184-3.252-2.764-3.252-1.274 0-1.845.7-2.165 1.193v.025h-.016l.016-.025V6.169h-2.4c.03.678 0 7.225 0 7.225z\"><\/path>\n\t\t\t\t\t\t\t<\/svg><br \/>\n\t\t\t\t\t\t<\/a><br \/>\n\t\t\t\t\t<\/h6>\n<p class=\"person-card-events__company\">Veeva Systems<\/p>\n<p>Director, Europe Commercial Accounts<\/p>\n<\/p><\/div>\n<div class=\"person-card-events person-card-events--light\">\n\t\t\t\t\t<img decoding=\"async\" class=\"person-card-events__thumbnail\"\n\t\t\t\t\t\tsrc=\"https:\/\/www.veeva.com\/eu\/wp-content\/uploads\/2024\/10\/Alessandro-Panzeri-600x390-1.jpg\"\n\t\t\t\t\t\talt=\"\"><\/p>\n<h6 style=\"position:relative;padding-right:40px;\">Alessandro Panzeri<br \/>\n\t\t\t\t\t\t<a style=\"position: absolute; right:0; top:0;\" href=\"https:\/\/www.linkedin.com\/in\/apanzeri\/\" class=\"team-card__social\" rel=\"noopener\" target=\"_blank\"><br \/>\n\t\t\t\t\t\t\t<svg xmlns=\"http:\/\/www.w3.org\/2000\/svg\" width=\"32\" height=\"32\" fill=\"#0A66C2\" viewBox=\"0 0 16 16\" aria-hidden=\"true\">\n\t\t\t\t\t\t\t\t<path d=\"M0 1.146C0 .513.526 0 1.175 0h13.65C15.474 0 16 .513 16 1.146v13.708c0 .633-.526 1.146-1.175 1.146H1.175C.526 16 0 15.487 0 14.854zm4.943 12.248V6.169H2.542v7.225zm-1.2-8.212c.837 0 1.358-.554 1.358-1.248-.015-.709-.52-1.248-1.342-1.248S2.4 3.226 2.4 3.934c0 .694.521 1.248 1.327 1.248zm4.908 8.212V9.359c0-.216.016-.432.08-.586.173-.431.568-.878 1.232-.878.869 0 1.216.662 1.216 1.634v3.865h2.401V9.25c0-2.22-1.184-3.252-2.764-3.252-1.274 0-1.845.7-2.165 1.193v.025h-.016l.016-.025V6.169h-2.4c.03.678 0 7.225 0 7.225z\"><\/path>\n\t\t\t\t\t\t\t<\/svg><br \/>\n\t\t\t\t\t\t<\/a><br \/>\n\t\t\t\t\t<\/h6>\n<p class=\"person-card-events__company\">Veeva Systems<\/p>\n<p>Account Partner, Europe Commercial<\/p>\n<\/p><\/div>\n<div class=\"person-card-events person-card-events--light\">\n\t\t\t\t\t<img decoding=\"async\" class=\"person-card-events__thumbnail\"\n\t\t\t\t\t\tsrc=\"https:\/\/www.veeva.com\/eu\/wp-content\/uploads\/2024\/10\/Guillaume-Roussel-600x390-1.jpg\"\n\t\t\t\t\t\talt=\"\"><\/p>\n<h6 style=\"position:relative;padding-right:40px;\">Guillaume Roussel<br \/>\n\t\t\t\t\t\t<a style=\"position: absolute; right:0; top:0;\" href=\"https:\/\/www.linkedin.com\/in\/guillaume-b-roussel\/\" class=\"team-card__social\" rel=\"noopener\" target=\"_blank\"><br \/>\n\t\t\t\t\t\t\t<svg xmlns=\"http:\/\/www.w3.org\/2000\/svg\" width=\"32\" height=\"32\" fill=\"#0A66C2\" viewBox=\"0 0 16 16\" aria-hidden=\"true\">\n\t\t\t\t\t\t\t\t<path d=\"M0 1.146C0 .513.526 0 1.175 0h13.65C15.474 0 16 .513 16 1.146v13.708c0 .633-.526 1.146-1.175 1.146H1.175C.526 16 0 15.487 0 14.854zm4.943 12.248V6.169H2.542v7.225zm-1.2-8.212c.837 0 1.358-.554 1.358-1.248-.015-.709-.52-1.248-1.342-1.248S2.4 3.226 2.4 3.934c0 .694.521 1.248 1.327 1.248zm4.908 8.212V9.359c0-.216.016-.432.08-.586.173-.431.568-.878 1.232-.878.869 0 1.216.662 1.216 1.634v3.865h2.401V9.25c0-2.22-1.184-3.252-2.764-3.252-1.274 0-1.845.7-2.165 1.193v.025h-.016l.016-.025V6.169h-2.4c.03.678 0 7.225 0 7.225z\"><\/path>\n\t\t\t\t\t\t\t<\/svg><br \/>\n\t\t\t\t\t\t<\/a><br \/>\n\t\t\t\t\t<\/h6>\n<p class=\"person-card-events__company\">Veeva Systems<\/p>\n<p>Senior Account Partner, Europe Commercial<\/p>\n<\/p><\/div>\n<div class=\"person-card-events person-card-events--light\">\n\t\t\t\t\t<img decoding=\"async\" class=\"person-card-events__thumbnail\"\n\t\t\t\t\t\tsrc=\"https:\/\/www.veeva.com\/eu\/wp-content\/uploads\/2024\/10\/Linda-Slimani-600x390-1.jpg\" alt=\"\"><\/p>\n<h6 style=\"position:relative;padding-right:40px;\">Linda Slimani<br \/>\n\t\t\t\t\t\t<a style=\"position: absolute; right:0; top:0;\" href=\"https:\/\/www.linkedin.com\/in\/linda-soulimani-1450966\/\" class=\"team-card__social\" rel=\"noopener\" target=\"_blank\"><br \/>\n\t\t\t\t\t\t\t<svg xmlns=\"http:\/\/www.w3.org\/2000\/svg\" width=\"32\" height=\"32\" fill=\"#0A66C2\" viewBox=\"0 0 16 16\" aria-hidden=\"true\">\n\t\t\t\t\t\t\t\t<path d=\"M0 1.146C0 .513.526 0 1.175 0h13.65C15.474 0 16 .513 16 1.146v13.708c0 .633-.526 1.146-1.175 1.146H1.175C.526 16 0 15.487 0 14.854zm4.943 12.248V6.169H2.542v7.225zm-1.2-8.212c.837 0 1.358-.554 1.358-1.248-.015-.709-.52-1.248-1.342-1.248S2.4 3.226 2.4 3.934c0 .694.521 1.248 1.327 1.248zm4.908 8.212V9.359c0-.216.016-.432.08-.586.173-.431.568-.878 1.232-.878.869 0 1.216.662 1.216 1.634v3.865h2.401V9.25c0-2.22-1.184-3.252-2.764-3.252-1.274 0-1.845.7-2.165 1.193v.025h-.016l.016-.025V6.169h-2.4c.03.678 0 7.225 0 7.225z\"><\/path>\n\t\t\t\t\t\t\t<\/svg><br \/>\n\t\t\t\t\t\t<\/a><br \/>\n\t\t\t\t\t<\/h6>\n<p class=\"person-card-events__company\">Veeva Systems<\/p>\n<p>Account Partner, Europe Commercial<\/p>\n<\/p><\/div>\n<div class=\"person-card-events person-card-events--light\">\n\t\t\t\t\t<img decoding=\"async\" class=\"person-card-events__thumbnail\"\n\t\t\t\t\t\tsrc=\"https:\/\/www.veeva.com\/eu\/wp-content\/uploads\/2024\/10\/Pierre-Galez-600x390-1.jpg\" alt=\"\"><\/p>\n<h6 style=\"position:relative;padding-right:40px;\">Pierre Galez<br \/>\n\t\t\t\t\t\t<a style=\"position: absolute; right:0; top:0;\" href=\"https:\/\/www.linkedin.com\/in\/pierre-galez\/\" class=\"team-card__social\" rel=\"noopener\" target=\"_blank\"><br \/>\n\t\t\t\t\t\t\t<svg xmlns=\"http:\/\/www.w3.org\/2000\/svg\" width=\"32\" height=\"32\" fill=\"#0A66C2\" viewBox=\"0 0 16 16\" aria-hidden=\"true\">\n\t\t\t\t\t\t\t\t<path d=\"M0 1.146C0 .513.526 0 1.175 0h13.65C15.474 0 16 .513 16 1.146v13.708c0 .633-.526 1.146-1.175 1.146H1.175C.526 16 0 15.487 0 14.854zm4.943 12.248V6.169H2.542v7.225zm-1.2-8.212c.837 0 1.358-.554 1.358-1.248-.015-.709-.52-1.248-1.342-1.248S2.4 3.226 2.4 3.934c0 .694.521 1.248 1.327 1.248zm4.908 8.212V9.359c0-.216.016-.432.08-.586.173-.431.568-.878 1.232-.878.869 0 1.216.662 1.216 1.634v3.865h2.401V9.25c0-2.22-1.184-3.252-2.764-3.252-1.274 0-1.845.7-2.165 1.193v.025h-.016l.016-.025V6.169h-2.4c.03.678 0 7.225 0 7.225z\"><\/path>\n\t\t\t\t\t\t\t<\/svg><br \/>\n\t\t\t\t\t\t<\/a><br \/>\n\t\t\t\t\t<\/h6>\n<p class=\"person-card-events__company\">Veeva Systems<\/p>\n<p>Account Partner, Europe Commercial<\/p>\n<\/p><\/div>\n<\/p><\/div>\n<\/section><\/div>\n<p><\/main><\/p>\n","protected":false},"excerpt":{"rendered":"<p>Hub du Contenu Commercial Livrez du contenu personnalis\u00e9 et conforme plus rapidement, et \u00e0 grande \u00e9chelle. Permettre aux \u00e9quipes commerciales, marketing et m\u00e9dicales de mieux collaborer Click here La transformation du contenu commercial Le monde du contenu commercial dans l\u2019industrie pharmaceutique ne cesse d\u2019\u00e9voluer. Le nombre de lancements de nouveaux m\u00e9dicaments a fortement augment\u00e9 au&hellip;<\/p>\n","protected":false},"author":42,"featured_media":0,"parent":0,"menu_order":0,"comment_status":"closed","ping_status":"closed","template":"templates\/template-full-page.php","meta":{"footnotes":""},"coauthors":[],"class_list":["post-79652","page","type-page","status-publish","hentry"],"aioseo_notices":[],"_links":{"self":[{"href":"https:\/\/www.veeva.com\/eu\/wp-json\/wp\/v2\/pages\/79652"}],"collection":[{"href":"https:\/\/www.veeva.com\/eu\/wp-json\/wp\/v2\/pages"}],"about":[{"href":"https:\/\/www.veeva.com\/eu\/wp-json\/wp\/v2\/types\/page"}],"author":[{"embeddable":true,"href":"https:\/\/www.veeva.com\/eu\/wp-json\/wp\/v2\/users\/42"}],"replies":[{"embeddable":true,"href":"https:\/\/www.veeva.com\/eu\/wp-json\/wp\/v2\/comments?post=79652"}],"version-history":[{"count":42,"href":"https:\/\/www.veeva.com\/eu\/wp-json\/wp\/v2\/pages\/79652\/revisions"}],"predecessor-version":[{"id":83994,"href":"https:\/\/www.veeva.com\/eu\/wp-json\/wp\/v2\/pages\/79652\/revisions\/83994"}],"wp:attachment":[{"href":"https:\/\/www.veeva.com\/eu\/wp-json\/wp\/v2\/media?parent=79652"}],"wp:term":[{"taxonomy":"author","embeddable":true,"href":"https:\/\/www.veeva.com\/eu\/wp-json\/wp\/v2\/coauthors?post=79652"}],"curies":[{"name":"wp","href":"https:\/\/api.w.org\/{rel}","templated":true}]}}