{"id":86920,"date":"2025-08-25T20:20:06","date_gmt":"2025-08-25T18:20:06","guid":{"rendered":"https:\/\/www.veeva.com\/eu\/?page_id=86920"},"modified":"2026-03-27T17:32:45","modified_gmt":"2026-03-27T16:32:45","slug":"plateforme-vault","status":"publish","type":"page","link":"https:\/\/www.veeva.com\/eu\/fr\/produits\/plateforme-vault\/","title":{"rendered":"Veeva Vault Platform"},"content":{"rendered":"<style>\n.veeva-2024 sup {\ntop: -.4em;\n}\n@media (min-width:768px) {\n.veeva-2024 .marquee-subpoints__list h6, .veeva-2024 .vp-image-text h6 {\nfont-size: 24px;\n}\n}\n.veeva-2024 .listed-up-card .card-subtext {\nmargin-top: 1rem;\n}\n.veeva-2024 strong {\nfont-weight: 600;\n}\n@media (min-width:992px) {\n.veeva-2024 .quote-card-single .quote-card__quote-wrapper p {\nmax-width: 1124px;\n}\n}\n@media (min-width:768px) {\n.veeva-2024 .hero-centered {\npadding: 120px 0 130px 0;\n}\n}\n.veeva-2024 .listed-up-card .card-subtext>li {\nfont-weight: 400;\nmargin-bottom: 1.6rem;\n}\n.veeva-2024 .quote-card__person-info .client-logo {\nbackground: hsla(0,0%,100%,.2);\n}\n@media (min-width:992px) {\n.veeva-2024 .quote-card-single {\npadding: 70px 8% 86px;\n}\n}<\/p>\n<p>.veeva-2024 .quote-card__quote-wrapper {\ngap: 0;\n}<\/p>\n<p>.veeva-2024 .quote-card__person-info .client-logo img {\nfilter: drop-shadow(0 1000px white);\noverflow: hidden;\ntransform: translateY(-1000px);\n}\n.veeva-2024 .vp-image-text  {\n\tdisplay:inline-grid;\n\tmargin:auto;\n\ttext-align:center;\n\tmargin-top:30px;\n}\n@media (min-width:768px) {\n.veeva-2024 .vp-image-text  {\n\ttext-align:left;\n\tmargin-top:0px;\n\tpadding-left:30px;\n}\n}\n.veeva-2024 .vp-image-text p.hr {\n\tborder-bottom:1px solid #D6D6D6;;padding-bottom:20px;margin-bottom: 20px;\n}\n.veeva-2024 .vp-image-text p strong {\n\tfont-weight:600;\n\tcolor:#F5670E;\n}<\/p>\n<p>.veeva-2024 .listed-up--grey {\nbackground: #fff;\ncolor: #01040b;\nmargin: 0;\npadding: 80px 0 60px 0;\n}\n@media (min-width:992px) {\n.veeva-2024 .listed-up .copy-container {\nmargin-bottom: 40px;\n}\n}\n.veeva-2024 #platform-product #supplementary[data-count=\"1\"]:before {\nbackground: linear-gradient(0deg,#eef1f5 5.2%,#eef1f5 92.04%);\ntransform: scaleY(-1);\n}\n.veeva-2024 #simple-product {\npadding-top: 0px;\n}<\/p>\n<p>@media (min-width:768px) {\n.veeva-2024 .z-pattern__subgrid {\ngrid-template-columns: 1fr 1fr 1fr;\n}\n}<\/p>\n<p> .veeva-2024 .listed-up-card {\npadding: 12px 28px;\n}\n .card-subtext  {\nmargin-top:10px!important;\n }<\/p>\n<p> .card-subtext li {\n font-size:16px!important;\n margin-bottom:32px!important;\n }\n .card-subtext li strong {\n display:block;\n margin-bottom:10px;\n }\n  .card-subtext li a {\n display:block;\n margin-top:10px;\n text-decoration:underline;\n }\n <\/style>\n<p><main class=\"veeva-2024\"><\/p>\n<div id=\"platform-product\" style=\"padding-top: 0 !important;background-color:white\" class=\"\">\n<section id=\"hero\" class=\"hero-centered hero-centered--image\">\n<div class=\"container copy-container copy-container--center\">\n<h6>Veeva Vault Platform<\/h6>\n<h1>La Plateforme des Sciences de la Vie<\/h1>\n<p>G\u00e9rez le contenu et les donn\u00e9es ensemble sur une plateforme cloud pour des applications approfondies dans les domaines de la R&#038;D et de la commercialisation.<\/p>\n<\/p><\/div>\n<\/section>\n<p><!-- Alert Starts &#x2705; --><\/p>\n<section class=\"alert-news\">\n<a class=\"alert-news__wrapper container\" href=\"\/eu\/resources\/veeva-ai-agents-to-be-released-across-all-veeva-applications\/\" target=\"_blank\" rel=\"noopener\"><\/p>\n<div class=\"alert-news__inner\">\n<h6>Veeva AI Agents est D\u00e9sormais Disponible<\/h6>\n<p>\t\t<span class=\"alert-news__btn-desktop button-secondary\"><br \/>\n\t\t\t<img decoding=\"async\" src=\"\/wp-content\/themes\/veeva2015\/assets\/svg\/icons\/btn-arrow-up-right--black.svg\" alt=\"\"><br \/>\n\t\t<\/span><br \/>\n\t\t<span class=\"alert-news__btn-mobile button-text-link button-text-link--black\"><br \/>\n\t\t\t<span class=\"button-label\">En savoir plus<\/span><br \/>\n\t\t\t<span class=\"underline\"><\/span><br \/>\n\t\t<\/span>\n\t<\/div>\n<p><\/a><br \/>\n<\/section>\n<section class=\"marquee-subpoints marquee-subpoints--light marquee-subpoints--3-up\" style=\"margin-top:80px;margin-bottom:70px\">\n<div class=\"copy-container container copy-container--center copy-container--eyebrow-gradient\" style=\"margin-bottom:50px\">\n<h2>Veeva Vault Platform<\/h2>\n<p>G\u00e8re du contenu, des donn\u00e9es et des agents au sein de la m\u00eame plateforme. Est reconnue pour r\u00e9pondre aux exigences rigoureuses des sciences de la vie en termes de performance, de validation et de s\u00e9curit\u00e9. Vous permet de configurer facilement et d&#8217;\u00e9tendre les applications Veeva.<\/p>\n<\/p><\/div>\n<div class=\"marquee-subpoints__wrapper container\" style=\"max-width: 1140px;\">\n<ul class=\"marquee-subpoints__list\">\n<li>\n<h6>Reconnue<\/h6>\n<p>\n\t\t\tD\u00e9di\u00e9e aux sciences de la vie avec plus de 50 applications dans un environnement s\u00e9curis\u00e9, hautement performant et valid\u00e9.\n\t\t\t<\/p>\n<\/li>\n<li>\n<h6>Connect\u00e9e<\/h6>\n<p>\n\t\t\tPermet une int\u00e9gration avec d&#8217;autres syst\u00e8mes utilisant Vault API, l&#8217;alimentation des donn\u00e9es analytiques et de l&#8217;IA gr\u00e2ce au Direct Data API.\n\t\t\t<\/p>\n<\/li>\n<li>\n<h6>Ouverte<\/h6>\n<p>\n\t\t\tExtension simple des applications Vault \u00e0 l&#8217;aide de Java SDK et via des partenaires certifi\u00e9s.\n\t\t\t<\/p>\n<\/li>\n<\/ul><\/div>\n<section style=\"padding:70px 0 0px 0\">\n<div class=\"container\">\n<div class=\"row\" style=\"max-width:900px;margin:auto;display:flex;align-items:center;\">\n<div class=\"col-md-6 text-center\">\n\t\t\t\t<img decoding=\"async\" style=\"width:100%;max-width:350px;margin:auto\" src=\"https:\/\/www.veeva.com\/wp-content\/uploads\/2025\/08\/vault-platform-graphic-400x402@2x.png\" alt=\"\" \/>\n\t\t\t<\/div>\n<div class=\"col-md-6 text-center\">\n<div class=\"vp-image-text\">\n<h6 style=\"color:#111;margin-bottom:30px\">Donn\u00e9es, Contenu, Agents<\/h6>\n<p class=\"hr\">\n\t\t\t\t\t\t<strong>Agentic AI<\/strong> int\u00e9gr\u00e9e \u00e0 la plateforme Vault\n\t\t\t\t\t<\/p>\n<p class=\"hr\">\n\t\t\t\t\t\tAcc\u00e8s direct et <strong>s\u00e9curis\u00e9 au contenu et aux donn\u00e9es<\/strong>\n\t\t\t\t\t<\/p>\n<p>\n\t\t\t\t\t\t<strong>Configurez<\/strong> les Veeva AI Agents ou cr\u00e9ez-en des personnalis\u00e9s\n\t\t\t\t\t<\/p>\n<\/p><\/div>\n<\/p><\/div>\n<\/p><\/div>\n<\/p><\/div>\n<\/section>\n<\/section>\n<section class=\"quote-tabs quote-tabs--light\" style=\"margin-bottom:-150px;z-index:99;margin-top:80px\">\n<div class=\"quote-tabs__content\">\n<div class=\"container\">\n<div class=\"carousel slide carousel-fade\" data-slide-interval=\"8500\">\n<div class=\"carousel-indicators\"><\/div>\n<div class=\"carousel-inner\">\n<div class=\"carousel-item\">\n\t\t\t\t\t\t<!-- quote-card-single --><\/p>\n<div class=\"quote-card quote-card-single\" style=\"color:white;background: radial-gradient(155.15% 99.46% at 56.51% 50.08%,#030d1f 0,#1b2f54 100%);\">\n<div class=\"quote-card__quote-wrapper\">\n<h6 style=\"color:#f5670e;margin-bottom:5px\">Rendre l&#8217;IA performante pour l&#8217;industrie<\/h6>\n<h3>Veeva AI<\/h3>\n<p style=\"font-size:19px;font-weight:300;margin-top:20px\">\n\t\t\t\t\t\t\t\t<a target=\"_blank\" href=\"\/eu\/products\/veeva-ai\/\" rel=\"noopener\">Veeva AI<\/a> d\u00e9signe \u00e0 la fois l&#8217;Agentic AI de la plateforme Vault et les AI Agents des applications Veeva. Compatible avec la plupart des grands mod\u00e8les de langage (LLMs), Veeva AI est une solution agnostique. Vous pouvez utiliser le LLM fourni par Veeva ou configurer Veeva AI pour utiliser le v\u00f4tre. La sortie de Veeva AI dans la plateforme Vault et des premiers Veeva AI Agents est pr\u00e9vue pour d\u00e9cembre 2025.<\/p>\n<p style=\"font-size:19px;font-weight:300;margin-top:25px\">\n\t\t\t\t\t\t\t\tVeeva rend \u00e9galement l&#8217;IA compatible avec l&#8217;industrie des sciences de la vie gr\u00e2ce \u00e0 <a style=\"text-decoration:underline;color:white\" target=\"_blank\" href=\"\/eu\/products\/direct-data-api\/\" rel=\"noopener\">Direct Data API<\/a> et au <a style=\"text-decoration:underline;color:white\" target=\"_blank\" href=\"\/meet-veeva\/partners\/ai\/#;\" rel=\"noopener\">Veeva AI Partner Program<\/a>.<\/p>\n<\/p><\/div>\n<\/p><\/div>\n<\/p><\/div>\n<\/p><\/div>\n<\/p><\/div>\n<\/p><\/div>\n<\/p><\/div>\n<\/section>\n<p> <!-- Listed up - Subpoints, Grey --><\/p>\n<section class=\"z-pattern z-pattern-products z-pattern--light z-pattern--bg-grey section-rounded\" style=\"padding-top:240px;padding-bottom:240px\">\n<div class=\"copy-container container copy-container--center copy-container--eyebrow-gradient\"  style=\"align-items: flex-start;margin-bottom:40px;\">\n<h6>Key Features<\/h6>\n<\/p><\/div>\n<div class=\"listed-up__cards container\">\n<div class=\"listed-up-card listed-up-card-subpoints\">\n<div class=\"floating-icon icon-wrapper\">\n                <span class=\"icon\" data-icon=\"star-2\"><\/span>\n            <\/div>\n<h5>Agentic AI int\u00e9gr\u00e9e et AI Agents sp\u00e9cifiques \u00e0 l&#8217;industrie<\/h5>\n<ul class=\"card-subtext\">\n<li>\n                \t<strong>Agentic AI<\/strong><br \/>\nInt\u00e9gr\u00e9e \u00e0 la plateforme Vault pour permettre aux Veeva AI Agents de fonctionner de mani\u00e8re fluide dans toutes les applications Veeva.<\/p>\n<\/li>\n<li>\n                <strong>Configurez, et enrichissez vos propres Veeva AI Agents<\/strong><br \/>\nConfigurez, enrichissez ou cr\u00e9ez vos propres Veeva AI Agents qui fonctionnent au sein des applications Veeva. Dot\u00e9s de prompts et de mesures de protection sp\u00e9cifiques \u00e0 l&#8217;industrie, les Veeva AI Agents s&#8217;ex\u00e9cutent en contexte avec un acc\u00e8s approfondi aux donn\u00e9es, documents et workflows des applications Veeva.\n\t\t\t\t<\/li>\n<\/ul><\/div>\n<div class=\"listed-up-card listed-up-card-subpoints\">\n<div class=\"floating-icon icon-wrapper\">\n                <span class=\"icon\" data-icon=\"database-crypto-blockchain\"><\/span>\n            <\/div>\n<h5>Donn\u00e9es, contenu et agents r\u00e9unis<\/h5>\n<ul class=\"card-subtext\">\n<li>\n                \t<strong>Plateforme unique<\/strong><br \/>\nUne plateforme unique qui exploite les donn\u00e9es, le contenu et les agents au sein de workflows sp\u00e9cifiques \u00e0 l\u2019industrie approfondis pour g\u00e9n\u00e9rer des gains de productivit\u00e9.\n\t\t\t\t<\/li>\n<li>\n                \t<strong>Mod\u00e8le de donn\u00e9es<\/strong><br \/>\nGr\u00e2ce au Vault Object Framework (VOF), cr\u00e9ez des objets personnalis\u00e9s pour g\u00e9rer les processus commerciaux n\u00e9cessitant des donn\u00e9es structur\u00e9es.<\/p>\n<\/li>\n<li>\n                \t<strong>Gestion du contenu<\/strong><br \/>\nGestion de documents, de vid\u00e9os et d&#8217;images gr\u00e2ce \u00e0 la gestion des versions, des cycles de vie, des annotations, des interpr\u00e9tations, des signatures \u00e9lectroniques, des filigranes, de la g\u00e9n\u00e9ration de documents, des mod\u00e8les, du partage, et bien d&#8217;autres fonctionnalit\u00e9s.<\/p>\n<\/li>\n<\/ul><\/div>\n<div class=\"listed-up-card listed-up-card-subpoints\">\n<div class=\"floating-icon icon-wrapper\">\n                <span class=\"icon\" data-icon=\"clipboard-check\"><\/span>\n            <\/div>\n<h5>Conformit\u00e9 de confiance et validation<\/h5>\n<ul class=\"card-subtext\">\n<li>\n                \t<strong>Validation<\/strong><br \/>\n\t\t\t\t\tChaque version Installation Qualification (IQ) et Operational Qualification (OQ) est valid\u00e9e, et fournit un pack de validation complet qui facilite significativement votre processus de validation.\n\t\t\t\t<\/li>\n<li>\n                \t<strong>Conformit\u00e9<\/strong><br \/>\n\t\t\t\t\tLes tests d&#8217;audit, les signatures \u00e9lectroniques, les processus de validation sont tous con\u00e7us dans un environnement de contr\u00f4le strict des modifications.<\/p>\n<\/li>\n<\/ul><\/div>\n<div class=\"listed-up-card listed-up-card-subpoints\">\n<div class=\"floating-icon icon-wrapper\">\n                <span class=\"icon\" data-icon=\"graph-bar-increase\"><\/span>\n            <\/div>\n<h5>Am\u00e9lioration des processus commerciaux<\/h5>\n<ul class=\"card-subtext\">\n<li>\n                \t<strong>Cycle de vie et flux de travail<\/strong><br \/>\n\t\t\t\t\tAutomatisation des processus commerciaux avec un cycle de vie et des flux de travail configurables. Permet l&#8217;affectation automatique de t\u00e2ches, la cr\u00e9ation de donn\u00e9es, les notifications par email, la remont\u00e9e des incidents et la s\u00e9curit\u00e9.<\/p>\n<\/li>\n<li>\n                \t<strong>Rapports sur les processus<\/strong><br \/>\n\t\t\t\t\tReporting relatif \u00e0 la performance et \u00e0 l&#8217;efficacit\u00e9 commerciale \u00e0 l&#8217;aide d&#8217;indicateurs personnalisables qui mesurent le temps \u00e9coul\u00e9 entre des \u00e9tapes cl\u00e9s.\n\t\t\t\t<\/li>\n<li>\n                \t<strong>Connections Veeva<\/strong><br \/>\n\t\t\t\t\tAutomatisation des flux de travail transversaux et de la synchronisation des donn\u00e9es. Les connexions produites rationalisent les processus commerciaux et augmentent la qualit\u00e9 des donn\u00e9es.<\/p>\n<p>\t\t\t\t\t<a target=\"_blank\" href=\"\/eu\/products\/vault-platform\/veeva-connections\/\" rel=\"noopener\">En savoir plus<\/a>\n\t\t\t\t<\/li>\n<\/ul><\/div>\n<div class=\"listed-up-card listed-up-card-subpoints\">\n<div class=\"floating-icon icon-wrapper\">\n                <span class=\"icon\" data-icon=\"page-setting\"><\/span>\n            <\/div>\n<h5>Exp\u00e9rience utilisateur intuitive<\/h5>\n<ul class=\"card-subtext\">\n<li>\n                \t<strong>User Interface (UI) adapt\u00e9e au r\u00f4le et \u00e0 la t\u00e2che<\/strong><br \/>\n\t\t\t\tExp\u00e9rience utilisateur simplifi\u00e9e gr\u00e2ce \u00e0 l&#8217;interface orient\u00e9e selon l&#8217;action. Configuration par profil d&#8217;utilisateur de quelles informations sont affich\u00e9es et \u00e0 quel moment.<\/p>\n<\/li>\n<li>\n                \t<strong>Acc\u00e8s \u00e0 Vault sur le mobile<\/strong><br \/>\n\t\t\t\t\tTrouver des contenus, r\u00e9aliser des t\u00e2ches documentaires et consulter des tableaux de bords sur des appareils iOS ou Android. Choisissez de recevoir des notifications push, de cr\u00e9er des documents nouveaux non class\u00e9s en partageant des fichiers sur un appareil, en scannant des pages \u00e0 l&#8217;aide d&#8217;une OCR pour l&#8217;extraction de texte et le r\u00e9f\u00e9rencement automatiques.\n\t\t\t\t<\/li>\n<li>\n                \t<strong>Int\u00e9gration de Microsoft Office<sup>TM<\/sup><\/strong><br \/>\n\t\t\t\t\tDocumenter et utiliser des fonctionnalit\u00e9s compl\u00e8tes de cr\u00e9ation collaborative, ou exploiter des rendus reconditionn\u00e9s, utiliser des favoris, fusionner des champs et mettre en page des r\u00e9alisations.<\/p>\n<p>\t\t\t\t\t<a target=\"_blank\" href=\"\/eu\/resources\/collaborative-authoring-demo\/\" rel=\"noopener\">Regarder une d\u00e9monstration<\/a>\n\t\t\t\t<\/li>\n<\/ul><\/div>\n<div class=\"listed-up-card listed-up-card-subpoints\">\n<div class=\"floating-icon icon-wrapper\">\n                <span class=\"icon\" data-icon=\"file-report\"><\/span>\n            <\/div>\n<h5>Facilit\u00e9 de reporting<\/h5>\n<ul class=\"card-subtext\">\n<li>\n                \t<strong>Tableaux de bord et reporting<\/strong><br \/>\n\t\t\t\t\tObtenir rapidement des aper\u00e7us avec reporting et tableaux de bord int\u00e9gr\u00e9s. Possibilit\u00e9 de partager facilement rapports, graphiques et tableaux pr\u00e9con\u00e7us ou personnalisables, ou d&#8217;exporter les donn\u00e9es pour une analyse compl\u00e9mentaire.\n\t\t\t\t<\/li>\n<li>\n                \t<strong>Mod\u00e8les de rapports Microsoft Excel<sup>TM<\/sup><\/strong><br \/>\n\t\t\t\t\tL&#8217;utilisation de tableaux pivots, de macros, de formules, de graphiques, de formatage conditionn\u00e9, et bien d&#8217;autres outils, permet de cr\u00e9er des mod\u00e8les de rapport Microsoft ExcelTM pour l&#8217;export des donn\u00e9es de rapport Vault.\n\t\t\t\t<\/li>\n<\/ul><\/div>\n<div class=\"listed-up-card listed-up-card-subpoints\">\n<div class=\"floating-icon icon-wrapper\">\n                <span class=\"icon\" data-icon=\"vertical-slider-square\"><\/span>\n            <\/div>\n<h5>Configuration et management simplifi\u00e9s<\/h5>\n<ul class=\"card-subtext\">\n<li>\n                \t<strong>Configuration visuelle<\/strong><br \/>\n\t\t\t\t\tDe nouvelles solutions mises en \u0153uvre rapidement sans avoir \u00e0 \u00e9crire du code. L&#8217;interface utilisateur intuitive, la logique commerciale et le mod\u00e8le de donn\u00e9es sont configur\u00e9s \u00e0 l&#8217;aide d&#8217;outils simples de type pointer-cliquer accessibles depuis un navigateur.\n\t\t\t\t<\/li>\n<li>\n                \t<strong>Sandbox Vaults et instantan\u00e9s<\/strong><br \/>\n\t\t\t\t\tCr\u00e9ation rapide d&#8217;environnement de test et de d\u00e9veloppement en clonant un Vault \u00e0 l&#8217;aide de la configuration ou de donn\u00e9es ajout\u00e9es, ou rafra\u00eechissement d&#8217;un Vault, ou encore cr\u00e9ation de nouveaux Vaults sur la base d&#8217;un moment pr\u00e9cis.\n\t\t\t\t<\/li>\n<\/ul><\/div>\n<div class=\"listed-up-card listed-up-card-subpoints\">\n<div class=\"floating-icon icon-wrapper\">\n                <span class=\"icon\" data-icon=\"padlock-shield\"><\/span>\n            <\/div>\n<h5>S\u00e9curit\u00e9 pour les utilisateurs internes et externes<\/h5>\n<ul class=\"card-subtext\">\n<li>\n                \t<strong>S\u00e9curit\u00e9 atomique<\/strong><br \/>\n\t\t\t\t\tContr\u00f4le granulaire sur des actions sp\u00e9cifiques de l&#8217;utilisateur concernant des documents et des objets selon l&#8217;\u00e9tat du cycle de vie et le r\u00f4le de l&#8217;utilisateur.<\/p>\n<\/li>\n<li>\n                \t<strong>Contr\u00f4le d&#8217;acc\u00e8s dynamique<\/strong><br \/>\n\t\t\t\t\tAffectation automatis\u00e9e des utilisateurs aux r\u00f4les selon des r\u00e8gles de partage pr\u00e9d\u00e9finies.\n\t\t\t\t<\/li>\n<\/ul><\/div>\n<div class=\"listed-up-card listed-up-card-subpoints\">\n<div class=\"floating-icon icon-wrapper\">\n                <span class=\"icon\" data-icon=\"merge-vertical-large\"><\/span>\n            <\/div>\n<h5>Int\u00e9gration<\/h5>\n<ul class=\"card-subtext\">\n<li>\n                \t<strong>Open API<\/strong><br \/>\n\t\t\t\t\tOutils analytiques performants, GenAI et entrep\u00f4ts ou lacs de donn\u00e9es avec une nouvelle classe d&#8217;API. Con\u00e7u pour de vastes jeux de donn\u00e9es, avec un acc\u00e8s aux donn\u00e9es 100 fois plus rapides qu&#8217;avec un API traditionnel.<\/p>\n<p>\t\t\t\t<a target=\"_blank\" href=\"https:\/\/www.veeva.com\/eu\/products\/direct-data-api\/\" rel=\"noopener\">En savoir plus<\/a><\/p>\n<\/li>\n<li>\n                \t<strong>Int\u00e9gration des partenaires certifi\u00e9s<\/strong><br \/>\n\t\t\t\t\tL&#8217;\u00e9cosyst\u00e8me de partenariat apporte une plus value aux clients Veeva gr\u00e2ce \u00e0 des int\u00e9grations certifi\u00e9es dans la plateforme Vault.<\/p>\n<\/li>\n<\/ul><\/div>\n<\/p><\/div>\n<\/section>\n<p><!-- Quote - Tabs, Light, Logo Tablist --><\/p>\n<section class=\"quote-tabs quote-tabs--light\" style=\"margin-top: -150px;\">\n<div class=\"container\">\n    <!-- content --><\/p>\n<div class=\"quote-tabs__content\">\n<div class=\"container\">\n            <!-- Carousel --><br \/>\n            <!-- NOTE: update carousel timing by passing in data-slide-interval=\"[time]\", where time is in milliseconds, if no data-slide-interval is set, it'll use 8500 by default --><\/p>\n<div class=\"carousel slide carousel-fade\" data-slide-interval=\"8500\">\n                <!-- carousel indicators, indicators will be generated based on number of 'carousel-item'  --><\/p>\n<div class=\"carousel-indicators\"><\/div>\n<p>                <!-- carousel slides, no need to add active class as it'll be added automatically --><\/p>\n<div class=\"carousel-inner\">\n                    <!-- slide 1 --><\/p>\n<div class=\"carousel-item\">\n<div class=\"quote-card quote-card-full quote-card-full quote-card-full--medium-text\" style=\"color:white;background: radial-gradient(155.15% 99.46% at 56.51% 50.08%,#030d1f 0,#1b2f54 100%);\">\n<div class=\"quote-card__quote-wrapper\" style=\"color:white\">\n<p>\u00ab Nous avons d\u00e9cloisonn\u00e9 les secteurs de la production et de la qualit\u00e9, et nous sommes impatients de travailler avec les secteurs cliniques et r\u00e9glementaires, en particulier dans le contr\u00f4le des modifications. \u00bb<\/p>\n<p>                            \t<a style=\"margin-top:20px\" class=\"button-outline button-outline--white\" href=\"\/eu\/blog\/csl-behring-breaks-down-business-silos-with-veeva-development-cloud\/\" target=\"_blank\" rel=\"noopener\">D\u00e9couvrir comment<\/a>\n                            <\/div>\n<div class=\"quote-card__person-info\">\n<div class=\"client-logo\">\n                                    <img decoding=\"async\" src=\"https:\/\/www.veeva.com\/wp-content\/themes\/veeva2015\/assets\/veeva-2024\/logos\/color\/csl-behring.png\"  \/>\n                                <\/div>\n<div class=\"quote-card__person-info__person\">\n<div class=\"avatar-thumbnail\">\n                                \t\t<img decoding=\"async\" src=\"https:\/\/www.veeva.com\/wp-content\/uploads\/2024\/11\/vas-mavrogenis-80x80-1.png\" alt=\"\">\n                                \t<\/div>\n<div class=\"quote-card__person-info-text\">\n<h5>Vas Mavrogenis<\/h5>\n<h6>Global Head of Quality, CSL<\/h6>\n<\/p><\/div>\n<\/p><\/div>\n<\/p><\/div>\n<\/p><\/div>\n<\/p><\/div>\n<div class=\"carousel-item\">\n<div class=\"quote-card quote-card-full quote-card-full quote-card-full--medium-text\"  style=\"background: radial-gradient(155.15% 99.46% at 56.51% 50.08%,#030d1f 0,#1b2f54 100%);color:white\">\n<div class=\"quote-card__quote-wrapper\">\n<p>\u00ab Atteindre une plateforme de bout en bout pour acc\u00e9l\u00e9rer le d\u00e9veloppement de traitements r\u00e9volutionnaires fut un objectif inaccessible pour de nombreuses organisations, et Veeva nous permet de transformer cette vision en r\u00e9alit\u00e9. \u00bb<\/p>\n<p>                            \t<a style=\"margin-top:20px\" class=\"button-outline button-outline--white\" href=\"\/eu\/resources\/boehringer-ingelheim-selects-veeva-development-cloud-worldwide-to-bring-innovative-therapies-to-patients-faster\/\" target=\"_blank\" rel=\"noopener\">D\u00e9couvrir comment<\/a>\n                            <\/div>\n<div class=\"quote-card__person-info\">\n<div class=\"client-logo\">\n                                    <img decoding=\"async\" src=\"https:\/\/www.veeva.com\/wp-content\/themes\/veeva2015\/assets\/veeva-2024\/logos\/color\/boehringer-ingelheim.png\"  \/>\n                                <\/div>\n<div class=\"quote-card__person-info__person\">\n<div class=\"avatar-thumbnail\">\n                                \t\t<img decoding=\"async\" src=\"https:\/\/www.veeva.com\/wp-content\/uploads\/2024\/11\/uli-brodl-80x80-1.png\" alt=\"\">\n                                \t<\/div>\n<div class=\"quote-card__person-info-text\">\n<h5>Uli Br\u04e7dl<\/h5>\n<h6>Senior Vice President, Global Clinical Development, Boehringer Ingelheim<\/h6>\n<\/p><\/div>\n<\/p><\/div>\n<\/p><\/div>\n<\/p><\/div>\n<\/p><\/div>\n<\/p><\/div>\n<\/p><\/div>\n<\/p><\/div>\n<\/p><\/div>\n<\/section>\n<section class=\"resource-block-cards resource-block-cards--light\" id=\"resource-block-0\">\n<div class=\"container\">\n<div class=\"copy-container copy-container--center copy-container--eyebrow-gradient\">\n<h6>Ressources<\/h6>\n<h3>Parcourir et apprendre<\/h3>\n<\/p><\/div>\n<div class=\"resource-block__cards resource-block__cards--gridded\">\n<p>\t\t  \t<a id=\"\" class=\"resource-card resource-card--light\" href=\"\/eu\/resources\/veeva-ai-2025-veeva-commercial-summit-opening-keynote\/\" target=\"_blank\" rel=\"noopener\"><\/p>\n<div class=\"resource-card__text\">\n<h6>Regarder la Vid\u00e9o<\/h6>\n<h5>AI and Veeva AI Overview 2025 Commercial Summit Keynote<\/h5>\n<\/div>\n<div class=\"resource-card__media\"><img decoding=\"async\" src=\"https:\/\/www.veeva.com\/wp-content\/uploads\/2025\/05\/veeva-ai-2025-Keynote.jpg\" alt=\"\"><\/div>\n<p><\/a><\/p>\n<p>\t\t\t<a id=\"\" class=\"resource-card resource-card--light\" href=\"\/eu\/resources\/direct-data-api-overview\/\" target=\"_blank\" rel=\"noopener\"><\/p>\n<div class=\"resource-card__text\">\n<h6>Regarder la D\u00e9mo<\/h6>\n<h5>Pr\u00e9sentation de Direct Data API<\/h5>\n<\/div>\n<div class=\"resource-card__media\"><img decoding=\"async\" src=\"https:\/\/www.veeva.com\/wp-content\/uploads\/2024\/11\/resource-tile-veeva-publishing-elearning-demo-340x240@2x.png\" alt=\"\"><\/div>\n<p><\/a><\/p>\n<p>\t\t\t<a id=\"\" class=\"resource-card resource-card--light\" href=\"\/eu\/cda\/\" target=\"_blank\" rel=\"noopener\"><\/p>\n<div class=\"resource-card__text\">\n<h6>En Savoir Plus<\/h6>\n<h5>Norme de donn\u00e9es de l&#8217;industrie<\/h5>\n<\/div>\n<div class=\"resource-card__media\"><img decoding=\"async\" src=\"https:\/\/www.veeva.com\/wp-content\/uploads\/2024\/11\/veeva-releases-cda-resource-tile@2x.png\" alt=\"\"><\/div>\n<p><\/a><\/p><\/div>\n<\/p><\/div>\n<\/section>\n<section id=\"pre-footer\" class=\"hero-contained hero-contained--gradient\">\n<div class=\"container copy-container copy-container--center\">\n<h2>Vous souhaitez en savoir plus sur <br \/>comment Veeva peut vous aider ?<\/h2>\n<div class=\"copy-container__buttons\">\n\t\t<a class=\"button-primary button-primary--gradient\" id=\"cta-fr-hp-contact-modal\" href=\"#\" data-toggle=\"modal\" data-target=\"#myModal1\" >Contactez-Nous<\/a>\n\t<\/div>\n<\/section><\/div>\n<p><\/main><\/p>\n","protected":false},"excerpt":{"rendered":"<p>G\u00e9rez le contenu et les donn\u00e9es ensemble sur une plateforme cloud pour des applications approfondies dans les domaines de la R&#038;D et de la commercialisation.<\/p>\n","protected":false},"author":395,"featured_media":72651,"parent":88091,"menu_order":0,"comment_status":"closed","ping_status":"closed","template":"templates\/veeva-2024.full-page.php","meta":{"footnotes":""},"coauthors":[],"class_list":["post-86920","page","type-page","status-publish","has-post-thumbnail","hentry","region-fr"],"aioseo_notices":[],"_links":{"self":[{"href":"https:\/\/www.veeva.com\/eu\/wp-json\/wp\/v2\/pages\/86920"}],"collection":[{"href":"https:\/\/www.veeva.com\/eu\/wp-json\/wp\/v2\/pages"}],"about":[{"href":"https:\/\/www.veeva.com\/eu\/wp-json\/wp\/v2\/types\/page"}],"author":[{"embeddable":true,"href":"https:\/\/www.veeva.com\/eu\/wp-json\/wp\/v2\/users\/395"}],"replies":[{"embeddable":true,"href":"https:\/\/www.veeva.com\/eu\/wp-json\/wp\/v2\/comments?post=86920"}],"version-history":[{"count":19,"href":"https:\/\/www.veeva.com\/eu\/wp-json\/wp\/v2\/pages\/86920\/revisions"}],"predecessor-version":[{"id":93214,"href":"https:\/\/www.veeva.com\/eu\/wp-json\/wp\/v2\/pages\/86920\/revisions\/93214"}],"up":[{"embeddable":true,"href":"https:\/\/www.veeva.com\/eu\/wp-json\/wp\/v2\/pages\/88091"}],"wp:featuredmedia":[{"embeddable":true,"href":"https:\/\/www.veeva.com\/eu\/wp-json\/wp\/v2\/media\/72651"}],"wp:attachment":[{"href":"https:\/\/www.veeva.com\/eu\/wp-json\/wp\/v2\/media?parent=86920"}],"wp:term":[{"taxonomy":"author","embeddable":true,"href":"https:\/\/www.veeva.com\/eu\/wp-json\/wp\/v2\/coauthors?post=86920"}],"curies":[{"name":"wp","href":"https:\/\/api.w.org\/{rel}","templated":true}]}}