{"id":87562,"date":"2025-09-11T16:09:06","date_gmt":"2025-09-11T14:09:06","guid":{"rendered":"https:\/\/www.veeva.com\/eu\/?page_id=87562"},"modified":"2026-02-13T23:01:55","modified_gmt":"2026-02-13T22:01:55","slug":"excelencia-en-lanzamientos","status":"publish","type":"page","link":"https:\/\/www.veeva.com\/eu\/es\/productos\/excelencia-en-lanzamientos\/","title":{"rendered":"Gateway &#8211; Logra la excelencia en lanzamientos"},"content":{"rendered":"<p><main class=\"veeva-2024\"><\/p>\n<div id=\"gateway\">\n    <!-- Hero --><\/p>\n<section id=\"hero\" class=\"hero-centered hero-centered--image\">\n<div class=\"container copy-container copy-container--center\">\n<h1>Logra la excelencia en lanzamientos con confianza y velocidad<\/h1>\n<p>Haz que tu innovaci\u00f3n llegue a los pacientes m\u00e1s r\u00e1pido.<\/p>\n<div class=\"copy-container__buttons\">\n<div class=\"copy-container__buttons\">\n          <a class=\"button-primary button-primary--gradient\" href=\"https:\/\/www.veeva.com\/eu\/resources\/driving-commercial-execution-with-connected-software-and-data\/\" target=\"_blank\" rel=\"noopener\">Ver demo<\/a><\/p>\n<p>          <a class=\"button-outline button-outline--white\" href=\"#\" id=\"cta-es-header-contact\" data-toggle=\"modal\" data-target=\"#myModal1\" rel=\"noopener\">Cont\u00e1ctanos<\/a>\n        <\/div>\n<\/p><\/div>\n<\/section>\n<p>    <!-- Video Player: Stacked, Light, Statistic Tool --><\/p>\n<section id=\"hero-video\" class=\"video-player-stacked video-player-stacked--light bg-transparent\">\n<div class=\"video-player-stacked__video container\">\n<div class=\"wistia_responsive_padding\" style=\"padding: 56.25% 0 0 0; position: relative\">\n<div class=\"wistia_responsive_wrapper\" style=\"height: 100%; left: 0; position: absolute; top: 0; width: 100%\">\n            <!-- add class here: wistia_async_{wistia-id} --><\/p>\n<div class=\"wistia_embed wistia_async_qw4rlc9uax\" captions=\"on\" lang=\"es\" style=\"height: 100%; width: 100%\"><\/div>\n<\/p><\/div>\n<\/p><\/div>\n<\/p><\/div>\n<div class=\"video-player-stacked__stats container\">\n<div class=\"statistic-4-up-wrapper\">\n<div class=\"statistic-tool statistic-tool--light\">\n<h3>50<sup>%<\/sup><\/h3>\n<p>de todos los lanzamientos de productos ser\u00e1n de empresas precomerciales en 2025<\/p>\n<\/p><\/div>\n<div class=\"statistic-tool statistic-tool--light\">\n<h3>61<sup>%<\/sup><\/h3>\n<p>de los que lanzan un producto por primera vez no logran sus previsiones de ventas<\/p>\n<\/p><\/div>\n<div class=\"statistic-tool statistic-tool--light\">\n<h3>70<sup>%<\/sup><\/h3>\n<p>de las empresas de biotecnolog\u00eda lanzan sus primeras marcas con Veeva<\/p>\n<\/p><\/div>\n<div class=\"statistic-tool statistic-tool--light\">\n<h3>35<sup>%<\/sup><\/h3>\n<p>de los ingresos de los lanzamientos de f\u00e1rmacos internacionales proceden de fuera de EE.UU.<\/p>\n<\/p><\/div>\n<\/p><\/div>\n<\/p><\/div>\n<\/section>\n<p>    <!-- Z Pattern - Subcopy, Light --><\/p>\n<section class=\"z-pattern z-pattern-subcopy z-pattern--light\">\n<div class=\"z-pattern__wrapper container\">\n<div class=\"copy-container copy-container--eyebrow-gradient\">\n<h6>eBook<\/h6>\n<h3>Gu\u00eda precomercial para lograr la excelencia en el lanzamiento<\/h3>\n<p>Identifica la combinaci\u00f3n adecuada de planes de salida al mercado y capacidades operativas en esta hoja de ruta precomercial para empresas biofarmac\u00e9uticas.<\/p>\n<div class=\"copy-container__buttons\" style=\"flex-direction: column; align-items: flex-start;\">\n            <a class=\"button-tertiary button-tertiary--black\" href=\"https:\/\/www.veeva.com\/eu\/resources\/product-launch-excellence-a-pre-commercial-roadmap-for-biopharmas\/\" target=\"_blank\" rel=\"noopener\">Descargar eBook<\/a>\n          <\/div>\n<\/p><\/div>\n<div class=\"z-pattern__image\">\n<div class=\"z-pattern__image-wrapper\">\n            <img decoding=\"async\" src=\"\/wp-content\/themes\/veeva2015\/assets\/veeva-2024\/resources\/product-launch-excellence-a-pre-commercial-roadmap-for-biopharmas-thumbnail.png\" alt=\"eBook Cover Image\" \/>\n          <\/div>\n<\/p><\/div>\n<\/p><\/div>\n<\/section>\n<p>    <!-- Quote Block  --><\/p>\n<section id=\"quote\" class=\"quote-tabs quote-tabs--light bg-transparent\">\n<div class=\"quote-tabs__content\">\n<div class=\"container\">\n<div class=\"carousel slide carousel-fade\" data-slide-interval=\"8500\">\n            <!-- carousel indicators, indicators will be generated based on number of 'carousel-item'  --><\/p>\n<div class=\"carousel-indicators\"><\/div>\n<p>            <!-- carousel slides, no need to add active class as it'll be added automatically --><\/p>\n<div class=\"carousel-inner\">\n<p>             <!-- slide 1 --><\/p>\n<div class=\"carousel-item\">\n<div class=\"quote-card quote-card-full quote-card-full quote-card-full--medium-text\">\n<div class=\"quote-card__quote-wrapper\">\n<p>\u00abPreparamos el lanzamiento en aproximadamente 75 d\u00edas. Contar con una suite integrada de soluciones comerciales nos ayud\u00f3 a agilizar todo el proceso\u00bb<\/p>\n<\/p><\/div>\n<div class=\"quote-card__person-info\">\n<div class=\"client-logo\">\n                      <img decoding=\"async\" src=\"\/wp-content\/themes\/veeva2015\/assets\/veeva-2024\/logos\/color\/ani.png\" alt=\"idorsia\" \/>\n                    <\/div>\n<div class=\"quote-card__person-info__person\">\n<div class=\"avatar-thumbnail\">\n                        <img decoding=\"async\" src=\"\/eu\/wp-content\/uploads\/2025\/02\/Bob-Acropolis.png\" alt=\"\">\n                      <\/div>\n<div class=\"quote-card__person-info-text\">\n<h5>Bob Acropolis<\/h5>\n<h6>Executive Director, Commercial Operations and Analytics of Rare Disease, ANI Pharmaceuticals<\/h6>\n<\/p><\/div>\n<\/p><\/div>\n<\/p><\/div>\n<\/p><\/div>\n<\/p><\/div>\n<p>              <!-- slide 2 --><\/p>\n<div class=\"carousel-item\">\n<div class=\"quote-card quote-card-full quote-card-full quote-card-full--medium-text\">\n<div class=\"quote-card__quote-wrapper\">\n<p>\u00abLas soluciones comerciales de Veeva permiten a los equipos de ventas, medical affairs y de marketing de Idorsia alinear su estrategia de interacci\u00f3n y contenido para ofrecer una experiencia m\u00e1s centrada en el cliente y m\u00e1s coordinada\u00bb<\/p>\n<\/p><\/div>\n<div class=\"quote-card__person-info\">\n<div class=\"client-logo\">\n                      <img decoding=\"async\" src=\"\/wp-content\/themes\/veeva2015\/assets\/veeva-2024\/logos\/color\/idorsia.png\" alt=\"idorsia\" \/>\n                    <\/div>\n<div class=\"quote-card__person-info__person\">\n<div class=\"avatar-thumbnail\">\n                        <img decoding=\"async\" src=\"https:\/\/www.veeva.com\/eu\/wp-content\/uploads\/2023\/06\/Bas-Van-de-Kamp.png\" alt=\"\">\n                      <\/div>\n<div class=\"quote-card__person-info-text\">\n<h5>Bas Van de Kamp<\/h5>\n<h6>Director Medical Affairs Systems, Idorsia Pharmaceuticals<\/h6>\n<\/p><\/div>\n<\/p><\/div>\n<\/p><\/div>\n<\/p><\/div>\n<\/p><\/div>\n<p>              <!-- slide 3 --><\/p>\n<div class=\"carousel-item\">\n<div class=\"quote-card quote-card-full quote-card-full quote-card-full--medium-text\">\n<div class=\"quote-card__quote-wrapper\">\n<p>\u00abTeniendo a Veeva como partner de confianza, aceleramos la preparaci\u00f3n para el lanzamiento y proporcionamos todas las herramientas necesarias a los nuevos equipos de ventas, m\u00e9dicos y de marketing\u00bb<\/p>\n<\/p><\/div>\n<div class=\"quote-card__person-info\">\n<div class=\"client-logo\">\n                      <img decoding=\"async\" src=\"\/wp-content\/themes\/veeva2015\/assets\/veeva-2024\/logos\/color\/ani.png\" alt=\"ANI Pharmaceuticals\" \/>\n                    <\/div>\n<div class=\"quote-card__person-info__person\">\n<div class=\"avatar-thumbnail\">\n                        <img decoding=\"async\" src=\"https:\/\/www.veeva.com\/wp-content\/uploads\/2024\/02\/Chris-Mutz.jpg\" alt=\"\" \/>\n                      <\/div>\n<div class=\"quote-card__person-info-text\">\n<h5>Christopher Mutz<\/h5>\n<h6>Chief Commercial Officer &#038; Head of Rare Disease, ANI Pharmaceuticals<\/h6>\n<\/p><\/div>\n<\/p><\/div>\n<\/p><\/div>\n<\/p><\/div>\n<\/p><\/div>\n<\/p><\/div>\n<\/p><\/div>\n<\/p><\/div>\n<\/section>\n<div class=\"blended-bg\">\n      <!-- Video Player: Multiple, Dark  --><\/p>\n<section id=\"our-customers\" class=\"video-player-multiple video-player-multiple--dark section-rounded-bottom bg-none\">\n<div class=\"container\">\n          <!-- copy container --><\/p>\n<div class=\"copy-container copy-container--center copy-container--eyebrow-gradient\">\n<h6>\n              Nuestros clientes<br \/>\n            <\/h6>\n<h3>\n              Obt\u00e9n el \u00e9xito en tu estrategia precomercial, desde la planificaci\u00f3n hasta la ejecuci\u00f3n comercial<br \/>\n            <\/h3>\n<\/p><\/div>\n<p>          <!-- video player module --><\/p>\n<div class=\"video-player-module video-player-module--multiple\">\n            <!-- video player module, main video --><\/p>\n<div class=\"video-player-module__video\">\n<div class=\"video-player-module__wistia-wrapper\">\n<div class=\"wistia_responsive_padding\" style=\"padding: 56.25% 0 0 0; position: relative\">\n<div class=\"wistia_responsive_wrapper\" style=\"height: 100%; left: 0; position: absolute; top: 0; width: 100%\">\n<div class=\"wistia_embed wistia_async_2zh5ygbpol\" captions=\"on\" lang=\"es\" style=\"height: 100%; width: 100%\"><\/div>\n<\/p><\/div>\n<\/p><\/div>\n<\/p><\/div>\n<\/p><\/div>\n<p>            <!-- sub video nav wrapper, dark --><\/p>\n<div class=\"video-player-module__video-nav sub-video-nav-wrapper sub-video-nav-wrapper--dark\n            sub-video-nav-wrapper--link-only\"><\/p>\n<div class=\"sub-video-nav-wrapper__title pt-0 pb-3\">\n              <\/div>\n<div class=\"sub-video-nav-wrapper__content\">\n                <a href=\"https:\/\/www.veeva.com\/eu\/customer-stories\/advanz-pharma-enables-field-medical-teams-to-have-enhanced-scientific-engagement\/\" target=\"_blank\" class=\"sub-video-nav sub-video-nav--stacked sub-video-nav--stacked--dark\" rel=\"noopener\"><\/p>\n<div class=\"sub-video-nav__thumbnail\">\n                    <span class=\"icon\" data-icon=\"news-paper\"><\/span>\n                  <\/div>\n<div class=\"sub-video-nav__content\">\n<h6>ADVANZ PHARMA: Permite que los equipos m\u00e9dicos de campo tengan mejores interacciones cient\u00edficas.<\/h6>\n<p>Leer preguntas y respuestas<\/p>\n<\/p><\/div>\n<p>                <\/a><br \/>\n                <a href=\"https:\/\/www.veeva.com\/eu\/resources\/boehringer-ingelheim-commits-to-veeva-vault-crm\/\" target=\"_blank\" class=\"sub-video-nav sub-video-nav--stacked sub-video-nav--stacked--dark\" rel=\"noopener\"><\/p>\n<div class=\"sub-video-nav__thumbnail\">\n                    <span class=\"icon\" data-icon=\"news-paper\"><\/span>\n                  <\/div>\n<div class=\"sub-video-nav__content\">\n<h6>C\u00f3mo la base de datos de Shionogi es fundamental para el \u00e9xito del lanzamiento<\/h6>\n<p>Leer caso pr\u00e1ctico<\/p>\n<\/p><\/div>\n<p>                <\/a><br \/>\n                <a href=\"https:\/\/www.veeva.com\/customer-stories\/data-and-platform-needs-to-prepare-for-a-rare-disease-launch\/\" target=\"_blank\" class=\"sub-video-nav sub-video-nav--stacked sub-video-nav--stacked--dark\" rel=\"noopener\"><\/p>\n<div class=\"sub-video-nav__thumbnail\">\n                    <span class=\"icon\" data-icon=\"news-paper\"><\/span>\n                  <\/div>\n<div class=\"sub-video-nav__content\">\n<h6>Acelerar el acceso global al mercado en el \u00e1mbito de las enfermedades raras<\/h6>\n<p>Leer historia del cliente<\/p>\n<\/p><\/div>\n<p>                <\/a>\n              <\/div>\n<\/p><\/div>\n<\/p><\/div>\n<\/p><\/div>\n<\/section><\/div>\n<p>    <!-- Card Block Z Pattern --><\/p>\n<section class=\"card-block-z-pattern card-block-z-pattern--light card-block-z-pattern--cards-end\">\n<div class=\"container\">\n<div class=\"copy-container copy-container--eyebrow-gradient\">\n<h2>Soluciones de lanzamiento<\/h2>\n<p>Descubre por qu\u00e9 cientos de empresas precomerciales conf\u00edan en Veeva para planificar y poner en marcha su lanzamiento.<\/p>\n<\/p><\/div>\n<div class=\"card-block-z-pattern__cards\">\n<div class=\"z-pattern-card z-pattern-card--light\">\n            <a class=\"z-pattern-card__link\" href=\"https:\/\/www.veeva.com\/eu\/products\/medical-suite\/\" target=\"_blank\" rel=\"noopener\"><\/p>\n<h4>Veeva Medical <br \/> Solutions<\/h4>\n<p>Integra el intercambio cient\u00edfico, los contenidos, la gesti\u00f3n de consultas y los insights del cliente.<\/p>\n<div class=\"z-pattern-card__icon\">\n                <span class=\"icon\" data-icon=\"arrow-up-right--white\"><\/span>\n              <\/div>\n<p>            <\/a>\n          <\/div>\n<div class=\"z-pattern-card z-pattern-card--light\">\n            <a class=\"z-pattern-card__link\" href=\"https:\/\/www.veeva.com\/eu\/services\/business-consulting-services\/\" target=\"_blank\" rel=\"noopener\"><\/p>\n<h4>Veeva Business <br \/> Consulting<\/h4>\n<p>Combina la estrategia, los datos y la tecnolog\u00eda de la empresa para impulsar tu lanzamiento hacia el \u00e9xito.<\/p>\n<div class=\"z-pattern-card__icon\">\n                <span class=\"icon\" data-icon=\"arrow-up-right--white\"><\/span>\n              <\/div>\n<p>            <\/a>\n          <\/div>\n<div class=\"z-pattern-card z-pattern-card--light\">\n            <a class=\"z-pattern-card__link\" href=\"https:\/\/www.veeva.com\/eu\/products\/crm-suite\/\" target=\"_blank\" rel=\"noopener\"><\/p>\n<h4>Vault CRM Suite<\/h4>\n<p>Integra las aplicaciones y los procesos comerciales m\u00e1s importantes para lograr interacciones m\u00e1s efectivas de los equipos de campo.<\/p>\n<div class=\"z-pattern-card__icon\">\n                <span class=\"icon\" data-icon=\"arrow-up-right--white\"><\/span>\n              <\/div>\n<p>            <\/a>\n          <\/div>\n<div class=\"z-pattern-card z-pattern-card--light\">\n            <a class=\"z-pattern-card__link\" href=\"\/eu\/products\/veeva-promomats\/\" target=\"_blank\" rel=\"noopener\"><\/p>\n<h4>Veeva PromoMats<\/h4>\n<p>Lanza, optimiza y escala contenido con rapidez.<\/p>\n<div class=\"z-pattern-card__icon\">\n                <span class=\"icon\" data-icon=\"arrow-up-right--white\"><\/span>\n              <\/div>\n<p>            <\/a>\n          <\/div>\n<div class=\"z-pattern-card z-pattern-card--light\">\n            <a class=\"z-pattern-card__link\" href=\"https:\/\/www.veeva.com\/eu\/products\/veeva-link\/overview\/\" target=\"_blank\" rel=\"noopener\"><\/p>\n<h4>Veeva Link<\/h4>\n<p>Identifica a los expertos adecuados, planifica las interacciones y agiliza la obtenci\u00f3n de informaci\u00f3n.<\/p>\n<div class=\"z-pattern-card__icon\">\n                <span class=\"icon\" data-icon=\"arrow-up-right--white\"><\/span>\n              <\/div>\n<p>            <\/a>\n          <\/div>\n<div class=\"z-pattern-card z-pattern-card--light\">\n            <a class=\"z-pattern-card__link\" href=\"https:\/\/www.veeva.com\/eu\/products\/opendata\/\" target=\"_blank\" rel=\"noopener\"><\/p>\n<h4>Veeva OpenData<\/h4>\n<p>Respalda el lanzamiento con datos globales de referencia de clientes.<\/p>\n<div class=\"z-pattern-card__icon\">\n                <span class=\"icon\" data-icon=\"arrow-up-right--white\"><\/span>\n              <\/div>\n<p>            <\/a>\n          <\/div>\n<\/p><\/div>\n<\/p><\/div>\n<\/section>\n<p>      <!-- Cards - Resources Listed --><\/p>\n<section class=\"resource-block-cards resource-block-cards--light\">\n<div class=\"container\">\n<div class=\"copy-container copy-container--center\">\n<h3>Recursos para la excelencia en el lanzamiento comercial<\/h3>\n<\/p><\/div>\n<div class=\"resource-block__cards resource-block__cards--gridded\">\n          <a class=\"resource-card\" href=\"https:\/\/www.veeva.com\/eu\/resources\/veeva-hcp-360-trends-report\/\" target=\"_blank\" rel=\"noopener\"><\/p>\n<div class=\"resource-card__text\">\n<h6>M\u00e1s informaci\u00f3n<\/h6>\n<h5>La adopci\u00f3n de los tratamientos es un 40% m\u00e1s r\u00e1pida gracias a la educaci\u00f3n cient\u00edfica personalizada<\/h5>\n<\/p><\/div>\n<div class=\"resource-card__media\">\n              <img decoding=\"async\" src=\"https:\/\/www.veeva.com\/eu\/wp-content\/uploads\/2023\/11\/Medical-Pulse-Video-Series_Video-1-Elnaz_Tile-340x240-1.png\" alt=\"\" \/>\n            <\/div>\n<p>          <\/a><\/p>\n<p>          <a class=\"resource-card\" href=\"\/eu\/resources\/business-consulting-launch-excellence-solution-brief\/\" target=\"_blank\" rel=\"noopener\"><\/p>\n<div class=\"resource-card__text\">\n<h6>M\u00e1s informaci\u00f3n<\/h6>\n<h5>Resumen de la soluci\u00f3n de Business Consulting para la excelencia en los lanzamientos<\/h5>\n<\/p><\/div>\n<div class=\"resource-card__media\">\n              <img decoding=\"async\" src=\"\/eu\/wp-content\/uploads\/2024\/12\/business-consulting-launch-acceleration@2x.png\" alt=\"\" \/>\n            <\/div>\n<p>          <\/a><\/p>\n<p>          <a class=\"resource-card\" href=\"https:\/\/www.veeva.com\/eu\/resources\/the-new-role-of-customer-reference-data-in-launch-success\/\" target=\"_blank\" rel=\"noopener\"><\/p>\n<div class=\"resource-card__text\">\n<h6>Descargar eBook<\/h6>\n<h5>El papel de los datos de referencia del cliente en el \u00e9xito del lanzamiento<\/h5>\n<\/p><\/div>\n<div class=\"resource-card__media\">\n              <img decoding=\"async\" src=\"https:\/\/www.veeva.com\/eu\/wp-content\/uploads\/2023\/02\/The-New-Role-of-Customer-Data-Resource-Tile-1.png\" alt=\"\" \/>\n            <\/div>\n<p>          <\/a><\/p>\n<p>          <a class=\"resource-card\" href=\"https:\/\/www.veeva.com\/eu\/resources\/launching-and-scaling-content-faster-with-veeva-vault-promomats-for-emerging-biopharma\/\" target=\"_blank\" rel=\"noopener\"><\/p>\n<div class=\"resource-card__text\">\n<h6>M\u00e1s informaci\u00f3n<\/h6>\n<h5>Lanzamiento y ampliaci\u00f3n de contenidos m\u00e1s r\u00e1pidos con Veeva PromoMats para empresas emergentes<\/h5>\n<\/p><\/div>\n<div class=\"resource-card__media\">\n              <img decoding=\"async\" src=\"https:\/\/www.veeva.com\/eu\/wp-content\/uploads\/2023\/08\/launching-and-scaling-content-faster-with-veeva-vault-promomats-for-emerging-biopharma.png\" alt=\"\" \/>\n            <\/div>\n<p>          <\/a>\n        <\/div>\n<\/p><\/div>\n<\/section>\n<p>    <!-- Pre-Footer CTA --><\/p>\n<section class=\"hero-contained hero-contained--gradient hero-contained--footer-fix\">\n<div class=\"copy-container container copy-container--center\">\n<h3>\u00bfQuieres saber m\u00e1s sobre c\u00f3mo puede ayudarte Veeva?<\/h3>\n<div class=\"copy-container__buttons\">\n\t\t<a class=\"button-primary button-primary--gradient\" href=\"#\" id=\"cta-es-header-contact\" data-toggle=\"modal\" data-target=\"#myModal1\" rel=\"noopener\">Cont\u00e1ctanos<\/a>\n        <\/div>\n<\/p><\/div>\n<\/section>\n<div id=\"contact-gateway-modal\" class=\"modal fade\" tabindex=\"-1\" aria-modal=\"true\" role=\"dialog\">\n<div class=\"modal-dialog modal-lg modal-dialog-scrollable\">\n        <button type=\"button\" class=\"modal-btn-close\" data-bs-dismiss=\"modal\" aria-label=\"Close\"><br \/>\n          <span class=\"icon ready\" data-icon=\"close\" style=\"--icon: url('\/wp-content\/themes\/veeva2015\/assets\/svg\/icons\/close.svg');\"><\/span><br \/>\n        <\/button><\/p>\n<div class=\"modal-content modal-content--grey\">\n<div class=\"modal-body\">\n            <iframe loading=\"lazy\" src=\"https:\/\/go.veeva.com\/l\/28972\/2022-11-07\/9nbpdx\" width=\"100%\" height=\"610\" frameborder=\"0\" style=\"border: 0\"><\/iframe>\n          <\/div>\n<\/p><\/div>\n<\/p><\/div>\n<\/p><\/div>\n<\/p><\/div>\n<p><\/main><\/p>\n","protected":false},"excerpt":{"rendered":"<p>Haz que tu innovaci\u00f3n llegue a los pacientes m\u00e1s r\u00e1pido.<\/p>\n","protected":false},"author":395,"featured_media":0,"parent":88086,"menu_order":0,"comment_status":"closed","ping_status":"closed","template":"templates\/veeva-2024.full-page.php","meta":{"footnotes":""},"coauthors":[],"class_list":["post-87562","page","type-page","status-publish","hentry","page-canonical-unique","region-es"],"aioseo_notices":[],"_links":{"self":[{"href":"https:\/\/www.veeva.com\/eu\/wp-json\/wp\/v2\/pages\/87562"}],"collection":[{"href":"https:\/\/www.veeva.com\/eu\/wp-json\/wp\/v2\/pages"}],"about":[{"href":"https:\/\/www.veeva.com\/eu\/wp-json\/wp\/v2\/types\/page"}],"author":[{"embeddable":true,"href":"https:\/\/www.veeva.com\/eu\/wp-json\/wp\/v2\/users\/395"}],"replies":[{"embeddable":true,"href":"https:\/\/www.veeva.com\/eu\/wp-json\/wp\/v2\/comments?post=87562"}],"version-history":[{"count":24,"href":"https:\/\/www.veeva.com\/eu\/wp-json\/wp\/v2\/pages\/87562\/revisions"}],"predecessor-version":[{"id":94078,"href":"https:\/\/www.veeva.com\/eu\/wp-json\/wp\/v2\/pages\/87562\/revisions\/94078"}],"up":[{"embeddable":true,"href":"https:\/\/www.veeva.com\/eu\/wp-json\/wp\/v2\/pages\/88086"}],"wp:attachment":[{"href":"https:\/\/www.veeva.com\/eu\/wp-json\/wp\/v2\/media?parent=87562"}],"wp:term":[{"taxonomy":"author","embeddable":true,"href":"https:\/\/www.veeva.com\/eu\/wp-json\/wp\/v2\/coauthors?post=87562"}],"curies":[{"name":"wp","href":"https:\/\/api.w.org\/{rel}","templated":true}]}}