{"id":87566,"date":"2025-09-11T16:10:23","date_gmt":"2025-09-11T14:10:23","guid":{"rendered":"https:\/\/www.veeva.com\/eu\/?page_id=87566"},"modified":"2026-02-04T20:17:22","modified_gmt":"2026-02-04T19:17:22","slug":"plataforma-vault","status":"publish","type":"page","link":"https:\/\/www.veeva.com\/eu\/es\/productos\/plataforma-vault\/","title":{"rendered":"Veeva Vault Platform"},"content":{"rendered":"<style>\n.veeva-2024 sup {\ntop: -.4em;\n}\n@media (min-width:768px) {\n.veeva-2024 .marquee-subpoints__list h6, .veeva-2024 .vp-image-text h6 {\nfont-size: 24px;\n}\n}\n.veeva-2024 .listed-up-card .card-subtext {\nmargin-top: 1rem;\n}\n.veeva-2024 strong {\nfont-weight: 600;\n}\n@media (min-width:992px) {\n.veeva-2024 .quote-card-single .quote-card__quote-wrapper p {\nmax-width: 1124px;\n}\n}\n@media (min-width:768px) {\n.veeva-2024 .hero-centered {\npadding: 120px 0 130px 0;\n}\n}\n.veeva-2024 .listed-up-card .card-subtext>li {\nfont-weight: 400;\nmargin-bottom: 1.6rem;\n}\n.veeva-2024 .quote-card__person-info .client-logo {\nbackground: hsla(0,0%,100%,.2);\n}\n@media (min-width:992px) {\n.veeva-2024 .quote-card-single {\npadding: 70px 8% 86px;\n}\n}<\/p>\n<p>.veeva-2024 .quote-card__quote-wrapper {\ngap: 0;\n}<\/p>\n<p>.veeva-2024 .quote-card__person-info .client-logo img {\nfilter: drop-shadow(0 1000px white);\noverflow: hidden;\ntransform: translateY(-1000px);\n}\n.veeva-2024 .vp-image-text  {\n\tdisplay:inline-grid;\n\tmargin:auto;\n\ttext-align:center;\n\tmargin-top:30px;\n}\n@media (min-width:768px) {\n.veeva-2024 .vp-image-text  {\n\ttext-align:left;\n\tmargin-top:0px;\n\tpadding-left:30px;\n}\n}\n.veeva-2024 .vp-image-text p.hr {\n\tborder-bottom:1px solid #D6D6D6;;padding-bottom:20px;margin-bottom: 20px;\n}\n.veeva-2024 .vp-image-text p strong {\n\tfont-weight:600;\n\tcolor:#F5670E;\n}<\/p>\n<p>.veeva-2024 .listed-up--grey {\nbackground: #fff;\ncolor: #01040b;\nmargin: 0;\npadding: 80px 0 60px 0;\n}\n@media (min-width:992px) {\n.veeva-2024 .listed-up .copy-container {\nmargin-bottom: 40px;\n}\n}\n.veeva-2024 #platform-product #supplementary[data-count=\"1\"]:before {\nbackground: linear-gradient(0deg,#eef1f5 5.2%,#eef1f5 92.04%);\ntransform: scaleY(-1);\n}\n.veeva-2024 #simple-product {\npadding-top: 0px;\n}<\/p>\n<p>@media (min-width:768px) {\n.veeva-2024 .z-pattern__subgrid {\ngrid-template-columns: 1fr 1fr 1fr;\n}\n}<\/p>\n<p> .veeva-2024 .listed-up-card {\npadding: 12px 28px;\n}\n .card-subtext  {\nmargin-top:10px!important;\n }<\/p>\n<p> .card-subtext li {\n font-size:16px!important;\n margin-bottom:32px!important;\n }\n .card-subtext li strong {\n display:block;\n margin-bottom:10px;\n }\n  .card-subtext li a {\n display:block;\n margin-top:10px;\n text-decoration:underline;\n }\n <\/style>\n<p><main class=\"veeva-2024\"><\/p>\n<div id=\"platform-product\" style=\"padding-top: 0 !important;background-color:white\" class=\"\">\n<section id=\"hero\" class=\"hero-centered hero-centered--image\">\n<div class=\"container copy-container copy-container--center\">\n<h6>Veeva Vault Platform<\/h6>\n<h1>La plataforma para el sector de Life Sciences<\/h1>\n<p>Gestiona datos, contenido y agentes con aplicaciones avanzadas para el sector de Life Sciences, desde I+D hasta la comercializaci\u00f3n.<\/p>\n<\/p><\/div>\n<\/section>\n<section class=\"marquee-subpoints marquee-subpoints--light marquee-subpoints--3-up\" style=\"margin-top:80px;margin-bottom:70px\">\n<div class=\"copy-container container copy-container--center copy-container--eyebrow-gradient\" style=\"margin-bottom:50px\">\n<h2>Veeva Vault Platform<\/h2>\n<p>Gestiona datos, contenido y agentes en una sola plataforma que cumple con los requisitos de alto rendimiento, validaci\u00f3n y seguridad del sector de Life Sciences. Permite configurar y ampliar las aplicaciones de Veeva f\u00e1cilmente.<\/p>\n<\/p><\/div>\n<div class=\"marquee-subpoints__wrapper container\" style=\"max-width: 1140px;\">\n<ul class=\"marquee-subpoints__list\">\n<li>\n<h6>Avalada<\/h6>\n<p>\n\t\t\tM\u00e1s de 50 aplicaciones en una plataforma segura, validada y de alto rendimiento.\n\t\t\t<\/p>\n<\/li>\n<li>\n<h6>Conectada<\/h6>\n<p>\n\t\t\tSe integra con otros sistemas con Vault API y saca el m\u00e1ximo partido al an\u00e1lisis de datos y a la IA con el <a href=\"https:\/\/www.veeva.com\/eu\/products\/direct-data-api\/\" rel=\"noopener\" target=\"_blank\">Direct Data API<\/a>.\n\t\t\t<\/p>\n<\/li>\n<li>\n<h6>Abierta<\/h6>\n<p>\n\t\t\tAmpl\u00eda f\u00e1cilmente las aplicaciones Vault con el SDK de Java y a trav\u00e9s de partners certificados.\n\t\t\t<\/p>\n<\/li>\n<\/ul><\/div>\n<section style=\"padding:70px 0 0px 0\">\n<div class=\"container\">\n<div class=\"row\" style=\"max-width:900px;margin:auto;display:flex;align-items:center;\">\n<div class=\"col-md-6 text-center\">\n\t\t\t\t<img decoding=\"async\" style=\"width:100%;max-width:350px;margin:auto\" src=\"https:\/\/www.veeva.com\/wp-content\/uploads\/2025\/08\/vault-platform-graphic-400x402@2x.png\" alt=\"\" \/>\n\t\t\t<\/div>\n<div class=\"col-md-6 text-center\">\n<div class=\"vp-image-text\">\n<h6 style=\"color:#111;margin-bottom:30px\">Datos, Contenido, Agentes<\/h6>\n<p class=\"hr\">\n\t\t\t\t\t<strong>IA ag\u00e9ntica<\/strong> integrada en la plataforma de Vault\n\t\t\t\t\t<\/p>\n<p class=\"hr\">\n\t\t\t\t\t<strong>Acceso<\/strong> directo y seguro <strong>al contenido y a los datos<\/strong>\n\t\t\t\t\t<\/p>\n<p>\n\t\t\t\t\t<strong>Configura<\/strong> los agentes de Veeva AI <strong>o crea<\/strong> otros personalizados\n\t\t\t\t\t<\/p>\n<\/p><\/div>\n<\/p><\/div>\n<\/p><\/div>\n<\/p><\/div>\n<\/section>\n<\/section>\n<section class=\"quote-tabs quote-tabs--light\" style=\"margin-bottom:-150px;z-index:99;margin-top:80px\">\n<div class=\"quote-tabs__content\">\n<div class=\"container\">\n<div class=\"carousel slide carousel-fade\" data-slide-interval=\"8500\">\n<div class=\"carousel-indicators\"><\/div>\n<div class=\"carousel-inner\">\n<div class=\"carousel-item\">\n\t\t\t\t\t\t<!-- quote-card-single --><\/p>\n<div class=\"quote-card quote-card-single\" style=\"color:white;background: radial-gradient(155.15% 99.46% at 56.51% 50.08%,#030d1f 0,#1b2f54 100%);\">\n<div class=\"quote-card__quote-wrapper\">\n<h6 style=\"color:#f5670e;margin-bottom:5px\">Impulsando la IA en el sector<\/h6>\n<h3>Veeva AI<\/h3>\n<p style=\"font-size:19px;font-weight:300;margin-top:20px\">\n\t\t\t\t\t\t\t\t<a style=\"text-decoration:underline;color:white\" href=\"https:\/\/www.veeva.com\/eu\/es\/productos\/veeva-ai\/\">Veeva AI<\/a> se compone de IA ag\u00e9ntica en la plataforma de Vault y de agentes de IA en las aplicaciones de Veeva. Veeva AI es compatible con la mayor\u00eda de los modelos extensos de lenguaje (LLM). Utiliza el LLM proporcionado por Veeva o configura Veeva AI para utilizar el tuyo. Veeva AI ya est\u00e1 disponible en la plataforma de Vault.<\/p>\n<p style=\"font-size:19px;font-weight:300;margin-top:25px\">\n\t\t\t\t\t\t\t\tVeeva tambi\u00e9n habilita la IA en el sector de Life Sciences a trav\u00e9s de <a href=\"https:\/\/www.veeva.com\/eu\/products\/direct-data-api\/\" rel=\"noopener\" target=\"_blank\">Direct Data API<\/a> y del <a href=\"https:\/\/www.veeva.com\/meet-veeva\/partners\/ai\/#\" rel=\"noopener\" target=\"_blank\">Veeva AI Partner Program<\/a>.\n\t\t\t\t\t\t\t\t<\/p>\n<\/p><\/div>\n<\/p><\/div>\n<\/p><\/div>\n<\/p><\/div>\n<\/p><\/div>\n<\/p><\/div>\n<\/p><\/div>\n<\/section>\n<p> <!-- Listed up - Subpoints, Grey --><\/p>\n<section class=\"z-pattern z-pattern-products z-pattern--light z-pattern--bg-grey section-rounded\" style=\"padding-top:240px;padding-bottom:240px\">\n<div class=\"copy-container container copy-container--center copy-container--eyebrow-gradient\"  style=\"align-items: flex-start;margin-bottom:40px;\">\n<h6>Caracter\u00edsticas principales<\/h6>\n<h3>Gestiona contenido y datos<\/h3>\n<\/p><\/div>\n<div class=\"listed-up__cards container\">\n<div class=\"listed-up-card listed-up-card-subpoints\">\n<div class=\"floating-icon icon-wrapper\">\n                <span class=\"icon\" data-icon=\"star-2\"><\/span>\n            <\/div>\n<h5>IA ag\u00e9ntica integrada y espec\u00edfica para la ind\u00fastria<\/h5>\n<ul class=\"card-subtext\">\n<li>\n                \t<strong>IA ag\u00e9ntica<\/strong><br \/>\nIntegrada en la plataforma de Vault para permitir que los agentes de Veeva AI funcionen en todas las aplicaciones de Veeva. <\/p>\n<\/li>\n<li>\n                <strong>Configura y extiende los agentes de IA<\/strong><br \/>\nConfigura, extiende o crea tus propios agentes de Veeva AI dentro de las aplicaciones de Veeva. Con prompts y salvaguardas espec\u00edficas para la industria, los agentes de Veeva AI operan con un acceso fluido a los datos, documentos y flujos de trabajo de las aplicaciones de Veeva.\n\t\t\t\t<\/li>\n<\/ul><\/div>\n<div class=\"listed-up-card listed-up-card-subpoints\">\n<div class=\"floating-icon icon-wrapper\">\n                <span class=\"icon\" data-icon=\"database-crypto-blockchain\"><\/span>\n            <\/div>\n<h5>Datos, contenido y agentes juntos<\/h5>\n<ul class=\"card-subtext\">\n<li>\n                \t<strong>Plataforma \u00fanica<\/strong><br \/>\nUna plataforma \u00fanica que aprovecha los datos, el contenido y los agentes dentro de flujos de trabajo espec\u00edficos del sector para aumentar la productividad.<\/p>\n<\/li>\n<li>\n                \t<strong>Modelo de datos<\/strong><br \/>\nVault Object Framework (VOF) permite crear objetos personalizados para gestionar procesos empresariales en los que se necesitan datos estructurados.\n\t\t\t\t<\/li>\n<li>\n                \t<strong>Gesti\u00f3n de contenidos<\/strong><br \/>\nGestiona documentos, v\u00eddeos e im\u00e1genes con control de versiones, lifecycles, anotaciones, renditions, firmas electr\u00f3nicas, marcas de agua, generaci\u00f3n de documentos, plantillas, opciones para compartir y mucho m\u00e1s.<\/p>\n<\/li>\n<\/ul><\/div>\n<div class=\"listed-up-card listed-up-card-subpoints\">\n<div class=\"floating-icon icon-wrapper\">\n                <span class=\"icon\" data-icon=\"clipboard-check\"><\/span>\n            <\/div>\n<h5>Compliance y validaci\u00f3n<\/h5>\n<ul class=\"card-subtext\">\n<li>\n                \t<strong>Validaci\u00f3n<\/strong><br \/>\n\t\t\t\t\tCada versi\u00f3n se valida con los procesos de Instalaci\u00f3n Cualificada (IQ) y Operaci\u00f3n Cualificada (OQ), y se entrega con un paquete de validaci\u00f3n completo que reduce considerablemente el trabajo de validaci\u00f3n.\n\t\t\t\t<\/li>\n<li>\n                \t<strong>Compliance<\/strong><br \/>\n\t\t\t\t\tLos audit trails, las firmas electr\u00f3nicas, los procesos de validaci\u00f3n y la l\u00f3gica de negocio configurable se han dise\u00f1ado en un entorno con un estricto control de cambios.\n\t\t\t\t<\/li>\n<\/ul><\/div>\n<div class=\"listed-up-card listed-up-card-subpoints\">\n<div class=\"floating-icon icon-wrapper\">\n                <span class=\"icon\" data-icon=\"graph-bar-increase\"><\/span>\n            <\/div>\n<h5>Mejora tus procesos empresariales<\/h5>\n<ul class=\"card-subtext\">\n<li>\n                \t<strong>Ciclo de vida y flujos de procesos<\/strong><br \/>\n\t\t\t\t\tAutomatiza tus procesos empresariales con ciclos de vida y flujos de trabajo configurables. Activa la asignaci\u00f3n autom\u00e1tica de tareas, la creaci\u00f3n de datos, las notificaciones por correo electr\u00f3nico, el escalado de incidencias y la seguridad.\n\t\t\t\t<\/li>\n<li>\n                \t<strong>Informes de los procesos<\/strong><br \/>\n\t\t\t\t\tGenera informes sobre el rendimiento y la eficacia de tus procesos empresariales con par\u00e1metros personalizables.\n\t\t\t\t<\/li>\n<li>\n                \t<strong>Veeva Connections<\/strong><br \/>\n\t\t\t\t\tAutomatiza los flujos de trabajo multifuncionales y la sincronizaci\u00f3n de datos. Las conexiones estandarizadas agilizan los procesos empresariales y mejoran la calidad de los datos.<br \/>\n\t\t\t\t\t<a href=\"\/eu\/products\/vault-platform\/veeva-connections\/\">M\u00e1s informaci\u00f3n<\/a>\n\t\t\t\t<\/li>\n<\/ul><\/div>\n<div class=\"listed-up-card listed-up-card-subpoints\">\n<div class=\"floating-icon icon-wrapper\">\n                <span class=\"icon\" data-icon=\"page-setting\"><\/span>\n            <\/div>\n<h5>Experiencia intuitiva del usuario<\/h5>\n<ul class=\"card-subtext\">\n<li>\n                \t<strong>Interfaz de usuario basada en roles y tareas<\/strong><br \/>\n\t\t\t\t\tSimplifica la experiencia del usuario con una interfaz orientada a la acci\u00f3n. Configura la informaci\u00f3n que debe mostrarse y cu\u00e1ndo debe mostrarse en funci\u00f3n del perfil de usuario.\n\t\t\t\t<\/li>\n<li>\n                \t<strong>Acceso m\u00f3vil a Vault<\/strong><br \/>\n\t\t\t\t\tBusca contenido, completa tareas relacionadas con documentos y consulta paneles desde dispositivos iOS o Android. Activa las notificaciones push, crea nuevos documentos sin clasificar compartiendo archivos desde tu dispositivo o escanea p\u00e1ginas con OCR para extraer e indexar el texto de forma autom\u00e1tica.\n\t\t\t\t<\/li>\n<li>\n                \t<strong>Integraci\u00f3n con Microsoft Office<sup>TM<\/sup><\/strong><br \/>\n\t\t\t\t\tDocumenta y aprovecha al m\u00e1ximo las funciones de co-authoring colaborativo, o utiliza versiones derivadas, marcadores, campos combinados y distintos formatos.<br \/>\n\t\t\t\t\t<a href=\"\/eu\/resources\/collaborative-authoring-demo\/\">Ver demo<\/a>\n\t\t\t\t<\/li>\n<\/ul><\/div>\n<div class=\"listed-up-card listed-up-card-subpoints\">\n<div class=\"floating-icon icon-wrapper\">\n                <span class=\"icon\" data-icon=\"file-report\"><\/span>\n            <\/div>\n<h5>Informes flexibles<\/h5>\n<ul class=\"card-subtext\">\n<li>\n                \t<strong>Paneles e informes<\/strong><br \/>\n\t\t\t\t\tObt\u00e9n informaci\u00f3n r\u00e1pidamente con informes y paneles integrados. Comparte sin problemas informes, gr\u00e1ficos y paneles predise\u00f1ados o personalizables, o exporta los datos para analizarlos con m\u00e1s detalle.\n\t\t\t\t<\/li>\n<li>\n                \t<strong>Plantillas de Microsoft Excel<sup>TM<\/sup><\/strong><br \/>\n\t\t\t\t\tUtiliza tablas din\u00e1micas, macros, f\u00f3rmulas, gr\u00e1ficos o formato condicional, entre otros, para crear plantillas en Microsoft Excel<sup>TM<\/sup> y exportar informes de Vault.\n\t\t\t\t<\/li>\n<\/ul><\/div>\n<div class=\"listed-up-card listed-up-card-subpoints\">\n<div class=\"floating-icon icon-wrapper\">\n                <span class=\"icon\" data-icon=\"vertical-slider-square\"><\/span>\n            <\/div>\n<h5>Configuraci\u00f3n y gesti\u00f3n m\u00e1s f\u00e1ciles<\/h5>\n<ul class=\"card-subtext\">\n<li>\n                \t<strong>Configuraci\u00f3n visual<\/strong><br \/>\n\t\t\t\t\tIncorpora nuevas soluciones de forma r\u00e1pida, sin necesidad de escribir c\u00f3digo. La interfaz de usuario intuitiva, la l\u00f3gica empresarial y el modelo de datos se configuran mediante el uso de herramientas de navegador con solo apuntar y hacer clic.\n\t\t\t\t<\/li>\n<li>\n                \t<strong>Vaults de prueba y capturas<\/strong><br \/>\n\t\t\t\t\tCrea r\u00e1pidamente entornos de desarrollo y testing clonando un Vault con su configuraci\u00f3n, o a\u00f1adiendo datos. Actualizando tu Vault o crea nuevos de forma f\u00e1cil.\n\t\t\t\t<\/li>\n<\/ul><\/div>\n<div class=\"listed-up-card listed-up-card-subpoints\">\n<div class=\"floating-icon icon-wrapper\">\n                <span class=\"icon\" data-icon=\"padlock-shield\"><\/span>\n            <\/div>\n<h5>Seguridad para usuarios internos o externos<\/h5>\n<ul class=\"card-subtext\">\n<li>\n                \t<strong>Seguridad at\u00f3mica<\/strong><br \/>\n\t\t\t\t\tControl detallado sobre acciones espec\u00edficas de usuarios en documentos y objetos, seg\u00fan el estado del ciclo de vida y el rol de usuario.\n\t\t\t\t<\/li>\n<li>\n                \t<strong>Control de acceso din\u00e1mico<\/strong><br \/>\n\t\t\t\t\tAutomatiza la asignaci\u00f3n de usuarios a roles seg\u00fan reglas de uso compartido predefinidas.\n\t\t\t\t<\/li>\n<\/ul><\/div>\n<div class=\"listed-up-card listed-up-card-subpoints\">\n<div class=\"floating-icon icon-wrapper\">\n                <span class=\"icon\" data-icon=\"merge-vertical-large\"><\/span>\n            <\/div>\n<h5>Integraci\u00f3n<\/h5>\n<ul class=\"card-subtext\">\n<li>\n                \t<strong>Open API<\/strong><br \/>\n\t\t\t\t\tImpulsa an\u00e1lisis avanzados, IA generativa y data lakes con una nueva clase de API. Dise\u00f1ado para grandes conjuntos de datos, accediendo a la informaci\u00f3n 100 veces m\u00e1s r\u00e1pido que con APIs tradicionales.\n\t\t\t\t<\/li>\n<li>\n                \t<strong>Integraciones con partners certificados<\/strong><br \/>\n\t\t\t\t\tEl ecosistema de partners aporta valor a los clientes de Veeva mediante integraciones certificadas con la plataforma de Vault.\n\t\t\t\t<\/li>\n<\/ul><\/div>\n<\/p><\/div>\n<\/section>\n<p><!-- Quote - Tabs, Light, Logo Tablist --><\/p>\n<section class=\"quote-tabs quote-tabs--light\" style=\"margin-top: -150px;\">\n<div class=\"container\">\n    <!-- content --><\/p>\n<div class=\"quote-tabs__content\">\n<div class=\"container\">\n            <!-- Carousel --><br \/>\n            <!-- NOTE: update carousel timing by passing in data-slide-interval=\"[time]\", where time is in milliseconds, if no data-slide-interval is set, it'll use 8500 by default --><\/p>\n<div class=\"carousel slide carousel-fade\" data-slide-interval=\"8500\">\n                <!-- carousel indicators, indicators will be generated based on number of 'carousel-item'  --><\/p>\n<div class=\"carousel-indicators\"><\/div>\n<p>                <!-- carousel slides, no need to add active class as it'll be added automatically --><\/p>\n<div class=\"carousel-inner\">\n                    <!-- slide 1 --><\/p>\n<div class=\"carousel-item\">\n<div class=\"quote-card quote-card-full quote-card-full quote-card-full--medium-text\" style=\"color:white;background: radial-gradient(155.15% 99.46% at 56.51% 50.08%,#030d1f 0,#1b2f54 100%);\">\n<div class=\"quote-card__quote-wrapper\" style=\"color:white\">\n<p>\u00abHemos eliminado las barreras entre fabricaci\u00f3n y calidad, y esperamos conectar con los equipos de los sectores cl\u00ednico y regulatorio, sobre todo para el control de cambios\u00bb<\/p>\n<p>                            \t<a style=\"margin-top:20px\" class=\"button-outline button-outline--white\" href=\"\/eu\/blog\/csl-behring-breaks-down-business-silos-with-veeva-development-cloud\/\" target=\"_blank\" rel=\"noopener\">Descubrir c\u00f3mo<\/a>\n                            <\/div>\n<div class=\"quote-card__person-info\">\n<div class=\"client-logo\">\n                                    <img decoding=\"async\" src=\"https:\/\/www.veeva.com\/wp-content\/themes\/veeva2015\/assets\/veeva-2024\/logos\/color\/csl-behring.png\"  \/>\n                                <\/div>\n<div class=\"quote-card__person-info__person\">\n<div class=\"avatar-thumbnail\">\n                                \t\t<img decoding=\"async\" src=\"https:\/\/www.veeva.com\/wp-content\/uploads\/2024\/11\/vas-mavrogenis-80x80-1.png\" alt=\"\">\n                                \t<\/div>\n<div class=\"quote-card__person-info-text\">\n<h5>Vas Mavrogenis<\/h5>\n<h6>Global Head of Quality, CSL<\/h6>\n<\/p><\/div>\n<\/p><\/div>\n<\/p><\/div>\n<\/p><\/div>\n<\/p><\/div>\n<div class=\"carousel-item\">\n<div class=\"quote-card quote-card-full quote-card-full quote-card-full--medium-text\"  style=\"background: radial-gradient(155.15% 99.46% at 56.51% 50.08%,#030d1f 0,#1b2f54 100%);color:white\">\n<div class=\"quote-card__quote-wrapper\">\n<p>\u00abConseguir una plataforma integral que acelere el desarrollo de terapias revolucionarias ha sido siempre un objetivo dif\u00edcil para muchas organizaciones, y Veeva nos est\u00e1 dando las herramientas para convertir esa visi\u00f3n en realidad\u00bb<\/p>\n<p>                            \t<a style=\"margin-top:20px\" class=\"button-outline button-outline--white\" href=\"\/eu\/resources\/boehringer-ingelheim-selects-veeva-development-cloud-worldwide-to-bring-innovative-therapies-to-patients-faster\/\" target=\"_blank\" rel=\"noopener\">Descubrir c\u00f3mo<\/a>\n                            <\/div>\n<div class=\"quote-card__person-info\">\n<div class=\"client-logo\">\n                                    <img decoding=\"async\" src=\"https:\/\/www.veeva.com\/wp-content\/themes\/veeva2015\/assets\/veeva-2024\/logos\/color\/boehringer-ingelheim.png\"  \/>\n                                <\/div>\n<div class=\"quote-card__person-info__person\">\n<div class=\"avatar-thumbnail\">\n                                \t\t<img decoding=\"async\" src=\"https:\/\/www.veeva.com\/wp-content\/uploads\/2024\/11\/uli-brodl-80x80-1.png\" alt=\"\">\n                                \t<\/div>\n<div class=\"quote-card__person-info-text\">\n<h5>Uli Br\u04e7dl<\/h5>\n<h6>Senior Vice President, Global Clinical Development, Boehringer Ingelheim<\/h6>\n<\/p><\/div>\n<\/p><\/div>\n<\/p><\/div>\n<\/p><\/div>\n<\/p><\/div>\n<\/p><\/div>\n<\/p><\/div>\n<\/p><\/div>\n<\/p><\/div>\n<\/section>\n<section class=\"resource-block-cards resource-block-cards--light\" id=\"resource-block-0\">\n<div class=\"container\">\n<div class=\"copy-container copy-container--center copy-container--eyebrow-gradient\">\n<h6>Recursos<\/h6>\n<h3>Explorar y aprender<\/h3>\n<\/p><\/div>\n<div class=\"resource-block__cards resource-block__cards--gridded\">\n<p>\t\t  \t<a id=\"\" class=\"resource-card resource-card--light\" href=\"\/eu\/resources\/veeva-ai-overview-2025-rd-and-quality-summit-keynote\/\" target=\"_blank\" rel=\"noopener\"><\/p>\n<div class=\"resource-card__text\">\n<h6>Ver v\u00eddeo<\/h6>\n<h5>AI y Veeva AI Overview 2025 Commercial Summit Keynote<\/h5>\n<\/div>\n<div class=\"resource-card__media\"><img decoding=\"async\" src=\"https:\/\/www.veeva.com\/wp-content\/uploads\/2025\/09\/resource-tile-peter-ai-RD-340x240@2x.png\" alt=\"\"><\/div>\n<p><\/a><\/p>\n<p>\t\t\t<a id=\"\" class=\"resource-card resource-card--light\" href=\"\/eu\/resources\/announcing-veeva-ai\/\" target=\"_blank\" rel=\"noopener\"><\/p>\n<div class=\"resource-card__text\">\n<h6>M\u00e1s informaci\u00f3n<\/h6>\n<h5>Veeva AI para la plataforma de Vault y sus aplicaciones<\/h5>\n<\/div>\n<div class=\"resource-card__media\"><img decoding=\"async\" src=\"https:\/\/www.veeva.com\/wp-content\/uploads\/2025\/04\/Veeva-AI_340x240.png\" alt=\"\"><\/div>\n<p><\/a><\/p>\n<p>\t\t\t<a id=\"\" class=\"resource-card resource-card--light\" href=\"\/eu\/resources\/direct-data-api-overview\/\" target=\"_blank\" rel=\"noopener\"><\/p>\n<div class=\"resource-card__text\">\n<h6>Ver demo<\/h6>\n<h5>Direct Data API Overview<\/h5>\n<\/div>\n<div class=\"resource-card__media\"><img decoding=\"async\" src=\"https:\/\/www.veeva.com\/wp-content\/uploads\/2024\/11\/resource-tile-veeva-publishing-elearning-demo-340x240@2x.png\" alt=\"\"><\/div>\n<p><\/a><\/p>\n<p>\t\t\t<a id=\"\" class=\"resource-card resource-card--light\" href=\"\/eu\/cda\/\" target=\"_blank\" rel=\"noopener\"><\/p>\n<div class=\"resource-card__text\">\n<h6>M\u00e1s informaci\u00f3n<\/h6>\n<h5>Est\u00e1ndar de datos del sector<\/h5>\n<\/div>\n<div class=\"resource-card__media\"><img decoding=\"async\" src=\"https:\/\/www.veeva.com\/wp-content\/uploads\/2024\/11\/veeva-releases-cda-resource-tile@2x.png\" alt=\"\"><\/div>\n<p><\/a><\/p><\/div>\n<\/p><\/div>\n<\/section>\n<section id=\"pre-footer\" class=\"hero-contained hero-contained--gradient\">\n<div class=\"container copy-container copy-container--center\">\n<h2>\u00bfQuieres saber m\u00e1s sobre c\u00f3mo <br \/>puede ayudarte Veeva?<\/h2>\n<div class=\"copy-container__buttons\">\n\t\t\t\t\t<a class=\"button-primary button-primary--gradient\" href=\"#\" id=\"cta-es-header-contact\" data-toggle=\"modal\" data-target=\"#myModal1\" rel=\"noopener\">Cont\u00e1ctanos<\/a>\n\t<\/div>\n<\/section><\/div>\n<p><\/main><\/p>\n","protected":false},"excerpt":{"rendered":"<p>Gestiona datos, contenido y agentes con aplicaciones avanzadas para el sector de Life Sciences, desde I+D hasta la comercializaci\u00f3n.<\/p>\n","protected":false},"author":395,"featured_media":72651,"parent":88086,"menu_order":0,"comment_status":"closed","ping_status":"closed","template":"templates\/veeva-2024.full-page.php","meta":{"footnotes":""},"coauthors":[],"class_list":["post-87566","page","type-page","status-publish","has-post-thumbnail","hentry","region-es"],"aioseo_notices":[],"_links":{"self":[{"href":"https:\/\/www.veeva.com\/eu\/wp-json\/wp\/v2\/pages\/87566"}],"collection":[{"href":"https:\/\/www.veeva.com\/eu\/wp-json\/wp\/v2\/pages"}],"about":[{"href":"https:\/\/www.veeva.com\/eu\/wp-json\/wp\/v2\/types\/page"}],"author":[{"embeddable":true,"href":"https:\/\/www.veeva.com\/eu\/wp-json\/wp\/v2\/users\/395"}],"replies":[{"embeddable":true,"href":"https:\/\/www.veeva.com\/eu\/wp-json\/wp\/v2\/comments?post=87566"}],"version-history":[{"count":52,"href":"https:\/\/www.veeva.com\/eu\/wp-json\/wp\/v2\/pages\/87566\/revisions"}],"predecessor-version":[{"id":92667,"href":"https:\/\/www.veeva.com\/eu\/wp-json\/wp\/v2\/pages\/87566\/revisions\/92667"}],"up":[{"embeddable":true,"href":"https:\/\/www.veeva.com\/eu\/wp-json\/wp\/v2\/pages\/88086"}],"wp:featuredmedia":[{"embeddable":true,"href":"https:\/\/www.veeva.com\/eu\/wp-json\/wp\/v2\/media\/72651"}],"wp:attachment":[{"href":"https:\/\/www.veeva.com\/eu\/wp-json\/wp\/v2\/media?parent=87566"}],"wp:term":[{"taxonomy":"author","embeddable":true,"href":"https:\/\/www.veeva.com\/eu\/wp-json\/wp\/v2\/coauthors?post=87566"}],"curies":[{"name":"wp","href":"https:\/\/api.w.org\/{rel}","templated":true}]}}