{"id":90021,"date":"2025-11-12T16:09:01","date_gmt":"2025-11-12T15:09:01","guid":{"rendered":"https:\/\/www.veeva.com\/eu\/?page_id=90021"},"modified":"2026-03-19T17:20:17","modified_gmt":"2026-03-19T16:20:17","slug":"vault-plattform","status":"publish","type":"page","link":"https:\/\/www.veeva.com\/eu\/de\/produkte\/vault-plattform\/","title":{"rendered":"Entdecken Sie die Veeva Vault Plattform"},"content":{"rendered":"<style>\n.veeva-2024 sup {\ntop: -.4em;\n}\n@media (min-width:768px) {\n.veeva-2024 .marquee-subpoints__list h6, .veeva-2024 .vp-image-text h6 {\nfont-size: 24px;\n}\n}\n.veeva-2024 .listed-up-card .card-subtext {\nmargin-top: 1rem;\n}\n.veeva-2024 strong {\nfont-weight: 600;\n}\n@media (min-width:992px) {\n.veeva-2024 .quote-card-single .quote-card__quote-wrapper p {\nmax-width: 1124px;\n}\n}\n@media (min-width:768px) {\n.veeva-2024 .hero-centered {\npadding: 120px 0 130px 0;\n}\n}\n.veeva-2024 .listed-up-card .card-subtext>li {\nfont-weight: 400;\nmargin-bottom: 1.6rem;\n}\n.veeva-2024 .quote-card__person-info .client-logo {\nbackground: hsla(0,0%,100%,.2);\n}\n@media (min-width:992px) {\n.veeva-2024 .quote-card-single {\npadding: 70px 8% 86px;\n}\n}<\/p>\n<p>.veeva-2024 .quote-card__quote-wrapper {\ngap: 0;\n}<\/p>\n<p>.veeva-2024 .quote-card__person-info .client-logo img {\nfilter: drop-shadow(0 1000px white);\noverflow: hidden;\ntransform: translateY(-1000px);\n}\n.veeva-2024 .vp-image-text  {\n\tdisplay:inline-grid;\n\tmargin:auto;\n\ttext-align:center;\n\tmargin-top:30px;\n}\n@media (min-width:768px) {\n.veeva-2024 .vp-image-text  {\n\ttext-align:left;\n\tmargin-top:0px;\n\tpadding-left:30px;\n}\n}\n.veeva-2024 .vp-image-text p.hr {\n\tborder-bottom:1px solid #D6D6D6;;padding-bottom:20px;margin-bottom: 20px;\n}\n.veeva-2024 .vp-image-text p strong {\n\tfont-weight:600;\n\tcolor:#F5670E;\n}<\/p>\n<p>.veeva-2024 .listed-up--grey {\nbackground: #fff;\ncolor: #01040b;\nmargin: 0;\npadding: 80px 0 60px 0;\n}\n@media (min-width:992px) {\n.veeva-2024 .listed-up .copy-container {\nmargin-bottom: 40px;\n}\n}\n.veeva-2024 #platform-product #supplementary[data-count=\"1\"]:before {\nbackground: linear-gradient(0deg,#eef1f5 5.2%,#eef1f5 92.04%);\ntransform: scaleY(-1);\n}\n.veeva-2024 #simple-product {\npadding-top: 0px;\n}<\/p>\n<p>@media (min-width:768px) {\n.veeva-2024 .z-pattern__subgrid {\ngrid-template-columns: 1fr 1fr 1fr;\n}\n}<\/p>\n<p> .veeva-2024 .listed-up-card {\npadding: 12px 28px;\n}\n .card-subtext  {\nmargin-top:10px!important;\n }<\/p>\n<p> .card-subtext li {\n font-size:16px!important;\n margin-bottom:32px!important;\n }\n .card-subtext li strong {\n display:block;\n margin-bottom:10px;\n }\n  .card-subtext li a {\n display:block;\n margin-top:10px;\n text-decoration:underline;\n }<\/p>\n<p>#global-footer-lower {\n    margin-top: -70px;\n}\n <\/style>\n<p><main class=\"veeva-2024\"><\/p>\n<div id=\"platform-product\" style=\"padding-top: 0 !important;background-color:white\" class=\"\">\n<section id=\"hero\" class=\"hero-centered hero-centered--image\">\n<div class=\"container copy-container copy-container--center\">\n<h6>Veeva Vault Plattform<\/h6>\n<h1>Die Plattform f\u00fcr Life Sciences<\/h1>\n<p>Vereinheitlichen Sie Daten, Content und KI-Agenten gemeinsam auf einer bew\u00e4hrten Unternehmens-Cloud-Plattform f\u00fcr anspruchsvolle Anwendungen in Forschung und Entwicklung sowie im kommerziellen Bereich.<\/p>\n<\/p><\/div>\n<\/section>\n<p><!-- Alert Starts &#x2705; --><\/p>\n<section class=\"alert-news\">\n<a class=\"alert-news__wrapper container\" href=\"\/eu\/de\/ressourcen\/ankundigung-von-veeva-ai\/\" target=\"_self\" rel=\"noopener\"><\/p>\n<div class=\"alert-news__inner\">\n<h6>Veeva AI integriert KI in die Vault Plattform und in Veeva Anwendungen<\/h6>\n<p>\t\t<span class=\"alert-news__btn-desktop button-secondary\"><br \/>\n\t\t\t<img decoding=\"async\" src=\"\/wp-content\/themes\/veeva2015\/assets\/svg\/icons\/btn-arrow-up-right--black.svg\" alt=\"\"><br \/>\n\t\t<\/span><br \/>\n\t\t<span class=\"alert-news__btn-mobile button-text-link button-text-link--black\"><br \/>\n\t\t\t<span class=\"button-label\">Mehr erfahren<\/span><br \/>\n\t\t\t<span class=\"underline\"><\/span><br \/>\n\t\t<\/span>\n\t<\/div>\n<p><\/a><br \/>\n<\/section>\n<section class=\"marquee-subpoints marquee-subpoints--light marquee-subpoints--3-up\" style=\"margin-top:80px;margin-bottom:70px\">\n<div class=\"copy-container container copy-container--center copy-container--eyebrow-gradient\" style=\"margin-bottom:50px\">\n<h2>Veeva Vault Plattform<\/h2>\n<p>Verwaltet Daten, Content und Agenten auf einer einheitliche Plattform. Erf\u00fcllt nachweislich die strengen Leistungs-, Validierungs- und Sicherheitsanforderungen der Life-Science-Branche. Erm\u00f6glicht Ihnen die einfache Konfiguration und Erweiterung von Veeva Anwendungen.<\/p>\n<\/p><\/div>\n<div class=\"marquee-subpoints__wrapper container\" style=\"max-width: 1140px;\">\n<ul class=\"marquee-subpoints__list\">\n<li>\n<h6>Bew\u00e4hrt<\/h6>\n<p>\n\t\t\tUnterst\u00fctzung der Life-Science-Branche mit \u00fcber 50 Anwendungen in einer sicheren, leistungsstarken und validierten Umgebung.\n<\/p>\n<\/li>\n<li>\n<h6>Vernetzt<\/h6>\n<p>\n\t\t\tIntegration externer Systeme mittels Vault API und Einsatz von effizienten Datenanalysen und KI mittels Direct Data API\n\t\t\t<\/p>\n<\/li>\n<li>\n<h6>Offen<\/h6>\n<p>\n\t\t\tEinfache Erweiterung der Vault Anwendung mit der Java SDK sowie \u00fcber zertifizierte Partner.\n\t\t\t<\/p>\n<\/li>\n<\/ul><\/div>\n<section style=\"padding:70px 0 0px 0\">\n<div class=\"container\">\n<div class=\"row\" style=\"max-width:900px;margin:auto;display:flex;align-items:center;\">\n<div class=\"col-md-6 text-center\">\n\t\t\t\t<img decoding=\"async\" style=\"width:100%;max-width:350px;margin:auto\" src=\"https:\/\/www.veeva.com\/eu\/wp-content\/uploads\/2025\/12\/vault-platform-graphic-de-400x402-1.png\" alt=\"\" \/>\n\t\t\t<\/div>\n<div class=\"col-md-6 text-center\">\n<div class=\"vp-image-text\">\n<h6 style=\"color:#111;margin-bottom:30px\">Daten, Content, Agenten <\/h6>\n<p class=\"hr\">\n\t\t\t\t\t\t<strong>Agentic AI<\/strong> eingebettet in Vault Plattform\n\t\t\t\t\t<\/p>\n<p class=\"hr\">\n\t\t\t\t\t\tDirekter, sicherer Zugriff auf <strong>Content und Daten<\/strong>\n\t\t\t\t\t<\/p>\n<p>\n\t\t\t\t\t <strong>Veeva AI Agenten<\/strong> konfigurieren oder benutzerdefinierte Agenten erstellen\n\t\t\t\t\t<\/p>\n<\/p><\/div>\n<\/p><\/div>\n<\/p><\/div>\n<\/p><\/div>\n<\/section>\n<section class=\"quote-tabs quote-tabs--light\" style=\"margin-bottom:-150px;z-index:99;margin-top:80px\">\n<div class=\"quote-tabs__content\">\n<div class=\"container\">\n<div class=\"carousel slide carousel-fade\" data-slide-interval=\"8500\">\n<div class=\"carousel-indicators\"><\/div>\n<div class=\"carousel-inner\">\n<div class=\"carousel-item\">\n\t\t\t\t\t\t<!-- quote-card-single --><\/p>\n<div class=\"quote-card quote-card-single\" style=\"color:white;background: radial-gradient(155.15% 99.46% at 56.51% 50.08%,#030d1f 0,#1b2f54 100%);\">\n<div class=\"quote-card__quote-wrapper\">\n<h6 style=\"color:#f5670e;margin-bottom:5px\">KI f\u00fcr die Branche nutzbar machen<\/h6>\n<h3>Veeva AI<\/h3>\n<p style=\"font-size:19px;font-weight:300;margin-top:20px\">Veeva AI erweitert die Veeva Vault Plattform um Agentic AI und liefert tiefgreifende, branchenspezifische Agenten f\u00fcr Veeva-Anwendungen in allen wichtigen Gesch\u00e4ftsbereichen.<\/p>\n<p style=\"font-size:19px;font-weight:300;margin-top:20px\">Konfigurieren oder erweitern Sie die von Veeva gelieferten KI-Agenten und erstellen Sie eigene, benutzerdefinierte Agenten, die den Veeva-Anwendungskontext verstehen, anwendungsspezifische Prompts und Schutzmechanismen nutzen sowie direkten und sicheren Zugriff auf Veeva-Anwendungsdaten, Dokumente und Workflows haben.\n                               <\/p>\n<p style=\"font-size:19px;font-weight:300;margin-top:20px\"><a href=\"\/eu\/de\/produkte\/veeva-ai\/#AI-in-action\" rel=\"noopener\" target=\"_self\" style=\"text-decoration:underline;\">Erfahren Sie<\/a>, wie tiefgreifende Anwendungsagenten die Produktivit\u00e4t steigern.<\/p>\n<p style=\"font-size:19px;font-weight:300;margin-top:20px\">Veeva erm\u00f6glicht KI f\u00fcr die Life-Sciences-Industrie auch \u00fcber die <a href=\"https:\/\/www.veeva.com\/eu\/products\/direct-data-api\/\" rel=\"noopener\" target=\"_blank\" style=\"text-decoration:underline;\">Direct Data API<\/a> und das <a href=\"https:\/\/www.veeva.com\/meet-veeva\/partners\/ai\/\" rel=\"noopener\" target=\"_blank\" style=\"text-decoration:underline;\">Veeva AI Partnerprogramm<\/a>.<\/p>\n<\/p><\/div>\n<\/p><\/div>\n<\/p><\/div>\n<\/p><\/div>\n<\/p><\/div>\n<\/p><\/div>\n<\/p><\/div>\n<\/section>\n<p> <!-- Listed up - Subpoints, Grey --><\/p>\n<section class=\"z-pattern z-pattern-products z-pattern--light z-pattern--bg-grey section-rounded\" style=\"padding-top:240px;padding-bottom:240px\">\n<div class=\"copy-container container copy-container--center copy-container--eyebrow-gradient\"  style=\"align-items:revert-layer;margin-bottom:40px;\">\n<h6>Wichtige Funktionen<\/h6>\n<\/p><\/div>\n<div class=\"listed-up__cards container\">\n<div class=\"listed-up-card listed-up-card-subpoints\">\n<div class=\"floating-icon icon-wrapper\">\n                <span class=\"icon\" data-icon=\"star-2\"><\/span>\n            <\/div>\n<h5>Eingebaute Agentic AI und Branchenspezifische KI-Agenten<\/h5>\n<ul class=\"card-subtext\">\n<li>\n<p>                \t<strong>Agentic AI<\/strong><br \/>\nIn die Vault Plattform integriert, um Veeva AI Agenten die nahtlose Arbeit innerhalb aller Veeva-Anwendungen zu erm\u00f6glichen. <\/p>\n<\/li>\n<li>\n<p>                <strong>KI-Agenten konfigurieren und erweitern<\/strong><br \/>\nKonfigurieren, erweitern oder erstellen Sie Ihre eigenen Veeva AI Agenten, die in Veeva-Anwendungen arbeiten. Mit branchenspezifischen Prompts und Sicherheitsvorkehrungen f\u00fchren Veeva AI Agenten kontextbezogen aus, mit tiefem Zugriff auf Veeva-Anwendungsdaten, Dokumente und Workflows.<\/p>\n<\/li>\n<\/ul><\/div>\n<div class=\"listed-up-card listed-up-card-subpoints\">\n<div class=\"floating-icon icon-wrapper\">\n                <span class=\"icon\" data-icon=\"database-crypto-blockchain\"><\/span>\n            <\/div>\n<h5>Content- und Datenmanagement<\/h5>\n<ul class=\"card-subtext\">\n<li>\n                \t<strong>Einheitliche Plattform<\/strong><br \/>\nEine einzige Plattform, die Daten, Content und Agenten innerhalb tiefgehender branchenspezifischer Workflows nutzt, um Produktivit\u00e4tssteigerungen zu erzielen.<\/p>\n<\/li>\n<li>\n                \t<strong>Datenmodell<\/strong><br \/>\nMit dem Vault Object Framework (VOF) lassen sich benutzerdefinierte Objekte erstellen, um Gesch\u00e4ftsprozesse zu verwalten, die strukturierte Daten erfordern. <\/p>\n<\/li>\n<li>\n                <strong>Content-Management<\/strong><br \/>\nVerwalten Sie Dokumente, Videos und Bilder mit Versionskontrolle, Lebenszyklen, Anmerkungen, Renditioning, elektronischen Signaturen, Wasserzeichen, Dokumentenerstellung, Vorlagen, Freigabe und vielem mehr.\n\t\t\t\t<\/li>\n<\/ul><\/div>\n<div class=\"listed-up-card listed-up-card-subpoints\">\n<div class=\"floating-icon icon-wrapper\">\n                <span class=\"icon\" data-icon=\"clipboard-check\"><\/span>\n            <\/div>\n<h5>Compliance und Validierung<\/h5>\n<ul class=\"card-subtext\">\n<li>\n                \t<strong>Validierung<\/strong><br \/>\nJedes Release wird im Rahmen der Installation Qualification (IQ) und Operational Qualification (OQ) validiert und enth\u00e4lt ein umfassendes Validierungspaket, das den Compliance-Aufwand minimiert.<\/p>\n<\/li>\n<li>\n                \t<strong>Compliance<\/strong><br \/>\nAudit-Trails, elektronische Signaturen, Validierungsprozesse und konfigurierbare Gesch\u00e4ftslogik werden alle innerhalb einer streng kontrollierten Change-Control-Umgebung entwickelt.<\/p>\n<\/li>\n<\/ul><\/div>\n<div class=\"listed-up-card listed-up-card-subpoints\">\n<div class=\"floating-icon icon-wrapper\">\n                <span class=\"icon\" data-icon=\"graph-bar-increase\"><\/span>\n            <\/div>\n<h5>Verbesserte Gesch\u00e4ftsprozesse<\/h5>\n<ul class=\"card-subtext\">\n<li>\n                \t<strong>Lebenszyklus und Workflows<\/strong><br \/>\n\t\t\tAutomatisieren Sie Gesch\u00e4ftsprozesse mit konfigurierbaren Lebenszyklen und Workflows. Automatisieren Sie die Zuweisung von Aufgaben, die Datenerstellung, E-Mail-Benachrichtigungen, Eskalationen und Security-Funktionen.\n\t\t\t\t<\/li>\n<li>\n                \t<strong>Prozessberichterstattung<\/strong><br \/>\n\t\t\tGenerieren Sie Berichte \u00fcber die Performance und Effektivit\u00e4t von Gesch\u00e4ftsprozessen mit individuell anpassbaren Kennzahlen, die den Zeitraum zwischen wichtigen Meilensteinen messen.\n\t\t\t\t<\/li>\n<li>\n                \t<strong>Vault Connections<\/strong><br \/>\n\t\t\t\t\tAutomatisieren Sie funktions\u00fcbergreifende Workflows und die Datensynchronisation. Standardisierte Konnektoren optimieren Gesch\u00e4ftsprozesse und erh\u00f6hen die Datenqualit\u00e4t.<\/p>\n<p>\t\t\t\t\t<a href=\"\/eu\/products\/vault-platform\/veeva-connections\/\" target=\"_blank\" rel=\"noopener\">Mehr erfahren<\/a>\n\t\t\t\t<\/li>\n<\/ul><\/div>\n<div class=\"listed-up-card listed-up-card-subpoints\">\n<div class=\"floating-icon icon-wrapper\">\n                <span class=\"icon\" data-icon=\"page-setting\"><\/span>\n            <\/div>\n<h5>Intuitives Nutzererlebnis<\/h5>\n<ul class=\"card-subtext\">\n<li>\n                \t<strong>Rollen- und aufgabenbasierte Benutzeroberfl\u00e4che<\/strong><br \/>\n\t\t\tVereinfachen Sie das Nutzererlebnis mit einer handlungsorientierten Benutzeroberfl\u00e4che. Sie legen fest, welche Informationen f\u00fcr ein Benutzerprofil wann angezeigt werden sollen.\n\t\t\t\t<\/li>\n<li>\n                \t<strong>Mobile Vault Access<\/strong><br \/>\n\t\t\tGreifen Sie auf Content zu, erledigen Sie Dokumentenaufgaben und lassen Sie sich Dashboards auf iOS- oder Android-Ger\u00e4ten anzeigen. Erhalten Sie Push-Benachrichtigungen, erstellen Sie unklassifizierte Dokumente durch das Teilen von Dateien auf Ihrem Endger\u00e4t oder nutzen Sie OCR zur automatischen Texterkennung und Indexierung.\n\t\t\t\t<\/li>\n<li>\n                \t<strong>Integration von Microsoft Office<sup>TM<\/sup><\/strong><br \/>\n\t\t\tDokumentieren und nutzen Sie umfangreiche Co-Authoring-Funktionen und profitieren Sie von Features wie Renditioning, Lesezeichen, Seriendruckfeldern und formatierten Ausgabeoptionen.<br \/>\n\t\t\t<a href=\"\/eu\/resources\/collaborative-authoring-demo\/\" target=\"_blank\" rel=\"noopener\">Demo ansehen<\/a>\n\t\t\t\t<\/li>\n<\/ul><\/div>\n<div class=\"listed-up-card listed-up-card-subpoints\">\n<div class=\"floating-icon icon-wrapper\">\n                <span class=\"icon\" data-icon=\"file-report\"><\/span>\n            <\/div>\n<h5>Flexible Berichterstattung<\/h5>\n<ul class=\"card-subtext\">\n<li>\n                \t<strong>Dashboards und Berichte<\/strong><br \/>\n\t\t\tErhalten Sie schnelle Einblicke mit integrierten Berichten und Dashboards. Teilen Sie einfach vorgefertigte oder anpassbare Berichte, Diagramme und Dashboards oder exportieren Sie die Daten zur weiteren Analyse.<\/p>\n<\/li>\n<li>\n                \t<strong>Microsoft Excel<sup>TM<\/sup> Berichtsvorlagen<\/strong><br \/>\n\t\t\tErstellen Sie Microsoft Excel<sup>TM<\/sup> Berichtsvorlagen mit Pivot-Tabellen, Makros, Formeln, Diagrammen, bedingter Formatierung und vielem mehr f\u00fcr den Export von Vault Berichtsdaten.\n\t\t\t\t<\/li>\n<\/ul><\/div>\n<div class=\"listed-up-card listed-up-card-subpoints\">\n<div class=\"floating-icon icon-wrapper\">\n                <span class=\"icon\" data-icon=\"vertical-slider-square\"><\/span>\n            <\/div>\n<h5>Vereinfachte Konfiguration und Verwaltung<\/h5>\n<ul class=\"card-subtext\">\n<li>\n                \t<strong>Visuelle Konfiguration<\/strong><br \/>\n\t\t\tImplementieren Sie neue L\u00f6sungen schnell und ohne Programmieraufwand. Die intuitive Benutzeroberfl\u00e4che, die Gesch\u00e4ftslogik und das Datenmodell werden mit einfachen browserbasierten Point-and-Click-Tools konfiguriert.\n\t\t\t\t<\/li>\n<li>\n                \t<strong>Sandbox-Vaults und Snapshots<\/strong><br \/>\n\t\t\tErstellen Sie im Handumdrehen Entwicklungs- und Testumgebungen, indem Sie einen Vault mit Konfiguration oder mit zus\u00e4tzlichen Daten klonen, einen Vault aktualisieren oder neue basierend auf einem bestimmten Zeitpunkt erstellen.<\/p>\n<\/li>\n<\/ul><\/div>\n<div class=\"listed-up-card listed-up-card-subpoints\">\n<div class=\"floating-icon icon-wrapper\">\n                <span class=\"icon\" data-icon=\"padlock-shield\"><\/span>\n            <\/div>\n<h5>Sicherheit f\u00fcr interne und externe Benutzer<\/h5>\n<ul class=\"card-subtext\">\n<li>\n                \t<strong>Granulare Sicherheit<\/strong><br \/>\n\t\t\tPr\u00e4zise Kontrolle \u00fcber bestimmte Benutzeraktionen f\u00fcr Dokumente und Objekte basierend auf dem Lebenszyklusstatus und der Benutzerrolle.\n\t\t\t\t<\/li>\n<li>\n                \t<strong>Dynamische Zugriffssteuerung<\/strong><br \/>\n\t\t\tAutomatisierte Rollenzuweisung f\u00fcr Benutzer auf Grundlage vordefinierter Freigaberegeln.\n\t\t\t\t<\/li>\n<\/ul><\/div>\n<div class=\"listed-up-card listed-up-card-subpoints\">\n<div class=\"floating-icon icon-wrapper\">\n                <span class=\"icon\" data-icon=\"merge-vertical-large\"><\/span>\n            <\/div>\n<h5>Integration<\/h5>\n<ul class=\"card-subtext\">\n<li>\n                \t<strong>Open API<\/strong><br \/>\n\t\t\tIntegration mit anderen Systemen, Datenmigration oder Automatisierung der Verarbeitung mithilfe der umfassenden REST APIs.<\/p>\n<\/li>\n<li>\n                \t<strong>Direct Data API<\/strong><br \/>\n\t\t\tNutzen Sie erweiterte Analysen, GenAI und Data Warehouses oder Data Lakes mit einer neuen Klasse von APIs. Entwickelt f\u00fcr gro\u00dfe Datens\u00e4tze \u2013 mit einem 100-mal schnelleren Datenzugriff im Vergleich zu herk\u00f6mmlichen APIs.<\/p>\n<p><a href=\"https:\/\/www.veeva.com\/eu\/products\/direct-data-api\/\" target=\"_blank\" rel=\"noopener\">Mehr lesen<\/a><\/p>\n<\/li>\n<li>\n                \t<strong>Zertifizierte Partnerintegrationen<\/strong><br \/>\n\t\t\tDas Partner-\u00d6kosystem schafft Mehrwert f\u00fcr Veeva Kunden durch zertifizierte Integrationen mit der Vault Plattform.<\/p>\n<\/li>\n<\/ul><\/div>\n<\/p><\/div>\n<\/section>\n<p><!-- Quote - Tabs, Light, Logo Tablist --><\/p>\n<section class=\"quote-tabs quote-tabs--light\" style=\"margin-top: -150px;\">\n<div class=\"container\">\n    <!-- content --><\/p>\n<div class=\"quote-tabs__content\">\n<div class=\"container\">\n            <!-- Carousel --><br \/>\n            <!-- NOTE: update carousel timing by passing in data-slide-interval=\"[time]\", where time is in milliseconds, if no data-slide-interval is set, it'll use 8500 by default --><\/p>\n<div class=\"carousel slide carousel-fade\" data-slide-interval=\"8500\">\n                <!-- carousel indicators, indicators will be generated based on number of 'carousel-item'  --><\/p>\n<div class=\"carousel-indicators\"><\/div>\n<p>                <!-- carousel slides, no need to add active class as it'll be added automatically --><\/p>\n<div class=\"carousel-inner\">\n                    <!-- slide 1 --><\/p>\n<div class=\"carousel-item\">\n<div class=\"quote-card quote-card-full quote-card-full quote-card-full--medium-text\" style=\"color:white;background: radial-gradient(155.15% 99.46% at 56.51% 50.08%,#030d1f 0,#1b2f54 100%);\">\n<div class=\"quote-card__quote-wrapper\" style=\"color:white\">\n<p>\u201eWir haben die Silos in der Fertigung und Qualit\u00e4t aufgebrochen und freuen uns nun darauf, an die klinischen und regulatorischen Bereiche anzukn\u00fcpfen, insbesondere hinsichtlich der \u00c4nderungskontrolle.\u201c<\/p>\n<p>                            \t<a style=\"margin-top:20px\" class=\"button-outline button-outline--white\" href=\"\/eu\/blog\/csl-behring-breaks-down-business-silos-with-veeva-development-cloud\/\" target=\"_blank\" rel=\"noopener\">Jetzt mehr erfahren<\/a>\n                            <\/div>\n<div class=\"quote-card__person-info\">\n<div class=\"client-logo\">\n                                    <img decoding=\"async\" src=\"https:\/\/www.veeva.com\/wp-content\/themes\/veeva2015\/assets\/veeva-2024\/logos\/color\/csl-behring.png\"  \/>\n                                <\/div>\n<div class=\"quote-card__person-info__person\">\n<div class=\"avatar-thumbnail\">\n                                \t\t<img decoding=\"async\" src=\"https:\/\/www.veeva.com\/wp-content\/uploads\/2024\/11\/vas-mavrogenis-80x80-1.png\" alt=\"\">\n                                \t<\/div>\n<div class=\"quote-card__person-info-text\">\n<h5>Vas Mavrogenis<\/h5>\n<h6>Global Head of Quality, CSL<\/h6>\n<\/p><\/div>\n<\/p><\/div>\n<\/p><\/div>\n<\/p><\/div>\n<\/p><\/div>\n<\/p><\/div>\n<\/p><\/div>\n<\/p><\/div>\n<\/section>\n<section class=\"resource-block-cards resource-block-cards--light\" id=\"resource-block-0\">\n<div class=\"container\">\n<div class=\"copy-container copy-container--center copy-container--eyebrow-gradient\" style=\"max-width: unset;\">\n<h6>Ressourcen<\/h6>\n<h3>Mehr entdecken<\/h3>\n<\/p><\/div>\n<div class=\"resource-block__cards resource-block__cards--gridded\">\n<p>\t\t  \t<a id=\"\" class=\"resource-card resource-card--light\" href=\"\/eu\/resources\/veeva-ai-overview-2025-rd-and-quality-summit-keynote\/\" target=\"_blank\" rel=\"noopener\"><\/p>\n<div class=\"resource-card__text\">\n<h6>Video ansehen<\/h6>\n<h5>Veeva AI \u00dcbersicht<br \/> 2025 Summit Keynote<\/h5>\n<\/div>\n<div class=\"resource-card__media\"><img decoding=\"async\" src=\"https:\/\/www.veeva.com\/wp-content\/uploads\/2025\/09\/resource-tile-peter-ai-RD-340x240@2x.png\" alt=\"\"><\/div>\n<p><\/a><\/p>\n<p>\t\t\t<a id=\"\" class=\"resource-card resource-card--light\" href=\"\/eu\/resources\/veeva-ai-agents-to-be-released-across-all-veeva-applications\/\" target=\"_blank\" rel=\"noopener\"><\/p>\n<div class=\"resource-card__text\">\n<h6>Mehr erfahren<\/h6>\n<h5>Veeva AI f\u00fcr die Vault Plattform und Veeva Anwendungen<\/h5>\n<\/div>\n<div class=\"resource-card__media\"><img decoding=\"async\" src=\"https:\/\/www.veeva.com\/wp-content\/uploads\/2025\/04\/Veeva-AI_340x240.png\" alt=\"\"><\/div>\n<p><\/a><\/p>\n<p>\t\t\t<a id=\"\" class=\"resource-card resource-card--light\" href=\"\/eu\/resources\/direct-data-api-overview\/\" target=\"_blank\" rel=\"noopener\"><\/p>\n<div class=\"resource-card__text\">\n<h6>Demovideo ansehen<\/h6>\n<h5>\u00dcberblick \u00fcber Direct Data API<\/h5>\n<\/div>\n<div class=\"resource-card__media\"><img decoding=\"async\" src=\"https:\/\/www.veeva.com\/wp-content\/uploads\/2024\/11\/resource-tile-veeva-publishing-elearning-demo-340x240@2x.png\" alt=\"\"><\/div>\n<p><\/a><\/p>\n<p>\t\t\t<a id=\"\" class=\"resource-card resource-card--light\" href=\"\/eu\/cda\/\" target=\"_blank\" rel=\"noopener\"><\/p>\n<div class=\"resource-card__text\">\n<h6>Mehr erfahren<\/h6>\n<h5>Datenstandard der Branche<\/h5>\n<\/div>\n<div class=\"resource-card__media\"><img decoding=\"async\" src=\"https:\/\/www.veeva.com\/wp-content\/uploads\/2024\/11\/veeva-releases-cda-resource-tile@2x.png\" alt=\"\"><\/div>\n<p><\/a><\/p><\/div>\n<\/p><\/div>\n<\/section>\n<section id=\"pre-footer\" class=\"hero-contained hero-contained--gradient hero-contained--footer-fix\" style=\"margin-bottom:0px;padding-bottom:0px\">\n<div class=\"container copy-container copy-container--center\">\n<h2>Sie m\u00f6chten mehr dar\u00fcber erfahren, wie Veeva Sie unterst\u00fctzen kann?<\/h2>\n<div class=\"copy-container__buttons\">\n\t\t    <a class=\"button-primary button-primary--gradient\" href=\"#\" id=\"cta-de-header-contact\" data-toggle=\"modal\" data-target=\"#myModal1\" > Jetzt Kontakt Aufnehmen<\/a><\/p><\/div>\n<\/section><\/div>\n<p><\/main><\/p>\n","protected":false},"excerpt":{"rendered":"<p>Vereinheitlichen Sie Daten, Content und KI-Agenten gemeinsam auf einer bew\u00e4hrten Unternehmens-Cloud-Plattform f\u00fcr anspruchsvolle Anwendungen in Forschung und Entwicklung sowie im kommerziellen Bereich.<\/p>\n","protected":false},"author":395,"featured_media":72651,"parent":88093,"menu_order":0,"comment_status":"closed","ping_status":"closed","template":"templates\/veeva-2024.full-page.php","meta":{"footnotes":""},"coauthors":[],"class_list":["post-90021","page","type-page","status-publish","has-post-thumbnail","hentry","page-canonical-unique"],"aioseo_notices":[],"_links":{"self":[{"href":"https:\/\/www.veeva.com\/eu\/wp-json\/wp\/v2\/pages\/90021"}],"collection":[{"href":"https:\/\/www.veeva.com\/eu\/wp-json\/wp\/v2\/pages"}],"about":[{"href":"https:\/\/www.veeva.com\/eu\/wp-json\/wp\/v2\/types\/page"}],"author":[{"embeddable":true,"href":"https:\/\/www.veeva.com\/eu\/wp-json\/wp\/v2\/users\/395"}],"replies":[{"embeddable":true,"href":"https:\/\/www.veeva.com\/eu\/wp-json\/wp\/v2\/comments?post=90021"}],"version-history":[{"count":55,"href":"https:\/\/www.veeva.com\/eu\/wp-json\/wp\/v2\/pages\/90021\/revisions"}],"predecessor-version":[{"id":93722,"href":"https:\/\/www.veeva.com\/eu\/wp-json\/wp\/v2\/pages\/90021\/revisions\/93722"}],"up":[{"embeddable":true,"href":"https:\/\/www.veeva.com\/eu\/wp-json\/wp\/v2\/pages\/88093"}],"wp:featuredmedia":[{"embeddable":true,"href":"https:\/\/www.veeva.com\/eu\/wp-json\/wp\/v2\/media\/72651"}],"wp:attachment":[{"href":"https:\/\/www.veeva.com\/eu\/wp-json\/wp\/v2\/media?parent=90021"}],"wp:term":[{"taxonomy":"author","embeddable":true,"href":"https:\/\/www.veeva.com\/eu\/wp-json\/wp\/v2\/coauthors?post=90021"}],"curies":[{"name":"wp","href":"https:\/\/api.w.org\/{rel}","templated":true}]}}