{"id":90306,"date":"2025-11-17T22:30:07","date_gmt":"2025-11-17T21:30:07","guid":{"rendered":"https:\/\/www.veeva.com\/eu\/?page_id=90306"},"modified":"2025-12-18T20:31:06","modified_gmt":"2025-12-18T19:31:06","slug":"quality-cloud","status":"publish","type":"page","link":"https:\/\/www.veeva.com\/eu\/fr\/produits\/quality-cloud\/","title":{"rendered":"Veeva Quality Cloud"},"content":{"rendered":"<style>\n.veeva-2024 .quote-tabs .button-icon, .veeva-2024 .quote-tabs .button-outline, .veeva-2024 .quote-tabs .button-primary, .veeva-2024 .quote-tabs .button-secondary, .veeva-2024 .quote-tabs .button-tertiary, .veeva-2024 .quote-tabs .button-text-link {\ntext-transform: unset;\n}\n@media (min-width:768px) {\n.veeva-2024 .hero-centered {\npadding: 120px 0;\n}\n}<\/p>\n<p>.veeva-2024  #hero.hero-centered--image {\n--mobile-image: url(\/wp-content\/themes\/veeva2015\/assets\/veeva-2024\/background\/suite-hero-mobile.jpg);\n--desktop-image: url(\/wp-content\/themes\/veeva2015\/assets\/veeva-2024\/background\/suite-hero-desktop.jpg);\n}<\/p>\n<p>@media (min-width:768px) {\n.veeva-2024 .card-link-farm {\n\t\tborder-radius: 40px;\n\t\tpadding: 60px 0px 80px 0px;\n\t}\n}<\/p>\n<p>.veeva-2024 .z-pattern-subpoints__point {\n\tborder-left:2px solid #F5670E;\n\tpadding-left:16px;\n}<\/p>\n<p>@media (min-width: 768px) {\n    .veeva-2024 .marquee-subpoints__wrapper {\n        flex-direction: column;\n        gap: 25px;\n        align-items: center;\n        width: 1100px;\n        padding-bottom: 0px;\n        margin-bottom: 0px;\n    }\n}<\/p>\n<p>.veeva-2024 .sub-video-nav-wrapper__bottom .sub-video-nav__content p {\n\tdisplay: none!important;\n}<\/p>\n<p>.veeva-2024 .sub-video-nav-wrapper__bottom .sub-video-nav__content:after {\n\tdisplay: none!important;\n}<\/p>\n<p>.veeva-2024 .sub-video-nav__content .icon {\n\twidth: 15px;\n\theight: 14px;\n}<\/p>\n<p>.veeva-2024 .sub-video-nav-wrapper__bottom a {\n\tmargin: 2.4rem auto;\n\twidth: fit-content;\n\tmargin-top: 17px!important;\n\twidth:100%;\n}<\/p>\n<p>.veeva-2024 .sub-video-nav-wrapper__bottom p {\n\tcolor: #f7981d;\n\tfont-weight: 500;\n}<\/p>\n<p>.veeva-2024 .sub-video-nav-wrapper--video-icon .sub-video-nav-wrapper__bottom .sub-video-nav__thumbnail::before {\n\tdisplay:none\n}<\/p>\n<p>@media (min-width:992px) {\n\t.veeva-2024 .statistic-3-up-wrapper {\n\t\tgap: 24px;\n\t\tgrid-template-columns: repeat(2,1fr);\n\t\tmax-width: 900px;\n}\n}<\/p>\n<p>@media (min-width: 992px) {\n    .veeva-2024 .statistic-contained .copy-container, .veeva-2024 .statistic-inline .copy-container {\n        margin-bottom: 0px;\n    }\n}<\/p>\n<p>.veeva-2024 .card-subtext a {\n\tfont-weight:600;\n}<\/p>\n<p>.veeva-2024 .card-subtext li:hover {\n\tcolor: #f7981d;\n}<\/p>\n<p>.veeva-2024 .card-subtext .icon {\n\twidth: 16px;\n\theight: 16px;\n\tfloat:right;\n}<\/p>\n<p>.veeva-2024 .card-subtext .icon.new-window {\n\twidth: 13px;\n\theight: 13px;\n\tfloat:right;\n}<\/p>\n<p>.veeva-2024 .listed-up--4-up .listed-up__cards .listed-up-card{\n\tpadding: 0px 20px;\n}<\/p>\n<p>@media (min-width:1200px) {\n\t.veeva-2024 .video-player-module--multiple .video-player-module__video {\n\t\twidth: calc(100% - 530px);\n\t}\n}<\/p>\n<p>@media (min-width:1200px) {\n\t.veeva-2024 .video-player-module--multiple .sub-video-nav-wrapper {\n\t\tflex-grow: 1;\n\t\tmax-width: 530px;\n\t}\n}<\/p>\n<p>.veeva-2024 .quote-tabs  {\nmargin-top:-100px;z-index:10;background:none;\n}<\/p>\n<p>@media (min-width:991px) {\n\t.veeva-2024 .quote-tabs  {\nmargin-top:-120px;\n}\n}<\/p>\n<p>@media (max-width:768px) {\n.veeva-2024 #simple-product .logo-wall-listed {\n    border-radius: 0 0 40px 40px;\n    margin-top: -40px;\n    overflow: hidden;\n    padding-top: 50px;\n}\n}<\/p>\n<p>@media (min-width:991px) {\n.veeva-2024 #simple-product .logo-wall-listed:not(.no-quotes) {\npadding-bottom: 200px;\npadding-top: 100px;\n}\n}<\/p>\n<p>@media (max-width:991px) {\n.veeva-2024 #simple-product .logo-wall-listed:not(.no-quotes) {\npadding-bottom: 200px;\npadding-top: 50px;\n}\n}<\/p>\n<p>@media (max-width:560px) {\n.veeva-2024 #simple-product .logo-wall-listed:not(.no-quotes) {\npadding-bottom: 200px;\npadding-top: 50px;\n}\n}<\/p>\n<p>@media (max-width:768px) {\n.veeva-2024 #simple-product .logo-wall-listed:not(.no-quotes) {\npadding-bottom: 200px;\npadding-top: 50px;\n}\n}<\/p>\n<p>.form-shadow {\nbackground-color: #fff!important;\nborder: 1px solid #eee!important;\nbox-shadow: 1px 1px 11px #888!important;\npadding: 20px!important;\nborder-radius:16px!important;\n}<\/p>\n<p>.veeva-2024 .modal-btn-close {\nfloat: right;\nmargin-bottom: 10px;\n}<\/p>\n<\/style>\n<p><main class=\"veeva-2024\"><\/p>\n<div id=\"\">\n<section id=\"hero\" class=\"hero-centered hero-centered--image\" style=\"background:#fff;\">\n<div class=\"container copy-container copy-container--center\">\n<h6>Veeva Quality Cloud<\/h6>\n<h1>Moderniser la qualit\u00e9 en unifiant l\u2019AQ, le QC et la formation<\/h1>\n<p>\u00c9liminer les silos, augmenter l\u2019efficacit\u00e9 op\u00e9rationnelle et am\u00e9liorer la collaboration.<\/p>\n<\/p><\/div>\n<\/section>\n<section class=\"marquee-subpoints marquee-subpoints--light marquee-subpoints--3-up\">\n<div class=\"copy-container container copy-container--center copy-container--eyebrow-gradient\">\n<h2>Optimiser la qualit\u00e9. Simplifier les processus.<\/h2>\n<p style=\"max-width: 1000px;\">Veeva Quality Cloud permet d&#8217;acc\u00e9l\u00e9rer la fabrication de produits de haute qualit\u00e9 pour un plus grand nombre de patients. La plateforme cloud harmonise les applications, les processus et les partenaires dans la gestion du contenu, la formation, le syst\u00e8me de gestion de la qualit\u00e9 (QMS) et les solutions de contr\u00f4le qualit\u00e9 (LIMS).<\/p>\n<\/p><\/div>\n<div class=\"marquee-subpoints__wrapper container\">\n<ul class=\"marquee-subpoints__list\">\n<li>\n<h6>Unifier la qualit\u00e9<br \/>\n                                                                  <\/h6>\n<p>\n                                                                  Moderniser et am\u00e9liorer l&#8217;efficacit\u00e9 du domaine Qualit\u00e9\n                                                                  <\/p>\n<\/li>\n<li>\n<h6>Connecter les partenaires <br \/>externes<\/h6>\n<p>\n                                                                  Impliquer les partenaires externes dans des processus standardis\u00e9s\n                                                                  <\/p>\n<\/li>\n<li>\n<h6>Permettre la qualit\u00e9 <br \/>proactive<\/h6>\n<p>\n                                                                  Construire la Fondation pour l\u2019analyse avanc\u00e9e et l\u2019IA\n                                                                  <\/p>\n<\/li>\n<\/ul>\n<div class=\"marquee-subpoints__media\">\n                  <img decoding=\"async\" src=\"https:\/\/www.veeva.com\/eu\/wp-content\/uploads\/2025\/12\/Quality-Process-Graphic_French.png\" alt=\"\">\n                <\/div>\n<\/p><\/div>\n<\/section>\n<p><!-- Listed up - Subpoints, Light --><\/p>\n<section class=\"listed-up listed-up--4-up listed-up-subpoints listed-up--light section-rounded-top\" style=\"padding-top:100px;margin-bottom:90px;margin-top:50px;background: linear-gradient(0deg,#fff 5.2%,#eef1f5 92.04%);\">\n<div class=\"copy-container container copy-container--center copy-container--eyebrow-gradient\" style=\"margin-bottom:60px\">\n<h6>Produits<\/h6>\n<h3>Num\u00e9riser la qualit\u00e9 avec les meilleures <br \/>pratiques de l\u2019industrie<\/h3>\n<\/p><\/div>\n<div class=\"listed-up__cards container\">\n<div class=\"listed-up-card listed-up-card-subpoints\">\n<h5>Processus<\/h5>\n<ul class=\"card-subtext\">\n<li><span class=\"icon new-window\" data-icon=\"expand-window-2\"><\/span><a href=\"\/eu\/products\/veeva-qms\/\" target=\"_blank\" rel=\"noopener\">Veeva QMS<\/a> <\/li>\n<li><span class=\"icon new-window\" data-icon=\"expand-window-2\"><\/span><a href=\"\/eu\/products\/veeva-validation-management\/\" target=\"_blank\" rel=\"noopener\">Veeva Validation Management<\/a> <\/li>\n<li><span class=\"icon new-window\" data-icon=\"expand-window-2\"><\/span><a href=\"https:\/\/www.veeva.com\/eu\/products\/vault-batch-release\/\" target=\"_blank\" rel=\"noopener\">Veeva Batch Release<\/a> <\/li>\n<li><span class=\"icon new-window\" data-icon=\"expand-window-2\"><\/span><a href=\"https:\/\/www.veeva.com\/medtech\/products\/quality\/product-surveillance\/\" target=\"_blank\" rel=\"noopener\">Veeva Product Surveillance<\/a> <\/li>\n<\/ul><\/div>\n<div class=\"listed-up-card listed-up-card-subpoints\">\n<h5>Contenu<\/h5>\n<ul class=\"card-subtext\">\n<li><span class=\"icon new-window\" data-icon=\"expand-window-2\"><\/span><a href=\"\/eu\/products\/veeva-qualitydocs\/\" target=\"_blank\" rel=\"noopener\">Veeva QualityDocs<\/a> <\/li>\n<li><span class=\"icon new-window\" data-icon=\"expand-window-2\"><\/span><a href=\"https:\/\/www.veeva.com\/eu\/products\/vault-station-manager\/\" target=\"_blank\" rel=\"noopener\">Veeva Station Manager<\/a> <\/li>\n<\/ul><\/div>\n<div class=\"listed-up-card listed-up-card-subpoints\">\n<h5>Formation<\/h5>\n<ul class=\"card-subtext\">\n<li><span class=\"icon new-window\" data-icon=\"expand-window-2\"><\/span><a href=\"\/eu\/products\/veeva-training\/\" target=\"_blank\" rel=\"noopener\">Veeva Training<\/a> <\/li>\n<li><span class=\"icon new-window\" data-icon=\"expand-window-2\"><\/span><\/span><a href=\"https:\/\/www.learngxp.com\/\" target=\"_blank\" rel=\"noopener\">Veeva LearnGxP<\/a> <\/li>\n<\/ul><\/div>\n<div class=\"listed-up-card listed-up-card-subpoints\">\n<h5>Laboratoire<\/h5>\n<ul class=\"card-subtext\">\n<li><span class=\"icon new-window\" data-icon=\"expand-window-2\">><\/span><a href=\"\/eu\/products\/veeva-lims\/\" target=\"_blank\" rel=\"noopener\">Veeva LIMS<\/a> <\/li>\n<\/ul><\/div>\n<\/p><\/div>\n<\/section>\n<div id=\"simple-product\" style=\"padding-top:0\">\n<div class=\"blended-bg\">\n<section class=\"statistic-inline statistic-inline--dark\">\n<div class=\"container\">\n<div class=\"copy-container copy-container--center copy-container--eyebrow-gradient\">\n<h6> Nos clients <\/h6>\n<h3> Une communaut\u00e9 puissante<br \/>\n                    <br \/>Moteur du changement <\/h3>\n<\/p><\/div>\n<\/p><\/div>\n<\/section>\n<section class=\"logo-wall-listed logo-wall-listed--dark logo-wall-listed--floating-logos\" style=\"background:none\">\n<div class=\"logo-wall-listed__logos container\">\n                                <img decoding=\"async\" src=\"https:\/\/www.veeva.com\/wp-content\/uploads\/2025\/06\/Product-Page-Customer-Logo-Bayer-White-TransparentBG@2x.png\" alt=\"bayer\"><br \/>\n\t\t\t\t<img decoding=\"async\" src=\"https:\/\/www.veeva.com\/wp-content\/uploads\/2024\/04\/dicerna.png\" alt=\"dicerna\"><br \/>\n\t\t\t\t<img decoding=\"async\" src=\"\/eu\/wp-content\/uploads\/2025\/10\/Product-Page-Customer-Logo-Gilead-White-TransparentBG@2x.png\" alt=\"Gilead\"><br \/>\n\t\t\t\t<img decoding=\"async\" src=\"https:\/\/www.veeva.com\/wp-content\/uploads\/2025\/06\/Product-Page-Customer-Logo-GSK-White-TransparentBG@2x.png\" alt=\"GSK\"><br \/>\n\t\t\t\t<img decoding=\"async\" src=\"https:\/\/www.veeva.com\/wp-content\/uploads\/2024\/07\/Product-Page-Customer-Logo-Hikma-White-TransparentBG@2x.png\" alt=\"hikma\"><br \/>\n\t\t\t\t<img decoding=\"async\" src=\"https:\/\/www.veeva.com\/wp-content\/uploads\/2025\/12\/Product-Page-Customer-Logo-medac-white.png\" alt=\"medac\"><br \/>\n\t\t\t\t<img decoding=\"async\" src=\"https:\/\/www.veeva.com\/wp-content\/uploads\/2025\/06\/Product-Page-Customer-Logo-Moderna-White-TransparentBG@2x.png\" alt=\"Moderna\"><br \/>\n\t\t\t\t<img decoding=\"async\" src=\"https:\/\/www.veeva.com\/wp-content\/uploads\/2025\/06\/Product-Page-Customer-Logo-Pfizer-White-TransparentBG@2x.png\" alt=\"pfizer\"><br \/>\n\t\t\t\t<img decoding=\"async\" src=\"https:\/\/www.veeva.com\/wp-content\/uploads\/2024\/07\/Product-Page-Customer-Logo-Recipharm-White-TransparentBG@2x.png\" alt=\"recipharm\"><br \/>\n\t\t\t\t<img decoding=\"async\" src=\"https:\/\/www.veeva.com\/wp-content\/uploads\/2024\/04\/samsung.png\" alt=\"samsung-biologics\"><br \/>\n\t\t\t\t<img decoding=\"async\" src=\"https:\/\/www.veeva.com\/wp-content\/uploads\/2025\/06\/Product-Page-Customer-Logo-UCB-White-TransparentBG@2x-1.png\" alt=\"UCB\"><br \/>\n\t\t\t\t<img decoding=\"async\" src=\"https:\/\/www.veeva.com\/wp-content\/uploads\/2024\/07\/Product-Page-Customer-Logo-Vetter-White-TransparentBG@2x.png\" alt=\"vetter\">\t\t\t<\/div>\n<\/section><\/div>\n<\/div>\n<p><!-- Quote - Tabs, Light, Logo Tablist --><\/p>\n<section class=\"quote-tabs quote-tabs--light\">\n<p>    <!-- content --><\/p>\n<div class=\"quote-tabs__content\">\n<div class=\"container\">\n            <!-- Carousel --><br \/>\n            <!-- NOTE: update carousel timing by passing in data-slide-interval=\"[time]\", where time is in milliseconds, if no data-slide-interval is set, it'll use 8500 by default --><\/p>\n<div class=\"carousel slide carousel-fade\" data-slide-interval=\"8500\">\n                <!-- carousel indicators, indicators will be generated based on number of 'carousel-item'  --><\/p>\n<div class=\"carousel-indicators\"><\/div>\n<p>                <!-- carousel slides, no need to add active class as it'll be added automatically --><\/p>\n<div class=\"carousel-inner\">\n<p>                    <!-- slide 1 --><\/p>\n<div class=\"carousel-item\">\n<div class=\"quote-card quote-card-full quote-card-full quote-card-full--medium-text\">\n<div class=\"quote-card__quote-wrapper\">\n<p>\u00ab Nous menons une profonde transformation de notre portefeuille historique vers des produits biologiques innovants. \u00bb<\/p>\n<p>                            <a class=\"button-outline button-outline--black\" href=\"https:\/\/www.veeva.com\/eu\/fr\/ressources\/sanofi-accelere-la-modernisation-avec-veeva-quality-cloud\/\" target=\"_self\" rel=\"noopener\">En savoir plus<\/a>\n                            <\/div>\n<div class=\"quote-card__person-info\">\n<div class=\"client-logo\">\n                                    <img decoding=\"async\" src=\"https:\/\/www.veeva.com\/eu\/wp-content\/uploads\/2022\/02\/customer-story-logo-sanofi.png\" alt=\"sanofi\" \/>\n                                <\/div>\n<h5>Maite Durrenbach<\/h5>\n<h6>Chief Quality Officer, Sanofi<\/h6>\n<\/p><\/div>\n<\/p><\/div>\n<\/p><\/div>\n<\/p><\/div>\n<\/p><\/div>\n<\/p><\/div>\n<\/p><\/div>\n<\/section>\n<div id=\"cmdo-contact\" class=\"modal fade\" tabindex=\"-1\" aria-modal=\"true\" role=\"dialog\">\n<div class=\"modal-dialog modal-lg modal-dialog-scrollable\">\n        <button type=\"button\" class=\"modal-btn-close\" data-bs-dismiss=\"modal\" aria-label=\"Close\"><br \/>\n          <span class=\"icon ready\" data-icon=\"close\" style=\"--icon: url('\/wp-content\/themes\/veeva2015\/assets\/svg\/icons\/close.svg');\"><\/span><br \/>\n        <\/button><\/p>\n<div class=\"modal-content modal-content--white form-shadow\">\n<div class=\"modal-body\">\n             <form id=\"mktoForm_743\"><\/form><div id=\"mktoForm_743_thankyou\" style=\"text-align:center;display:none;\"><h3>Thank you for your inquiry.<\/h3><p style=\"padding:0\">We will review your request shortly.<\/p><\/div><div id=\"mktoForm_743_fallback\" style=\"display:none;\"><p class=\"veeva-form-error\">This form is temporarily unavailable and we are working to correct the issue. Please email us directly at <a href=\"mailto:contact@veeva.com\" target=\"_blank\" rel=\"noopener noreferrer\">contact@veeva.com<\/a>. We apologize for the inconvenience.<\/p><\/div>\n          <\/div>\n<\/p><\/div>\n<\/p><\/div>\n<\/p><\/div>\n<p><!-- Pre-Footer CTA --><\/p>\n<section class=\"hero-contained hero-contained--gradient hero-contained--footer-fix\">\n<div class=\"copy-container container copy-container--center\">\n<h3> Vous souhaitez en savoir plus sur la fa\u00e7on <br \/>dont Veeva peut vous aider? <\/h3>\n<div class=\"copy-container__buttons\">\n\t  <a class=\"button-primary button-primary--gradient\" href=\"#\" data-toggle=\"modal\" data-target=\"#myModal1\" style=\"outline : none;\"> Contactez-nous <\/a>\n\t<\/div>\n<\/p><\/div>\n<\/section><\/div>\n<p><\/main><\/p>\n","protected":false},"excerpt":{"rendered":"<p>Veeva Quality Cloud permet d&#8217;acc\u00e9l\u00e9rer la fabrication de produits de haute qualit\u00e9 pour un plus grand nombre de patients. La plateforme cloud harmonise les applications, les processus et les partenaires dans la gestion du contenu, la formation, le syst\u00e8me de gestion de la qualit\u00e9 (QMS) et les solutions de contr\u00f4le qualit\u00e9 (LIMS).<\/p>\n","protected":false},"author":395,"featured_media":72613,"parent":88091,"menu_order":0,"comment_status":"closed","ping_status":"closed","template":"templates\/veeva-2024.full-page.php","meta":{"footnotes":""},"coauthors":[],"class_list":["post-90306","page","type-page","status-publish","has-post-thumbnail","hentry","region-fr"],"aioseo_notices":[],"_links":{"self":[{"href":"https:\/\/www.veeva.com\/eu\/wp-json\/wp\/v2\/pages\/90306"}],"collection":[{"href":"https:\/\/www.veeva.com\/eu\/wp-json\/wp\/v2\/pages"}],"about":[{"href":"https:\/\/www.veeva.com\/eu\/wp-json\/wp\/v2\/types\/page"}],"author":[{"embeddable":true,"href":"https:\/\/www.veeva.com\/eu\/wp-json\/wp\/v2\/users\/395"}],"replies":[{"embeddable":true,"href":"https:\/\/www.veeva.com\/eu\/wp-json\/wp\/v2\/comments?post=90306"}],"version-history":[{"count":40,"href":"https:\/\/www.veeva.com\/eu\/wp-json\/wp\/v2\/pages\/90306\/revisions"}],"predecessor-version":[{"id":92038,"href":"https:\/\/www.veeva.com\/eu\/wp-json\/wp\/v2\/pages\/90306\/revisions\/92038"}],"up":[{"embeddable":true,"href":"https:\/\/www.veeva.com\/eu\/wp-json\/wp\/v2\/pages\/88091"}],"wp:featuredmedia":[{"embeddable":true,"href":"https:\/\/www.veeva.com\/eu\/wp-json\/wp\/v2\/media\/72613"}],"wp:attachment":[{"href":"https:\/\/www.veeva.com\/eu\/wp-json\/wp\/v2\/media?parent=90306"}],"wp:term":[{"taxonomy":"author","embeddable":true,"href":"https:\/\/www.veeva.com\/eu\/wp-json\/wp\/v2\/coauthors?post=90306"}],"curies":[{"name":"wp","href":"https:\/\/api.w.org\/{rel}","templated":true}]}}