{"id":57833,"date":"2022-10-31T17:10:49","date_gmt":"2022-10-31T21:10:49","guid":{"rendered":"http:\/\/www.veeva.com\/la\/?page_id=57833"},"modified":"2023-11-29T07:51:43","modified_gmt":"2023-11-29T12:51:43","slug":"agenda","status":"publish","type":"page","link":"https:\/\/www.veeva.com\/la\/events\/commercial-summit-latam\/agenda\/","title":{"rendered":"Veeva Commercial Summit LatAm Online 2023 &#8211; agenda"},"content":{"rendered":"<link rel=\"stylesheet\" id=\"summit-style-css\" href=\"\/wp-content\/themes\/veeva2015\/assets\/css\/tmf-forum.css?v=4.10\"\n    type=\"text\/css\" media=\"all\"><br \/>\n<style>\n    .agenda-header {\n        padding: 0;\n        margin-bottom: 15px;\n    }<\/p>\n<p>    .agenda-header .agenda-time div {\n        min-height: 28px;\n        padding-top: 5px;\n    }<\/p>\n<p>    .listing {\n        padding: 15px 0;\n        border-bottom: 1px solid #B0B0B0;\n    }<\/p>\n<p>    \/*\n    .listing div, .agenda-header div {\n        padding:0;\n    }\n    *\/\n    .agenda-title {\n        font-weight: 400;\n        font-size: 20px;\n        \/*        line-height: 27px;*\/\n        line-height: 33px;\n        height: 33px;\n    }<\/p>\n<p>    .agenda-title.blue {\n        color: #369BD0;\n    }<\/p>\n<p>    .agenda-title.orange {\n        color: #EC8D1D;\n    }<\/p>\n<p>    .agenda-item-with-details .title {\n        font-weight: 400;\n        font-size: 20px;\n        line-height: 33px;\n        height: 33px;\n    }<\/p>\n<p>    .agenda-time {\n        text-align: left;\n        color: #868686;\n    }<\/p>\n<p>    .agenda-time-top {\n        text-align: right;\n        color: #868686;\n    }<\/p>\n<p>    .agenda-time br {\n        display: none;\n    }<\/p>\n<p>    .time {\n        margin-top: 0px;\n    }<\/p>\n<p>    .time div {\n        font-size: 28px;\n        margin-top: 0;\n        line-height: 33px;\n        height: 33px;\n    }<\/p>\n<p>    .orange .title {\n        color: #ec8e1d;\n    }<\/p>\n<p>    .blue .title {\n        color: #449fd7;\n    }<\/p>\n<p>    .time span {\n        padding-left: 0 !important;\n    }<\/p>\n<p>    .listing h4 {\n        font-weight: 400;\n    }<\/p>\n<p>    .agenda-time-top {\n        color: #444;\n        line-height: 33px;\n    }<\/p>\n<p>    .orange .agenda-item-with-details .row.agenda-speakers {\n        \/*    border-top: 3px solid orange;*\/\n        \/*    padding-top: 10px; .agenda-header*\/\n    }<\/p>\n<p>    div.time,\n    div.sessions-list-1,\n    .agenda-title,\n    .agenda-header>div {\n        padding-left: 0px;\n        padding-right: 0px;\n    }<\/p>\n<p>    .box.double .row>div {\n        padding-bottom: 7px;\n    }<\/p>\n<p>    .box p:last-child {\n        margin-bottom: 10px;\n    }<\/p>\n<p>    \/*\n        .panel-collapse div.box {\n            padding: 15px 15px 1px 15px\n        }\n    *\/<\/p>\n<p>    @media screen and (max-width: 767px) {\n        .agenda-time-top {\n            text-align: left;\n        }<\/p>\n<p>        .listing .col-sm-2.time,\n        .agenda-item-with-details .title,\n        .agenda-title,\n        .agenda-header {\n            margin-left: 15px;\n        }<\/p>\n<p>        .time div {\n            font-size: 24px;\n        }<\/p>\n<p>    }<\/p>\n<p>    @media screen and (max-width: 500px) {\n        .agenda-time br {\n            display: block;\n        }\n    }<\/p>\n<p>    \/* Hiding other time zones *\/\n    .gmt-3,\n    .gmt-4,\n    .gmt-6,\n    .gmt-7 {\n        display: none;\n    }<\/p>\n<p>    \/* select styles *\/\n    select.form-control {\n        appearance: none;\n        border-bottom: 1px solid #f7981d;\n        border-left: 1px solid #eee;\n        border-radius: 0;\n        border-right: 1px solid #eee;\n        border-top: 1px solid #f7981d;\n        box-shadow: 2px 2px 11px #e1e1e1;\n        font-size: 18px;\n        font-weight: 400;\n        height: 54px;\n        padding-right: 4rem;\n    }<\/p>\n<p>    select.form-control:focus {\n        border-color: #f7981d;\n        box-shadow: 2px 2px 11px #e1e1e1;\n    }<\/p>\n<p>    .select-wrapper {\n        display: inline-block;\n        position: relative;\n    }<\/p>\n<p>    .select-wrapper::after {\n        background-image: url('\/wp-content\/uploads\/2018\/02\/Summit_Agenda_OpenCloseArrow_Up.png');\n        content: \"\";\n        display: block;\n        height: 14px;\n        pointer-events: none;\n        position: absolute;\n        right: 5px;\n        top: 22px;\n        width: 21px;\n    }\n<\/style>\n<div class=\"row\">\n<div class=\"col-md-12\">\n<h2 class=\"title mb-40\">Agenda<\/h2>\n<\/p><\/div>\n<\/p><\/div>\n<div class=\"row\">\n<div class=\"col-md-10 col-md-offset-1 col-centered\">\n<div class=\"row\">\n<div class=\"col-xs-12 agenda-header\">\n<h2 style=\"margin:0;\" class=\"text-center\">Mi\u00e9rcoles 29 de noviembre<\/h2>\n<\/p><\/div>\n<\/p><\/div>\n<\/p><\/div>\n<\/p><\/div>\n<div class=\"row\">\n<div class=\"col-md-10 col-md-offset-1 col-centered\">\n<h3 style=\"margin-top: 20px;\">Timezones<\/h3>\n<div class=\"select-wrapper\">\n                    <select id=\"selectTimezones\" class=\"form-select form-control\" aria-label=\"Timezones\"><option value=\"gmt-3\">GMT &#8211; 3 (Argentina, Brasil, Uruguay)<\/option><option value=\"gmt-4\">GMT &#8211; 4 (Bolivia, Chile, Paraguay, Republica Dominicaca, Venezuela)<\/option><option value=\"gmt-5\" selected>GMT &#8211; 5 (Colombia, Ecuador, Panam\u00e1, Per\u00fa)<\/option><option value=\"gmt-6\">GMT &#8211; 6 (Costa Rica, El Salvador, Guatemala, Honduras, M\u00e9xico, Nicaragua)<\/option><option value=\"gmt-7\">GMT &#8211; 7 (Cuba, Haiti, M\u00e9xico)<\/option><\/select>\n                <\/div>\n<\/p><\/div>\n<\/p><\/div>\n<div class=\"row mt-40\">\n<div class=\"col-md-10 col-md-offset-1 col-centered\">\n<div class=\"row text-left\">\n<div class=\"col-xs-12 agenda-header\">\n<div class=\"col-sm-5\">\n<h2 style=\"margin:0;\">Plenaria<\/h2>\n<\/p><\/div>\n<div class=\"col-sm-7 agenda-time-top\">\n                            <!-- \n\n<div>08:30 \u2014 09:40 p.m.<\/div>\n\n -->\n                        <\/div>\n<\/p><\/div>\n<\/p><\/div>\n<div class=\"row text-left\" style=\"border-top:3px solid\">\n<div class=\"col-xs-12 listing\">\n<div class=\"col-sm-2 time\">\n<div class=\"gmt-3\">10:30<\/div>\n<div class=\"gmt-4\">09:30<\/div>\n<div class=\"gmt-5\">08:30<\/div>\n<div class=\"gmt-6\">07:30<\/div>\n<div class=\"gmt-7\">06:30<\/div>\n<\/p><\/div>\n<div class=\"col-sm-10 sessions-list-1 sessions-list-1-main orange\">\n<div class=\"agenda-item-with-details\">\n<div class=\"title\">\n<div>Bienvenida<\/div>\n<\/p><\/div>\n<div class=\"panel-collapse\">\n<div class=\"box\">\n<h4>Escenario actual de la Nube Comercial en Latino America <\/h4>\n<p>                                        <!--  \n\n<p>In the opening keynote, Takeda shares how their R&D \u201cFuture Fit\u201d\n                                            transformation program accelerates trial delivery without compromising\n                                            quality. Learn how they leverage eTMF as a foundational application to\n                                            connect clinical systems, improve access to documentation and operational\n                                            data, and drive compliance. <br \/><i> Location: Lafayette South<\/i><\/p>\n\n --><\/p>\n<div class=\"row agenda-speakers\">\n<div class=\"col-xs-6 mb-15 mt-5 flex-align\" data-toggle=\"modal\"\n                                                data-target=\"#4-Monica-Shaw\"><br \/>\n                                                <img decoding=\"async\" src=\"https:\/\/www.veeva.com\/br\/wp-content\/uploads\/2022\/03\/Adriano-Vieira_320x320_v2.png\"\n                                                    alt=\"Adriano Vieira\"><\/p>\n<div>\n                                                    <strong>Adriano Vieira<\/strong><br \/>\n                                                    Veeva<br \/>\n                                                    General Manager, Latin America\n                                                <\/div>\n<\/p><\/div>\n<div class=\"col-xs-6 mb-15 mt-5 flex-align\" data-toggle=\"modal\"\n                                                data-target=\"#4-Monica-Shaw\"><br \/>\n                                                <!--<img decoding=\"async\" src=\"https:\/\/www.veeva.com\/la\/wp-content\/uploads\/2022\/08\/cintya.jpeg\"--><br \/>\n                                                alt=&#8221;Cintya Juarez&#8221;><\/p>\n<div>\n                                                    <!-- <strong>Cintya Juarez<\/strong>\n                                                    Veeva<br \/>\n                                                    Product Expert, CRM, LatAm -->\n                                                <\/div>\n<\/p><\/div>\n<\/p><\/div>\n<\/p><\/div>\n<\/p><\/div>\n<\/p><\/div>\n<\/p><\/div>\n<div class=\"col-xs-12 listing\">\n<div class=\"col-sm-2 time\">\n<div class=\"gmt-3\">10:50<\/div>\n<div class=\"gmt-4\">09:50<\/div>\n<div class=\"gmt-5\">08:50<\/div>\n<div class=\"gmt-6\">07:50<\/div>\n<div class=\"gmt-7\">06:50<\/div>\n<\/p><\/div>\n<div class=\"col-sm-10 sessions-list-1 sessions-list-1-main orange\">\n<div class=\"agenda-item-with-details\">\n<div class=\"title\">\n<div>Sesi\u00f3n Veeva<\/div>\n<\/p><\/div>\n<div class=\"panel-collapse\">\n<div class=\"box\">\n<h4>Veeva CRM Roadmap<\/h4>\n<div class=\"row agenda-speakers\">\n<div class=\"col-xs-6 mb-15 mt-5 flex-align\" data-toggle=\"modal\"\n                                                    data-target=\"#4-Monica-Shaw\"><br \/>\n                                                    <img decoding=\"async\" src=\"https:\/\/www.veeva.com\/la\/wp-content\/uploads\/2022\/08\/cintya.jpeg\"\n                                                        alt=\"Cintya Juarez\"><\/p>\n<div>\n                                                        <strong>Cintya Juarez<\/strong><br \/>\n                                                        Veeva<br \/>\n                                                        Product Expert, CRM, LatAm<\/p><\/div>\n<\/p><\/div>\n<div class=\"col-xs-6 mb-15 mt-5 flex-align\" data-toggle=\"modal\"\n                                                    data-target=\"#4-Monica-Shaw\"><br \/>\n                                                    <img decoding=\"async\" src=\"https:\/\/www.veeva.com\/la\/wp-content\/uploads\/2023\/09\/0099c4bd-bc4f-47ff-b7f8-8520eb012d12.jpg\"\n                                                        alt=\"Leonardo Perea\"><\/p>\n<div>\n                                                        <strong>Leonardo Perea<\/strong><br \/>\n                                                        Veeva<br \/>\n                                                        Product Expert, CRM, LATAM\n                                                    <\/div>\n<\/p><\/div>\n<\/p><\/div>\n<\/p><\/div>\n<\/p><\/div>\n<\/p><\/div>\n<\/p><\/div>\n<\/p><\/div>\n<div class=\"col-xs-12 listing\">\n<div class=\"col-sm-2 time\">\n<div class=\"gmt-3\">11:10<\/div>\n<div class=\"gmt-4\">10:10<\/div>\n<div class=\"gmt-5\">09:10<\/div>\n<div class=\"gmt-6\">08:10<\/div>\n<div class=\"gmt-7\">07:10<\/div>\n<\/p><\/div>\n<div class=\"col-sm-10 sessions-list-1 sessions-list-1-main orange\">\n<div class=\"agenda-item-with-details\">\n<div class=\"title\">\n<div>Sesi\u00f3n Veeva<\/div>\n<\/p><\/div>\n<div class=\"panel-collapse\">\n<div class=\"box\">\n<h4>Veeva Data Products<\/h4>\n<div class=\"row agenda-speakers\">\n<div class=\"col-xs-6 mb-15 mt-5 flex-align\" data-toggle=\"modal\"\n                                                    data-target=\"#4-Monica-Shaw\"><br \/>\n                                                    <img decoding=\"async\" src=\"https:\/\/www.veeva.com\/la\/wp-content\/uploads\/2022\/08\/julio.jpeg\"\n                                                        alt=\"Julio Castiglioni\"><\/p>\n<div>\n                                                        <strong>Julio Castiglioni<\/strong><br \/>\n                                                        Veeva<br \/>\n                                                        Director, OpenData, LatAm<\/p><\/div>\n<\/p><\/div>\n<\/p><\/div>\n<\/p><\/div>\n<\/p><\/div>\n<\/p><\/div>\n<\/p><\/div>\n<\/p><\/div>\n<div class=\"col-xs-12 listing\">\n<div class=\"col-sm-2 time\">\n<div class=\"gmt-3\">11:20<\/div>\n<div class=\"gmt-4\">10:20<\/div>\n<div class=\"gmt-5\">09:20<\/div>\n<div class=\"gmt-6\">08:20<\/div>\n<div class=\"gmt-7\">07:20<\/div>\n<\/p><\/div>\n<div class=\"col-sm-10 sessions-list-1 sessions-list-1-main orange\">\n<div class=\"agenda-item-with-details\">\n<div class=\"title\">\n<div>Sesi\u00f3n Veeva<\/div>\n<\/p><\/div>\n<div class=\"panel-collapse\">\n<div class=\"box\">\n<h4>Tendencias en el modelo de interacci\u00f3n con los m\u00e9dicos<br \/>\n                                            <\/h4>\n<div class=\"row agenda-speakers\">\n<div class=\"col-xs-6 mb-15 mt-5 flex-align\" data-toggle=\"modal\"\n                                                    data-target=\"#4-Monica-Shaw\"><br \/>\n                                                    <img decoding=\"async\" src=\"https:\/\/www.veeva.com\/la\/wp-content\/uploads\/2022\/08\/sebas.jpeg\"\n                                                        alt=\"Sebastian Arbeleche\"><\/p>\n<div>\n                                                        <strong>Sebastian Arbeleche<\/strong><br \/>\n                                                        Veeva<br \/>\n                                                        Business Consulting Leader, LatAm\n                                                    <\/div>\n<\/p><\/div>\n<div class=\"col-xs-6 mb-15 mt-5 flex-align\" data-toggle=\"modal\"\n                                                    data-target=\"#4-Monica-Shaw\"><br \/>\n                                                    <!--   <img decoding=\"async\" src=\"https:\/\/www.veeva.com\/la\/wp-content\/uploads\/2023\/09\/6e0540ec-46f7-40da-b2b1-828d457dedba.jpeg\"--><br \/>\n                                                    alt=&#8221;Ivan Alves&#8221;><\/p>\n<div>\n                                                        <!--  <strong>Ivan Alves<\/strong>\n                                                    Veeva<br \/>\n                                                   Commercial Analytics Lead, LatAm \n\n                                                <\/div>\n\n-->\n                                                    <\/div>\n<\/p><\/div>\n<\/p><\/div>\n<\/p><\/div>\n<\/p><\/div>\n<\/p><\/div>\n<\/p><\/div>\n<div class=\"col-xs-12 listing\">\n<div class=\"col-sm-2 time\">\n<div class=\"gmt-3\">11:30<\/div>\n<div class=\"gmt-4\">10:30<\/div>\n<div class=\"gmt-5\">09:30<\/div>\n<div class=\"gmt-6\">08:30<\/div>\n<div class=\"gmt-7\">07:30<\/div>\n<\/p><\/div>\n<div class=\"col-sm-10 agenda-title\">\n<div class=\"title\">\n                                        Intervalo\n                                    <\/div>\n<\/p><\/div>\n<\/p><\/div>\n<div class=\"col-xs-12 listing\">\n<div class=\"col-sm-2 time\">\n<div class=\"gmt-3\">11:40<\/div>\n<div class=\"gmt-4\">10:40<\/div>\n<div class=\"gmt-5\">09:40<\/div>\n<div class=\"gmt-6\">08:40<\/div>\n<div class=\"gmt-7\">07:40<\/div>\n<\/p><\/div>\n<div class=\"col-sm-10 sessions-list-1 sessions-list-1-main blue\">\n<div class=\"agenda-item-with-details\">\n<div class=\"title\">\n<div>Casos de Clientes<\/div>\n<\/p><\/div>\n<div class=\"panel-collapse\">\n<div class=\"box\">\n<h4>Sala 1<\/h4>\n<h4>BMS: Estrategia e implementaci\u00f3n de Instant Messaging con Engage Connect<br \/>\n                                            <\/h4>\n<p>                                            <!-- \n\n<p>Regeneron details how they drive CRO collaboration and oversight to improve\n                                            key TMF health measurements. Learn how they identify and address bottlenecks\n                                            that impede TMF timeliness. <br \/><i> Location: Lafayette South<\/i><\/p>\n\n --><\/p>\n<div class=\"row agenda-speakers\">\n<div class=\"col-xs-6 mb-15 mt-5 flex-align\" data-toggle=\"modal\"\n                                                    data-target=\"#4-Monica-Shaw\"><br \/>\n                                                   <img decoding=\"async\" src=\"https:\/\/www.veeva.com\/la\/wp-content\/uploads\/2023\/11\/Imagem1-1.jpg\"\n                                               alt=\"Jose Gabriel Velez Lopez\"> <\/p>\n<div>\n                                             <strong>Jose Gabriel Velez Lopez<\/strong><br \/>\n                                                   BMS<br \/>Associate Director | WW Remote Engagement Solutions\n                                                <\/div>\n<\/p><\/div>\n<\/p><\/div>\n<\/p><\/div>\n<\/p><\/div>\n<\/p><\/div>\n<div class=\"panel-collapse\">\n<div class=\"box\">\n<h4>Sala 2<\/h4>\n<h4>Bayer: Uso estrat\u00e9gico de datos<\/h4>\n<div class=\"row agenda-speakers\">\n<div class=\"col-xs-6 mb-15 mt-5 flex-align\" data-toggle=\"modal\"\n                                                        data-target=\"#4-Monica-Shaw\"><\/p>\n<p>                                                        <img decoding=\"async\" src=\"https:\/\/www.veeva.com\/la\/wp-content\/uploads\/2023\/11\/1675372142111.jpeg\"\n                                                    alt=\"Yady Ordo\u00f1ez\"> <\/p>\n<div>\n                                                  <strong>Yady Ordo\u00f1ez<\/strong><br \/>\n                                                    Bayer<br \/>\n                                                   Field Force Excellent Advisor\n                                                    <\/div>\n<\/p><\/div>\n<div class=\"col-xs-6 mb-15 mt-5 flex-align\" data-toggle=\"modal\"\n                                                        data-target=\"#4-Monica-Shaw\"><\/p>\n<p>                                                        <img decoding=\"async\" src=\"https:\/\/www.veeva.com\/la\/wp-content\/uploads\/2023\/11\/1582931184517.jpeg\"\n                                                    alt=\"Silvia Casta\u00f1eda\"> <\/p>\n<div>\n                                                  <strong>Silvia Casta\u00f1eda<\/strong><br \/>\n                                                    Bayer<br \/>\n                                                   In Field Excellence Manager\n                                                    <\/div>\n<\/p><\/div>\n<\/p><\/div>\n<\/p><\/div>\n<\/p><\/div>\n<\/p><\/div>\n<\/p><\/div>\n<div class=\"col-xs-12 listing\">\n<div class=\"col-sm-2 time\">\n<div class=\"gmt-3\">12:10<\/div>\n<div class=\"gmt-4\">11:10<\/div>\n<div class=\"gmt-5\">10:10<\/div>\n<div class=\"gmt-6\">09:10<\/div>\n<div class=\"gmt-7\">08:10<\/div>\n<\/p><\/div>\n<div class=\"col-sm-10 sessions-list-1 sessions-list-1-main blue\">\n<div class=\"agenda-item-with-details\">\n<div class=\"title\">\n<div>Casos de Clientes<\/div>\n<\/p><\/div>\n<div class=\"panel-collapse\">\n<div class=\"box\">\n<h4>Sala 2<\/h4>\n<h4>L\u2019Oreal: Implementaci\u00f3n de<br \/>\nVeeva como generador de insights<br \/>\n<\/h4>\n<p>                                                <!-- \n\n<p>Regeneron details how they drive CRO collaboration and oversight to improve\n                                            key TMF health measurements. Learn how they identify and address bottlenecks\n                                            that impede TMF timeliness. <br \/><i> Location: Lafayette South<\/i><\/p>\n\n --><\/p>\n<div class=\"row agenda-speakers\">\n<div class=\"col-xs-6 mb-15 mt-5 flex-align\" data-toggle=\"modal\"\n                                                        data-target=\"#4-Monica-Shaw\"><br \/>\n                                                        <img decoding=\"async\" src=\"https:\/\/www.veeva.com\/la\/wp-content\/uploads\/2023\/11\/Image_20231108_105013_191-1.jpeg\"\n                                                    alt=\"Sandra Prieto\"> <\/p>\n<div>\n                                                  <strong>Sandra Prieto<\/strong><br \/>\n                                                    L&#8217;Or\u00e9al<br \/>\n                                                  Medical Business Analyst &#8211; CERAN Region<\/p><\/div>\n<\/div><\/div>\n<\/p><\/div>\n<\/p><\/div>\n<\/p><\/div>\n<\/p><\/div>\n<\/p><\/div>\n<div class=\"col-xs-12 listing\">\n<div class=\"col-sm-2 time\">\n<div class=\"gmt-3\">12:40<\/div>\n<div class=\"gmt-4\">11:40<\/div>\n<div class=\"gmt-5\">10:40<\/div>\n<div class=\"gmt-6\">09:40<\/div>\n<div class=\"gmt-7\">08:40<\/div>\n<\/p><\/div>\n<div class=\"col-sm-10 sessions-list-1 sessions-list-1-main blue\">\n<div class=\"agenda-item-with-details\">\n<div class=\"title\">\n<div>Casos de Cliente<\/div>\n<\/p><\/div>\n<div class=\"panel-collapse\">\n<div class=\"box\">\n<h4>Sala 2<\/h4>\n<h4>Stendhal: Los benef\u00edcios de un fichero auditado<\/h4>\n<p>                                                <!-- \n\n<p>Regeneron details how they drive CRO collaboration and oversight to improve\n                                            key TMF health measurements. Learn how they identify and address bottlenecks\n                                            that impede TMF timeliness. <br \/><i> Location: Lafayette South<\/i><\/p>\n\n --><\/p>\n<div class=\"row agenda-speakers\">\n<div class=\"col-xs-6 mb-15 mt-5 flex-align\" data-toggle=\"modal\"\n                                                        data-target=\"#4-Monica-Shaw\"><br \/>\n                                                        <img decoding=\"async\" src=\"https:\/\/www.veeva.com\/la\/wp-content\/uploads\/2023\/11\/1580351220602.jpeg\"\n                                                    alt=\"Nicolas\"> <\/p>\n<div>\n                                                            <strong>Nicolas Polanco Cardenas<br \/>\n<\/strong><br \/>\n                                                    Stendhal Pharma<br \/>\nCommercial Excellence Lead\n                                                        <\/div>\n<\/p><\/div>\n<\/p><\/div>\n<\/p><\/div>\n<\/p><\/div>\n<\/p><\/div>\n<\/p><\/div>\n<\/p><\/div>\n<\/p><\/div>\n<\/p><\/div>\n<\/p><\/div>\n<\/p><\/div>\n<\/div>\n<\/div>\n<\/div>\n<\/div>\n<p><script>\ndocument.addEventListener(\"DOMContentLoaded\", function(){\n    $('#selectTimezones').change(function() {\n        $('.listing .time').children().hide();<\/p>\n<p>        let className = $(this).val();<\/p>\n<p>        $('.' + className).show();\n    });\n});\n<\/script><\/p>\n","protected":false},"excerpt":{"rendered":"<p>Agenda Mi\u00e9rcoles 29 de noviembre Timezones GMT &#8211; 3 (Argentina, Brasil, Uruguay)GMT &#8211; 4 (Bolivia, Chile, Paraguay, Republica Dominicaca, Venezuela)GMT &#8211; 5 (Colombia, Ecuador, Panam\u00e1, Per\u00fa)GMT &#8211; 6 (Costa Rica, El Salvador, Guatemala, Honduras, M\u00e9xico, Nicaragua)GMT &#8211; 7 (Cuba, Haiti, M\u00e9xico) Plenaria 10:30 09:30 08:30 07:30 06:30 Bienvenida Escenario actual de la Nube Comercial en&hellip;<\/p>\n","protected":false},"author":337,"featured_media":58518,"parent":57788,"menu_order":0,"comment_status":"closed","ping_status":"closed","template":"templates\/template-cs-summit-latam-2022.php","meta":{"footnotes":""},"class_list":["post-57833","page","type-page","status-publish","has-post-thumbnail","hentry"],"aioseo_notices":[],"_links":{"self":[{"href":"https:\/\/www.veeva.com\/la\/wp-json\/wp\/v2\/pages\/57833"}],"collection":[{"href":"https:\/\/www.veeva.com\/la\/wp-json\/wp\/v2\/pages"}],"about":[{"href":"https:\/\/www.veeva.com\/la\/wp-json\/wp\/v2\/types\/page"}],"author":[{"embeddable":true,"href":"https:\/\/www.veeva.com\/la\/wp-json\/wp\/v2\/users\/337"}],"replies":[{"embeddable":true,"href":"https:\/\/www.veeva.com\/la\/wp-json\/wp\/v2\/comments?post=57833"}],"version-history":[{"count":57,"href":"https:\/\/www.veeva.com\/la\/wp-json\/wp\/v2\/pages\/57833\/revisions"}],"predecessor-version":[{"id":58604,"href":"https:\/\/www.veeva.com\/la\/wp-json\/wp\/v2\/pages\/57833\/revisions\/58604"}],"up":[{"embeddable":true,"href":"https:\/\/www.veeva.com\/la\/wp-json\/wp\/v2\/pages\/57788"}],"wp:featuredmedia":[{"embeddable":true,"href":"https:\/\/www.veeva.com\/la\/wp-json\/wp\/v2\/media\/58518"}],"wp:attachment":[{"href":"https:\/\/www.veeva.com\/la\/wp-json\/wp\/v2\/media?parent=57833"}],"curies":[{"name":"wp","href":"https:\/\/api.w.org\/{rel}","templated":true}]}}