{"id":57972,"date":"2022-11-16T17:02:51","date_gmt":"2022-11-16T22:02:51","guid":{"rendered":"http:\/\/www.veeva.com\/la\/?page_id=57972"},"modified":"2022-11-17T09:09:46","modified_gmt":"2022-11-17T14:09:46","slug":"contato","status":"publish","type":"page","link":"https:\/\/www.veeva.com\/la\/events\/commercial-summit-latam\/contato\/","title":{"rendered":"Veeva Commercial Summit LatAm Online 2022 &#8211; CONTATO"},"content":{"rendered":"<div class=\"row\">\n<div class=\"col-md-12\">\n<h1 class=\"mb-20\"> Contacto <\/h1>\n<\/p><\/div>\n<div class=\"col-md-12 text-center\">\n<p>Si requieres alg\u00fan apoyo, escribe a esta direcci\u00f3n de correo electr\u00f3nico: <a href=\"mailto:luana.montefusco@veeva.com\">luana.montefusco@veeva.com<\/a><\/p>\n<\/div>\n","protected":false},"excerpt":{"rendered":"<p>Contacto Si requieres alg\u00fan apoyo, escribe a esta direcci\u00f3n de correo electr\u00f3nico: luana.montefusco@veeva.com<\/p>\n","protected":false},"author":337,"featured_media":57975,"parent":57788,"menu_order":0,"comment_status":"closed","ping_status":"closed","template":"templates\/template-cs-summit-latam-2022.php","meta":{"footnotes":""},"class_list":["post-57972","page","type-page","status-publish","has-post-thumbnail","hentry"],"aioseo_notices":[],"_links":{"self":[{"href":"https:\/\/www.veeva.com\/la\/wp-json\/wp\/v2\/pages\/57972"}],"collection":[{"href":"https:\/\/www.veeva.com\/la\/wp-json\/wp\/v2\/pages"}],"about":[{"href":"https:\/\/www.veeva.com\/la\/wp-json\/wp\/v2\/types\/page"}],"author":[{"embeddable":true,"href":"https:\/\/www.veeva.com\/la\/wp-json\/wp\/v2\/users\/337"}],"replies":[{"embeddable":true,"href":"https:\/\/www.veeva.com\/la\/wp-json\/wp\/v2\/comments?post=57972"}],"version-history":[{"count":3,"href":"https:\/\/www.veeva.com\/la\/wp-json\/wp\/v2\/pages\/57972\/revisions"}],"predecessor-version":[{"id":57976,"href":"https:\/\/www.veeva.com\/la\/wp-json\/wp\/v2\/pages\/57972\/revisions\/57976"}],"up":[{"embeddable":true,"href":"https:\/\/www.veeva.com\/la\/wp-json\/wp\/v2\/pages\/57788"}],"wp:featuredmedia":[{"embeddable":true,"href":"https:\/\/www.veeva.com\/la\/wp-json\/wp\/v2\/media\/57975"}],"wp:attachment":[{"href":"https:\/\/www.veeva.com\/la\/wp-json\/wp\/v2\/media?parent=57972"}],"curies":[{"name":"wp","href":"https:\/\/api.w.org\/{rel}","templated":true}]}}