{"id":59193,"date":"2025-05-06T16:01:41","date_gmt":"2025-05-06T21:01:41","guid":{"rendered":"https:\/\/www.veeva.com\/la\/?page_id=59193"},"modified":"2025-05-21T10:28:15","modified_gmt":"2025-05-21T15:28:15","slug":"direct-data-api","status":"publish","type":"page","link":"https:\/\/www.veeva.com\/la\/products\/direct-data-api\/","title":{"rendered":"Direct Data API"},"content":{"rendered":"<style>\n<p>.veeva-2024  #hero.hero-centered--image {\n--mobile-image: url(\/wp-content\/themes\/veeva2015\/assets\/veeva-2024\/background\/suite-hero-mobile.jpg);\n--desktop-image: url(\/wp-content\/themes\/veeva2015\/assets\/veeva-2024\/background\/suite-hero-desktop.jpg);\n}<\/p>\n<p>@media (max-width: 991px) {\n\t.z-pattern__inner.text-container {\n\t\tmargin-bottom: 20px;\n\t\torder: -1;\n\t}\n}<\/p>\n<p>.veeva-2024 .z-pattern__image-wrapper.no-radius {\n\tborder-radius: 0;\n}<\/p>\n<\/style>\n<p><main class=\"veeva-2024\"><\/p>\n<div id=\"\">\n<section id=\"hero\" class=\"hero-centered hero-centered--image\">\n<div class=\"container copy-container copy-container--center\">\n<h6>Veeva Vault Platform<\/h6>\n<h1>Direct Data API una nueva API para el acceso r\u00e1pido a los datos de Vault<\/h1>\n<\/p><\/div>\n<\/section>\n<p>\t  <!-- Z Pattern - Products, Light --><\/p>\n<section class=\"z-pattern z-pattern-products z-pattern--light z-pattern--bg-grey\" style=\"background:white\">\n<div class=\"z-pattern__wrapper container\">\n<div class=\"z-pattern__inner\">\n\t\t\t<!-- z-pattern: copy container --><\/p>\n<div class=\"copy-container copy-container--eyebrow-gradient copy-container--center copy-container--left-lg\">\n<h3>Direct Data API<\/h3>\n<p>La API de Datos Directos es una nueva clase de API que permite un acceso f\u00e1cil y r\u00e1pido a los datos de Vault sin afectar el rendimiento de las aplicaciones. Hasta 100 veces m\u00e1s r\u00e1pida que las API tradicionales y con una s\u00f3lida experiencia transaccional en grandes conjuntos de datos, extrae datos completos o incrementales de forma fiable para impulsar aplicaciones de IA, an\u00e1lisis e integraciones entre sistemas. La API de Datos Directos incluir\u00e1 conectores para Amazon Redshift, Snowflake, Databricks y Power BI a finales de este a\u00f1o.<\/p>\n<p>La API de Datos Directos, junto con <a href=\"\/la\/products\/veeva-ai\/\">Veeva AI<\/a> y el <a href=\"\/meet-veeva\/partners\/ai\/\">Veeva AI Partner Program<\/a> est\u00e1 impulsando la IA en el sector.<\/p>\n<div class=\"copy-container__buttons\">\n<div class=\"wistia_embed wistia_async_l0xkal2ycf popover=true popoverAnimateThumbnail=true popoverContent=link videoFoam=true\">\n\t\t\t\t\t\t<a style=\"text-decoration:none\" class=\"button-outline button-outline--black hidden\" href=\"#\">Watch Overview<\/a>\n\t\t\t\t\t<\/div>\n<\/p><\/div>\n<\/p><\/div>\n<p>\t\t\t <!-- z-pattern: img section --><\/p>\n<div class=\"z-pattern__image\">\n<div style=\"width:100%\">\n<div class=\"z-pattern__image-wrapper\">\n<div class=\"wistia_responsive_padding\" style=\"padding: 56.25% 0 0 0; position: relative\">\n<div class=\"wistia_responsive_wrapper\" style=\"height: 100%; left: 0; position: absolute; top: 0; width: 100%\">\n<div class=\"wistia_embed wistia_async_l0xkal2ycf autoplay=false endVideoBehavior=loop\" style=\"height: 100%; width: 100%\"><\/div>\n<\/p><\/div>\n<\/p><\/div>\n<\/p><\/div>\n<div style=\"margin-top:15px;margin-left:17px\">\n<p>Vea una descripci\u00f3n general o <a style=\"text-decoration:underline\" target=\"_self\" href=\"https:\/\/www.veeva.com\/resources\/direct-data-api-overview\/\" rel=\"noopener\">profundice y obtenga una demostraci\u00f3n<\/a>.<\/p>\n<\/div><\/div>\n<\/p><\/div>\n<p>\t\t\t<!-- z-pattern: content section --><\/p>\n<div class=\"z-pattern__content z-pattern__subgrid\">\n<div class=\"z-pattern-products__subpoint\" href=\"https:\/\/www.pharmexec.com\/view\/strategies-optimizing-medical-congress-strategy\" target=\"_blank\" rel=\"noopener\">\n<div class=\"z-pattern-products__subpoint-headline\">\n<h6>Replicaci\u00f3n de datos sencilla<br \/>\n<\/h6>\n<\/p><\/div>\n<div class=\"z-pattern-products__subpoint-body\">\n<p>Replique datos de Vault a Amazon Redshift, Snowflake, Databricks, Azure Power BI y otras plataformas de datos.<\/p>\n<\/p><\/div>\n<\/p><\/div>\n<div class=\"z-pattern-products__subpoint\" href=\"https:\/\/medicalaffairs.org\/pre-launch-scientific-activities-launch-success\/\" target=\"_blank\" rel=\"noopener\">\n<div class=\"z-pattern-products__subpoint-headline\">\n<h6>Acceso a datos de alta velocidad<br \/>\n<\/h6>\n<\/p><\/div>\n<div class=\"z-pattern-products__subpoint-body\">\n<p>Entregue r\u00e1pidamente conjuntos de datos completos de Vault con actualizaciones incrementales.<\/p>\n<\/p><\/div>\n<\/p><\/div>\n<div class=\"z-pattern-products__subpoint\" href=\"https:\/\/medicalaffairs.org\/medical-congresses-optimizing-your-most-strategic-investment\/\" target=\"_blank\" rel=\"noopener\">\n<div class=\"z-pattern-products__subpoint-headline\">\n<h6>Extractos consistentes y fiables<br \/>\n<\/h6>\n<\/p><\/div>\n<div class=\"z-pattern-products__subpoint-body\">\n<p>Obtenga extracciones de datos consistentes con integridad referencial.<\/p>\n<\/p><\/div>\n<\/p><\/div>\n<\/p><\/div>\n<\/p><\/div>\n<p>\t\t<!-- z-pattern__image will be duplicated to here via js for desktop ui -->\n\t<\/div>\n<\/section>\n<section class=\"z-pattern z-pattern-products z-pattern--light z-pattern--bg-grey\" style=\"background:white;padding-top:0;\">\n<div class=\"z-pattern__wrapper container\">\n<div class=\"z-pattern__inner\">\n<div class=\"z-pattern__image-wrapper no-radius\">\n\t\t\t\t<img decoding=\"async\" class=\"img-responsive\" src=\"https:\/\/www.veeva.com\/la\/wp-content\/uploads\/2025\/05\/direct-data-API-image-esp.png\" alt=\"\">\n\t\t\t<\/div>\n<\/p><\/div>\n<div class=\"z-pattern__inner text-container\">\n<div class=\"copy-container copy-container--eyebrow-gradient copy-container--center copy-container--left-lg\">\n<h3>Una llamada para toda la Vault Data<br \/>\n<\/h3>\n<\/p><\/div>\n<\/p><\/div>\n<\/p><\/div>\n<\/section>\n<section class=\"z-pattern z-pattern-products z-pattern--light z-pattern--bg-grey\" style=\"background:white;padding-top:0;\">\n<div class=\"z-pattern__wrapper container\">\n<div class=\"z-pattern__inner text-container\">\n<div class=\"copy-container copy-container--eyebrow-gradient copy-container--center copy-container--left-lg\">\n<h3>Contenido del Archivo de Data <\/h3>\n<\/p><\/div>\n<\/p><\/div>\n<div class=\"z-pattern__inner\">\n<div class=\"z-pattern__image-wrapper no-radius\">\n\t\t\t\t<img decoding=\"async\" class=\"img-responsive\" src=\"https:\/\/www.veeva.com\/la\/wp-content\/uploads\/2025\/05\/direct-data-API-image-mx.png\" alt=\"\">\n\t\t\t<\/div>\n<\/p><\/div>\n<\/p><\/div>\n<\/section>\n<section class=\"z-pattern z-pattern-products z-pattern--light z-pattern--bg-grey\" style=\"background:white;padding-top:0;\">\n<div class=\"z-pattern__wrapper container\">\n<div class=\"z-pattern__inner\">\n<div class=\"z-pattern__image-wrapper no-radius\">\n\t\t\t\t<img decoding=\"async\" class=\"img-responsive\" src=\"https:\/\/www.veeva.com\/la\/wp-content\/uploads\/2025\/05\/direct-data-API-image-m-x.png\" alt=\"\">\n\t\t\t<\/div>\n<\/p><\/div>\n<div class=\"z-pattern__inner text-container\">\n<div class=\"copy-container copy-container--eyebrow-gradient copy-container--center copy-container--left-lg\">\n<h3>Tipo de Archivos de Data<\/h3>\n<\/p><\/div>\n<\/p><\/div>\n<\/p><\/div>\n<\/section>\n<section class=\"resource-block-cards resource-block-cards--light section-rounded-top hidden\" id=\"resource-block-0\" style=\"background: linear-gradient(0deg,#fff 5.2%,#eef1f5 92.04%);padding-top: 80px;margin-top: 0;padding-bottom: 120px;margin-bottom: 0;}\">\n<div class=\"container\">\n<div class=\"copy-container copy-container--center copy-container--eyebrow-gradient\">\n<h6>Resources<\/h6>\n<h3>Explore and Learn<\/h3>\n<\/p><\/div>\n<div class=\"resource-block__cards resource-block__cards--gridded resource-block__cards--gridded-3-up\">\n\t\t\t<a id=\"\" class=\"resource-card resource-card--light\" href=\"https:\/\/platform.veevavault.help\/108e9b1d-559c-4d48-918b-1e4c5b5a533c\/f4be897a-82d2-479c-bcce-94d8567aaec4\/f4be897a-82d2-479c-bcce-94d8567aaec4_source__v.mp4\" target=\"_blank\" rel=\"noopener\"><\/p>\n<div class=\"resource-card__text\">\n<h6>Watch Video<\/h6>\n<h5>Compare traditional APIs and Direct Data API<\/h5>\n<\/div>\n<div class=\"resource-card__media\"><img decoding=\"async\" src=\"https:\/\/www.veeva.com\/wp-content\/uploads\/2025\/02\/resource-tile-compare-traditional-APIs-and-direct-data-API-340x240@2x-1.png\" alt=\"\"><\/div>\n<p><\/a><br \/>\n\t\t\t<a id=\"\" class=\"resource-card resource-card--light\" href=\"https:\/\/platform.veevavault.help\/108e9b1d-559c-4d48-918b-1e4c5b5a533c\/d384657f-f891-4df9-b05d-e6aed0c3869f\/d384657f-f891-4df9-b05d-e6aed0c3869f_source__v.mp4\" target=\"_blank\" rel=\"noopener\"><\/p>\n<div class=\"resource-card__text\">\n<h6>Watch Video<\/h6>\n<h5>How to list and download Direct Data files<\/h5>\n<\/div>\n<div class=\"resource-card__media\"><img decoding=\"async\" src=\"https:\/\/www.veeva.com\/wp-content\/uploads\/2025\/02\/resource-tile-how-to-list-and-download-direct-data-files-340x240@2x-1.png\" alt=\"\"><\/div>\n<p><\/a><br \/>\n\t\t\t<a id=\"\" class=\"resource-card resource-card--light\" href=\"https:\/\/platform.veevavault.help\/108e9b1d-559c-4d48-918b-1e4c5b5a533c\/45b12065-b1dd-4fd1-a6a5-976d4ccc9c26\/45b12065-b1dd-4fd1-a6a5-976d4ccc9c26_source__v.mp4\" target=\"_blank\" rel=\"noopener\"><\/p>\n<div class=\"resource-card__text\">\n<h6>Watch Video<\/h6>\n<h5>Full Direct Data file structure and contents<\/h5>\n<\/div>\n<div class=\"resource-card__media\"><img decoding=\"async\" src=\"https:\/\/www.veeva.com\/wp-content\/uploads\/2025\/02\/resource-tile-full-direct-data-file-structure-and-contents-340x240@2x-1.png\" alt=\"\"><\/div>\n<p><\/a><br \/>\n\t\t\t<a id=\"\" class=\"resource-card resource-card--light\" href=\"https:\/\/platform.veevavault.help\/108e9b1d-559c-4d48-918b-1e4c5b5a533c\/a3447552-4591-4f01-9464-45525c66b755\/a3447552-4591-4f01-9464-45525c66b755_source__v.mp4\" target=\"_blank\" rel=\"noopener\"><\/p>\n<div class=\"resource-card__text\">\n<h6>Watch Video<\/h6>\n<h5>Incremental Direct Data file structure and contents<\/h5>\n<\/div>\n<div class=\"resource-card__media\"><img decoding=\"async\" src=\"https:\/\/www.veeva.com\/wp-content\/uploads\/2025\/02\/resource-tile-incremental-direct-data-file-structure-and-contents-340x240@2x-1.png\" alt=\"\"><\/div>\n<p><\/a><br \/>\n\t\t\t<a id=\"\" class=\"resource-card resource-card--light\" href=\"https:\/\/platform.veevavault.help\/108e9b1d-559c-4d48-918b-1e4c5b5a533c\/b7a8ded3-2811-404d-9390-c0ac43dacb61\/b7a8ded3-2811-404d-9390-c0ac43dacb61_source__v.mp4\" target=\"_blank\" rel=\"noopener\"><\/p>\n<div class=\"resource-card__text\">\n<h6>Watch Video<\/h6>\n<h5>Log Direct Data file overview<\/h5>\n<\/div>\n<div class=\"resource-card__media\"><img decoding=\"async\" src=\"https:\/\/www.veeva.com\/wp-content\/uploads\/2025\/02\/resource-tile-log-direct-data-file-overview-340x240@2x-1.png\" alt=\"\"><\/div>\n<p><\/a><br \/>\n\t\t\t<a id=\"\" class=\"resource-card resource-card--light\" href=\"https:\/\/developer.veevavault.com\/directdata\/\" target=\"_blank\" rel=\"noopener\"><\/p>\n<div class=\"resource-card__text\">\n<h6>Read Documentation<\/h6>\n<h5>Direct Data API documentation<\/h5>\n<\/div>\n<div class=\"resource-card__media\"><img decoding=\"async\" src=\"https:\/\/www.veeva.com\/wp-content\/uploads\/2025\/02\/resource-tile-direct-data-API-documentation-340x240@2x-1.png\" alt=\"\"><\/div>\n<p><\/a><br \/>\n\t\t\t<a id=\"\" class=\"resource-card resource-card--light\" href=\"https:\/\/www.veeva.com\/resources\/direct-data-api-overview\/\" target=\"\" rel=\"noopener\"><\/p>\n<div class=\"resource-card__text\">\n<h6>Watch Video<\/h6>\n<h5>Direct Data API file details and demonstration<\/h5>\n<\/div>\n<div class=\"resource-card__media\"><img decoding=\"async\" src=\"https:\/\/www.veeva.com\/wp-content\/uploads\/2025\/02\/resource-tile-direct-data-API-file-details-and-demonstration-340x240@2x.png\" alt=\"\"><\/div>\n<p><\/a>\n\t\t<\/div>\n<\/p><\/div>\n<\/section>\n<p>\t<!-- Pre-Footer CTA --><\/p>\n<section class=\"hero-contained hero-contained--gradient hero-contained--footer-fix\">\n<div class=\"copy-container container copy-container--center\">\n<h3>\u00bfTe interesa saber m\u00e1s?<\/h3>\n<div class=\"copy-container__buttons\">\n\t\t  <a class=\"button-primary button-primary--gradient\" href=\"https:\/\/www.veeva.com\/la\/contact-us\/\">Cont\u00e1ctanos<\/a>\n\t\t<\/div>\n<\/p><\/div>\n<\/section><\/div>\n<p><\/main><\/p>\n","protected":false},"excerpt":{"rendered":"<p>Veeva Vault Platform Direct Data API una nueva API para el acceso r\u00e1pido a los datos de Vault Direct Data API La API de Datos Directos es una nueva clase de API que permite un acceso f\u00e1cil y r\u00e1pido a los datos de Vault sin afectar el rendimiento de las aplicaciones. Hasta 100 veces m\u00e1s&hellip;<\/p>\n","protected":false},"author":217,"featured_media":0,"parent":20394,"menu_order":0,"comment_status":"closed","ping_status":"closed","template":"templates\/veeva-2024.full-page.php","meta":{"footnotes":""},"class_list":["post-59193","page","type-page","status-publish","hentry"],"aioseo_notices":[],"_links":{"self":[{"href":"https:\/\/www.veeva.com\/la\/wp-json\/wp\/v2\/pages\/59193"}],"collection":[{"href":"https:\/\/www.veeva.com\/la\/wp-json\/wp\/v2\/pages"}],"about":[{"href":"https:\/\/www.veeva.com\/la\/wp-json\/wp\/v2\/types\/page"}],"author":[{"embeddable":true,"href":"https:\/\/www.veeva.com\/la\/wp-json\/wp\/v2\/users\/217"}],"replies":[{"embeddable":true,"href":"https:\/\/www.veeva.com\/la\/wp-json\/wp\/v2\/comments?post=59193"}],"version-history":[{"count":10,"href":"https:\/\/www.veeva.com\/la\/wp-json\/wp\/v2\/pages\/59193\/revisions"}],"predecessor-version":[{"id":59203,"href":"https:\/\/www.veeva.com\/la\/wp-json\/wp\/v2\/pages\/59193\/revisions\/59203"}],"up":[{"embeddable":true,"href":"https:\/\/www.veeva.com\/la\/wp-json\/wp\/v2\/pages\/20394"}],"wp:attachment":[{"href":"https:\/\/www.veeva.com\/la\/wp-json\/wp\/v2\/media?parent=59193"}],"curies":[{"name":"wp","href":"https:\/\/api.w.org\/{rel}","templated":true}]}}