{"id":59348,"date":"2025-06-24T13:50:54","date_gmt":"2025-06-24T18:50:54","guid":{"rendered":"https:\/\/www.veeva.com\/la\/?page_id=59348"},"modified":"2025-08-01T12:34:11","modified_gmt":"2025-08-01T17:34:11","slug":"board-of-directors","status":"publish","type":"page","link":"https:\/\/www.veeva.com\/la\/leadership\/board-of-directors\/","title":{"rendered":"Junta Directiva"},"content":{"rendered":"<style>\n.veeva-2024 .hero-centered {\npadding: 100px 0 60px 0;\n}<\/p>\n<p>@media (min-width:768px){\n.veeva-2024 .hero-centered {\npadding: 150px 0 100px 0;\n}\n}\n@media (min-width:1400px) {\n.veeva-2024 .team-cards--light {\nmargin: 100px 0;\n}\n}\n<\/style>\n<p><main class=\"veeva-2024\"><\/p>\n<div id=\"resource-detail\">\n<section class=\"hero-centered hero-centered--logo\">\n<div class=\"container copy-container copy-container--center copy-container--eyebrow-gradient\">\n\t\t\t<!--\n\n<h6> Lideran\u00e7a <\/h6>\n\n--><\/p>\n<h1> Junta Directiva<\/h1>\n<\/p><\/div>\n<\/section>\n<\/div>\n<section class=\"team-cards team-cards--light\">\n<div class=\"container\">\n<div class=\"team-cards__grid wp-block-veeva-veeva-teams\">\n<div class=\"team-card wp-block-veeva-team-member\" aria-label=\"Profile of Founder and CEO\">\n<div class=\"team-card__header\">\n<div class=\"team-card__headshot\">\n\t\t\t\t\t\t<img fetchpriority=\"high\" decoding=\"async\" width=\"500\" height=\"500\" src=\"https:\/\/www.veeva.com\/wp-content\/uploads\/2024\/12\/Peter-Gassner-LI-500x500-1.jpg\" class=\"attachment-full size-full\" alt=\"Profile picture of Peter Gassner\">\n\t\t\t\t\t<\/div>\n<div class=\"team-card__content\">\n<h3 class=\"team-card__name\">Peter Gassner<\/h3>\n<p class=\"team-card__title\">Fundador y Director General<\/p>\n<p class=\"team-card__tenure\">19 A\u00f1os en el Comit\u00e9 de Liderazgo de Veeva<\/p>\n<p>\t\t\t\t\t\t<a href=\"https:\/\/www.linkedin.com\/in\/pgassner\/\" class=\"team-card__social\" rel=\"noopener\" target=\"_blank\"><br \/>\n\t\t\t\t\t\t<svg xmlns=\"http:\/\/www.w3.org\/2000\/svg\" width=\"32\" height=\"32\" fill=\"#0A66C2\" viewBox=\"0 0 16 16\" aria-hidden=\"true\">\n\t\t\t\t\t\t\t<path d=\"M0 1.146C0 .513.526 0 1.175 0h13.65C15.474 0 16 .513 16 1.146v13.708c0 .633-.526 1.146-1.175 1.146H1.175C.526 16 0 15.487 0 14.854zm4.943 12.248V6.169H2.542v7.225zm-1.2-8.212c.837 0 1.358-.554 1.358-1.248-.015-.709-.52-1.248-1.342-1.248S2.4 3.226 2.4 3.934c0 .694.521 1.248 1.327 1.248zm4.908 8.212V9.359c0-.216.016-.432.08-.586.173-.431.568-.878 1.232-.878.869 0 1.216.662 1.216 1.634v3.865h2.401V9.25c0-2.22-1.184-3.252-2.764-3.252-1.274 0-1.845.7-2.165 1.193v.025h-.016l.016-.025V6.169h-2.4c.03.678 0 7.225 0 7.225z\"><\/path>\n\t\t\t\t\t\t<\/svg><br \/>\n\t\t\t\t\t\t<\/a>\n\t\t\t\t\t<\/div>\n<\/p><\/div>\n<p class=\"team-card__description\">Peter Gassner es responsable de Veeva en general, incluyendo la direcci\u00f3n estrat\u00e9gica, direcci\u00f3n de producto y operaciones.<\/p>\n<\/p><\/div>\n<div class=\"team-card wp-block-veeva-team-member\" aria-label=\"Profile of Chairman\">\n<div class=\"team-card__header\">\n<div class=\"team-card__headshot\">\n\t\t\t\t\t\t<img loading=\"lazy\" decoding=\"async\" width=\"500\" height=\"500\" src=\"https:\/\/www.veeva.com\/wp-content\/uploads\/2024\/12\/Gordon-Ritter-LI-500x500-1.jpg\" class=\"attachment-full size-full\" alt=\"Profile picture of Gordon Ritter\">\n\t\t\t\t\t<\/div>\n<div class=\"team-card__content\">\n<h3 class=\"team-card__name\">Gordon Ritter<\/h3>\n<p class=\"team-card__title\">Presidente del Consejo<\/p>\n<p class=\"team-card__tenure\">17 A\u00f1os en el Comit\u00e9 de Liderazgo de Veeva<\/p>\n<p>\t\t\t\t\t\t<a href=\"https:\/\/www.linkedin.com\/in\/gordonpritter\/\" class=\"team-card__social\" rel=\"noopener\" target=\"_blank\"><br \/>\n\t\t\t\t\t\t<svg xmlns=\"http:\/\/www.w3.org\/2000\/svg\" width=\"32\" height=\"32\" fill=\"#0A66C2\" viewBox=\"0 0 16 16\" aria-hidden=\"true\">\n\t\t\t\t\t\t<path d=\"M0 1.146C0 .513.526 0 1.175 0h13.65C15.474 0 16 .513 16 1.146v13.708c0 .633-.526 1.146-1.175 1.146H1.175C.526 16 0 15.487 0 14.854zm4.943 12.248V6.169H2.542v7.225zm-1.2-8.212c.837 0 1.358-.554 1.358-1.248-.015-.709-.52-1.248-1.342-1.248S2.4 3.226 2.4 3.934c0 .694.521 1.248 1.327 1.248zm4.908 8.212V9.359c0-.216.016-.432.08-.586.173-.431.568-.878 1.232-.878.869 0 1.216.662 1.216 1.634v3.865h2.401V9.25c0-2.22-1.184-3.252-2.764-3.252-1.274 0-1.845.7-2.165 1.193v.025h-.016l.016-.025V6.169h-2.4c.03.678 0 7.225 0 7.225z\"><\/path>\n\t\t\t\t\t\t<\/svg><br \/>\n\t\t\t\t\t\t<\/a>\n\t\t\t\t\t<\/div>\n<\/p><\/div>\n<p class=\"team-card__description\">Gordon Ritter es fundador y socio general de Emergence Capital. Tambi\u00e9n fund\u00f3 tres empresas que fueron pioneras en los mercados de interfaces web integradas, dispositivos servidor y desarrollo de aplicaciones en la nube.<\/p>\n<\/p><\/div>\n<div class=\"team-card wp-block-veeva-team-member\" aria-label=\"Profile of Director\">\n<div class=\"team-card__header\">\n<div class=\"team-card__headshot\">\n\t\t\t\t\t\t<img loading=\"lazy\" decoding=\"async\" width=\"500\" height=\"500\" src=\"https:\/\/www.veeva.com\/wp-content\/uploads\/2024\/12\/Tim-Cabral-LI-500x500-1.jpg\" class=\"attachment-full size-full\" alt=\"Profile picture of Tim Cabral\">\n\t\t\t\t\t<\/div>\n<div class=\"team-card__content\">\n<h3 class=\"team-card__name\">Consejero<\/h3>\n<p class=\"team-card__title\">Director<\/p>\n<p class=\"team-card__tenure\">4 A\u00f1os en el Comit\u00e9 de Liderazgo de Veeva<\/p>\n<p>\t\t\t\t\t\t<a href=\"https:\/\/www.linkedin.com\/in\/tim-cabral-073517\/\" class=\"team-card__social\" rel=\"noopener\" target=\"_blank\"><br \/>\n\t\t\t\t\t\t<svg xmlns=\"http:\/\/www.w3.org\/2000\/svg\" width=\"32\" height=\"32\" fill=\"#0A66C2\" viewBox=\"0 0 16 16\" aria-hidden=\"true\">\n\t\t\t\t\t\t<path d=\"M0 1.146C0 .513.526 0 1.175 0h13.65C15.474 0 16 .513 16 1.146v13.708c0 .633-.526 1.146-1.175 1.146H1.175C.526 16 0 15.487 0 14.854zm4.943 12.248V6.169H2.542v7.225zm-1.2-8.212c.837 0 1.358-.554 1.358-1.248-.015-.709-.52-1.248-1.342-1.248S2.4 3.226 2.4 3.934c0 .694.521 1.248 1.327 1.248zm4.908 8.212V9.359c0-.216.016-.432.08-.586.173-.431.568-.878 1.232-.878.869 0 1.216.662 1.216 1.634v3.865h2.401V9.25c0-2.22-1.184-3.252-2.764-3.252-1.274 0-1.845.7-2.165 1.193v.025h-.016l.016-.025V6.169h-2.4c.03.678 0 7.225 0 7.225z\"><\/path>\n\t\t\t\t\t\t<\/svg><br \/>\n\t\t\t\t\t\t<\/a>\n\t\t\t\t\t<\/div>\n<\/p><\/div>\n<p class=\"team-card__description\">Tim Cabral fue Director de Finanzas (CFO) de Veeva de 2010 a 2020, ayudando a la empresa a crecer de aproximadamente $10 millones a m\u00e1s de $1,000 millones en ingresos, y durante su oferta p\u00fablica inicial en 2013.<\/p>\n<\/p><\/div>\n<div class=\"team-card wp-block-veeva-team-member\" aria-label=\"Profile of Director\">\n<div class=\"team-card__header\">\n<div class=\"team-card__headshot\">\n\t\t\t\t\t\t<img loading=\"lazy\" decoding=\"async\" width=\"500\" height=\"500\" src=\"https:\/\/www.veeva.com\/wp-content\/uploads\/2024\/12\/Mark-Carges-LI-500x500-1.jpg\" class=\"attachment-full size-full\" alt=\"Profile picture of Mark Carges\">\n\t\t\t\t\t<\/div>\n<div class=\"team-card__content\">\n<h3 class=\"team-card__name\">Mark Carges<\/h3>\n<p class=\"team-card__title\">Consejero<\/p>\n<p class=\"team-card__tenure\">8 A\u00f1os en el Comit\u00e9 de Liderazgo de Veeva<\/p>\n<p>\t\t\t\t\t\t<a href=\"https:\/\/www.linkedin.com\/in\/markcarges\/\" class=\"team-card__social\" rel=\"noopener\" target=\"_blank\"><br \/>\n\t\t\t\t\t\t<svg xmlns=\"http:\/\/www.w3.org\/2000\/svg\" width=\"32\" height=\"32\" fill=\"#0A66C2\" viewBox=\"0 0 16 16\" aria-hidden=\"true\">\n\t\t\t\t\t\t<path d=\"M0 1.146C0 .513.526 0 1.175 0h13.65C15.474 0 16 .513 16 1.146v13.708c0 .633-.526 1.146-1.175 1.146H1.175C.526 16 0 15.487 0 14.854zm4.943 12.248V6.169H2.542v7.225zm-1.2-8.212c.837 0 1.358-.554 1.358-1.248-.015-.709-.52-1.248-1.342-1.248S2.4 3.226 2.4 3.934c0 .694.521 1.248 1.327 1.248zm4.908 8.212V9.359c0-.216.016-.432.08-.586.173-.431.568-.878 1.232-.878.869 0 1.216.662 1.216 1.634v3.865h2.401V9.25c0-2.22-1.184-3.252-2.764-3.252-1.274 0-1.845.7-2.165 1.193v.025h-.016l.016-.025V6.169h-2.4c.03.678 0 7.225 0 7.225z\"><\/path>\n\t\t\t\t\t\t<\/svg><br \/>\n\t\t\t\t\t\t<\/a>\n\t\t\t\t\t<\/div>\n<\/p><\/div>\n<p class=\"team-card__description\">Mark Carges es asesor y miembro del consejo de empresas tecnol\u00f3gicas. Fue director de tecnolog\u00eda (CTO) en eBay Inc. de 2009 a 2014 y form\u00f3 parte de su equipo directivo desde 2008.<\/p>\n<\/p><\/div>\n<div class=\"team-card wp-block-veeva-team-member\" aria-label=\"Profile of Director\">\n<div class=\"team-card__header\">\n<div class=\"team-card__headshot\">\n\t\t\t\t\t<img loading=\"lazy\" decoding=\"async\" width=\"500\" height=\"500\" src=\"https:\/\/www.veeva.com\/wp-content\/uploads\/2024\/12\/Mary-Lynne-Hedley-LI-500x500-1.jpg\" class=\"attachment-full size-full\" alt=\"Profile picture of Mary Lynne Hedley\">\n\t\t\t\t\t<\/div>\n<div class=\"team-card__content\">\n<h3 class=\"team-card__name\">Mary Lynne Hedley<\/h3>\n<p class=\"team-card__title\">Consejera<\/p>\n<p class=\"team-card__tenure\">6 A\u00f1os en el Comit\u00e9 de Liderazgo de Veeva<\/p>\n<\/p><\/div>\n<\/p><\/div>\n<p class=\"team-card__description\">La Dra. Mary Lynne Hedley cuenta con m\u00e1s de 25 a\u00f1os de experiencia como ejecutiva en biotecnolog\u00eda y la industria farmac\u00e9utica, liderando el desarrollo y la comercializaci\u00f3n de varios medicamentos nuevos.<\/p>\n<\/p><\/div>\n<div class=\"team-card wp-block-veeva-team-member\" aria-label=\"Profile of Director\">\n<div class=\"team-card__header\">\n<div class=\"team-card__headshot\">\n\t\t\t\t\t\t<img loading=\"lazy\" decoding=\"async\" width=\"500\" height=\"500\" src=\"https:\/\/www.veeva.com\/wp-content\/uploads\/2024\/12\/Priscilla-Hung-LI-500x500-1.jpg\" class=\"attachment-full size-full\" alt=\"Profile picture of Priscilla Hung\">\n\t\t\t\t\t<\/div>\n<div class=\"team-card__content\">\n<h3 class=\"team-card__name\">Priscilla Hung<\/h3>\n<p class=\"team-card__title\">Consejera<\/p>\n<p class=\"team-card__tenure\">4 A\u00f1os en el Comit\u00e9 de Liderazgo de Veeva<\/p>\n<p>\t\t\t\t\t\t<a href=\"https:\/\/www.linkedin.com\/in\/priscilla-hung-25722\/\" class=\"team-card__social\" rel=\"noopener\" target=\"_blank\"><br \/>\n\t\t\t\t\t\t<svg xmlns=\"http:\/\/www.w3.org\/2000\/svg\" width=\"32\" height=\"32\" fill=\"#0A66C2\" viewBox=\"0 0 16 16\" aria-hidden=\"true\">\n\t\t\t\t\t\t<path d=\"M0 1.146C0 .513.526 0 1.175 0h13.65C15.474 0 16 .513 16 1.146v13.708c0 .633-.526 1.146-1.175 1.146H1.175C.526 16 0 15.487 0 14.854zm4.943 12.248V6.169H2.542v7.225zm-1.2-8.212c.837 0 1.358-.554 1.358-1.248-.015-.709-.52-1.248-1.342-1.248S2.4 3.226 2.4 3.934c0 .694.521 1.248 1.327 1.248zm4.908 8.212V9.359c0-.216.016-.432.08-.586.173-.431.568-.878 1.232-.878.869 0 1.216.662 1.216 1.634v3.865h2.401V9.25c0-2.22-1.184-3.252-2.764-3.252-1.274 0-1.845.7-2.165 1.193v.025h-.016l.016-.025V6.169h-2.4c.03.678 0 7.225 0 7.225z\"><\/path>\n\t\t\t\t\t\t<\/svg><br \/>\n\t\t\t\t\t\t<\/a>\n\t\t\t\t\t<\/div>\n<\/p><\/div>\n<p class=\"team-card__description\">Priscilla Hung es miembro del consejo de empresas tecnol\u00f3gicas e inversionistas. Fue Presidenta y Directora de Operaciones (COO) de Guidewire, un proveedor de soluciones en la nube para el sector de seguros de bienes y accidentes, hasta 2023.<\/p>\n<\/p><\/div>\n<div class=\"team-card wp-block-veeva-team-member\" aria-label=\"Profile of Director\">\n<div class=\"team-card__header\">\n<div class=\"team-card__headshot\">\n\t\t\t\t\t\t<img loading=\"lazy\" decoding=\"async\" width=\"500\" height=\"500\" src=\"https:\/\/www.veeva.com\/wp-content\/uploads\/2024\/12\/Marshall-Mohr-LI-500x500-1.jpg\" class=\"attachment-full size-full\" alt=\"Profile picture of Marshall Mohr\">\n\t\t\t\t\t<\/div>\n<div class=\"team-card__content\">\n<h3 class=\"team-card__name\">Marshall Mohr<\/h3>\n<p class=\"team-card__title\">Consejero<\/p>\n<p class=\"team-card__tenure\">4 A\u00f1os en el Comit\u00e9 de Liderazgo de Veeva<\/p>\n<p>\t\t\t\t\t\t<a href=\"https:\/\/www.linkedin.com\/in\/marshall-mohr-934b7618a\/\" class=\"team-card__social\" rel=\"noopener\" target=\"_blank\"><br \/>\n\t\t\t\t\t\t<svg xmlns=\"http:\/\/www.w3.org\/2000\/svg\" width=\"32\" height=\"32\" fill=\"#0A66C2\" viewBox=\"0 0 16 16\" aria-hidden=\"true\">\n\t\t\t\t\t\t<path d=\"M0 1.146C0 .513.526 0 1.175 0h13.65C15.474 0 16 .513 16 1.146v13.708c0 .633-.526 1.146-1.175 1.146H1.175C.526 16 0 15.487 0 14.854zm4.943 12.248V6.169H2.542v7.225zm-1.2-8.212c.837 0 1.358-.554 1.358-1.248-.015-.709-.52-1.248-1.342-1.248S2.4 3.226 2.4 3.934c0 .694.521 1.248 1.327 1.248zm4.908 8.212V9.359c0-.216.016-.432.08-.586.173-.431.568-.878 1.232-.878.869 0 1.216.662 1.216 1.634v3.865h2.401V9.25c0-2.22-1.184-3.252-2.764-3.252-1.274 0-1.845.7-2.165 1.193v.025h-.016l.016-.025V6.169h-2.4c.03.678 0 7.225 0 7.225z\"><\/path>\n\t\t\t\t\t\t<\/svg><br \/>\n\t\t\t\t\t\t<\/a>\n\t\t\t\t\t<\/div>\n<\/p><\/div>\n<p class=\"team-card__description\">Marshall Mohr tiene experiencia en los sectores de salud y tecnolog\u00eda. Anteriormente fue vicepresidente ejecutivo y Director de Finanzas (CFO) en Intuitive, pioneros en cirug\u00eda asistida por robot.<\/p>\n<\/p><\/div>\n<div class=\"team-card wp-block-veeva-team-member\" aria-label=\"Profile of Director\">\n<div class=\"team-card__header\">\n<div class=\"team-card__headshot\">\n\t\t\t\t\t\t<img loading=\"lazy\" decoding=\"async\" width=\"500\" height=\"500\" src=\"https:\/\/www.veeva.com\/wp-content\/uploads\/2024\/12\/Paul-Sekhri-LI-500x500-1.jpg\" class=\"attachment-full size-full\" alt=\"Profile picture of Paul Sekhri\">\n\t\t\t\t\t<\/div>\n<div class=\"team-card__content\">\n<h3 class=\"team-card__name\">Paul Sekhri<\/h3>\n<p class=\"team-card__title\">Consejero<\/p>\n<p class=\"team-card__tenure\">11 A\u00f1os en el Comit\u00e9 de Liderazgo de Veeva<\/p>\n<p>\t\t\t\t\t\t<a href=\"http:\/\/www.linkedin.com\/pub\/paul-sekhri\/0\/47\/a19\" class=\"team-card__social\" rel=\"noopener\" target=\"_blank\"><br \/>\n\t\t\t\t\t\t<svg xmlns=\"http:\/\/www.w3.org\/2000\/svg\" width=\"32\" height=\"32\" fill=\"#0A66C2\" viewBox=\"0 0 16 16\" aria-hidden=\"true\">\n\t\t\t\t\t\t<path d=\"M0 1.146C0 .513.526 0 1.175 0h13.65C15.474 0 16 .513 16 1.146v13.708c0 .633-.526 1.146-1.175 1.146H1.175C.526 16 0 15.487 0 14.854zm4.943 12.248V6.169H2.542v7.225zm-1.2-8.212c.837 0 1.358-.554 1.358-1.248-.015-.709-.52-1.248-1.342-1.248S2.4 3.226 2.4 3.934c0 .694.521 1.248 1.327 1.248zm4.908 8.212V9.359c0-.216.016-.432.08-.586.173-.431.568-.878 1.232-.878.869 0 1.216.662 1.216 1.634v3.865h2.401V9.25c0-2.22-1.184-3.252-2.764-3.252-1.274 0-1.845.7-2.165 1.193v.025h-.016l.016-.025V6.169h-2.4c.03.678 0 7.225 0 7.225z\"><\/path>\n\t\t\t\t\t\t<\/svg><br \/>\n\t\t\t\t\t\t<\/a>\n\t\t\t\t\t<\/div>\n<\/p><\/div>\n<p class=\"team-card__description\">Paul Sekhri cuenta con 30 a\u00f1os de experiencia liderando algunas de las empresas m\u00e1s reconocidas en ciencias de la vida. Es presidente y director general de vTv Therapeutics, que se enfoca en tratamientos para la diabetes tipo 1.<\/p>\n<\/p><\/div>\n<div class=\"team-card wp-block-veeva-team-member\" aria-label=\"Profile of Director\">\n<div class=\"team-card__header\">\n<div class=\"team-card__headshot\">\n\t\t\t\t\t\t<img loading=\"lazy\" decoding=\"async\" width=\"500\" height=\"500\" src=\"https:\/\/www.veeva.com\/wp-content\/uploads\/2024\/12\/Matt-Wallach-LI-500x500-1.jpg\" class=\"attachment-full size-full\" alt=\"Profile picture of Matt Wallach\">\n\t\t\t\t\t<\/div>\n<div class=\"team-card__content\">\n<h3 class=\"team-card__name\">Matt Wallach<\/h3>\n<p class=\"team-card__title\">Consejero<\/p>\n<p class=\"team-card__tenure\">6 A\u00f1os en el Comit\u00e9 de Liderazgo de Veeva<\/p>\n<p>\t\t\t\t\t\t<a href=\"https:\/\/www.linkedin.com\/in\/mattwallach\/\" class=\"team-card__social\" rel=\"noopener\" target=\"_blank\"><br \/>\n\t\t\t\t\t\t<svg xmlns=\"http:\/\/www.w3.org\/2000\/svg\" width=\"32\" height=\"32\" fill=\"#0A66C2\" viewBox=\"0 0 16 16\" aria-hidden=\"true\">\n\t\t\t\t\t\t<path d=\"M0 1.146C0 .513.526 0 1.175 0h13.65C15.474 0 16 .513 16 1.146v13.708c0 .633-.526 1.146-1.175 1.146H1.175C.526 16 0 15.487 0 14.854zm4.943 12.248V6.169H2.542v7.225zm-1.2-8.212c.837 0 1.358-.554 1.358-1.248-.015-.709-.52-1.248-1.342-1.248S2.4 3.226 2.4 3.934c0 .694.521 1.248 1.327 1.248zm4.908 8.212V9.359c0-.216.016-.432.08-.586.173-.431.568-.878 1.232-.878.869 0 1.216.662 1.216 1.634v3.865h2.401V9.25c0-2.22-1.184-3.252-2.764-3.252-1.274 0-1.845.7-2.165 1.193v.025h-.016l.016-.025V6.169h-2.4c.03.678 0 7.225 0 7.225z\"><\/path>\n\t\t\t\t\t\t<\/svg><br \/>\n\t\t\t\t\t\t<\/a>\n\t\t\t\t\t<\/div>\n<\/p><\/div>\n<p class=\"team-card__description\">Matt Wallach cofund\u00f3 Veeva y fue presidente hasta 2019. Ayud\u00f3 a construir la empresa hasta convertirla en uno de los socios m\u00e1s valorados y confiables de la industria de ciencias de la vida.<\/p>\n<\/p><\/div>\n<\/p><\/div>\n<\/p><\/div>\n<\/section>\n<p><\/main><\/p>\n","protected":false},"excerpt":{"rendered":"<p>Leadership<\/p>\n","protected":false},"author":80,"featured_media":0,"parent":15570,"menu_order":0,"comment_status":"closed","ping_status":"open","template":"templates\/veeva-2024.full-page.php","meta":{"footnotes":""},"class_list":["post-59348","page","type-page","status-publish","hentry"],"aioseo_notices":[],"_links":{"self":[{"href":"https:\/\/www.veeva.com\/la\/wp-json\/wp\/v2\/pages\/59348"}],"collection":[{"href":"https:\/\/www.veeva.com\/la\/wp-json\/wp\/v2\/pages"}],"about":[{"href":"https:\/\/www.veeva.com\/la\/wp-json\/wp\/v2\/types\/page"}],"author":[{"embeddable":true,"href":"https:\/\/www.veeva.com\/la\/wp-json\/wp\/v2\/users\/80"}],"replies":[{"embeddable":true,"href":"https:\/\/www.veeva.com\/la\/wp-json\/wp\/v2\/comments?post=59348"}],"version-history":[{"count":9,"href":"https:\/\/www.veeva.com\/la\/wp-json\/wp\/v2\/pages\/59348\/revisions"}],"predecessor-version":[{"id":59438,"href":"https:\/\/www.veeva.com\/la\/wp-json\/wp\/v2\/pages\/59348\/revisions\/59438"}],"up":[{"embeddable":true,"href":"https:\/\/www.veeva.com\/la\/wp-json\/wp\/v2\/pages\/15570"}],"wp:attachment":[{"href":"https:\/\/www.veeva.com\/la\/wp-json\/wp\/v2\/media?parent=59348"}],"curies":[{"name":"wp","href":"https:\/\/api.w.org\/{rel}","templated":true}]}}