{"id":59911,"date":"2026-04-22T10:53:20","date_gmt":"2026-04-22T16:53:20","guid":{"rendered":"https:\/\/www.veeva.com\/la\/?page_id=59911"},"modified":"2026-04-29T08:48:21","modified_gmt":"2026-04-29T14:48:21","slug":"veeva-forum-rd-quality-cdmx","status":"publish","type":"page","link":"https:\/\/www.veeva.com\/la\/events\/veeva-forum-rd-quality-cdmx\/","title":{"rendered":"Veeva Forum R&#038;D + Quality CDMX 2026"},"content":{"rendered":"<p><main class=\"veeva-2024\"><\/p>\n<style>\n#veeva-header-nav.navbar {\n\tbox-shadow: none;\n}\n<\/style>\n<div id=\"secondary-navigation\" class=\"secondary-navigation ready\" style=\"top: 101px;\">\n<div class=\"secondary-navigation__wrapper container\">\n<div class=\"secondary-navigation__left\">\n<h3>\n\t\t\t\t\t\t\t\t\t<a href=\"\/la\/events\/veeva-forum-rd-quality-cdmx\/\" class=\"\"><br \/>\n\t\t\t\t\t\t\t\tForum R&#038;D + Quality\t\t\t\t\t\t\t\t\t<\/a><br \/>\n\t\t\t\t\t\t\t<\/h3>\n<\/p><\/div>\n<p>\t\t<!-- dropdown-item--main d-block d-lg-none dropdown-item dropdown-item--with-submenu --><\/p>\n<div class=\"secondary-navigation__right\">\n<ul class=\"secondary-navigation__desktop-menulist\">\n\t\t\t<a href=\"\/la\/events\/veeva-forum-rd-quality-cdmx\/\" aria-current=\"page\" class=\"menu-item menu-item-type-custom menu-item-object-custom current-menu-item dropdown-item active d-none d-lg-block\"><\/p>\n<li>Acerca<\/li>\n<p><\/a><a href=\"https:\/\/www.veeva.com\/la\/events\/veeva-forum-rd-quality-mexico-agenda\/\" class=\"menu-item menu-item-type-custom menu-item-object-custom dropdown-item d-none d-lg-block\"><\/p>\n<li>Agenda<\/li>\n<p><\/a><a href=\"\/la\/events\/veeva-forum-rd-quality-cdmx-registration\/\" class=\"menu-item menu-item-type-custom menu-item-object-custom dropdown-item d-none d-xl-block\"><\/p>\n<li>Registro<\/li>\n<p><\/a><\/ul>\n<div id=\"secondary-navigation__mobile-dropdown\" class=\"secondary-navigation__mobile-menulist dropdown d-block d-xxl-none\">\n<div class=\"secondary-navigation__mobile-display-item dropdown-toggle\" role=\"button\" id=\"subnavLink\" data-bs-toggle=\"dropdown\" aria-expanded=\"false\">\n<h6 class=\"desktop d-none d-lg-block\">\n\t\t\t\t\t\tVer Mais\t\t\t\t\t<\/h6>\n<h6 class=\"mobile d-block d-lg-none\"><\/h6>\n<\/div>\n<ul class=\"secondary-navigation__mobile-dropdown-menu dropdown-menu container\" aria-labelledby=\"subnavLink\" data-popper-placement=\"bottom-start\">\n<div class=\"dropdown-menu-content\"><\/div>\n<\/ul><\/div>\n<\/p><\/div>\n<\/p><\/div>\n<\/div>\n<div id=\"summit-overview\">\n<p><!-- Hero Start --><\/p>\n<section class=\"hero-centered hero-centered--image hero-centered--anchor-bottom pt-8 pb-9 pb-md-10\" style=\"background-image: url('https:\/\/www.veeva.com\/la\/wp-content\/uploads\/2026\/04\/banner-site.jpg')\">\n<div class=\"copy-container container copy-container--center\">\n\t\t<img decoding=\"async\" src=\"https:\/\/www.veeva.com\/la\/wp-content\/uploads\/2026\/04\/logoAsset-1.png\" alt=\"Veeva forum rd quality\" style=\"max-height:none;max-width:414px; margin-bottom:10px\"><\/p>\n<p>29 de Septiembre | CDMX<\/p>\n<h1 class=\"mt-3 mb-5 mt-md-5 mb-md-7\">Conocimiento. Estrategia. Evoluci\u00f3n.<\/h1>\n<p>\t\t\t<!-- <a class=\"button-primary button-primary--gradient\" href=\"https:\/\/www.veeva.com\/la\/events\/veeva-forum-rd-quality-cdmx-registration\/\" target=\"_self\" rel=\"noopener\">Inscreva-se Agora!<\/a>--><\/p><\/div>\n<\/section>\n<p><!-- Hero End --><\/p>\n<section class=\"card-block-3-up card-block-3-up--light section-rounded-bottom\" style=\"padding-top:75px\">\n<div class=\"container\">\n<div style=\"margin-bottom:-35px;\" class=\"copy-container copy-container--center copy-container--eyebrow-gradient\">\n<h2>\u00a1Descubre c\u00f3mo ser\u00e1 la edici\u00f3n de 2026!<\/h2>\n<p>Con el objetivo de traer siempre las \u00faltimas novedades de la Industria de las Ciencias de la Vida, este evento se enfoca especialmente en las \u00e1reas de Asuntos Regulatorios, Calidad, Investigaci\u00f3n Cl\u00ednica y Farmacovigilancia. Ven y participa de este d\u00eda enriquecedor para el conocimiento, conoce a nuestro equipo y comparte con colegas de la Industria.<\/p>\n<p style=\"font-size:14px;\"><em>Este evento es exclusivo para profesionales de la industria farmac\u00e9utica y la entrada es gratuita.<\/p>\n<p><\/em><\/p>\n<\/div>\n<div style=\"margin-top:0px;\" class=\"card-block-3-up__cards\" hidden>\n<div class=\"icon-card icon-card--light icon-card--large\">\n<div class=\"floating-icon\">\n\t\t\t\t\t\t\t<span class=\"icon ready\" data-icon=\"business-handshake\"><\/span>\n\t\t\t\t\t\t<\/div>\n<h5>Vendas<\/h5>\n<p>Descubra como o Veeva AI, o CRM omnichannel e a integra\u00e7\u00e3o de software, dados e conte\u00fado eliminam silos, reduzem a complexidade e transformam dados em insights em tempo real \u2014 trazendo mais intelig\u00eancia e precis\u00e3o para a execu\u00e7\u00e3o comercial.\n<\/p>\n<\/p><\/div>\n<div class=\"icon-card icon-card--light icon-card--large\">\n<div class=\"floating-icon\">\n\t\t\t\t\t\t\t<span class=\"icon ready\" data-icon=\"announcement-megaphone\"><\/span>\n\t\t\t\t\t\t<\/div>\n<h5>Marketing<\/h5>\n<p> Conhe\u00e7a as inova\u00e7\u00f5es \u2014 incluindo o Veeva AI \u2014 que est\u00e3o transformando o processo de MLR. Veja como o alinhamento entre Marketing e Vendas acelera o ciclo de campanhas e garante conte\u00fados cient\u00edficos mais relevantes para profissionais de sa\u00fade em uma jornada omnichannel integrada.\n<\/p>\n<\/p><\/div>\n<div class=\"icon-card icon-card--light icon-card--large\">\n<div class=\"floating-icon\">\n\t\t\t\t\t\t\t<span class=\"icon ready\" data-icon=\"business-handshake\"><\/span>\n\t\t\t\t\t\t<\/div>\n<h5>Connect &#038; Learn<\/h5>\n<p>Explore how Veeva AI, omnichannel CRM, and connected software and data power more strategic HCP engagement and improve commercial execution.<\/p>\n<\/p><\/div>\n<\/p><\/div>\n<\/div>\n<\/section>\n<p><!-- Reasons to Attend Start &#x2705; --><\/p>\n<section class=\"z-pattern z-pattern-products z-pattern--light\">\n<div class=\"z-pattern__wrapper container\">\n<div class=\"z-pattern__inner\">\n<div class=\"copy-container copy-container--eyebrow-gradient copy-container--center copy-container--left-lg\">\n<h6>\u00bfPor qu\u00e9 participar?<\/h6>\n<h3>El Forum Veeva m\u00e1s esperado de la regi\u00f3n.<\/h3>\n<p>\t\t\t<!-- <a class=\"button-primary button-primary--gradient\" href=\"https:\/\/www.veeva.com\/la\/events\/veeva-forum-rd-quality-cdmx-registration\/\" target=\"_self\" rel=\"noopener\">Inscreva-se Agora<\/a>--><\/p><\/div>\n<div class=\"z-pattern__image\">\n<div class=\"z-pattern__image-wrapper\">\n\t\t\t\t\t\t<img decoding=\"async\" src=\"https:\/\/www.veeva.com\/la\/wp-content\/uploads\/2026\/04\/imagem-site-forum.png\" alt=\"\" \/>\n\t\t\t\t\t\t<\/div>\n<\/p><\/div>\n<div class=\"z-pattern__content z-pattern__subgrid\">\n\t\t\t\t\t\t<!-- [1-6x] --><\/p>\n<div class=\"z-pattern-products__subpoint\">\n<div class=\"z-pattern-products__subpoint-headline\">\n<h6>Casos de \u00c9xito<\/h6>\n<\/div>\n<div class=\"z-pattern-products__subpoint-body\">\n<p>Escuche testimonios de clientes sobre sus experiencias de innovaci\u00f3n y descubra c\u00f3mo las soluciones de Veeva se aplican para impulsar la madurez digital y la eficiencia en el sector.<\/p>\n<\/div><\/div>\n<div class=\"z-pattern-products__subpoint\">\n<div class=\"z-pattern-products__subpoint-headline\">\n<h6>Novedades Veeva<\/h6>\n<\/div>\n<div class=\"z-pattern-products__subpoint-body\">\n<p>Conozca las tendencias tecnol\u00f3gicas que est\u00e1n transformando el sector. En el Forum, tendr\u00e1 acceso exclusivo a roadmaps y demostraciones en vivo de c\u00f3mo las nuevas herramientas pueden anticipar soluciones a sus desaf\u00edos.\n<\/p>\n<\/div><\/div>\n<div class=\"z-pattern-products__subpoint\">\n<div class=\"z-pattern-products__subpoint-headline\">\n<h6>Benchmarking<\/h6>\n<\/div>\n<div class=\"z-pattern-products__subpoint-body\">\n<p>Intercambie experiencias con l\u00edderes del sector y comprenda las tendencias del mercado, as\u00ed como la forma de transformar la gesti\u00f3n estrat\u00e9gica en una verdadera ventaja competitiva para su negocio.\n<\/p>\n<\/p><\/div>\n<\/p><\/div>\n<div class=\"z-pattern-products__subpoint\">\n<div class=\"z-pattern-products__subpoint-headline\">\n<h6>\u00bfPor qu\u00e9 volver en 2026?<\/h6>\n<\/div>\n<div class=\"z-pattern-products__subpoint-body\">\n<p>El mercado ha cambiado y el Forum ha evolucionado. Descubra las nuevas tendencias legislativas, consulte los lanzamientos exclusivos del roadmap de 2026 y haga benchmarking con nuevos players del sector.<\/p>\n<\/p><\/div>\n<\/p><\/div>\n<div class=\"z-pattern-products__subpoint\">\n<div class=\"z-pattern-products__subpoint-headline\">\n<h6>Veeva AI<\/h6>\n<\/div>\n<div class=\"z-pattern-products__subpoint-body\">\n<p>Impulse sus resultados con IA desarrollada espec\u00edficamente para entornos GxP. Veeva combina agilidad operativa con el m\u00e1ximo rigor en la trazabilidad y gobernanza de datos, garantizando que la innovaci\u00f3n sea siempre reproducible y cumpla con los m\u00e1s altos est\u00e1ndares de cumplimiento del sector.<\/p>\n<\/p><\/div>\n<\/p><\/div>\n<\/p><\/div>\n<p>\t\t\t\t\t\t<!-- [] -->\n\t\t\t\t\t<\/div>\n<\/p><\/div>\n<\/p><\/div>\n<\/section>\n<p><!-- Quotes Start &#x2705; --><\/p>\n<section class=\"quote-tabs quote-tabs--light hidden\">\n<div class=\"copy-container container copy-container--center copy-container--eyebrow-gradient\">\n<h3>Exchange Ideas and Build Your Network<\/h3>\n<\/p><\/div>\n<div class=\"quote-tabs__content\">\n<div class=\"container\">\n<div class=\"carousel slide carousel-fade\" data-bs-ride=\"carousel\">\n<div class=\"carousel-indicators\"><\/div>\n<div class=\"carousel-inner\">\n\t\t\t\t\t\t\t<!-- [1-6x] --><\/p>\n<div class=\"carousel-item\">\n<div class=\"quote-card quote-card-single\">\n<div class=\"quote-card__quote-wrapper\">\n<p>\u201cThis is the event where you will learn about best practices and hear from other colleagues how they have applied new features.\u201d<\/p>\n<\/p><\/div>\n<\/p><\/div>\n<\/p><\/div>\n<div class=\"carousel-item\">\n<div class=\"quote-card quote-card-single\">\n<div class=\"quote-card__quote-wrapper\">\n<p>&#8220;The best thing about Summit is the people. If you have a question, there&#8217;s going to be someone with answers for you.\u201d<\/p>\n<\/p><\/div>\n<\/p><\/div>\n<\/p><\/div>\n<div class=\"carousel-item\">\n<div class=\"quote-card quote-card-single\">\n<div class=\"quote-card__quote-wrapper\">\n<p>\u201cSummit always provides me the opportunity to catch up with both my peers and Veeva product experts to understand the latest direction of the industry and Veeva\u2019s capabilities.\u201d<\/p>\n<\/p><\/div>\n<\/p><\/div>\n<\/p><\/div>\n<div class=\"carousel-item\">\n<div class=\"quote-card quote-card-single\">\n<div class=\"quote-card__quote-wrapper\">\n<p>\u201cThe presentations were very informative, and I didn&#8217;t want to miss any of them! The presenters were all excellent and gave practical tips we can use.\u201d <\/p>\n<\/p><\/div>\n<\/p><\/div>\n<\/p><\/div>\n<p>\t\t\t\t\t\t\t<!-- [] -->\n\t\t\t\t\t\t<\/div>\n<\/p><\/div>\n<\/p><\/div>\n<\/p><\/div>\n<\/section>\n<section class=\"logo-wall-listed logo-wall-listed--light\">\n<div class=\"copy-container container copy-container--center copy-container--eyebrow-gradient\">\n<h6>Participantes 2025<\/h6>\n<h3>Consulte las empresas presentes<\/h3>\n<\/p><\/div>\n<div class=\"logo-wall-listed__logos container\">\n\t\t\t\t<img decoding=\"async\" src=\"https:\/\/www.veeva.com\/la\/wp-content\/uploads\/2026\/04\/empresas-mx-forum-rd-em-2025.jpg\" alt=\"empresas\" style=\"width:1400px;\" ><\/p><\/div>\n<div class=\"copy-container container copy-container--center d-none\">\n<p>Check out the full speaker lineup <a href=\"\/events\/commercial-summit\/speakers\/\">here<\/a>.<\/p>\n<\/p><\/div>\n<\/section>\n<section id=\"video\" class=\"video-player-stacked video-player-stacked--dark section-rounded-top\" style=\"padding-bottom:150px;\">\n<div class=\"copy-container container copy-container--center\">\n<h3>\u00a1La experiencia que lo espera!<\/h3>\n<\/p><\/div>\n<div class=\"video-player-stacked__video container\">\n\t<script src=\"https:\/\/fast.wistia.com\/embed\/medias\/55mv4g58s4.jsonp\" data-cookieconsent=\"ignore\" async><\/script><script src=\"https:\/\/fast.wistia.com\/assets\/external\/E-v1.js\" data-cookieconsent=\"ignore\" async><\/script><div class=\"wistia_responsive_padding\" style=\"padding:56.25% 0 0 0;position:relative;\"><div class=\"wistia_responsive_wrapper\" style=\"height:100%;left:0;position:absolute;top:0;width:100%;\"><div class=\"wistia_embed wistia_async_55mv4g58s4 videoFoam=true\" style=\"height:100%;position:relative;width:100%\"><div class=\"wistia_swatch\" style=\"height:100%;left:0;opacity:0;overflow:hidden;position:absolute;top:0;transition:opacity 200ms;width:100%;\"><img decoding=\"async\" src=\"https:\/\/fast.wistia.com\/embed\/medias\/55mv4g58s4\/swatch\" style=\"filter:blur(5px);height:100%;object-fit:contain;width:100%;\" alt=\"\" aria-hidden=\"true\" onload=\"this.parentNode.style.opacity=1;\" \/><\/div><\/div><\/div><\/div><\/p><\/div>\n<\/section>\n<p><!-- Sticky Banner Start --><\/p>\n<section class=\"alert-banner\" hidden>\n<div class=\"alert-banner__bar\">\n<div class=\"container\">\n<div class=\"alert-banner__copy\">\n<h5>O evento Veeva mais esperado pela ind\u00fastria farmac\u00eautica<\/h5>\n<p class=\"body-m\"> S\u00e3o Paulo | 27 de Agosto de 2026 <\/p>\n<\/p><\/div>\n<p>\t\t\t<a class=\"button-primary button-primary--gradient\" href=\"https:\/\/www.veeva.com\/la\/events\/veeva-forum-rd-quality-cdmx-registration\/\" target=\"_self\" rel=\"noopener\">Inscreva-se<\/a>\n\t\t<\/div>\n<\/p><\/div>\n<\/section>\n<p><!-- Sticky Banner End --><\/p>\n<p><!-- Bottom Banner Start --><\/p>\n<section class=\"hero-contained hero-contained--dark hero-contained--image hero-contained--footer-fix\" style=\"min-height:300px;margin-top:-50px;background-image: url('https:\/\/www.veeva.com\/la\/wp-content\/uploads\/2026\/04\/banner-site.jpg')\">\n<div class=\"copy-container container copy-container--center\">\n<h3>Conocimiento, Estrategia y Evoluci\u00f3n<br \/>en el Veeva Forum R&#038;D + Quality<\/h3>\n<div class=\"copy-container__buttons\">\n\t\t\t<a class=\"button-outline button-outline--white\" href=\"#\" target=\"_self\" rel=\"noopener\"> Inscripciones pr\u00f3ximamente<\/a>\n\t\t<\/div>\n<\/p><\/div>\n<\/section>\n<p><!-- Bottom Banner End --><\/p><\/div>\n<p><\/main><\/p>\n","protected":false},"excerpt":{"rendered":"<p>Conocimiento. Estrategia. Evoluci\u00f3n. Ven y participa en otra edici\u00f3n del Veeva Forum R&#038;D + Quality, el 29 de Septiembre en la Ciudad de M\u00e9xico.<\/p>\n","protected":false},"author":334,"featured_media":0,"parent":15572,"menu_order":0,"comment_status":"closed","ping_status":"closed","template":"templates\/veeva-2024.full-page.php","meta":{"footnotes":""},"class_list":["post-59911","page","type-page","status-publish","hentry"],"aioseo_notices":[],"_links":{"self":[{"href":"https:\/\/www.veeva.com\/la\/wp-json\/wp\/v2\/pages\/59911"}],"collection":[{"href":"https:\/\/www.veeva.com\/la\/wp-json\/wp\/v2\/pages"}],"about":[{"href":"https:\/\/www.veeva.com\/la\/wp-json\/wp\/v2\/types\/page"}],"author":[{"embeddable":true,"href":"https:\/\/www.veeva.com\/la\/wp-json\/wp\/v2\/users\/334"}],"replies":[{"embeddable":true,"href":"https:\/\/www.veeva.com\/la\/wp-json\/wp\/v2\/comments?post=59911"}],"version-history":[{"count":18,"href":"https:\/\/www.veeva.com\/la\/wp-json\/wp\/v2\/pages\/59911\/revisions"}],"predecessor-version":[{"id":59999,"href":"https:\/\/www.veeva.com\/la\/wp-json\/wp\/v2\/pages\/59911\/revisions\/59999"}],"up":[{"embeddable":true,"href":"https:\/\/www.veeva.com\/la\/wp-json\/wp\/v2\/pages\/15572"}],"wp:attachment":[{"href":"https:\/\/www.veeva.com\/la\/wp-json\/wp\/v2\/media?parent=59911"}],"curies":[{"name":"wp","href":"https:\/\/api.w.org\/{rel}","templated":true}]}}